{"id":88400,"date":"2026-03-19T23:49:56","date_gmt":"2026-03-19T23:49:56","guid":{"rendered":"https:\/\/soydeaqui.ddns.net\/pachuca\/index.php\/producto\/bocina-de-montaje-en-pared-para-exterior-de-60w-30w-ip65\/"},"modified":"2026-03-19T23:50:19","modified_gmt":"2026-03-19T23:50:19","slug":"bocina-de-montaje-en-pared-para-exterior-de-60w-30w-ip65","status":"publish","type":"product","link":"https:\/\/soydeaqui.ddns.net\/pachuca\/index.php\/producto\/bocina-de-montaje-en-pared-para-exterior-de-60w-30w-ip65\/","title":{"rendered":"Bocina de Montaje en Pared | Para Exterior de 60W &#8211; 30W | IP65"},"content":{"rendered":"<div style='width: 100%; max-width: 1200px; margin: 0 auto; font-family: sans-serif; line-height: 1.6; color: inherit; background-color: transparent;'> <!-- Video contenedor --> <\/p>\n<div style='position: relative; padding-bottom: 56.25%; height: 0; overflow: hidden; margin-bottom: 30px;'>   <\/div>\n<p> <!-- Imagen principal --> <img style='width: 100%; height: auto; border: 1px solid rgba(150&comma;150&comma;150&comma;0.3); border-radius: 8px; margin: 0 auto 30px; display: block;' src='https:\/\/ftp3.syscom.mx\/usuarios\/fotos\/SF776SW\/196016-sf776sw.jpg' alt=''> <!-- Descripci\u00f3n principal --> <\/p>\n<div style='margin-bottom: 30px;'>\n<p style='font-size: 15px; color: inherit; text-align: center; margin: 0 0 15px;'> Con un transformador incorporado de 100V. La tecnolog\u00eda del transformador reduce las p\u00e9rdidas de l\u00ednea en mayor distancia y permite una f\u00e1cil conexi\u00f3n en paralelo de m\u00faltiples altavoces. Con un dise\u00f1o est\u00e9tico es ideal para reproducir m\u00fasica ambiental y voceo inteligible de alta calidad para interior y exterior. <\/p>\n<\/p><\/div>\n<p> <!-- Secci\u00f3n de aplicaciones --> <\/p>\n<div style='margin-bottom: 30px;'>\n<h3 style='font-size: 22px; border-bottom: 2px solid currentColor; padding-bottom: 5px; margin-top: 0; color: inherit; opacity: 0.8; text-align: center;'>Aplicaciones<\/h3>\n<ul style='padding-left: 20px; font-size: 15px; color: inherit; display: flex; flex-wrap: wrap; justify-content: center; list-style-type: disc;'>\n<li style='margin: 5px 15px; flex: 1 1 200px; min-width: 150px;'>Restaurantes<\/li>\n<li style='margin: 5px 15px; flex: 1 1 200px; min-width: 150px;'>Bares<\/li>\n<li style='margin: 5px 15px; flex: 1 1 200px; min-width: 150px;'>Gimnasios<\/li>\n<li style='margin: 5px 15px; flex: 1 1 200px; min-width: 150px;'>Oficinas<\/li>\n<li style='margin: 5px 15px; flex: 1 1 200px; min-width: 150px;'>Salas de junta<\/li>\n<li style='margin: 5px 15px; flex: 1 1 200px; min-width: 150px;'>Espacios al exterior<\/li>\n<\/ul><\/div>\n<p> <!-- Secci\u00f3n de caracter\u00edsticas --> <\/p>\n<div style='margin-bottom: 30px;'>\n<h3 style='font-size: 22px; border-bottom: 2px solid currentColor; padding-bottom: 5px; margin-top: 0; color: inherit; opacity: 0.8; text-align: center;'>Caracter\u00edsticas<\/h3>\n<ul style='padding-left: 20px; font-size: 15px; color: inherit; list-style-type: disc;'>\n<li style='margin-bottom: 5px;'>Potencia Nominal 100V | 60W<\/li>\n<li style='margin-bottom: 5px;'>Potencia Nominal 70V | 30W<\/li>\n<li style='margin-bottom: 5px;'>Sensibilidad 92dB<\/li>\n<\/ul><\/div>\n<p> <!-- Separador final --> <\/p>\n<hr style='border: 0; border-top: 1px solid rgba(150&comma; 150&comma; 150&comma; 0.3); margin: 30px 0;'> <\/div>\n","protected":false},"excerpt":{"rendered":"<p>Bocina de Montaje en Pared | Para Exterior de 60W &#8211; 30W | IP65<\/p>\n","protected":false},"featured_media":88399,"comment_status":"open","ping_status":"closed","template":"","meta":[],"product_brand":[],"product_cat":[108],"product_tag":[110,109],"class_list":{"0":"post-88400","1":"product","2":"type-product","3":"status-publish","4":"has-post-thumbnail","6":"product_cat-epcom-proaudio","7":"product_tag-epcom-proaudio","8":"product_tag-megafonia-y-audioevacuacion","10":"first","11":"outofstock","12":"sale","13":"shipping-taxable","14":"purchasable","15":"product-type-simple"},"_links":{"self":[{"href":"https:\/\/soydeaqui.ddns.net\/pachuca\/index.php\/wp-json\/wp\/v2\/product\/88400","targetHints":{"allow":["GET"]}}],"collection":[{"href":"https:\/\/soydeaqui.ddns.net\/pachuca\/index.php\/wp-json\/wp\/v2\/product"}],"about":[{"href":"https:\/\/soydeaqui.ddns.net\/pachuca\/index.php\/wp-json\/wp\/v2\/types\/product"}],"replies":[{"embeddable":true,"href":"https:\/\/soydeaqui.ddns.net\/pachuca\/index.php\/wp-json\/wp\/v2\/comments?post=88400"}],"wp:featuredmedia":[{"embeddable":true,"href":"https:\/\/soydeaqui.ddns.net\/pachuca\/index.php\/wp-json\/wp\/v2\/media\/88399"}],"wp:attachment":[{"href":"https:\/\/soydeaqui.ddns.net\/pachuca\/index.php\/wp-json\/wp\/v2\/media?parent=88400"}],"wp:term":[{"taxonomy":"product_brand","embeddable":true,"href":"https:\/\/soydeaqui.ddns.net\/pachuca\/index.php\/wp-json\/wp\/v2\/product_brand?post=88400"},{"taxonomy":"product_cat","embeddable":true,"href":"https:\/\/soydeaqui.ddns.net\/pachuca\/index.php\/wp-json\/wp\/v2\/product_cat?post=88400"},{"taxonomy":"product_tag","embeddable":true,"href":"https:\/\/soydeaqui.ddns.net\/pachuca\/index.php\/wp-json\/wp\/v2\/product_tag?post=88400"}],"curies":[{"name":"wp","href":"https:\/\/api.w.org\/{rel}","templated":true}]}}