{"id":88389,"date":"2026-03-19T23:49:22","date_gmt":"2026-03-19T23:49:22","guid":{"rendered":"https:\/\/soydeaqui.ddns.net\/pachuca\/index.php\/producto\/jabra-jabra-evolve-2-40-auricular-stereo-version-uc-con-aislamiento-de-ruido-conexion-usb-a-y-indicador-de-ocupado-busylight-24089-989-999\/"},"modified":"2026-03-19T23:49:30","modified_gmt":"2026-03-19T23:49:30","slug":"jabra-jabra-evolve-2-40-auricular-stereo-version-uc-con-aislamiento-de-ruido-conexion-usb-a-y-indicador-de-ocupado-busylight-24089-989-999","status":"publish","type":"product","link":"https:\/\/soydeaqui.ddns.net\/pachuca\/index.php\/producto\/jabra-jabra-evolve-2-40-auricular-stereo-version-uc-con-aislamiento-de-ruido-conexion-usb-a-y-indicador-de-ocupado-busylight-24089-989-999\/","title":{"rendered":"Jabra Jabra Evolve 2 40, Auricular stereo versi\u00f3n UC con aislamiento de ruido, conexi\u00f3n USB-A y indicador de ocupado (Busylight) (24089-989-999)"},"content":{"rendered":"<div style='width: 100%; max-width: 1200px; margin: 0 auto; font-family: sans-serif; line-height: 1.6; color: inherit; background-color: transparent;'> <!-- ENCABEZADO --> <\/p>\n<div style='width: 100%; background-color: #ffd100; color: #000; text-align: center; padding: 35px 20px;'>\n<h1 style='margin: 0; font-size: 36px; color: inherit;'>Jabra Evolve2 40<\/h1>\n<p style='margin-top: 10px; font-size: 18px; color: inherit;'>Aislamiento de ruido profesional para tu escritorio<\/p>\n<\/p><\/div>\n<p> <!-- Contenido principal --> <\/p>\n<div style='width: 100%; max-width: 1200px; margin: 30px auto; padding: 0 20px;'> <!-- Secci\u00f3n de aislamiento --> <\/p>\n<div style='margin-bottom: 30px;'>\n<h2 style='color: inherit; border-left: 6px solid #FFD100; padding-left: 10px; font-size: 24px; margin-top: 0; opacity: 0.9;'>Lleva el silencio a tu escritorio<\/h2>\n<p style='text-align: justify; margin-top: 15px;'>Olv\u00eddate de esconderte cuando est\u00e1s trabajando.<\/p>\n<p style='text-align: justify; margin-top: 15px;'>Llevamos nuestra <strong style='color: inherit;'>Busylight<\/strong> a un nivel totalmente nuevo&comma; visible desde cualquier direcci\u00f3n. La luz roja se activa autom\u00e1ticamente cuando est\u00e1s en una llamada o reuni\u00f3n&comma; o puedes activarla manualmente con solo pulsar un bot\u00f3n.<\/p>\n<p style='text-align: justify; margin-top: 15px;'>Incluso si est\u00e1s en el centro de la acci\u00f3n&comma; tu luz de aviso Busylight te proteger\u00e1 desde todos los \u00e1ngulos y contra todas las interrupciones.<\/p>\n<p style='text-align: justify; margin-top: 15px;'>Es como tener un guardia de seguridad integrado para cuidar tu concentraci\u00f3n.<\/p>\n<\/p><\/div>\n<p> <!-- Separador --> <\/p>\n<hr style='border: 0; border-top: 1px solid rgba(150&comma; 150&comma; 150&comma; 0.3); margin: 30px 0;'> <!-- Secci\u00f3n de video --> <\/p>\n<div style='margin-bottom: 30px;'>\n<h2 style='color: inherit; border-left: 6px solid #FFD100; padding-left: 10px; font-size: 24px; margin-top: 0; opacity: 0.9;'>Video demostrativo<\/h2>\n<div style='position: relative; padding-bottom: 56.25%; height: 0; overflow: hidden; margin: 20px 0;'>   <\/div>\n<\/p><\/div>\n<p> <!-- Separador --> <\/p>\n<hr style='border: 0; border-top: 1px solid rgba(150&comma; 150&comma; 150&comma; 0.3); margin: 30px 0;'> <!-- Secci\u00f3n de control de llamadas --> <\/p>\n<div style='margin-bottom: 30px;'>\n<h2 style='color: inherit; border-left: 6px solid #FFD100; padding-left: 10px; font-size: 24px; margin-top: 0; opacity: 0.9;'>T\u00fa controlas las llamadas<\/h2>\n<p style='text-align: justify; margin-top: 15px;'>Cuando tienes mucho que hacer&comma; las llamadas profesionales y fluidas son cruciales. Tomamos el incre\u00edble rendimiento de las llamadas de nuestra Serie Evolve y lo mejoramos a\u00fan m\u00e1s&comma; dise\u00f1ando <strong style='color: inherit;'>tres micr\u00f3fonos profesionales<\/strong> estrat\u00e9gicamente colocados&comma; junto con un avanzado chipset digital y lo \u00faltimo en procesamiento de se\u00f1ales.<\/p>\n<p style='text-align: justify; margin-top: 15px;'>As\u00ed que cuando necesites hacer llamadas&comma; tus auriculares nunca te decepcionar\u00e1n.<\/p>\n<p style='text-align: justify; margin-top: 15px;'><strong style='color: inherit;'>Satisfacci\u00f3n garantizada gracias a la certificaci\u00f3n UC.<\/strong><\/p>\n<p style='text-align: justify; margin-top: 15px;'>Evolve2 40 funciona con todas las plataformas l\u00edderes con certificaci\u00f3n de Comunicaciones Unificadas (UC)&comma; garantizando una colaboraci\u00f3n verdaderamente fluida.<\/p>\n<p style='text-align: justify; margin-top: 15px;'>Si tu plataforma preferida es Microsoft Teams&comma; la variante certificada para Teams se adapta y optimiza para ofrecerte la mejor experiencia.<\/p>\n<\/p><\/div>\n<p> <!-- Separador --> <\/p>\n<hr style='border: 0; border-top: 1px solid rgba(150&comma; 150&comma; 150&comma; 0.3); margin: 30px 0;'> <!-- Secci\u00f3n de especificaciones --> <\/p>\n<div style='margin-bottom: 30px;'>\n<h2 style='color: inherit; border-left: 6px solid #FFD100; padding-left: 10px; font-size: 24px; margin-top: 0; opacity: 0.9;'>Especificaciones t\u00e9cnicas<\/h2>\n<p> <!-- Especificaciones en cards --> <\/p>\n<div style='display: flex; flex-wrap: wrap; gap: 20px; margin-top: 20px;'>\n<div style='flex: 1 1 250px; border: 1px solid rgba(150&comma; 150&comma; 150&comma; 0.4); border-radius: 8px; overflow: hidden; display: flex; flex-direction: column;'>\n<div style='padding: 15px; border-bottom: 1px solid rgba(150&comma; 150&comma; 150&comma; 0.2); font-weight: bold; font-size: 18px; color: inherit;'>Audio<\/div>\n<div style='padding: 15px; color: inherit;'>\n<ul style='padding-left: 20px; margin: 0; font-size: 14px; list-style-type: disc;'>\n<li style='margin-bottom: 5px;'>Altavoz de 40 mm<\/li>\n<li style='margin-bottom: 5px;'>Sensibilidad 117 dB @1 mW<\/li>\n<li style='margin-bottom: 5px;'>Potencia m\u00e1xima 30 mW<\/li>\n<li style='margin-bottom: 5px;'>Rango 20 Hz \u2013 20 kHz<\/li>\n<li style='margin-bottom: 5px;'>3 micr\u00f3fonos MEMS digitales<\/li>\n<li style='margin-bottom: 5px;'>Protecci\u00f3n ac\u00fastica Jabra SafeTone\u2122<\/li>\n<li style='margin-bottom: 5px;'>Certificaci\u00f3n UC y Microsoft Teams (oficinas abiertas)<\/li>\n<\/ul><\/div>\n<\/p><\/div>\n<div style='flex: 1 1 250px; border: 1px solid rgba(150&comma; 150&comma; 150&comma; 0.4); border-radius: 8px; overflow: hidden; display: flex; flex-direction: column;'>\n<div style='padding: 15px; border-bottom: 1px solid rgba(150&comma; 150&comma; 150&comma; 0.2); font-weight: bold; font-size: 18px; color: inherit;'>Ajuste y comodidad<\/div>\n<div style='padding: 15px; color: inherit;'>\n<ul style='padding-left: 20px; margin: 0; font-size: 14px; list-style-type: disc;'>\n<li style='margin-bottom: 5px;'>Diadema por encima de la oreja<\/li>\n<\/ul><\/div>\n<\/p><\/div>\n<div style='flex: 1 1 250px; border: 1px solid rgba(150&comma; 150&comma; 150&comma; 0.4); border-radius: 8px; overflow: hidden; display: flex; flex-direction: column;'>\n<div style='padding: 15px; border-bottom: 1px solid rgba(150&comma; 150&comma; 150&comma; 0.2); font-weight: bold; font-size: 18px; color: inherit;'>Conectividad<\/div>\n<div style='padding: 15px; color: inherit;'>\n<ul style='padding-left: 20px; margin: 0; font-size: 14px; list-style-type: disc;'>\n<li style='margin-bottom: 5px;'>USB-A<\/li>\n<\/ul><\/div>\n<\/p><\/div>\n<div style='flex: 1 1 250px; border: 1px solid rgba(150&comma; 150&comma; 150&comma; 0.4); border-radius: 8px; overflow: hidden; display: flex; flex-direction: column;'>\n<div style='padding: 15px; border-bottom: 1px solid rgba(150&comma; 150&comma; 150&comma; 0.2); font-weight: bold; font-size: 18px; color: inherit;'>General<\/div>\n<div style='padding: 15px; color: inherit;'>\n<ul style='padding-left: 20px; margin: 0; font-size: 14px; list-style-type: disc;'>\n<li style='margin-bottom: 5px;'>Garant\u00eda de 2 a\u00f1os<\/li>\n<li style='margin-bottom: 5px;'>Jabra Direct \/ Jabra Express: S\u00ed<\/li>\n<li style='margin-bottom: 5px;'>Materiales premium con acolchado ultrasuave<\/li>\n<li style='margin-bottom: 5px;'>Peso est\u00e9reo desde 168.5 g<\/li>\n<\/ul><\/div>\n<\/p><\/div>\n<\/p><\/div>\n<\/p><\/div>\n<p> <!-- Separador --> <\/p>\n<hr style='border: 0; border-top: 1px solid rgba(150&comma; 150&comma; 150&comma; 0.3); margin: 30px 0;'> <!-- Secci\u00f3n de galer\u00eda --> <\/p>\n<div style='margin-bottom: 30px;'>\n<h2 style='color: inherit; border-left: 6px solid #FFD100; padding-left: 10px; font-size: 24px; margin-top: 0; opacity: 0.9;'>Galer\u00eda<\/h2>\n<div style='display: flex; flex-wrap: wrap; gap: 15px; margin-top: 20px; justify-content: center;'> <img style='width: 100%; max-width: 585px; height: auto; border: 1px solid rgba(150&comma;150&comma;150&comma;0.3); border-radius: 8px;' src='https:\/\/ftp3.syscom.mx\/usuarios\/fotos\/EVOLVE240MONOUCC\/187655-captura_de_pantalla_2021-04-06_a_la(s)_9.53.14.png' alt=''> <img style='width: 100%; max-width: 585px; height: auto; border: 1px solid rgba(150&comma;150&comma;150&comma;0.3); border-radius: 8px;' src='https:\/\/ftp3.syscom.mx\/usuarios\/fotos\/EVOLVE240MONOUCC\/187655-captura_de_pantalla_2021-04-06_a_la(s)_9.52.26.png' alt=''> <img style='width: 100%; max-width: 585px; height: auto; border: 1px solid rgba(150&comma;150&comma;150&comma;0.3); border-radius: 8px;' src='https:\/\/ftp3.syscom.mx\/usuarios\/fotos\/EVOLVE240MONOUCC\/187655-captura_de_pantalla_2021-04-06_a_la(s)_9.52.45.png' alt=''> <\/div>\n<\/p><\/div>\n<p> <!-- Separador --> <\/p>\n<hr style='border: 0; border-top: 1px solid rgba(150&comma; 150&comma; 150&comma; 0.3); margin: 30px 0;'> <!-- Secci\u00f3n Jabra Direct --> <\/p>\n<div style='margin-bottom: 30px;'>\n<h2 style='color: inherit; border-left: 6px solid #FFD100; padding-left: 10px; font-size: 24px; margin-top: 0; opacity: 0.9;'>Jabra Direct<\/h2>\n<div style='text-align: center; margin-top: 20px;'> <img style='width: 100%; max-width: 585px; height: auto; border: 1px solid rgba(150&comma;150&comma;150&comma;0.3); border-radius: 8px;' src='https:\/\/ftp3.syscom.mx\/usuarios\/fotos\/EVOLVE240MONOUCC\/187655-captura_de_pantalla_2021-04-06_a_la(s)_10.23.39.png' alt=''> <\/div>\n<\/p><\/div>\n<p> <!-- Separador --> <\/p>\n<hr style='border: 0; border-top: 1px solid rgba(150&comma; 150&comma; 150&comma; 0.3); margin: 30px 0;'> <!-- Cierre --> <\/p>\n<div style='background: #FFD100; color: #000; text-align: center; padding: 20px; margin-top: 40px; border-radius: 8px;'>\n<p style='margin: 0; color: inherit;'>Auriculares profesionales dise\u00f1ados para concentraci\u00f3n total y llamadas impecables<\/p>\n<\/p><\/div>\n<\/p><\/div>\n<\/p><\/div>\n","protected":false},"excerpt":{"rendered":"<p>Jabra Jabra Evolve 2 40, Auricular stereo versi\u00f3n UC con aislamiento de ruido, conexi\u00f3n USB-A y indicador de ocupado (Busylight) (24089-989-999)<\/p>\n","protected":false},"featured_media":88388,"comment_status":"open","ping_status":"closed","template":"","meta":[],"product_brand":[],"product_cat":[2050],"product_tag":[2051,2052,2004],"class_list":{"0":"post-88389","1":"product","2":"type-product","3":"status-publish","4":"has-post-thumbnail","6":"product_cat-auriculares","7":"product_tag-auriculares","8":"product_tag-jabra","9":"product_tag-voip-telefonia-ip-videoconferencia","11":"first","12":"outofstock","13":"sale","14":"shipping-taxable","15":"purchasable","16":"product-type-simple"},"_links":{"self":[{"href":"https:\/\/soydeaqui.ddns.net\/pachuca\/index.php\/wp-json\/wp\/v2\/product\/88389","targetHints":{"allow":["GET"]}}],"collection":[{"href":"https:\/\/soydeaqui.ddns.net\/pachuca\/index.php\/wp-json\/wp\/v2\/product"}],"about":[{"href":"https:\/\/soydeaqui.ddns.net\/pachuca\/index.php\/wp-json\/wp\/v2\/types\/product"}],"replies":[{"embeddable":true,"href":"https:\/\/soydeaqui.ddns.net\/pachuca\/index.php\/wp-json\/wp\/v2\/comments?post=88389"}],"wp:featuredmedia":[{"embeddable":true,"href":"https:\/\/soydeaqui.ddns.net\/pachuca\/index.php\/wp-json\/wp\/v2\/media\/88388"}],"wp:attachment":[{"href":"https:\/\/soydeaqui.ddns.net\/pachuca\/index.php\/wp-json\/wp\/v2\/media?parent=88389"}],"wp:term":[{"taxonomy":"product_brand","embeddable":true,"href":"https:\/\/soydeaqui.ddns.net\/pachuca\/index.php\/wp-json\/wp\/v2\/product_brand?post=88389"},{"taxonomy":"product_cat","embeddable":true,"href":"https:\/\/soydeaqui.ddns.net\/pachuca\/index.php\/wp-json\/wp\/v2\/product_cat?post=88389"},{"taxonomy":"product_tag","embeddable":true,"href":"https:\/\/soydeaqui.ddns.net\/pachuca\/index.php\/wp-json\/wp\/v2\/product_tag?post=88389"}],"curies":[{"name":"wp","href":"https:\/\/api.w.org\/{rel}","templated":true}]}}