{"id":88382,"date":"2026-03-19T23:49:02","date_gmt":"2026-03-19T23:49:02","guid":{"rendered":"https:\/\/soydeaqui.ddns.net\/pachuca\/index.php\/producto\/jabra-evolve2-30-auricular-stereo-version-uc-con-aislamiento-de-ruido-indicador-de-ocupado-busylight-23089-989-979\/"},"modified":"2026-03-19T23:49:07","modified_gmt":"2026-03-19T23:49:07","slug":"jabra-evolve2-30-auricular-stereo-version-uc-con-aislamiento-de-ruido-indicador-de-ocupado-busylight-23089-989-979","status":"publish","type":"product","link":"https:\/\/soydeaqui.ddns.net\/pachuca\/index.php\/producto\/jabra-evolve2-30-auricular-stereo-version-uc-con-aislamiento-de-ruido-indicador-de-ocupado-busylight-23089-989-979\/","title":{"rendered":"Jabra Evolve2 30, Auricular stereo versi\u00f3n UC con aislamiento de ruido, indicador de ocupado (Busylight) (23089-989-979)"},"content":{"rendered":"<div style='width: 100%; max-width: 1200px; margin: 0 auto; font-family: sans-serif; line-height: 1.6; color: inherit; background-color: transparent;'> <!-- Secci\u00f3n de aislamiento de ruido --> <\/p>\n<div style='text-align: center; margin-bottom: 30px;'>\n<h4 style='font-size: 22px; color: inherit; opacity: 0.8; margin-bottom: 10px;'>AISLAMIENTO DEL RUIDO<\/h4>\n<h2 style='font-size: 28px; color: inherit; margin: 10px 0;'>A\u00edsla tus o\u00eddos del ruido.<\/h2>\n<hr style='border: 0; border-top: 2px solid #f0f606; width: 40px; margin: 15px auto 30px;'> <\/div>\n<div style='display: flex; flex-wrap: wrap; gap: 30px; margin-bottom: 30px;'>\n<div style='flex: 1 1 300px; min-width: 280px;'>\n<h3 style='font-size: 20px; color: inherit; margin-top: 0; margin-bottom: 15px;'>Olv\u00eddate de esconderte cuando est\u00e1s trabajando.<\/h3>\n<p style='font-size: 15px; color: inherit; text-align: justify; margin-bottom: 15px;'> \u00bfBusca una manera de conseguir un poco de paz y tranquilidad al instante? Los Evolve2 30 est\u00e1n espec\u00edficamente dise\u00f1ados para que pueda concentrarse en cualquier lugar&comma; gracias a sus almohadillas de espuma viscoel\u00e1stica que a\u00edslan el ruido y a su dise\u00f1o pionero en \u00e1ngulo. A\u00f1ada estos auriculares a sus herramientas de trabajo y podr\u00e1 concentrarse al m\u00e1ximo en sus pensamientos. <\/p>\n<p style='font-size: 15px; color: inherit; margin-bottom: 15px;'> <strong>Poder concentrarse en cualquier lugar es el nuevo est\u00e1ndar.<\/strong> <\/p>\n<\/p><\/div>\n<p> <!-- Video --> <\/p>\n<div style='flex: 1 1 300px; min-width: 280px;'>\n<div style='position: relative; padding-bottom: 56.25%; height: 0; overflow: hidden;'>   <\/div>\n<\/p><\/div>\n<\/p><\/div>\n<p> <!-- Secci\u00f3n de calidad de audio --> <\/p>\n<div style='text-align: center; margin-bottom: 30px;'>\n<h1 style='font-size: 28px; color: inherit; margin: 0 0 15px;'>Llamadas de calidad que favorecen la colaboraci\u00f3n.<\/h1>\n<hr style='border: 0; border-top: 2px solid #f0f606; width: 40px; margin: 15px auto 0;'> <\/div>\n<div style='display: flex; flex-wrap: wrap; gap: 30px; margin-bottom: 30px;'> <!-- Galer\u00eda de im\u00e1genes --> <\/p>\n<div style='flex: 1 1 300px; min-width: 280px;'>\n<div style='display: flex; flex-direction: column; gap: 15px;'>\n<div style='width: 100%;'> <img style='width: 100%; height: auto; border: 1px solid rgba(150&comma;150&comma;150&comma;0.3); border-radius: 8px;' src='https:\/\/ftp3.syscom.mx\/usuarios\/fotos\/EVOLVE230MONOUCA\/195727-captura_de_pantalla_2021-04-12_a_la(s)_14.36.38.png' alt='Captura de pantalla 2021-04-12'> <\/div>\n<div style='width: 100%;'> <img style='width: 100%; height: auto; border: 1px solid rgba(150&comma;150&comma;150&comma;0.3); border-radius: 8px;' src='https:\/\/ftp3.syscom.mx\/usuarios\/fotos\/EVOLVE230MONOUCA\/195727-captura_de_pantalla_2021-04-12_a_la(s)_14.36.47.png' alt='Captura de pantalla 2021-04-12'> <\/div>\n<div style='width: 100%;'> <img style='width: 100%; height: auto; border: 1px solid rgba(150&comma;150&comma;150&comma;0.3); border-radius: 8px;' src='https:\/\/ftp3.syscom.mx\/usuarios\/fotos\/EVOLVE230MONOUCA\/195727-captura_de_pantalla_2021-04-12_a_la(s)_14.36.55.png' alt='Captura de pantalla 2021-04-12'> <\/div>\n<\/p><\/div>\n<\/p><\/div>\n<p> <!-- Contenido de audio --> <\/p>\n<div style='flex: 1 1 300px; min-width: 280px;'>\n<p style='font-size: 15px; color: inherit; margin-bottom: 15px;'> Cuando trabaja de forma flexible y remota&comma; necesita saber que se le escucha claramente est\u00e9 donde est\u00e9. Nuestro avanzado sistema de audio de dos micr\u00f3fonos captura su voz al mismo tiempo que analiza y reduce el ruido ambiental&comma; lo que cumple con los requisitos de Microsoft para oficinas abiertas. Es la mejor manera de que le escuchen y de que no se pierda ni el m\u00e1s m\u00ednimo matiz. <\/p>\n<h4 style='font-size: 22px; color: inherit; opacity: 0.8; margin-bottom: 10px;'>CALIDAD DE AUDIO<\/h4>\n<h2 style='font-size: 28px; color: inherit; margin: 10px 0;'>Una experiencia auditiva perfecta<\/h2>\n<h1 style='font-size: 24px; color: inherit; margin: 20px 0 10px;'>Satisfacci\u00f3n garantizada gracias a la certificaci\u00f3n UC.<\/h1>\n<p style='font-size: 15px; color: inherit; margin-bottom: 15px;'> Hoy en d\u00eda&comma; no es habitual o\u00edr hablar de satisfacci\u00f3n garantizada&comma; pero nosotros hemos recuperado ese concepto. Los Evolve2 30 funcionan con las principales plataformas de comunicaciones unificadas (UC) para colaborar sin problemas. Si tu plataforma de UC preferida es Microsoft Teams&comma; la variante certificada para Teams se adapta y optimiza a la perfecci\u00f3n para ofrecerte la mejor experiencia con esa plataforma. <\/p>\n<\/p><\/div>\n<\/p><\/div>\n<p> <!-- Especificaciones t\u00e9cnicas --> <\/p>\n<div style='text-align: center; margin-bottom: 30px;'>\n<h2 style='font-size: 28px; color: inherit; margin: 0 0 15px;'>Especificaciones t\u00e9cnicas<\/h2>\n<\/p><\/div>\n<div style='display: flex; flex-wrap: wrap; gap: 20px; margin-bottom: 30px;'> <!-- Audio --> <\/p>\n<div style='flex: 1 1 250px; border: 1px solid rgba(150&comma; 150&comma; 150&comma; 0.4); border-radius: 8px; overflow: hidden; display: flex; flex-direction: column;'>\n<div style='padding: 15px; border-bottom: 1px solid rgba(150&comma; 150&comma; 150&comma; 0.2); font-weight: bold; font-size: 18px; color: inherit;'>Audio<\/div>\n<div style='padding: 15px; color: inherit;'>\n<ul style='padding-left: 20px; margin: 0; font-size: 14px; list-style-type: disc;'>\n<li style='margin-bottom: 5px;'><strong>Tama\u00f1o de altavoz:<\/strong> 28 mm \u00d8<\/li>\n<li style='margin-bottom: 5px;'><strong>Sensibilidad del altavoz:<\/strong> 115 dB @1 mW-1 kHz<\/li>\n<li style='margin-bottom: 5px;'><strong>Alimentaci\u00f3n m\u00e1xima del altavoz:<\/strong> 30 mW<\/li>\n<li style='margin-bottom: 5px;'><strong>Rango de frecuencia del altavoz:<\/strong> 20 Hz &#8211; 20 000 Hz<\/li>\n<li style='margin-bottom: 5px;'><strong>Ancho de banda del altavoz: modo m\u00fasica:<\/strong> 20 Hz &#8211; 20 000 Hz<\/li>\n<li style='margin-bottom: 5px;'><strong>Ancho de banda del altavoz&comma; modo Conversaci\u00f3n:<\/strong> 100 Hz &#8211; 12 000 Hz<\/li>\n<li style='margin-bottom: 5px;'><strong>Tipo de micr\u00f3fono:<\/strong> 1 Analog MEME and 1 Analog ECM<\/li>\n<li style='margin-bottom: 5px;'><strong>Sensibilidad del micr\u00f3fono:<\/strong> -38BV\/Pa \/ -33dBV\/Pa<\/li>\n<li style='margin-bottom: 5px;'><strong>Rango de frecuencia del micr\u00f3fono:<\/strong> 100 Hz &#8211; 14 kHz<\/li>\n<li style='margin-bottom: 5px;'><strong>Protecci\u00f3n ac\u00fastica para usuarios:<\/strong> Jabra SafeToneTM<\/li>\n<li style='margin-bottom: 5px;'><strong>Certificaciones:<\/strong> Principales proveedores de UC<\/li>\n<\/ul><\/div>\n<\/p><\/div>\n<p> <!-- Ajuste y comodidad --> <\/p>\n<div style='flex: 1 1 250px; border: 1px solid rgba(150&comma; 150&comma; 150&comma; 0.4); border-radius: 8px; overflow: hidden; display: flex; flex-direction: column;'>\n<div style='padding: 15px; border-bottom: 1px solid rgba(150&comma; 150&comma; 150&comma; 0.2); font-weight: bold; font-size: 18px; color: inherit;'>Ajuste y comodidad<\/div>\n<div style='padding: 15px; color: inherit;'>\n<ul style='padding-left: 20px; margin: 0; font-size: 14px; list-style-type: disc;'>\n<li style='margin-bottom: 5px;'><strong>Forma de los auriculares:<\/strong> Diadema por encima de la oreja<\/li>\n<\/ul><\/div>\n<\/p><\/div>\n<p> <!-- Conectividad --> <\/p>\n<div style='flex: 1 1 250px; border: 1px solid rgba(150&comma; 150&comma; 150&comma; 0.4); border-radius: 8px; overflow: hidden; display: flex; flex-direction: column;'>\n<div style='padding: 15px; border-bottom: 1px solid rgba(150&comma; 150&comma; 150&comma; 0.2); font-weight: bold; font-size: 18px; color: inherit;'>Conectividad<\/div>\n<div style='padding: 15px; color: inherit;'>\n<ul style='padding-left: 20px; margin: 0; font-size: 14px; list-style-type: disc;'>\n<li style='margin-bottom: 5px;'><strong>Conexi\u00f3n (ordenador):<\/strong> Adaptador Bluetooth (USB-A)<\/li>\n<\/ul><\/div>\n<\/p><\/div>\n<p> <!-- Informaci\u00f3n ampliada --> <\/p>\n<div style='flex: 1 1 250px; border: 1px solid rgba(150&comma; 150&comma; 150&comma; 0.4); border-radius: 8px; overflow: hidden; display: flex; flex-direction: column;'>\n<div style='padding: 15px; border-bottom: 1px solid rgba(150&comma; 150&comma; 150&comma; 0.2); font-weight: bold; font-size: 18px; color: inherit;'>Informaci\u00f3n ampliada<\/div>\n<div style='padding: 15px; color: inherit;'>\n<ul style='padding-left: 20px; margin: 0; font-size: 14px; list-style-type: disc;'>\n<li style='margin-bottom: 5px;'><strong>Temperatura de operaci\u00f3n:<\/strong> -10 \u00b0C a +55 \u00b0C (14 \u00b0F a 131 \u00b0F)<\/li>\n<li style='margin-bottom: 5px;'><strong>Temperatura de almacenamiento:<\/strong> -5 \u00b0C a +55 \u00b0C (23 \u00b0F a 131 \u00b0F)<\/li>\n<\/ul><\/div>\n<\/p><\/div>\n<p> <!-- General --> <\/p>\n<div style='flex: 1 1 250px; border: 1px solid rgba(150&comma; 150&comma; 150&comma; 0.4); border-radius: 8px; overflow: hidden; display: flex; flex-direction: column;'>\n<div style='padding: 15px; border-bottom: 1px solid rgba(150&comma; 150&comma; 150&comma; 0.2); font-weight: bold; font-size: 18px; color: inherit;'>General<\/div>\n<div style='padding: 15px; color: inherit;'>\n<ul style='padding-left: 20px; margin: 0; font-size: 14px; list-style-type: disc;'>\n<li style='margin-bottom: 5px;'><strong>Contenido del embalaje:<\/strong> Auricular&comma; estuche de fieltro&comma; informaci\u00f3n de garant\u00eda y advertencias<\/li>\n<li style='margin-bottom: 5px;'><strong>Dimensiones del embalaje (l. \u00d7 an. \u00d7 al.):<\/strong> 17 x 21.3 x 4 cm \/ 6.69 x 8.38 x1.57 in<\/li>\n<li style='margin-bottom: 5px;'><strong>Dimensi\u00f3n de unidad principal:<\/strong> <br \/>Est\u00e9reo 178.7 x 136.2 x 54.3 mm \/ 7.03 x 5.4 x 2.1 in <br \/>Mono 174.6 x 151.7 x 55.7 mm \/ 6.9 x 5.9 x 2.2 in<\/li>\n<li style='margin-bottom: 5px;'><strong>Peso:<\/strong> <br \/>Est\u00e9reo con cable 125g \/ 4.4oz&comma; Est\u00e9reo sin cable 102g\/ 3.6oz <br \/>Mono con cable 92g \/ 3.2oz&comma; Mono sin cable 69g \/ 2.4oz<\/li>\n<li style='margin-bottom: 5px;'><strong>Material usado:<\/strong> Acolchado de la diadema de espuma ultrasuave cubierta de silicona a juego&comma; almohadillas de espuma suave cubiertas de polipiel a juego&comma; brazo articulado de aluminio<\/li>\n<li style='margin-bottom: 5px;'><strong>Garant\u00eda:<\/strong> 2 a\u00f1os<\/li>\n<li style='margin-bottom: 5px;'><strong>Jabra Direct\/Jabra Express:<\/strong> S\u00ed<\/li>\n<li style='margin-bottom: 5px;'><strong>Jabra Sound+:<\/strong> No<\/li>\n<li style='margin-bottom: 5px;'><strong>Caracter\u00edsticas y funciones LED:<\/strong> Busylight&comma; llamada entrante<\/li>\n<\/ul><\/div>\n<\/p><\/div>\n<\/p><\/div>\n<p> <!-- Jabra Direct --> <\/p>\n<div style='text-align: center; margin-bottom: 30px;'>\n<h2 style='font-size: 28px; color: inherit; margin: 0 0 15px;'>Jabra Direct<\/h2>\n<div style='display: inline-block; max-width: 600px; width: 100%;'> <img style='width: 100%; height: auto; border: 1px solid rgba(150&comma;150&comma;150&comma;0.3); border-radius: 8px;' src='https:\/\/ftp3.syscom.mx\/usuarios\/fotos\/EVOLVE230MONOUCA\/195727-captura_de_pantalla_2021-04-12_a_la(s)_14.37.09.png' alt='Jabra Direct'> <\/div>\n<\/p><\/div>\n<\/p><\/div>\n","protected":false},"excerpt":{"rendered":"<p>Jabra Evolve2 30, Auricular stereo versi\u00f3n UC con aislamiento de ruido, indicador de ocupado (Busylight) (23089-989-979)<\/p>\n","protected":false},"featured_media":88381,"comment_status":"open","ping_status":"closed","template":"","meta":[],"product_brand":[],"product_cat":[2050],"product_tag":[2051,2052,2004],"class_list":{"0":"post-88382","1":"product","2":"type-product","3":"status-publish","4":"has-post-thumbnail","6":"product_cat-auriculares","7":"product_tag-auriculares","8":"product_tag-jabra","9":"product_tag-voip-telefonia-ip-videoconferencia","11":"first","12":"outofstock","13":"sale","14":"shipping-taxable","15":"purchasable","16":"product-type-simple"},"_links":{"self":[{"href":"https:\/\/soydeaqui.ddns.net\/pachuca\/index.php\/wp-json\/wp\/v2\/product\/88382","targetHints":{"allow":["GET"]}}],"collection":[{"href":"https:\/\/soydeaqui.ddns.net\/pachuca\/index.php\/wp-json\/wp\/v2\/product"}],"about":[{"href":"https:\/\/soydeaqui.ddns.net\/pachuca\/index.php\/wp-json\/wp\/v2\/types\/product"}],"replies":[{"embeddable":true,"href":"https:\/\/soydeaqui.ddns.net\/pachuca\/index.php\/wp-json\/wp\/v2\/comments?post=88382"}],"wp:featuredmedia":[{"embeddable":true,"href":"https:\/\/soydeaqui.ddns.net\/pachuca\/index.php\/wp-json\/wp\/v2\/media\/88381"}],"wp:attachment":[{"href":"https:\/\/soydeaqui.ddns.net\/pachuca\/index.php\/wp-json\/wp\/v2\/media?parent=88382"}],"wp:term":[{"taxonomy":"product_brand","embeddable":true,"href":"https:\/\/soydeaqui.ddns.net\/pachuca\/index.php\/wp-json\/wp\/v2\/product_brand?post=88382"},{"taxonomy":"product_cat","embeddable":true,"href":"https:\/\/soydeaqui.ddns.net\/pachuca\/index.php\/wp-json\/wp\/v2\/product_cat?post=88382"},{"taxonomy":"product_tag","embeddable":true,"href":"https:\/\/soydeaqui.ddns.net\/pachuca\/index.php\/wp-json\/wp\/v2\/product_tag?post=88382"}],"curies":[{"name":"wp","href":"https:\/\/api.w.org\/{rel}","templated":true}]}}