{"id":88335,"date":"2026-03-19T23:46:55","date_gmt":"2026-03-19T23:46:55","guid":{"rendered":"https:\/\/soydeaqui.ddns.net\/pachuca\/index.php\/producto\/sistema-de-video-conferencia-4k-para-plataforma-ipvideotalk-eptz-2-salidas-de-video-hdmi-audio-incorporado-control-remoto-incluye-microfono-gmd1208\/"},"modified":"2026-03-19T23:47:05","modified_gmt":"2026-03-19T23:47:05","slug":"sistema-de-video-conferencia-4k-para-plataforma-ipvideotalk-eptz-2-salidas-de-video-hdmi-audio-incorporado-control-remoto-incluye-microfono-gmd1208","status":"publish","type":"product","link":"https:\/\/soydeaqui.ddns.net\/pachuca\/index.php\/producto\/sistema-de-video-conferencia-4k-para-plataforma-ipvideotalk-eptz-2-salidas-de-video-hdmi-audio-incorporado-control-remoto-incluye-microfono-gmd1208\/","title":{"rendered":"Sistema de Video Conferencia 4k para plataforma IPVideotalk ePTZ, 2 Salidas de video HDMI, audio incorporado, control remoto, incluye micr\u00f3fono GMD1208"},"content":{"rendered":"<div style='width: 100%; max-width: 1200px; margin: 0 auto; font-family: sans-serif; line-height: 1.6; color: inherit; background-color: transparent;'>\n<div style='display: flex; flex-wrap: wrap; gap: 30px; margin-bottom: 30px;'>\n<div style='flex: 1 1 300px; min-width: 280px;'>\n<h3 style='font-size: 22px; border-bottom: 2px solid currentColor; padding-bottom: 5px; margin-top: 0; color: inherit; opacity: 0.8;'>Acerca de la GVC3220<\/h3>\n<p style='font-size: 15px; color: inherit; text-align: justify;'>El GVC3220 es un sistema de conferencias multimedia Ultra HD basado en SIP que brinda flexibilidad para admitir cualquier plataforma de videoconferencia SIP o H.323&comma; incluidas las reuniones IPVideoTalk de Grandstream. Con IPVideoTalk&comma; el plan Opci\u00f3n GVC convierte cualquier reuni\u00f3n alojada en un dispositivo GVC en una reuni\u00f3n en l\u00ednea a la que pueden unirse sin problemas hasta miles de personas desde un navegador web&comma; aplicaci\u00f3n m\u00f3vil u otros dispositivos GVC. El GVC3220 se basa en Android 9.0 y ofrece potentes funciones que incluyen video 4K Ultra HD&comma; la capacidad de albergar localmente videoconferencias de hasta 5 v\u00edas 1080p&comma; capacidades inal\u00e1mbricas para compartir pantalla&comma; Wi-Fi integrado&comma; Bluetooth y m\u00e1s. Viene equipado con el micr\u00f3fono inal\u00e1mbrico de escritorio GMD1208 para mejorar la calidad del audio y proporcionar una cobertura total de la habitaci\u00f3n para un alcance de captaci\u00f3n de hasta 26 pies. Gracias a su conjunto de potentes funciones de colaboraci\u00f3n de video de alta gama&comma; soporte para video 4k Ultra HD&comma; facilidad de uso y flexibilidad de plataforma&comma; el GVC3220 es ideal para salas de juntas&comma; grandes salas de conferencias&comma; auditorios&comma; aulas y m\u00e1s.<\/p>\n<\/p><\/div>\n<div style='flex: 1 1 300px; min-width: 280px;'>\n<h3 style='font-size: 22px; border-bottom: 2px solid currentColor; padding-bottom: 5px; margin-top: 0; color: inherit; opacity: 0.8;'>Caracter\u00edsticas Competitivas<\/h3>\n<ul style='padding-left: 20px; font-size: 15px; color: inherit;'>\n<li style='margin-bottom: 5px; text-align: justify;'>Admite una calidad de video n\u00edtida de hasta 4K de salida de video Full-HD<\/li>\n<li style='margin-bottom: 5px; text-align: justify;'>Se ejecuta en el sistema operativo Android 9.0<\/li>\n<li style='margin-bottom: 5px; text-align: justify;'>El micr\u00f3fono inal\u00e1mbrico de escritorio GMD1208 proporciona una cobertura total de la habitaci\u00f3n para un rango de captaci\u00f3n de hasta 5 m<\/li>\n<li style='margin-bottom: 5px; text-align: justify;'>Control remoto de pantalla de video en tiempo real y funciones de pantalla de PC para compartir<\/li>\n<li style='margin-bottom: 5px; text-align: justify;'>C\u00e1mara avanzada con sensor CMOS de 8 megap\u00edxeles&comma; lente gran angular FOV&comma; zoom de 12x y PTZ para ajustar la vista de la c\u00e1mara con facilidad<\/li>\n<li style='margin-bottom: 5px; text-align: justify;'>Wi-Fi 802.11 a \/ b \/ g \/ n \/ ac de doble banda integrado (2.4GHz y 5GHz)&comma; compatible con Wi-Fi Multimedia<\/li>\n<li style='margin-bottom: 5px; text-align: justify;'>1080P de 5 v\u00edas o 720P de 9 v\u00edas<\/li>\n<li style='margin-bottom: 5px; text-align: justify;'>1x entrada HDMI&comma; 2x salida HDMI&comma; 1x entrada \/ salida de l\u00ednea&comma; 1x medios<\/li>\n<li style='margin-bottom: 5px; text-align: justify;'>Compatible con plataforma IPVideoTalk&comma; requiere licenciamiento anual: <strong>IPVTGVCADDONL1Y o IPVTGVCADDON1Y&comma;<\/strong> pedir cotizaci\u00f3n con su agente de ventas.<\/li>\n<\/ul><\/div>\n<\/p><\/div>\n<div style='display: flex; flex-wrap: wrap; gap: 30px; margin-bottom: 30px;'>\n<div style='flex: 1 1 300px; min-width: 280px;'>\n<h3 style='font-size: 22px; border-bottom: 2px solid currentColor; padding-bottom: 5px; margin-top: 0; color: inherit; opacity: 0.8;'>Posicionamiento<\/h3>\n<p style='font-size: 15px; color: inherit; text-align: justify;'>El GVC3220 es una soluci\u00f3n de gama alta dise\u00f1ada para espacios medianos a grandes que requieren funciones de videoconferencia premium para una cobertura completa de la sala con la m\u00e1s alta calidad de video disponible. Este dispositivo de gama alta es ideal para grandes salas de conferencias&comma; salas de juntas&comma; aulas y m\u00e1s.<\/p>\n<\/p><\/div>\n<div style='flex: 1 1 300px; min-width: 280px;'>\n<h3 style='font-size: 22px; border-bottom: 2px solid currentColor; padding-bottom: 5px; margin-top: 0; color: inherit; opacity: 0.8;'>Especificaciones t\u00e9cnicas<\/h3>\n<div style='border: 1px solid rgba(150&comma; 150&comma; 150&comma; 0.4); border-radius: 8px; overflow: hidden;'>\n<div style='padding: 15px; border-bottom: 1px solid rgba(150&comma; 150&comma; 150&comma; 0.2); font-weight: bold; font-size: 18px; color: inherit;'>Especificaciones<\/div>\n<div style='padding: 15px; color: inherit;'>\n<ul style='padding-left: 20px; margin: 0; font-size: 14px; list-style-type: disc;'>\n<li style='margin-bottom: 5px;'><strong>Interfaces de Red:<\/strong> 1 puerto Ethernet RJ45 de 10\/100\/1000 Mbps con detecci\u00f3n autom\u00e1tica<\/li>\n<li style='margin-bottom: 5px;'><strong>Entrada de Video:<\/strong> 1 salida HDMI 1.4a con resoluci\u00f3n de hasta 1080p<\/li>\n<li style='margin-bottom: 5px;'><strong>Salida de Video:<\/strong> 1 salida HDMI 2.0 de hasta 4K&comma; 1 salida HDMI 1.4 de hasta 1080p<\/li>\n<li style='margin-bottom: 5px;'><strong>C\u00e1mara:<\/strong> Sensor CMOS de 8 megap\u00edxeles salida 4k a 30 fps<\/li>\n<li style='margin-bottom: 5px;'><strong>Lente:<\/strong> Zoom \u00f3ptico 12x&comma; inclinaci\u00f3n +\/-30\u00b0&comma; toma panor\u00e1mica +\/-170\u00b0&comma; campo de visi\u00f3n 70.1\u00b0~7.4\u00b0(W)&comma; campo de visi\u00f3n 40.7\u00b0~4.2\u00b0(T)<\/li>\n<li style='margin-bottom: 5px;'><strong>Control Remoto:<\/strong> Control Remoto Infrarrojo incluido<\/li>\n<li style='margin-bottom: 5px;'><strong>MCU:<\/strong> Videoconferencia de hasta 5 participantes con resoluci\u00f3n de 1080p@30fps y 9 participantes con resoluci\u00f3n de 720p@30fps<\/li>\n<li style='margin-bottom: 5px;'><strong>Wi-Fi:<\/strong> Wi-Fi 802.11 a\/b\/g\/n\/ac de doble banda integrado<\/li>\n<li style='margin-bottom: 5px;'><strong>Bluetooth:<\/strong> Bluetooth 5.0 integrado + EDR<\/li>\n<li style='margin-bottom: 5px;'><strong>MIC\/Altavoz:<\/strong> Soporta Bluetooth externo o micr\u00f3fono 2.4G&comma; 1 altavoz integrado<\/li>\n<li style='margin-bottom: 5px;'><strong>Resoluciones de Video:<\/strong> 4K de 1Mbps a 8Mbps&comma; 1080p de 1Mbps a 4Mbps y 720p de 512Kbps a 2Mbps<\/li>\n<li style='margin-bottom: 5px;'><strong>Contenido del Paquete:<\/strong> Sistema de videoconferencia GVC3220&comma; micr\u00f3fono inal\u00e1mbrico GMD1208&comma; control remoto&comma; 4 pilas AAA&comma; fuente de alimentaci\u00f3n universal&comma; cable de red (2 metros)&comma; cables HDMI (1 de 5 metros&comma; 2 de 1.5 metros)&comma; pa\u00f1o de limpieza para la lente&comma; m\u00e9nsula&comma; gu\u00eda de instalaci\u00f3n r\u00e1pida<\/li>\n<\/ul><\/div>\n<\/p><\/div>\n<\/p><\/div>\n<\/p><\/div>\n<div style='display: flex; flex-wrap: wrap; gap: 30px; margin-bottom: 30px;'>\n<div style='flex: 1 1 300px; min-width: 280px;'>\n<h3 style='font-size: 22px; border-bottom: 2px solid currentColor; padding-bottom: 5px; margin-top: 0; color: inherit; opacity: 0.8;'>Informaci\u00f3n adicional<\/h3>\n<ul style='padding-left: 20px; font-size: 15px; color: inherit;'>\n<li style='margin-bottom: 5px;'><strong>Ganant\u00eda:<\/strong> 1 A\u00f1o<\/li>\n<li style='margin-bottom: 5px;'><strong>Requisito de licencia:<\/strong> Para utilizarse con IPVideoTalk se requiere la licenciamiento IPVTGVCADDONL1Y o IPVTGVCADDON1Y&comma; pedir cotizaci\u00f3n con su agente de ventas.<\/li>\n<li style='margin-bottom: 5px;'><strong>Plataforma recomendada:<\/strong> Se recomienda utilizar plataforma de videoconferencia IP-VideoTalk para tener todas las funcionalidades que el equipo especifica&comma; el utilizar otras plataformas de videoconferencia no se asegura que sean compatibles todas las funciones del equipo.<\/li>\n<\/ul><\/div>\n<div style='flex: 1 1 300px; min-width: 280px;'>\n<h3 style='font-size: 22px; border-bottom: 2px solid currentColor; padding-bottom: 5px; margin-top: 0; color: inherit; opacity: 0.8;'>Recursos<\/h3>\n<div style='padding: 15px; border: 1px solid rgba(150&comma; 150&comma; 150&comma; 0.4); border-radius: 8px; color: inherit;'>\n<p style='margin: 0; font-size: 15px;'><a style='color: inherit; text-decoration: none; font-weight: bold;' href='https:\/\/meetings.ipvideotalk.com\/signup' target='_blank' rel='noopener'>Obtenga la plataforma IPVideoTalk gratis aqu\u00ed<\/a><\/p>\n<\/p><\/div>\n<\/p><\/div>\n<\/p><\/div>\n<div style='display: flex; flex-wrap: wrap; gap: 20px; margin-bottom: 30px;'>\n<div style='flex: 1 1 100%;'> <img style='width: 100%; height: auto; border: 1px solid rgba(150&comma;150&comma;150&comma;0.3); border-radius: 8px;' src='https:\/\/ftp3.syscom.mx\/usuarios\/fotos\/GVC3220\/195382-captura_de_pantalla_2021-05-05_a_la(s)_11.12.59.png' alt=''> <\/div>\n<div style='flex: 1 1 100%;'> <img style='width: 100%; height: auto; border: 1px solid rgba(150&comma;150&comma;150&comma;0.3); border-radius: 8px;' src='https:\/\/ftp3.syscom.mx\/usuarios\/fotos\/GVC3220\/195382-captura_de_pantalla_2021-05-05_a_la(s)_11.02.46.png' alt=''> <\/div>\n<\/p><\/div>\n<hr style='border: 0; border-top: 1px solid rgba(150&comma; 150&comma; 150&comma; 0.3); margin: 30px 0;'> <\/div>\n","protected":false},"excerpt":{"rendered":"<p>Sistema de Video Conferencia 4k para plataforma IPVideotalk ePTZ, 2 Salidas de video HDMI, audio incorporado, control remoto, incluye micr\u00f3fono GMD1208<\/p>\n","protected":false},"featured_media":88334,"comment_status":"open","ping_status":"closed","template":"","meta":[],"product_brand":[],"product_cat":[2048],"product_tag":[2049,909,2004],"class_list":{"0":"post-88335","1":"product","2":"type-product","3":"status-publish","4":"has-post-thumbnail","6":"product_cat-audio-video-conferencia","7":"product_tag-audio-video-conferencia","8":"product_tag-grandstream","9":"product_tag-voip-telefonia-ip-videoconferencia","11":"first","12":"instock","13":"sale","14":"shipping-taxable","15":"purchasable","16":"product-type-simple"},"_links":{"self":[{"href":"https:\/\/soydeaqui.ddns.net\/pachuca\/index.php\/wp-json\/wp\/v2\/product\/88335","targetHints":{"allow":["GET"]}}],"collection":[{"href":"https:\/\/soydeaqui.ddns.net\/pachuca\/index.php\/wp-json\/wp\/v2\/product"}],"about":[{"href":"https:\/\/soydeaqui.ddns.net\/pachuca\/index.php\/wp-json\/wp\/v2\/types\/product"}],"replies":[{"embeddable":true,"href":"https:\/\/soydeaqui.ddns.net\/pachuca\/index.php\/wp-json\/wp\/v2\/comments?post=88335"}],"wp:featuredmedia":[{"embeddable":true,"href":"https:\/\/soydeaqui.ddns.net\/pachuca\/index.php\/wp-json\/wp\/v2\/media\/88334"}],"wp:attachment":[{"href":"https:\/\/soydeaqui.ddns.net\/pachuca\/index.php\/wp-json\/wp\/v2\/media?parent=88335"}],"wp:term":[{"taxonomy":"product_brand","embeddable":true,"href":"https:\/\/soydeaqui.ddns.net\/pachuca\/index.php\/wp-json\/wp\/v2\/product_brand?post=88335"},{"taxonomy":"product_cat","embeddable":true,"href":"https:\/\/soydeaqui.ddns.net\/pachuca\/index.php\/wp-json\/wp\/v2\/product_cat?post=88335"},{"taxonomy":"product_tag","embeddable":true,"href":"https:\/\/soydeaqui.ddns.net\/pachuca\/index.php\/wp-json\/wp\/v2\/product_tag?post=88335"}],"curies":[{"name":"wp","href":"https:\/\/api.w.org\/{rel}","templated":true}]}}