{"id":88319,"date":"2026-03-19T23:46:14","date_gmt":"2026-03-19T23:46:14","guid":{"rendered":"https:\/\/soydeaqui.ddns.net\/pachuca\/index.php\/producto\/punto-de-acceso-unifi-wifi-6-long-range-doble-banda-5-ghz-4x4-mu-mimo-y-ofdma-y-2-4-ghz-4x4-mimo\/"},"modified":"2026-03-19T23:46:16","modified_gmt":"2026-03-19T23:46:16","slug":"punto-de-acceso-unifi-wifi-6-long-range-doble-banda-5-ghz-4x4-mu-mimo-y-ofdma-y-2-4-ghz-4x4-mimo","status":"publish","type":"product","link":"https:\/\/soydeaqui.ddns.net\/pachuca\/index.php\/producto\/punto-de-acceso-unifi-wifi-6-long-range-doble-banda-5-ghz-4x4-mu-mimo-y-ofdma-y-2-4-ghz-4x4-mimo\/","title":{"rendered":"Punto de Acceso UniFi WiFi 6 Long Range doble banda, 5 GHz (4&#215;4 MU-MIMO y OFDMA) y 2.4 GHz 4&#215;4 MIMO"},"content":{"rendered":"<div style='width: 100%; max-width: 1200px; margin: 0 auto; font-family: sans-serif; line-height: 1.6; color: inherit; background-color: transparent;'>\n<div style='display: flex; flex-wrap: wrap; gap: 30px; margin-bottom: 30px;'>\n<div style='flex: 1 1 300px; min-width: 280px;'>\n<h3 style='font-size: 22px; border-bottom: 2px solid currentColor; padding-bottom: 5px; margin-top: 0; color: inherit; opacity: 0.8;'>U6-LR<\/h3>\n<p style='font-size: 15px; color: inherit;'>Punto de acceso de alto rendimiento que aprovecha la tecnolog\u00eda avanzada de WiFi 6 para proporcionar una potente cobertura inal\u00e1mbrica a los entornos empresariales.<\/p>\n<p style='font-size: 15px; color: inherit;'>Ofrece una velocidad de radio agregada de hasta 3.0 Gbps con radios de 5 GHz (4&#215;4 MU-MIMO y OFDMA) y 2.4 GHz 4&#215;4 MIMO. El U6-LR se integra perfectamente en cualquier entorno y puede montarse en entornos interiores y semi-exteriores (clasificaci\u00f3n IP54).<\/p>\n<h3 style='font-size: 22px; border-bottom: 2px solid currentColor; padding-bottom: 5px; margin-top: 20px; color: inherit; opacity: 0.8;'>Caracter\u00edsticas principales<\/h3>\n<ul style='padding-left: 20px; font-size: 15px; color: inherit;'>\n<li style='margin-bottom: 5px;'>Procesador de doble n\u00facleo de 1&comma;3 GHz (ahora actualizado para admitir el rendimiento de TCP \/ IP de 1 Gbps full-duplex)<\/li>\n<li style='margin-bottom: 5px;'>Tecnolog\u00eda Wi-Fi 6 de alta eficiencia de cuatro flujos<\/li>\n<li style='margin-bottom: 5px;'>Banda de 5 GHz 4&#215;4 MU-MIMO y OFDMA con velocidad en aire de 2&comma;4 Gbps<\/li>\n<li style='margin-bottom: 5px;'>MIMO 4&#215;4 de banda de 2&comma;4 GHz con velocidad de radio de 600 Mbps en aire<\/li>\n<li style='margin-bottom: 5px;'>Alimentado con 802.3at PoE \/ POE Pasivo de 48V 0.5A (inyector PoE no incluido. Recomendado <a style='color: inherit; text-decoration: underline;' href='https:\/\/www.syscom.mx\/principal\/searchcont?route=U-POE-AT-UBIQUITI-NETWORKS-205327&#038;autodetect=upoeat'>U-POE-AT<\/a>)<\/li>\n<li style='margin-bottom: 5px;'>Ganancia de antena: 4 dBi en 2.4 Ghz \/ 5.5 dBi en 5 Ghz<\/li>\n<li style='margin-bottom: 5px;'>Max. potencia de salida: 26 dBm en 2.4 Ghz \/ 26 dBm en 5 Ghz<\/li>\n<li style='margin-bottom: 5px;'>Gestionado con la aplicaci\u00f3n UniFi Network 6.0.34 o superior<\/li>\n<\/ul><\/div>\n<div style='flex: 1 1 300px; min-width: 280px;'>\n<div style='width: 100%; overflow: hidden; border-radius: 8px; border: 1px solid rgba(150&comma;150&comma;150&comma;0.3);'>\n<div style='position: relative; width: 100%;'> <img style='width: 100%; height: auto; border: 1px solid rgba(150&comma;150&comma;150&comma;0.3); border-radius: 8px;' src='https:\/\/images.svc.ui.com\/?u=https%3A%2F%2Fcdn.ecomm.ui.com%2Fproducts%2Fd8fee47d-b53e-4a86-a5cb-cf2f6ab1c5ef%2F31fd9bc1-20b6-4131-bafa-e23db20ef015.png&#038;q=75&#038;w=3840' alt=''><\/div>\n<div style='position: relative; width: 100%;'> <img style='width: 100%; height: auto; border: 1px solid rgba(150&comma;150&comma;150&comma;0.3); border-radius: 8px;' src='https:\/\/images.svc.ui.com\/?u=https%3A%2F%2Fcdn.ecomm.ui.com%2Fproducts%2Fd8fee47d-b53e-4a86-a5cb-cf2f6ab1c5ef%2F446efbb4-dbe3-4e6c-9d62-84f6bb5ce20f.png&#038;q=75&#038;w=3840' alt=''><\/div>\n<div style='position: relative; width: 100%;'> <img style='width: 100%; height: auto; border: 1px solid rgba(150&comma;150&comma;150&comma;0.3); border-radius: 8px;' src='https:\/\/images.svc.ui.com\/?u=https%3A%2F%2Fcdn.ecomm.ui.com%2Fproducts%2Fd8fee47d-b53e-4a86-a5cb-cf2f6ab1c5ef%2F318e2de6-36a4-4850-8a8a-47bdf5491b71.png&#038;q=75&#038;w=3840' alt=''><\/div>\n<\/p><\/div>\n<\/p><\/div>\n<\/p><\/div>\n<div style='width: 100%; margin-bottom: 30px;'>\n<div style='text-align: center; margin-bottom: 30px;'>\n<h3 style='font-size: 24px; margin: 0 auto 0 auto; color: inherit; opacity: 0.8;'>La mejor cobertura y rendimiento Wi-Fi de su clase<\/h3>\n<p style='font-size: 15px; color: inherit; opacity: 0.6; max-width: 600px; margin: 0 auto;'>Con su capacidad Wi-Fi 6&comma; el U6-LR fortalecer\u00e1 su entorno empresarial con la cobertura m\u00e1s amplia y confiable hasta el momento.<\/p>\n<\/p><\/div>\n<div style='position: relative; text-align: center;'> <img style='width: 100%; max-width: 800px; height: auto; border: 1px solid rgba(150&comma;150&comma;150&comma;0.3); border-radius: 8px;' src='https:\/\/ftp3.syscom.mx\/usuarios\/fotos\/U6LR\/195400-ap-view.png' alt=''> <\/div>\n<\/p><\/div>\n<div style='display: grid; grid-template-columns: repeat(auto-fill&comma; minmax(220px&comma; 1fr)); gap: 20px; margin: 30px 0;'>\n<div style='border: 1px solid rgba(150&comma;150&comma;150&comma;0.4); border-radius: 8px; padding: 20px; text-align: center;'>\n<div style='margin-bottom: 10px; font-size: 18px; font-weight: bold; color: inherit;'>Wi-Fi 6<\/div>\n<div style='font-size: 14px; color: inherit; opacity: 0.6;'>Mejor rendimiento en entornos concurridos<\/div>\n<\/p><\/div>\n<div style='border: 1px solid rgba(150&comma;150&comma;150&comma;0.4); border-radius: 8px; padding: 20px; text-align: center;'>\n<div style='margin-bottom: 10px; font-size: 18px; font-weight: bold; color: inherit;'>4-Stream AP<\/div>\n<div style='font-size: 14px; color: inherit; opacity: 0.6;'>Velocidades de descarga y carga m\u00e1s r\u00e1pidas<\/div>\n<\/p><\/div>\n<div style='border: 1px solid rgba(150&comma;150&comma;150&comma;0.4); border-radius: 8px; padding: 20px; text-align: center;'>\n<div style='margin-bottom: 10px; font-size: 18px; font-weight: bold; color: inherit;'>Full-duplex 1 Gbps<\/div>\n<div style='font-size: 14px; color: inherit; opacity: 0.6;'>Soporta rendimiento TCP\/IP full-duplex de 1 Gbps<\/div>\n<\/p><\/div>\n<div style='border: 1px solid rgba(150&comma;150&comma;150&comma;0.4); border-radius: 8px; padding: 20px; text-align: center;'>\n<div style='margin-bottom: 10px; font-size: 18px; font-weight: bold; color: inherit;'>Bluetooth 5.0<\/div>\n<div style='font-size: 14px; color: inherit; opacity: 0.6;'>F\u00e1cil y r\u00e1pido de configurar<\/div>\n<\/p><\/div>\n<\/p><\/div>\n<div style='display: flex; flex-wrap: wrap; gap: 30px; margin: 30px 0;'>\n<div style='flex: 1 1 300px; min-width: 280px;'>\n<h3 style='font-size: 22px; border-bottom: 2px solid currentColor; padding-bottom: 5px; margin-top: 0; color: inherit; opacity: 0.8;'>Tecnolog\u00eda Wi-Fi 6 de alta eficiencia de cuatro Streams<\/h3>\n<p style='font-size: 15px; color: inherit; opacity: 0.6;'>Los AP Wi-Fi 6 ofrecen una velocidad de radio agregada de hasta 3 Gbps con radios de 5 GHz (4&#215;4 MU-MIMO y OFDMA) y 2&comma;4 GHz 4&#215;4 MIMO<\/p>\n<div style='text-align: center; margin: 20px 0;'> <strong style='font-size: 24px; color: inherit;'>124%<\/strong> <span style='font-size: 24px; color: inherit;'>aumento de velocidad<\/span> <\/div>\n<p> <img style='width: 100%; max-width: 100%; height: auto; border: 1px solid rgba(150&comma;150&comma;150&comma;0.3); border-radius: 8px;' src='https:\/\/cdn.shopify.com\/s\/files\/1\/1439\/1668\/files\/u6-lr-graph-1.svg?v=1610037897' alt=''> <\/div>\n<div style='flex: 1 1 300px; min-width: 280px;'>\n<h3 style='font-size: 22px; border-bottom: 2px solid currentColor; padding-bottom: 5px; margin-top: 0; color: inherit; opacity: 0.8;'>Cobertura inal\u00e1mbrica potente y m\u00e1s amplia<\/h3>\n<p style='font-size: 15px; color: inherit; opacity: 0.6;'>El punto de acceso U6-LR utiliza tecnolog\u00eda Wi-Fi 6 para proporcionar una cobertura inal\u00e1mbrica s\u00f3lida y amplia a todos los entornos de redes empresariales.<\/p>\n<div style='text-align: center; margin: 20px 0;'> <strong style='font-size: 24px; color: inherit;'>2x<\/strong> <span style='font-size: 24px; color: inherit;'>aumento de cobertura<\/span> <\/div>\n<p> <img style='width: 100%; max-width: 100%; height: auto; border: 1px solid rgba(150&comma;150&comma;150&comma;0.3); border-radius: 8px;' src='https:\/\/cdn.shopify.com\/s\/files\/1\/1439\/1668\/files\/u6-lr-graph-2.svg?v=1610037897' alt=''> <\/div>\n<\/p><\/div>\n<div style='width: 100%; margin: 30px 0;'>\n<div style='text-align: center; margin-bottom: 20px;'>\n<h3 style='font-size: 22px; color: inherit; opacity: 0.8;'>Con\u00e9ctese simult\u00e1neamente a m\u00e1s dispositivos<\/h3>\n<p style='font-size: 15px; color: inherit; opacity: 0.6;'>Cree y admita m\u00e1s de 300 conexiones de clientes.<\/p>\n<\/p><\/div>\n<div style='text-align: center;'> <img style='width: 100%; max-width: 800px; height: auto; border: 1px solid rgba(150&comma;150&comma;150&comma;0.3); border-radius: 8px;' src='https:\/\/ftp3.syscom.mx\/usuarios\/fotos\/U6LR\/195400-u6-devices.png' alt=''> <\/div>\n<\/p><\/div>\n<div style='width: 100%; margin: 30px 0;'>\n<div style='text-align: center; margin-bottom: 20px;'>\n<h3 style='font-size: 22px; color: inherit; opacity: 0.8;'>Configure y haga crecer su red f\u00e1cilmente<\/h3>\n<p style='font-size: 15px; color: inherit; opacity: 0.6;'>El punto de acceso U6-LR se integra a la perfecci\u00f3n con el controlador de red UniFi y simplifica el puente de red.<\/p>\n<\/p><\/div>\n<div style='display: flex; flex-wrap: wrap; gap: 30px; align-items: center; justify-content: center; margin: 30px 0;'>\n<div style='flex: 1 1 300px; min-width: 280px;'> <img style='width: 100%; max-width: 600px; height: auto; border: 1px solid rgba(150&comma;150&comma;150&comma;0.3); border-radius: 8px;' src='https:\/\/ftp3.syscom.mx\/usuarios\/fotos\/U6LR\/195400-u6-config.png' alt=''> <\/div>\n<div style='flex: 1 1 300px; min-width: 280px;'>\n<div style='border: 1px solid rgba(150&comma;150&comma;150&comma;0.4); border-radius: 8px; padding: 20px;'>\n<div style='display: flex; align-items: center; margin-bottom: 15px;'> <img style='width: 64px; height: 64px; margin-right: 10px;' src='https:\/\/cdn.shopify.com\/s\/files\/1\/1439\/1668\/files\/microsite_unifi-app-logo.png?1915' alt=''> <\/p>\n<div style='font-weight: bold; font-size: 16px; color: inherit;'>UniFi Network<br \/>Controller<\/div>\n<\/p><\/div>\n<ul style='padding-left: 20px; font-size: 14px; color: inherit;'>\n<li style='margin-bottom: 8px;'>Administre de forma centralizada m\u00faltiples redes desde una interfaz intuitiva<\/li>\n<li style='margin-bottom: 8px;'>Disfrute de informaci\u00f3n de dispositivos en tiempo real y opciones de configuraci\u00f3n profundas<\/li>\n<li style='margin-bottom: 8px;'>Actualice el firmware del dispositivo de forma remota<\/li>\n<li style='margin-bottom: 8px;'>Administre usuarios de red e invitados con facilidad<\/li>\n<li style='margin-bottom: 8px;'>Personalice el dise\u00f1o&comma; la arquitectura y la privacidad de los puntos de acceso para invitados<\/li>\n<li style='margin-bottom: 8px;'>Configure dispositivos r\u00e1pidamente y admin\u00edstrelos sobre la marcha con una potente aplicaci\u00f3n m\u00f3vil<\/li>\n<\/ul>\n<div style='margin-top: 20px; text-align: center;'> <a style='display: inline-block; margin: 0 10px 10px 0; text-decoration: none;' href='https:\/\/apps.apple.com\/us\/app\/unifi-network\/id1057750338' target='_blank' rel='noopener'> <img style='width: auto; height: 38px;' src='https:\/\/cdn.shopify.com\/s\/files\/1\/1439\/1668\/files\/microsite_button_app-store.png?1915' alt='App Store'> <\/a> <a style='display: inline-block; margin: 0 10px 10px 0; text-decoration: none;' href='https:\/\/play.google.com\/store\/apps\/details?id=com.ubnt.easyunifi&#038;hl=en' target='_blank' rel='noopener'> <img style='width: auto; height: 38px;' src='https:\/\/cdn.shopify.com\/s\/files\/1\/1439\/1668\/files\/microsite_button_google-play.png?1915' alt='Google Play'> <\/a> <\/div>\n<\/p><\/div>\n<\/p><\/div>\n<\/p><\/div>\n<div style='width: 100%; margin: 30px 0;'>\n<div style='text-align: center; margin-bottom: 20px;'>\n<h3 style='font-size: 22px; color: inherit; opacity: 0.8;'>Software de control UniFi Network<\/h3>\n<\/p><\/div>\n<p> <img style='width: 100%; max-width: 400px; height: auto; margin: 0 auto; display: block;' src='https:\/\/cdn.shopify.com\/s\/files\/1\/1439\/1668\/files\/SW-UniFi-Network.png?v=1658934022' alt=''> <\/div>\n<\/p><\/div>\n","protected":false},"excerpt":{"rendered":"<p>Punto de Acceso UniFi WiFi 6 Long Range doble banda, 5 GHz (4&#215;4 MU-MIMO y OFDMA) y 2.4 GHz 4&#215;4 MIMO<\/p>\n","protected":false},"featured_media":88318,"comment_status":"open","ping_status":"closed","template":"","meta":[],"product_brand":[],"product_cat":[1794],"product_tag":[1795,1479,166],"class_list":{"0":"post-88319","1":"product","2":"type-product","3":"status-publish","4":"has-post-thumbnail","6":"product_cat-puntos-de-acceso","7":"product_tag-puntos-de-acceso","8":"product_tag-redes-wifi","9":"product_tag-ubiquiti","11":"first","12":"outofstock","13":"sale","14":"shipping-taxable","15":"purchasable","16":"product-type-simple"},"_links":{"self":[{"href":"https:\/\/soydeaqui.ddns.net\/pachuca\/index.php\/wp-json\/wp\/v2\/product\/88319","targetHints":{"allow":["GET"]}}],"collection":[{"href":"https:\/\/soydeaqui.ddns.net\/pachuca\/index.php\/wp-json\/wp\/v2\/product"}],"about":[{"href":"https:\/\/soydeaqui.ddns.net\/pachuca\/index.php\/wp-json\/wp\/v2\/types\/product"}],"replies":[{"embeddable":true,"href":"https:\/\/soydeaqui.ddns.net\/pachuca\/index.php\/wp-json\/wp\/v2\/comments?post=88319"}],"wp:featuredmedia":[{"embeddable":true,"href":"https:\/\/soydeaqui.ddns.net\/pachuca\/index.php\/wp-json\/wp\/v2\/media\/88318"}],"wp:attachment":[{"href":"https:\/\/soydeaqui.ddns.net\/pachuca\/index.php\/wp-json\/wp\/v2\/media?parent=88319"}],"wp:term":[{"taxonomy":"product_brand","embeddable":true,"href":"https:\/\/soydeaqui.ddns.net\/pachuca\/index.php\/wp-json\/wp\/v2\/product_brand?post=88319"},{"taxonomy":"product_cat","embeddable":true,"href":"https:\/\/soydeaqui.ddns.net\/pachuca\/index.php\/wp-json\/wp\/v2\/product_cat?post=88319"},{"taxonomy":"product_tag","embeddable":true,"href":"https:\/\/soydeaqui.ddns.net\/pachuca\/index.php\/wp-json\/wp\/v2\/product_tag?post=88319"}],"curies":[{"name":"wp","href":"https:\/\/api.w.org\/{rel}","templated":true}]}}