{"id":88314,"date":"2026-03-19T23:45:59","date_gmt":"2026-03-19T23:45:59","guid":{"rendered":"https:\/\/soydeaqui.ddns.net\/pachuca\/index.php\/producto\/radio-uisp-ptp-airfiber-de-60-ghz-largo-alcance-con-tecnologia-wave-hasta-1-9-gbps\/"},"modified":"2026-03-19T23:46:09","modified_gmt":"2026-03-19T23:46:09","slug":"radio-uisp-ptp-airfiber-de-60-ghz-largo-alcance-con-tecnologia-wave-hasta-1-9-gbps","status":"publish","type":"product","link":"https:\/\/soydeaqui.ddns.net\/pachuca\/index.php\/producto\/radio-uisp-ptp-airfiber-de-60-ghz-largo-alcance-con-tecnologia-wave-hasta-1-9-gbps\/","title":{"rendered":"Radio UISP PTP airFiber de 60 GHz largo alcance con tecnolog\u00eda Wave, hasta 1.9 Gbps"},"content":{"rendered":"<div style='width: 100%; max-width: 1200px; margin: 0 auto; font-family: sans-serif; line-height: 1.6; color: inherit; background-color: transparent;'>\n<div style='display: flex; flex-wrap: wrap; gap: 30px; margin-bottom: 30px;'>\n<div style='flex: 1 1 300px; min-width: 280px;'>\n<h3 style='font-size: 22px; border-bottom: 2px solid currentColor; padding-bottom: 5px; margin-top: 0; color: inherit; opacity: 0.8;'>Caracter\u00edsticas principales<\/h3>\n<ul style='padding-left: 20px; font-size: 15px; color: inherit;'>\n<li style='margin-bottom: 5px;'><strong>Espectro de 60 GHz<\/strong>: Baja interferencia<\/li>\n<li style='margin-bottom: 5px;'><strong>GPS integrado<\/strong><\/li>\n<li style='margin-bottom: 5px;'><strong>Largo alcance<\/strong><\/li>\n<li style='margin-bottom: 5px;'><strong>Montaje de alineaci\u00f3n<\/strong>: Incluido<\/li>\n<li style='margin-bottom: 5px;'><strong>Soporte de planificaci\u00f3n<\/strong>: link.ui.com<\/li>\n<li style='margin-bottom: 5px;'><strong>Configuraci\u00f3n r\u00e1pida<\/strong>: Usando aplicaci\u00f3n UISP\u2122 v\u00eda Bluetooth<\/li>\n<li style='margin-bottom: 5px;'><strong>Incluye<\/strong>: Inyector POE (U-POE-AT) y montaje<\/li>\n<\/ul><\/div>\n<div style='flex: 1 1 300px; min-width: 280px;'>\n<h3 style='font-size: 22px; border-bottom: 2px solid currentColor; padding-bottom: 5px; margin-top: 0; color: inherit; opacity: 0.8;'>Detalles t\u00e9cnicos<\/h3>\n<ul style='padding-left: 20px; font-size: 15px; color: inherit;'>\n<li style='margin-bottom: 5px;'><strong>Tecnolog\u00eda<\/strong>: airFiber con tecnolog\u00eda Wave<\/li>\n<li style='margin-bottom: 5px;'><strong>Tipo de conexi\u00f3n<\/strong>: Punto a punto (PtP)<\/li>\n<li style='margin-bottom: 5px;'><strong>Velocidad<\/strong>: Hasta 1.9 Gbps<\/li>\n<li style='margin-bottom: 5px;'><strong>Antena<\/strong>: Parab\u00f3lica de alta ganancia integrada<\/li>\n<li style='margin-bottom: 5px;'><strong>Radio de administraci\u00f3n<\/strong>: Bluetooth incorporado<\/li>\n<li style='margin-bottom: 5px;'><strong>Compatibilidad<\/strong>: Controlador UISP\u2122 (desde versi\u00f3n 1.3.0)<\/li>\n<\/ul><\/div>\n<\/p><\/div>\n<div style='display: flex; flex-wrap: wrap; gap: 30px; margin-bottom: 30px;'>\n<div style='flex: 1 1 300px; min-width: 280px;'>\n<h3 style='font-size: 22px; border-bottom: 2px solid currentColor; padding-bottom: 5px; margin-top: 0; color: inherit; opacity: 0.8;'>Contenido del paquete<\/h3>\n<p> <img style='width: 100%; height: auto; border: 1px solid rgba(150&comma;150&comma;150&comma;0.3); border-radius: 8px;' src='https:\/\/ftp3.syscom.mx\/usuarios\/fotos\/AF60LR\/195399-af60lr_packagecontent.jpg' alt='Contenido del paquete AF60LR'> <\/div>\n<div style='flex: 1 1 300px; min-width: 280px;'>\n<h3 style='font-size: 22px; border-bottom: 2px solid currentColor; padding-bottom: 5px; margin-top: 0; color: inherit; opacity: 0.8;'>Im\u00e1genes del producto<\/h3>\n<div style='display: flex; flex-direction: column; gap: 15px;'> <img style='width: 100%; height: auto; border: 1px solid rgba(150&comma;150&comma;150&comma;0.3); border-radius: 8px;' src='https:\/\/ftp3.syscom.mx\/usuarios\/fotos\/AF60LR\/195399-af60-lr-1.png' alt='Vista frontal AF60LR'> <img style='width: 100%; height: auto; border: 1px solid rgba(150&comma;150&comma;150&comma;0.3); border-radius: 8px;' src='https:\/\/ftp3.syscom.mx\/usuarios\/fotos\/AF60LR\/195399-af60-lr-2.png' alt='Detalle de montaje AF60LR'> <img style='width: 100%; height: auto; border: 1px solid rgba(150&comma;150&comma;150&comma;0.3); border-radius: 8px;' src='https:\/\/ftp3.syscom.mx\/usuarios\/fotos\/AF60LR\/195399-af60-lr-3.png' alt='Instalaci\u00f3n AF60LR'> <\/div>\n<\/p><\/div>\n<\/p><\/div>\n<div style='display: flex; flex-wrap: wrap; gap: 30px; margin-bottom: 30px;'>\n<div style='flex: 1 1 300px; min-width: 280px;'>\n<h3 style='font-size: 22px; border-bottom: 2px solid currentColor; padding-bottom: 5px; margin-top: 0; color: inherit; opacity: 0.8;'>Notas importantes<\/h3>\n<ul style='padding-left: 20px; font-size: 15px; color: inherit;'>\n<li style='margin-bottom: 5px;'>El controlador UISP\u2122 reemplazar\u00e1 al controlador UNMS desde la versi\u00f3n 1.3.0<\/li>\n<li style='margin-bottom: 5px;'>La radio de administraci\u00f3n Bluetooth permite configuraci\u00f3n sin necesidad de conexi\u00f3n f\u00edsica previa<\/li>\n<\/ul><\/div>\n<\/p><\/div>\n<\/p><\/div>\n","protected":false},"excerpt":{"rendered":"<p>Radio UISP PTP airFiber de 60 GHz largo alcance con tecnolog\u00eda Wave, hasta 1.9 Gbps<\/p>\n","protected":false},"featured_media":88313,"comment_status":"open","ping_status":"closed","template":"","meta":[],"product_brand":[],"product_cat":[2006],"product_tag":[1980,2007,166],"class_list":{"0":"post-88314","1":"product","2":"type-product","3":"status-publish","4":"has-post-thumbnail","6":"product_cat-otras-bandas","7":"product_tag-enlaces-ptp-y-ptmp","8":"product_tag-otras-bandas","9":"product_tag-ubiquiti","11":"first","12":"outofstock","13":"sale","14":"shipping-taxable","15":"purchasable","16":"product-type-simple"},"_links":{"self":[{"href":"https:\/\/soydeaqui.ddns.net\/pachuca\/index.php\/wp-json\/wp\/v2\/product\/88314","targetHints":{"allow":["GET"]}}],"collection":[{"href":"https:\/\/soydeaqui.ddns.net\/pachuca\/index.php\/wp-json\/wp\/v2\/product"}],"about":[{"href":"https:\/\/soydeaqui.ddns.net\/pachuca\/index.php\/wp-json\/wp\/v2\/types\/product"}],"replies":[{"embeddable":true,"href":"https:\/\/soydeaqui.ddns.net\/pachuca\/index.php\/wp-json\/wp\/v2\/comments?post=88314"}],"wp:featuredmedia":[{"embeddable":true,"href":"https:\/\/soydeaqui.ddns.net\/pachuca\/index.php\/wp-json\/wp\/v2\/media\/88313"}],"wp:attachment":[{"href":"https:\/\/soydeaqui.ddns.net\/pachuca\/index.php\/wp-json\/wp\/v2\/media?parent=88314"}],"wp:term":[{"taxonomy":"product_brand","embeddable":true,"href":"https:\/\/soydeaqui.ddns.net\/pachuca\/index.php\/wp-json\/wp\/v2\/product_brand?post=88314"},{"taxonomy":"product_cat","embeddable":true,"href":"https:\/\/soydeaqui.ddns.net\/pachuca\/index.php\/wp-json\/wp\/v2\/product_cat?post=88314"},{"taxonomy":"product_tag","embeddable":true,"href":"https:\/\/soydeaqui.ddns.net\/pachuca\/index.php\/wp-json\/wp\/v2\/product_tag?post=88314"}],"curies":[{"name":"wp","href":"https:\/\/api.w.org\/{rel}","templated":true}]}}