{"id":88308,"date":"2026-03-19T23:45:43","date_gmt":"2026-03-19T23:45:43","guid":{"rendered":"https:\/\/soydeaqui.ddns.net\/pachuca\/index.php\/producto\/antena-direccional-con-diseno-aerodinamico-para-minimiza-la-resistencia-al-viento-ganancia-de-30-dbi-frecuencia-4-9-6-5-ghz-polarizacion-doble-incluye-montaje-para-torre-o-mastil\/"},"modified":"2026-03-19T23:45:52","modified_gmt":"2026-03-19T23:45:52","slug":"antena-direccional-con-diseno-aerodinamico-para-minimiza-la-resistencia-al-viento-ganancia-de-30-dbi-frecuencia-4-9-6-5-ghz-polarizacion-doble-incluye-montaje-para-torre-o-mastil","status":"publish","type":"product","link":"https:\/\/soydeaqui.ddns.net\/pachuca\/index.php\/producto\/antena-direccional-con-diseno-aerodinamico-para-minimiza-la-resistencia-al-viento-ganancia-de-30-dbi-frecuencia-4-9-6-5-ghz-polarizacion-doble-incluye-montaje-para-torre-o-mastil\/","title":{"rendered":"Antena direccional con dise\u00f1o aerodin\u00e1mico para minimiza la resistencia al viento, Ganancia de 30 dBi,  frecuencia (4.9 &#8211; 6.5 GHz), Polarizaci\u00f3n doble, incluye montaje para torre o m\u00e1stil"},"content":{"rendered":"<div style='width: 100%; max-width: 1200px; margin: 0 auto; font-family: sans-serif; line-height: 1.6; color: inherit; background-color: transparent;'>\n<div style='display: flex; flex-wrap: wrap; gap: 30px; margin-bottom: 30px;'>\n<div style='flex: 1 1 300px; min-width: 280px;'>\n<h3 style='font-size: 22px; border-bottom: 2px solid currentColor; padding-bottom: 5px; margin-top: 0; color: inherit; opacity: 0.8;'>Caracter\u00edsticas Principales<\/h3>\n<ul style='padding-left: 20px; font-size: 15px; color: inherit;'>\n<li style='margin-bottom: 5px;'>Rango de frecuencia 4.9 a 6.5 GHz.<\/li>\n<li style='margin-bottom: 5px;'>Ganancia: 30 dBi.<\/li>\n<li style='margin-bottom: 5px;'>Polarizaci\u00f3n: doble (V\/H) de 45\u00ba.<\/li>\n<li style='margin-bottom: 5px;'>Apertura de haz (V\/H): 5\u00b0<\/li>\n<li style='margin-bottom: 5px;'>M\u00e1xima potencia por puerto: 50 W<\/li>\n<li style='margin-bottom: 5px;'>Impedancia: 50 \u03a9<\/li>\n<li style='margin-bottom: 5px;'>F\/B Radio > 30 dB<\/li>\n<li style='margin-bottom: 5px;'>2 Conectores: RPSMA.<\/li>\n<li style='margin-bottom: 5px;'>Rango de temperatura: -40\u00b0C a +70\u00b0C (-32\u00b0F a +158\u00b0F)<\/li>\n<li style='margin-bottom: 5px;'><strong>Peso 1 kg<\/strong>.<\/li>\n<li style='margin-bottom: 5px;'><strong>Nota:<\/strong> Los jumpers se compran por separado<\/li>\n<\/ul><\/div>\n<\/p><\/div>\n<div style='display: flex; flex-wrap: wrap; gap: 30px; margin-bottom: 30px; justify-content: center;'>\n<div style='flex: 1 1 300px; min-width: 280px;'> <img style='width: 100%; height: auto; border: 1px solid rgba(150&comma;150&comma;150&comma;0.3); border-radius: 8px;' src='https:\/\/ftp3.syscom.mx\/usuarios\/fotos\/TXPD30RJMIMO\/195562-captura_de_pantalla_2021-07-28_a_la(s)_12.11.49.png' alt=''> <\/p>\n<p style='text-align: center; margin-top: 15px; font-weight: bold;'>Alta supervivencia al viento&comma; capas de soportar r\u00e1fagas superiores a los 120 km<\/p>\n<\/p><\/div>\n<div style='flex: 1 1 300px; min-width: 280px;'> <img style='width: 100%; height: auto; border: 1px solid rgba(150&comma;150&comma;150&comma;0.3); border-radius: 8px;' src='https:\/\/ftp3.syscom.mx\/usuarios\/fotos\/TXPD30RJMIMO\/195562-captura_de_pantalla_2021-07-28_a_la(s)_12.39.29.png' alt=''> <\/p>\n<p style='text-align: center; margin-top: 15px; font-weight: bold;'>Mayor eficiencia en radiaci\u00f3n a\u00fan y con fuertes r\u00e1fagas de viento<\/p>\n<\/p><\/div>\n<\/p><\/div>\n<hr style='border: 0; border-top: 1px solid rgba(150&comma; 150&comma; 150&comma; 0.3); margin: 30px 0;'> <\/div>\n","protected":false},"excerpt":{"rendered":"<p>Antena direccional con dise\u00f1o aerodin\u00e1mico para minimiza la resistencia al viento, Ganancia de 30 dBi,  frecuencia (4.9 &#8211; 6.5 GHz), Polarizaci\u00f3n doble, incluye montaje para torre o m\u00e1stil<\/p>\n","protected":false},"featured_media":88307,"comment_status":"open","ping_status":"closed","template":"","meta":[],"product_brand":[],"product_cat":[1998],"product_tag":[1999,1980,560],"class_list":{"0":"post-88308","1":"product","2":"type-product","3":"status-publish","4":"has-post-thumbnail","6":"product_cat-5-y-6-ghz","7":"product_tag-5-y-6-ghz","8":"product_tag-enlaces-ptp-y-ptmp","9":"product_tag-txpro","11":"first","12":"instock","13":"sale","14":"shipping-taxable","15":"purchasable","16":"product-type-simple"},"_links":{"self":[{"href":"https:\/\/soydeaqui.ddns.net\/pachuca\/index.php\/wp-json\/wp\/v2\/product\/88308","targetHints":{"allow":["GET"]}}],"collection":[{"href":"https:\/\/soydeaqui.ddns.net\/pachuca\/index.php\/wp-json\/wp\/v2\/product"}],"about":[{"href":"https:\/\/soydeaqui.ddns.net\/pachuca\/index.php\/wp-json\/wp\/v2\/types\/product"}],"replies":[{"embeddable":true,"href":"https:\/\/soydeaqui.ddns.net\/pachuca\/index.php\/wp-json\/wp\/v2\/comments?post=88308"}],"wp:featuredmedia":[{"embeddable":true,"href":"https:\/\/soydeaqui.ddns.net\/pachuca\/index.php\/wp-json\/wp\/v2\/media\/88307"}],"wp:attachment":[{"href":"https:\/\/soydeaqui.ddns.net\/pachuca\/index.php\/wp-json\/wp\/v2\/media?parent=88308"}],"wp:term":[{"taxonomy":"product_brand","embeddable":true,"href":"https:\/\/soydeaqui.ddns.net\/pachuca\/index.php\/wp-json\/wp\/v2\/product_brand?post=88308"},{"taxonomy":"product_cat","embeddable":true,"href":"https:\/\/soydeaqui.ddns.net\/pachuca\/index.php\/wp-json\/wp\/v2\/product_cat?post=88308"},{"taxonomy":"product_tag","embeddable":true,"href":"https:\/\/soydeaqui.ddns.net\/pachuca\/index.php\/wp-json\/wp\/v2\/product_tag?post=88308"}],"curies":[{"name":"wp","href":"https:\/\/api.w.org\/{rel}","templated":true}]}}