{"id":88260,"date":"2026-03-19T23:43:33","date_gmt":"2026-03-19T23:43:33","guid":{"rendered":"https:\/\/soydeaqui.ddns.net\/pachuca\/index.php\/producto\/punto-de-acceso-wi-fi-6-802-11-ax-1-77-gbps-mu-mimo-2x22-con-administracion-desde-la-nube-gratuita-o-stand-alone-2\/"},"modified":"2026-03-19T23:43:48","modified_gmt":"2026-03-19T23:43:48","slug":"punto-de-acceso-wi-fi-6-802-11-ax-1-77-gbps-mu-mimo-2x22-con-administracion-desde-la-nube-gratuita-o-stand-alone-2","status":"publish","type":"product","link":"https:\/\/soydeaqui.ddns.net\/pachuca\/index.php\/producto\/punto-de-acceso-wi-fi-6-802-11-ax-1-77-gbps-mu-mimo-2x22-con-administracion-desde-la-nube-gratuita-o-stand-alone-2\/","title":{"rendered":"Punto de acceso Wi-Fi 6 802.11 ax 1.77 Gbps, MU-MIMO 2&#215;2:2 con administraci\u00f3n desde la nube gratuita o stand-alone."},"content":{"rendered":"<div style='width: 100%; max-width: 1200px; margin: 0 auto; font-family: sans-serif; line-height: 1.6; color: inherit; background-color: transparent;'>\n<div style='width: 100%;'>\n<h2 style='font-size: 24px; margin-top: 0; color: inherit;'>Acerca del GWN7660<\/h2>\n<hr style='border: 0; border-top: 2px solid #1056BC; width: 40px; margin: 15px 0; opacity: 0.8;'>\n<p style='font-size: 15px; color: inherit;'>El GWN7660 es un punto de acceso Wi-Fi 6 802.11ax de calidad empresarial que permite a las empresas crear redes Wi-Fi de \u00faltima generaci\u00f3n para entornos de alta densidad. Ofrece tecnolog\u00eda MU-MIMO 2&#215;2:2 de doble banda con DL\/UL OFDMA y un sofisticado dise\u00f1o de antena para el m\u00e1ximo rendimiento de la red y mayor alcance de cobertura Wi-Fi. Para garantizar la facilidad de su instalaci\u00f3n y manejo&comma; el GWN7660 utiliza un dise\u00f1o de gesti\u00f3n de redes distribuidas sin controladores en el cual el controlador est\u00e1 integrado dentro de la interfaz de usuario web del producto. El GWN7660 es compatible tambi\u00e9n con GWN.Cloud y GWN Manager&comma; las plataformas de gesti\u00f3n WiFi en la nube y en sitio de Grandstream. Es el punto de acceso Wi-Fi ideal para implementaciones de voz sobre Wi-Fi y ofrece una conexi\u00f3n ininterrumpida con los tel\u00e9fonos IP con capacidad Wi-Fi de Grandstream. Con soporte para QoS avanzado&comma; aplicaciones en tiempo real de baja latencia&comma; redes mesh&comma; portales cautivos&comma; 256 clientes simult\u00e1neos por punto de acceso y dos puertos de red Gigabit con PoE\/PoE+&comma; el GWN7660 es un punto de acceso Wi-Fi ideal para despliegues medianos de redes inal\u00e1mbricas con mediana a alta densidad de usuarios.<\/p>\n<\/p><\/div>\n<div style='width: 100%; margin-top: 30px;'>\n<h2 style='font-size: 24px; margin-top: 0; color: inherit;'>Caracter\u00edsticas Competitivas<\/h2>\n<hr style='border: 0; border-top: 2px solid #1056BC; width: 40px; margin: 15px 0; opacity: 0.8;'>\n<ul style='padding-left: 20px; font-size: 15px; color: inherit;'>\n<li style='margin-bottom: 8px;'>Rendimiento inal\u00e1mbrico agregado de 1&comma;77 Gbps y 2 puertos Gigabit Ethernet<\/li>\n<li style='margin-bottom: 8px;'>2&#215;2: 2 MUMIMO de doble banda con tecnolog\u00eda DL \/ UL OFDMA<\/li>\n<li style='margin-bottom: 8px;'>Alcance de cobertura de hasta 175 metros<\/li>\n<li style='margin-bottom: 8px;'>Admite hasta 500 dispositivos cliente Wi-Fi simult\u00e1neos<\/li>\n<li style='margin-bottom: 8px;'>QoS avanzada para garantizar el rendimiento en tiempo real de las aplicaciones de baja latencia<\/li>\n<li style='margin-bottom: 8px;'>Arranque seguro anti-pirater\u00eda y bloqueo de control \/ datos cr\u00edticos a trav\u00e9s de firmas digitales&comma; certificado de seguridad \u00fanico \/ contrase\u00f1a predeterminada aleatoria por dispositivo<\/li>\n<li style='margin-bottom: 8px;'>Adaptaci\u00f3n de autoalimentaci\u00f3n tras la detecci\u00f3n autom\u00e1tica de PoE o PoE +<\/li>\n<li style='margin-bottom: 8px;'>El controlador integrado puede administrar hasta 50 AP locales de la serie GWN; GWN.Cloud ofrece administraci\u00f3n de AP ilimitada; GWN Manager ofrece un controlador de software basado en las instalaciones<\/li>\n<li style='margin-bottom: 8px;'><\/li>\n<\/ul><\/div>\n<div style='width: 100%; margin-top: 30px;'>\n<p style='margin-bottom: 15px; font-size: 14px; color: inherit;'> <a style='color: #005cb9; text-decoration: none; font-weight: 600; font-size: 14px;' href='https:\/\/www.syscom.mx\/principal\/searchcont?route=G0720-480-050-GRANDSTREAM-207158&#038;autodetect=poe_gwn'>PoE recomendado: G0720-480-050<\/a> <\/p>\n<p> <img style='width: 100%; height: auto; border: 1px solid rgba(150&comma;150&comma;150&comma;0.3); border-radius: 8px;' src='https:\/\/ftp3.syscom.mx\/usuarios\/fotos\/GWN7630LR\/183557-captura_de_pantalla_2021-08-05_a_la(s)_15.57.14.png' alt=''> <\/div>\n<\/p><\/div>\n","protected":false},"excerpt":{"rendered":"<p>Punto de acceso Wi-Fi 6 802.11 ax 1.77 Gbps, MU-MIMO 2&#215;2:2 con administraci\u00f3n desde la nube gratuita o stand-alone.<\/p>\n","protected":false},"featured_media":88259,"comment_status":"open","ping_status":"closed","template":"","meta":[],"product_brand":[],"product_cat":[1794],"product_tag":[909,1795,1479],"class_list":{"0":"post-88260","1":"product","2":"type-product","3":"status-publish","4":"has-post-thumbnail","6":"product_cat-puntos-de-acceso","7":"product_tag-grandstream","8":"product_tag-puntos-de-acceso","9":"product_tag-redes-wifi","11":"first","12":"outofstock","13":"sale","14":"shipping-taxable","15":"purchasable","16":"product-type-simple"},"_links":{"self":[{"href":"https:\/\/soydeaqui.ddns.net\/pachuca\/index.php\/wp-json\/wp\/v2\/product\/88260","targetHints":{"allow":["GET"]}}],"collection":[{"href":"https:\/\/soydeaqui.ddns.net\/pachuca\/index.php\/wp-json\/wp\/v2\/product"}],"about":[{"href":"https:\/\/soydeaqui.ddns.net\/pachuca\/index.php\/wp-json\/wp\/v2\/types\/product"}],"replies":[{"embeddable":true,"href":"https:\/\/soydeaqui.ddns.net\/pachuca\/index.php\/wp-json\/wp\/v2\/comments?post=88260"}],"wp:featuredmedia":[{"embeddable":true,"href":"https:\/\/soydeaqui.ddns.net\/pachuca\/index.php\/wp-json\/wp\/v2\/media\/88259"}],"wp:attachment":[{"href":"https:\/\/soydeaqui.ddns.net\/pachuca\/index.php\/wp-json\/wp\/v2\/media?parent=88260"}],"wp:term":[{"taxonomy":"product_brand","embeddable":true,"href":"https:\/\/soydeaqui.ddns.net\/pachuca\/index.php\/wp-json\/wp\/v2\/product_brand?post=88260"},{"taxonomy":"product_cat","embeddable":true,"href":"https:\/\/soydeaqui.ddns.net\/pachuca\/index.php\/wp-json\/wp\/v2\/product_cat?post=88260"},{"taxonomy":"product_tag","embeddable":true,"href":"https:\/\/soydeaqui.ddns.net\/pachuca\/index.php\/wp-json\/wp\/v2\/product_tag?post=88260"}],"curies":[{"name":"wp","href":"https:\/\/api.w.org\/{rel}","templated":true}]}}