{"id":88248,"date":"2026-03-19T23:42:59","date_gmt":"2026-03-19T23:42:59","guid":{"rendered":"https:\/\/soydeaqui.ddns.net\/pachuca\/index.php\/producto\/enlace-completo-de-2-radios-force400c-con-antenas-txp-4965-30pb2-kit-30-dbi-rango-de-frecuencia-extendida-4-9-a-6-2-ghz\/"},"modified":"2026-03-19T23:43:01","modified_gmt":"2026-03-19T23:43:01","slug":"enlace-completo-de-2-radios-force400c-con-antenas-txp-4965-30pb2-kit-30-dbi-rango-de-frecuencia-extendida-4-9-a-6-2-ghz","status":"publish","type":"product","link":"https:\/\/soydeaqui.ddns.net\/pachuca\/index.php\/producto\/enlace-completo-de-2-radios-force400c-con-antenas-txp-4965-30pb2-kit-30-dbi-rango-de-frecuencia-extendida-4-9-a-6-2-ghz\/","title":{"rendered":"Enlace completo de 2 radios FORCE400C con antenas TXP-4965-30PB2-KIT (30 dBi), rango de frecuencia extendida (4.9 a 6.2 GHz)"},"content":{"rendered":"<div style='width: 100%; max-width: 1200px; margin: 0 auto; font-family: sans-serif; line-height: 1.6; color: inherit; background-color: transparent;'> <!-- Secci\u00f3n de contenido con flex\/grid --> <\/p>\n<div style='display: flex; flex-wrap: wrap; gap: 30px; margin-bottom: 30px;'>\n<div style='flex: 1 1 300px; min-width: 280px;'>\n<h3 style='font-size: 22px; border-bottom: 2px solid currentColor; padding-bottom: 5px; margin-top: 0; color: inherit; opacity: 0.8;'>Contenido del kit<\/h3>\n<ul style='padding-left: 20px; font-size: 15px; color: inherit;'>\n<li style='margin-bottom: 5px;'><strong>Radios:<\/strong> <a href='https:\/\/www.syscom.mx\/principal\/searchcont?route=C050940C121A-CAMBIUM-NETWORKS-193590&#038;autodetect=force400c' style='color: inherit; text-decoration: none;'>C050940C121A<\/a> (2 unidades)<\/li>\n<li style='margin-bottom: 5px;'><strong>Antenas:<\/strong> <a href='https:\/\/www.syscom.mx\/principal\/searchcont?route=TXP-4965-30PB2-KIT-TXPRO-194663&#038;autodetect=TXP-4965-30PB2-KIT' style='color: inherit; text-decoration: none;'>TXP-4965-30PB2-KIT<\/a> (2 unidades)<\/li>\n<li style='margin-bottom: 5px;'><strong>Jumpers:<\/strong> <a href='https:\/\/www.syscom.mx\/principal\/searchcont?route=LP-SMRPNM-60-V2-LINKEDPRO-189124&#038;autodetect=lpsm' style='color: inherit; text-decoration: none;'>LP-SMRPNM-60-V2<\/a> (4 unidades)<\/li>\n<li style='margin-bottom: 5px;'><strong>Cinta de auto fusi\u00f3n:<\/strong> <a href='https:\/\/www.syscom.mx\/principal\/searchcont?route=TX-TAPE-TXPRO-161118&#038;autodetect=txtape' style='color: inherit; text-decoration: none;'>TX-TAPE<\/a> (1 unidad)<\/li>\n<\/ul><\/div>\n<\/p><\/div>\n<p> <!-- Secci\u00f3n de especificaciones --> <\/p>\n<div style='display: flex; flex-wrap: wrap; gap: 20px; margin-bottom: 30px;'>\n<div style='flex: 1 1 250px; border: 1px solid rgba(150&comma; 150&comma; 150&comma; 0.4); border-radius: 8px; overflow: hidden; display: flex; flex-direction: column;'>\n<div style='padding: 15px; border-bottom: 1px solid rgba(150&comma; 150&comma; 150&comma; 0.2); font-weight: bold; font-size: 18px; color: inherit;'>Caracter\u00edsticas Generales<\/div>\n<div style='padding: 15px; color: inherit;'>\n<ul style='padding-left: 20px; margin: 0; font-size: 14px; list-style-type: disc;'>\n<li style='margin-bottom: 5px;'><strong>Anchos de canal:<\/strong> 20 | 40 | 80 MHz<\/li>\n<li style='margin-bottom: 5px;'><strong>Capa f\u00edsica:<\/strong> 802.11ax&comma; 2&#215;2 MIMO \/ OFDM<\/li>\n<li style='margin-bottom: 5px;'><strong>Rango de frecuencia:<\/strong> 4.9 &#8211; 6.2 GHz<\/li>\n<\/ul><\/div>\n<\/p><\/div>\n<div style='flex: 1 1 250px; border: 1px solid rgba(150&comma; 150&comma; 150&comma; 0.4); border-radius: 8px; overflow: hidden; display: flex; flex-direction: column;'>\n<div style='padding: 15px; border-bottom: 1px solid rgba(150&comma; 150&comma; 150&comma; 0.2); font-weight: bold; font-size: 18px; color: inherit;'>Desempe\u00f1o<\/div>\n<div style='padding: 15px; color: inherit;'>\n<ul style='padding-left: 20px; margin: 0; font-size: 14px; list-style-type: disc;'>\n<li style='margin-bottom: 5px;'><strong>ARQ:<\/strong> S\u00ed<\/li>\n<li style='margin-bottom: 5px;'><strong>Capacidad M\u00e1xima:<\/strong> 1 Gbps<\/li>\n<li style='margin-bottom: 5px;'><strong>Latencia:<\/strong> <5 ms<\/li>\n<li style='margin-bottom: 5px;'><strong>Potencia:<\/strong> +3 a +28 dBm<\/li>\n<\/ul><\/div>\n<\/p><\/div>\n<div style='flex: 1 1 250px; border: 1px solid rgba(150&comma; 150&comma; 150&comma; 0.4); border-radius: 8px; overflow: hidden; display: flex; flex-direction: column;'>\n<div style='padding: 15px; border-bottom: 1px solid rgba(150&comma; 150&comma; 150&comma; 0.2); font-weight: bold; font-size: 18px; color: inherit;'>Caracter\u00edsticas F\u00edsicas y El\u00e9ctricas<\/div>\n<div style='padding: 15px; color: inherit;'>\n<ul style='padding-left: 20px; margin: 0; font-size: 14px; list-style-type: disc;'>\n<li style='margin-bottom: 5px;'><strong>Puertos:<\/strong> 1 x RJ-45&comma; 1 x SFP&comma; 2 x RP-SMA<\/li>\n<li style='margin-bottom: 5px;'><strong>Grado de protecci\u00f3n:<\/strong> IP67<\/li>\n<li style='margin-bottom: 5px;'><strong>Consumo M\u00e1ximo:<\/strong> 28 W<\/li>\n<li style='margin-bottom: 5px;'><strong>Voltaje:<\/strong> 802.3at o PoE pasivo 44-59 V<\/li>\n<\/ul>\n<p style='margin-top: 15px; font-size: 14px;'><strong>*Incluye fuente de alimentaci\u00f3n PoE y Cable de corriente<\/strong><\/p>\n<\/p><\/div>\n<\/p><\/div>\n<\/p><\/div>\n<\/p><\/div>\n","protected":false},"excerpt":{"rendered":"<p>Enlace completo de 2 radios FORCE400C con antenas TXP-4965-30PB2-KIT (30 dBi), rango de frecuencia extendida (4.9 a 6.2 GHz)<\/p>\n","protected":false},"featured_media":88247,"comment_status":"open","ping_status":"closed","template":"","meta":[],"product_brand":[],"product_cat":[1998],"product_tag":[1999,1316,1980],"class_list":{"0":"post-88248","1":"product","2":"type-product","3":"status-publish","4":"has-post-thumbnail","6":"product_cat-5-y-6-ghz","7":"product_tag-5-y-6-ghz","8":"product_tag-cambium-networks","9":"product_tag-enlaces-ptp-y-ptmp","11":"first","12":"outofstock","13":"sale","14":"shipping-taxable","15":"purchasable","16":"product-type-simple"},"_links":{"self":[{"href":"https:\/\/soydeaqui.ddns.net\/pachuca\/index.php\/wp-json\/wp\/v2\/product\/88248","targetHints":{"allow":["GET"]}}],"collection":[{"href":"https:\/\/soydeaqui.ddns.net\/pachuca\/index.php\/wp-json\/wp\/v2\/product"}],"about":[{"href":"https:\/\/soydeaqui.ddns.net\/pachuca\/index.php\/wp-json\/wp\/v2\/types\/product"}],"replies":[{"embeddable":true,"href":"https:\/\/soydeaqui.ddns.net\/pachuca\/index.php\/wp-json\/wp\/v2\/comments?post=88248"}],"wp:featuredmedia":[{"embeddable":true,"href":"https:\/\/soydeaqui.ddns.net\/pachuca\/index.php\/wp-json\/wp\/v2\/media\/88247"}],"wp:attachment":[{"href":"https:\/\/soydeaqui.ddns.net\/pachuca\/index.php\/wp-json\/wp\/v2\/media?parent=88248"}],"wp:term":[{"taxonomy":"product_brand","embeddable":true,"href":"https:\/\/soydeaqui.ddns.net\/pachuca\/index.php\/wp-json\/wp\/v2\/product_brand?post=88248"},{"taxonomy":"product_cat","embeddable":true,"href":"https:\/\/soydeaqui.ddns.net\/pachuca\/index.php\/wp-json\/wp\/v2\/product_cat?post=88248"},{"taxonomy":"product_tag","embeddable":true,"href":"https:\/\/soydeaqui.ddns.net\/pachuca\/index.php\/wp-json\/wp\/v2\/product_tag?post=88248"}],"curies":[{"name":"wp","href":"https:\/\/api.w.org\/{rel}","templated":true}]}}