{"id":88231,"date":"2026-03-19T23:42:16","date_gmt":"2026-03-19T23:42:16","guid":{"rendered":"https:\/\/soydeaqui.ddns.net\/pachuca\/index.php\/producto\/switch-apilable-l3-lite-48-puertos-10-100-1000-t-4-puertos-sfp-10g\/"},"modified":"2026-03-19T23:42:18","modified_gmt":"2026-03-19T23:42:18","slug":"switch-apilable-l3-lite-48-puertos-10-100-1000-t-4-puertos-sfp-10g","status":"publish","type":"product","link":"https:\/\/soydeaqui.ddns.net\/pachuca\/index.php\/producto\/switch-apilable-l3-lite-48-puertos-10-100-1000-t-4-puertos-sfp-10g\/","title":{"rendered":"Switch Apilable L3 lite, 48 puertos 10\/100\/1000-T, 4 puertos SFP+ 10G"},"content":{"rendered":"<div style='width: 100%; max-width: 1200px; margin: 0 auto; font-family: sans-serif&comma; system-ui&comma; -apple-system&comma; 'Segoe UI'&comma; Roboto&comma; 'Helvetica Neue'&comma; Arial&comma; 'Noto Sans'&comma; 'Liberation Sans'&comma; 'Apple Color Emoji'&comma; 'Segoe UI Emoji'&comma; 'Segoe UI Symbol'&comma; 'Noto Color Emoji'; line-height: 1.6; color: inherit; background-color: transparent;'>\n<div style='display: flex; flex-direction: column; gap: 30px;'>\n<div>\n<h1 style='font-size: 28px; margin-top: 0; margin-bottom: 10px; color: inherit; font-weight: 400; line-height: 1.2em;'>Serie GS980MX<\/h1>\n<div style='font-size: 16px; color: inherit; opacity: 0.8; margin-bottom: 20px;'>Switch apilables Multi-Gigabit Layer 3 Lite<\/div>\n<div style='font-size: 15px; color: inherit; margin-bottom: 20px;'> La serie GS980MX de switches apilables Layer 3 Lite presenta alta capacidad&comma; resistencia y f\u00e1cil administraci\u00f3n. Con puertos Multi-Gigabit y Power over Ethernet&comma; y disponibles en modelos compactos y de alta densidad de puertos&comma; brindan una opci\u00f3n ideal para conectividad de alta velocidad en el per\u00edmetro de la red. <\/div>\n<\/p><\/div>\n<div style='display: flex; flex-wrap: wrap; gap: 30px;'>\n<div style='flex: 1 1 300px; min-width: 280px; background-color: rgba(150&comma; 150&comma; 150&comma; 0.05); border: 1px solid rgba(150&comma; 150&comma; 150&comma; 0.2); border-radius: 8px; padding: 20px;'>\n<h3 style='font-size: 20px; border-bottom: 2px solid currentColor; padding-bottom: 5px; margin-top: 0; color: inherit; opacity: 0.8;'>Visi\u00f3n general<\/h3>\n<ul style='padding-left: 20px; font-size: 14px; color: inherit; margin: 15px 0;'>\n<li style='margin-bottom: 10px;'>Admite soluciones Wi-Fi 6 de alta velocidad y actualizaciones de red a trav\u00e9s de cableado heredado&comma; con conectividad 2.5G y 5G (modelos PoE)<\/li>\n<li style='margin-bottom: 10px;'>Conecte y alimente terminales como tel\u00e9fonos IP&comma; puntos de acceso inal\u00e1mbricos y m\u00e1s con hasta 30 vatios de PoE+<\/li>\n<li style='margin-bottom: 10px;'>Admite dispositivos de alta potencia&comma; como c\u00e1maras PTZ para exteriores con calefactores\/ventiladores y controladores de iluminaci\u00f3n mejorados&comma; con hasta 90 vatios de PoE++ (modelos de 10 y 18 puertos)<\/li>\n<li style='margin-bottom: 10px;'>Cree una red resistente con la capacidad de apilar varias unidades con VCStack\u2122<\/li>\n<li style='margin-bottom: 10px;'>Ampl\u00ede el alcance de la red en entornos distribuidos mediante el apilamiento de larga distancia<\/li>\n<li style='margin-bottom: 10px;'>Reduzca los costos y automatice la gesti\u00f3n de la red con Autonomous Management Framework\u2122 (AMF)<\/li>\n<\/ul><\/div>\n<div style='flex: 1 1 300px; min-width: 280px; background-color: rgba(150&comma; 150&comma; 150&comma; 0.05); border: 1px solid rgba(150&comma; 150&comma; 150&comma; 0.2); border-radius: 8px; padding: 20px;'>\n<h3 style='font-size: 20px; border-bottom: 2px solid currentColor; padding-bottom: 5px; margin-top: 0; color: inherit; opacity: 0.8;'>Caracter\u00edsticas clave<\/h3>\n<ul style='padding-left: 20px; font-size: 14px; color: inherit; margin: 15px 0;'>\n<li style='margin-bottom: 10px;'>Sistema operativo de clase empresarial AlliedWare Plus\u2122<\/li>\n<li style='margin-bottom: 10px;'>Puertos multigigabit con PoE+\/PoE++ para una conectividad de punto final flexible<\/li>\n<li style='margin-bottom: 10px;'>PoE continuo maximiza la conectividad de punto final<\/li>\n<li style='margin-bottom: 10px;'>Active Fiber Monitoring\u2122 (AFM) para redes de fibra seguras<\/li>\n<li style='margin-bottom: 10px;'>EPSRing\u2122 para redes de anillo resilientes de conmutaci\u00f3n por error r\u00e1pida<\/li>\n<\/ul><\/div>\n<\/p><\/div>\n<\/p><\/div>\n<\/p><\/div>\n","protected":false},"excerpt":{"rendered":"<p>Switch Apilable L3 lite, 48 puertos 10\/100\/1000-T, 4 puertos SFP+ 10G<\/p>\n","protected":false},"featured_media":88230,"comment_status":"open","ping_status":"closed","template":"","meta":[],"product_brand":[],"product_cat":[1970],"product_tag":[1995,664,1971],"class_list":{"0":"post-88231","1":"product","2":"type-product","3":"status-publish","4":"has-post-thumbnail","6":"product_cat-switches","7":"product_tag-allied-telesis","8":"product_tag-networking","9":"product_tag-switches","11":"first","12":"outofstock","13":"sale","14":"shipping-taxable","15":"purchasable","16":"product-type-simple"},"_links":{"self":[{"href":"https:\/\/soydeaqui.ddns.net\/pachuca\/index.php\/wp-json\/wp\/v2\/product\/88231","targetHints":{"allow":["GET"]}}],"collection":[{"href":"https:\/\/soydeaqui.ddns.net\/pachuca\/index.php\/wp-json\/wp\/v2\/product"}],"about":[{"href":"https:\/\/soydeaqui.ddns.net\/pachuca\/index.php\/wp-json\/wp\/v2\/types\/product"}],"replies":[{"embeddable":true,"href":"https:\/\/soydeaqui.ddns.net\/pachuca\/index.php\/wp-json\/wp\/v2\/comments?post=88231"}],"wp:featuredmedia":[{"embeddable":true,"href":"https:\/\/soydeaqui.ddns.net\/pachuca\/index.php\/wp-json\/wp\/v2\/media\/88230"}],"wp:attachment":[{"href":"https:\/\/soydeaqui.ddns.net\/pachuca\/index.php\/wp-json\/wp\/v2\/media?parent=88231"}],"wp:term":[{"taxonomy":"product_brand","embeddable":true,"href":"https:\/\/soydeaqui.ddns.net\/pachuca\/index.php\/wp-json\/wp\/v2\/product_brand?post=88231"},{"taxonomy":"product_cat","embeddable":true,"href":"https:\/\/soydeaqui.ddns.net\/pachuca\/index.php\/wp-json\/wp\/v2\/product_cat?post=88231"},{"taxonomy":"product_tag","embeddable":true,"href":"https:\/\/soydeaqui.ddns.net\/pachuca\/index.php\/wp-json\/wp\/v2\/product_tag?post=88231"}],"curies":[{"name":"wp","href":"https:\/\/api.w.org\/{rel}","templated":true}]}}