{"id":8822,"date":"2026-03-18T07:14:23","date_gmt":"2026-03-18T07:14:23","guid":{"rendered":"https:\/\/soydeaqui.ddns.net\/pachuca\/index.php\/producto\/pdu-basico-para-distribucion-de-energia-enchufe-de-entrada-nema-5-15p-con-12-contactos-nema-5-20r-instalacion-horizontal-de-19in-1ur-15-amp-120-vca\/"},"modified":"2026-03-18T07:14:26","modified_gmt":"2026-03-18T07:14:26","slug":"pdu-basico-para-distribucion-de-energia-enchufe-de-entrada-nema-5-15p-con-12-contactos-nema-5-20r-instalacion-horizontal-de-19in-1ur-15-amp-120-vca","status":"publish","type":"product","link":"https:\/\/soydeaqui.ddns.net\/pachuca\/index.php\/producto\/pdu-basico-para-distribucion-de-energia-enchufe-de-entrada-nema-5-15p-con-12-contactos-nema-5-20r-instalacion-horizontal-de-19in-1ur-15-amp-120-vca\/","title":{"rendered":"PDU B\u00e1sico para Distribuci\u00f3n de Energ\u00eda, Enchufe de Entrada NEMA 5-15P, Con 12 Contactos NEMA 5-20R, Instalaci\u00f3n Horizontal de 19in, 1UR, 15 Amp, 120 Vca"},"content":{"rendered":"<div style='width: 100%; max-width: 1200px; margin: 0 auto; font-family: sans-serif; line-height: 1.6; color: inherit; background-color: transparent;'>\n<div style='margin-bottom: 30px; font-size: 15px; color: inherit;'>\n<p>Los PDU Basicos para Rack de Panduit proporcionan una distribuci\u00f3n de energ\u00eda confiable y rentable en una variedad de entradas (monof\u00e1sicas o trif\u00e1sicas; Delta o WYE) y configuraciones de salida (IEC C13&comma; C19 o NEMA).<\/p>\n<p>Estos PDU de Rack tienen unas de las densidades de salida m\u00e1s altas y los factores de forma m\u00e1s peque\u00f1os disponibles en el mercado. Cuentan con hasta 48 salidas y vienen de serie con un cable de alimentaci\u00f3n de entrada de 10 pies (3 metros). Son capaces de instalarse verticalmente (0U) u horizontalmente (1U o 2U) en un centro de datos&comma; gabinetes empresariales o rack utilizando los soportes de montaje est\u00e1ndar o el hardware incluido.<\/p>\n<\/p><\/div>\n<div style='display: flex; flex-wrap: wrap; gap: 30px; margin-bottom: 30px;'>\n<div style='flex: 1 1 300px; min-width: 280px;'>\n<h3 style='font-size: 22px; border-bottom: 2px solid currentColor; padding-bottom: 5px; margin-top: 0; color: inherit; opacity: 0.8;'>Caracter\u00edsticas<\/h3>\n<ul style='padding-left: 20px; font-size: 15px; color: inherit;'>\n<li style='margin-bottom: 5px;'><strong>Tipo de Plug:<\/strong> NEMA 5-15P <img style='width: 40px; height: 40px; border: none; vertical-align: middle;' src='https:\/\/www.cyberpower.com\/mx\/es\/File\/GetImageByDocId\/GeneralAttribute-235' alt=''><\/li>\n<li style='margin-bottom: 5px;'><strong>Longitud del cable:<\/strong> 3m.<\/li>\n<li style='margin-bottom: 5px;'><strong>Receptaculos:<\/strong> NEMA 5-20R <img style='width: 40px; height: 40px; border: none; vertical-align: middle;' src='https:\/\/www.cyberpower.com\/mx\/es\/File\/GetImageByDocId\/GeneralAttribute-370' alt=''><\/li>\n<li style='margin-bottom: 5px;'><strong>Voltaje de Entrada:<\/strong> 120VCA<\/li>\n<li style='margin-bottom: 5px;'><strong>Corriente:<\/strong> 15Amp<\/li>\n<li style='margin-bottom: 5px;'><strong>Voltaje de Salida:<\/strong> 120VCA<\/li>\n<li style='margin-bottom: 5px;'><strong>N\u00famero de Espacios en Rack:<\/strong> 1<\/li>\n<li style='margin-bottom: 5px;'><strong>Color:<\/strong> Negro<\/li>\n<\/ul><\/div>\n<\/p><\/div>\n<hr style='border: 0; border-top: 1px solid rgba(150&comma; 150&comma; 150&comma; 0.3); margin: 30px 0;'> <\/div>\n","protected":false},"excerpt":{"rendered":"<p>PDU B\u00e1sico para Distribuci\u00f3n de Energ\u00eda, Enchufe de Entrada NEMA 5-15P, Con 12 Contactos NEMA 5-20R, Instalaci\u00f3n Horizontal de 19in, 1UR, 15 Amp, 120 Vca<\/p>\n","protected":false},"featured_media":8821,"comment_status":"open","ping_status":"closed","template":"","meta":[],"product_brand":[],"product_cat":[604],"product_tag":[606,445,605],"class_list":{"0":"post-8822","1":"product","2":"type-product","3":"status-publish","4":"has-post-thumbnail","6":"product_cat-accesorios-para-racks-y-gabinetes","7":"product_tag-accesorios-para-racks-y-gabinetes","8":"product_tag-panduit","9":"product_tag-racks-y-gabinetes","11":"first","12":"instock","13":"sale","14":"shipping-taxable","15":"purchasable","16":"product-type-simple"},"_links":{"self":[{"href":"https:\/\/soydeaqui.ddns.net\/pachuca\/index.php\/wp-json\/wp\/v2\/product\/8822","targetHints":{"allow":["GET"]}}],"collection":[{"href":"https:\/\/soydeaqui.ddns.net\/pachuca\/index.php\/wp-json\/wp\/v2\/product"}],"about":[{"href":"https:\/\/soydeaqui.ddns.net\/pachuca\/index.php\/wp-json\/wp\/v2\/types\/product"}],"replies":[{"embeddable":true,"href":"https:\/\/soydeaqui.ddns.net\/pachuca\/index.php\/wp-json\/wp\/v2\/comments?post=8822"}],"wp:featuredmedia":[{"embeddable":true,"href":"https:\/\/soydeaqui.ddns.net\/pachuca\/index.php\/wp-json\/wp\/v2\/media\/8821"}],"wp:attachment":[{"href":"https:\/\/soydeaqui.ddns.net\/pachuca\/index.php\/wp-json\/wp\/v2\/media?parent=8822"}],"wp:term":[{"taxonomy":"product_brand","embeddable":true,"href":"https:\/\/soydeaqui.ddns.net\/pachuca\/index.php\/wp-json\/wp\/v2\/product_brand?post=8822"},{"taxonomy":"product_cat","embeddable":true,"href":"https:\/\/soydeaqui.ddns.net\/pachuca\/index.php\/wp-json\/wp\/v2\/product_cat?post=8822"},{"taxonomy":"product_tag","embeddable":true,"href":"https:\/\/soydeaqui.ddns.net\/pachuca\/index.php\/wp-json\/wp\/v2\/product_tag?post=8822"}],"curies":[{"name":"wp","href":"https:\/\/api.w.org\/{rel}","templated":true}]}}