{"id":88213,"date":"2026-03-19T23:41:26","date_gmt":"2026-03-19T23:41:26","guid":{"rendered":"https:\/\/soydeaqui.ddns.net\/pachuca\/index.php\/producto\/router-omada-vpn-sdn-multi-wan-gigabit-1-puerto-wan-gigabit-2-puertos-lan-gigabit-2-puertos-configurables-lan-wan-150000-sesiones-concurrentes-administracion-centralizada-omada-o-stand-al\/"},"modified":"2026-03-19T23:41:32","modified_gmt":"2026-03-19T23:41:32","slug":"router-omada-vpn-sdn-multi-wan-gigabit-1-puerto-wan-gigabit-2-puertos-lan-gigabit-2-puertos-configurables-lan-wan-150000-sesiones-concurrentes-administracion-centralizada-omada-o-stand-al","status":"publish","type":"product","link":"https:\/\/soydeaqui.ddns.net\/pachuca\/index.php\/producto\/router-omada-vpn-sdn-multi-wan-gigabit-1-puerto-wan-gigabit-2-puertos-lan-gigabit-2-puertos-configurables-lan-wan-150000-sesiones-concurrentes-administracion-centralizada-omada-o-stand-al\/","title":{"rendered":"Router Omada VPN \/ SDN Multi-WAN Gigabit \/ 1 Puerto WAN Gigabit \/ 2 Puertos LAN Gigabit \/ 2 Puertos configurables LAN\/WAN \/ 150,000 Sesiones Concurrentes \/ Administraci\u00f3n Centralizada OMADA o Stand-Alone \/ 1 Puerto USB 2.0"},"content":{"rendered":"<div style='width: 100%; max-width: 1200px; margin: 0 auto; font-family: sans-serif; line-height: 1.6; color: inherit; background-color: transparent;'> <!-- Secci\u00f3n de enlace a Omada Cloud --> <\/p>\n<div style='text-align: center; margin: 30px 0;'>\n<h2 style='margin: 0; color: inherit;'><a href='https:\/\/www.tp-link.com\/es\/omada-sdn\/' style='color: inherit; text-decoration: none; border-bottom: 1px solid rgba(0&comma;0&comma;0&comma;0.2);'>Aprende mas sobre Omada Cloud<\/a><\/h2>\n<\/p><\/div>\n<p> <!-- Imagen principal --> <\/p>\n<div style='margin: 30px 0;'> <img style='width: 100%; height: auto; border: 1px solid rgba(150&comma;150&comma;150&comma;0.3); border-radius: 8px;' src='https:\/\/ftp3.syscom.mx\/usuarios\/fotos\/ER605\/200330-image_-_2023-02-24t165929.614.png' alt='Router TP-LINK ER605'> <\/div>\n<p> <!-- Secciones con im\u00e1genes --> <\/p>\n<div style='display: flex; flex-wrap: wrap; gap: 30px; margin-bottom: 30px;'>\n<div style='flex: 1 1 100%;'>\n<h2 style='font-size: 22px; border-bottom: 2px solid currentColor; padding-bottom: 5px; margin-top: 0; color: inherit; opacity: 0.8; text-align: center;'>Administraci\u00f3n con el controlador Omada&comma; generando una red unificada<\/h2>\n<p> <img style='width: 100%; height: auto; border: 1px solid rgba(150&comma;150&comma;150&comma;0.3); border-radius: 8px;' src='https:\/\/ftp3.syscom.mx\/usuarios\/fotos\/TLER7206\/193906-captura_de_pantalla_2021-02-15_a_la(s)_14.53.00.png' alt='Administraci\u00f3n Omada'> <\/div>\n<\/p><\/div>\n<div style='display: flex; flex-wrap: wrap; gap: 30px; margin-bottom: 30px;'>\n<div style='flex: 1 1 100%;'>\n<h2 style='font-size: 22px; border-bottom: 2px solid currentColor; padding-bottom: 5px; margin-top: 0; color: inherit; opacity: 0.8; text-align: center;'>Funciones avanzadas para la administraci\u00f3n de la red empresarial.<\/h2>\n<p> <img style='width: 100%; height: auto; border: 1px solid rgba(150&comma;150&comma;150&comma;0.3); border-radius: 8px;' src='https:\/\/ftp3.syscom.mx\/usuarios\/fotos\/ER605\/200330-image_-_2023-02-24t170103.618.png' alt='Funciones avanzadas'> <\/div>\n<\/p><\/div>\n<div style='display: flex; flex-wrap: wrap; gap: 30px; margin-bottom: 30px;'>\n<div style='flex: 1 1 100%;'>\n<h2 style='font-size: 22px; border-bottom: 2px solid currentColor; padding-bottom: 5px; margin-top: 0; color: inherit; opacity: 0.8; text-align: center;'>Funciones de seguridad s\u00f3lida y robustas.<\/h2>\n<p> <img style='width: 100%; height: auto; border: 1px solid rgba(150&comma;150&comma;150&comma;0.3); border-radius: 8px;' src='https:\/\/ftp3.syscom.mx\/usuarios\/fotos\/ER605\/200330-image_-_2023-02-24t165942.655.png' alt='Seguridad'> <\/div>\n<\/p><\/div>\n<div style='display: flex; flex-wrap: wrap; gap: 30px; margin-bottom: 30px;'>\n<div style='flex: 1 1 100%;'>\n<h2 style='font-size: 22px; border-bottom: 2px solid currentColor; padding-bottom: 5px; margin-top: 0; color: inherit; opacity: 0.8; text-align: center;'>Puestos multifuncionales.<\/h2>\n<p> <img style='width: 100%; height: auto; border: 1px solid rgba(150&comma;150&comma;150&comma;0.3); border-radius: 8px;' src='https:\/\/ftp3.syscom.mx\/usuarios\/fotos\/ER605\/200330-image_-_2023-02-24t165935.585.png' alt='Puestos multifuncionales'> <\/div>\n<\/p><\/div>\n<p> <!-- Secci\u00f3n de especificaciones --> <\/p>\n<div style='display: flex; flex-wrap: wrap; gap: 20px; margin-bottom: 30px;'>\n<div style='flex: 1 1 100%; border: 1px solid rgba(150&comma; 150&comma; 150&comma; 0.4); border-radius: 8px; overflow: hidden;'>\n<div style='padding: 15px; border-bottom: 1px solid rgba(150&comma; 150&comma; 150&comma; 0.2); font-weight: bold; font-size: 18px; color: inherit;'>Especificaciones<\/div>\n<div style='padding: 15px; color: inherit;'>\n<ul style='padding-left: 20px; margin: 0; font-size: 14px; list-style-type: disc;'>\n<li style='margin-bottom: 5px;'><strong>Dimensiones:<\/strong> 158 x 101 x 25 mm.<\/li>\n<li style='margin-bottom: 5px;'><strong>Puertos:<\/strong> (1) puerto WAN SFP Gigabit&comma; (2) puertos LAN Gigabit RJ45&comma; (2) puertos WAN\/LAN Gigabit RJ45&comma; (1) puerto USB 2.0<\/li>\n<li style='margin-bottom: 5px;'><strong>Boton Reset:<\/strong> S\u00ed<\/li>\n<li style='margin-bottom: 5px;'><strong>Garant\u00eda:<\/strong> 5 a\u00f1os<\/li>\n<li style='margin-bottom: 5px;'><strong>Gesti\u00f3n web:<\/strong> S\u00ed<\/li>\n<li style='margin-bottom: 5px;'><strong>Consumo m\u00e1x:<\/strong> 7.94 W<\/li>\n<li style='margin-bottom: 5px;'><strong>Alimentaci\u00f3n:<\/strong> 12 Vcc \/ 1A<\/li>\n<li style='margin-bottom: 5px;'><strong>Flash:<\/strong> 128 MB NAND<\/li>\n<li style='margin-bottom: 5px;'><strong>DRAM:<\/strong> 256MB DDR<\/li>\n<li style='margin-bottom: 5px;'><strong>Clonado de MAC:<\/strong> Modificar direcci\u00f3n MAC WAN\/LAN<\/li>\n<li style='margin-bottom: 5px;'><strong>Sesiones concurrentes:<\/strong> 150&comma;000 sesiones<\/li>\n<li style='margin-bottom: 5px;'><strong>NAT (IP est\u00e1tica):<\/strong> Carga: hasta 500.3 Mbps&comma; Descarga: hasta 500.2 Mbps<\/li>\n<li style='margin-bottom: 5px;'><strong>Tipos de conexi\u00f3n WAN:<\/strong> IP est\u00e1tica\/din\u00e1mica&comma; PPPoE&comma; PPTP&comma; L2TP&comma; Banda ancha m\u00f3vil<\/li>\n<li style='margin-bottom: 5px;'><strong>IPV6\/IPV4:<\/strong> Conexi\u00f3n WAN<\/li>\n<li style='margin-bottom: 5px;'><strong>IPTV:<\/strong> IGMP v2\/v3 proxy<\/li>\n<li style='margin-bottom: 5px;'><strong>Temperatura de operaci\u00f3n:<\/strong> 0 &#8211; 40\u00b0 C<\/li>\n<li style='margin-bottom: 5px;'><strong>Certificaciones:<\/strong> CE&comma; FCC&comma; RoHS<\/li>\n<\/ul><\/div>\n<\/p><\/div>\n<\/p><\/div>\n<p> <!-- Secci\u00f3n de caracter\u00edsticas --> <\/p>\n<div style='display: flex; flex-wrap: wrap; gap: 20px; margin-bottom: 30px;'>\n<div style='flex: 1 1 100%; border: 1px solid rgba(150&comma; 150&comma; 150&comma; 0.4); border-radius: 8px; overflow: hidden;'>\n<div style='padding: 15px; border-bottom: 1px solid rgba(150&comma; 150&comma; 150&comma; 0.2); font-weight: bold; font-size: 18px; color: inherit;'>Caracter\u00edsticas<\/div>\n<div style='padding: 15px; color: inherit;'>\n<ul style='padding-left: 20px; margin: 0; font-size: 14px; list-style-type: disc;'>\n<li style='margin-bottom: 5px;'><strong>VPN:<\/strong> OpenVPN 16 t\u00faneles&comma; IPSec 20 t\u00faneles&comma; PPTP 16 t\u00faneles&comma; L2TP 16 t\u00faneles<\/li>\n<li style='margin-bottom: 5px;'><strong>Filtrado:<\/strong> Filtrado de grupos Web&comma; Filtrado URL&comma; Seguridad Web<\/li>\n<li style='margin-bottom: 5px;'><strong>Inspecci\u00f3n ARP:<\/strong> Env\u00edo de paquetes GARP&comma; Escaneo ARP&comma; Enlace IP-MAC<\/li>\n<li style='margin-bottom: 5px;'><strong>Autenticaci\u00f3n WEB:<\/strong> Contrase\u00f1a simple&comma; Hotspot (usuario local\/voucher\/SMS\/Radios)&comma; Servidor Radius externo&comma; Registro Facebook&comma; Seguimiento de Instagram<\/li>\n<li style='margin-bottom: 5px;'><strong>Gesti\u00f3n centralizada:<\/strong> OC300&comma; OC200&comma; Omada Software&comma; Omada basado en la nube<\/li>\n<\/ul><\/div>\n<\/p><\/div>\n<\/p><\/div>\n<p> <!-- Secci\u00f3n de otros --> <\/p>\n<div style='display: flex; flex-wrap: wrap; gap: 20px; margin-bottom: 30px;'>\n<div style='flex: 1 1 100%; border: 1px solid rgba(150&comma; 150&comma; 150&comma; 0.4); border-radius: 8px; overflow: hidden;'>\n<div style='padding: 15px; border-bottom: 1px solid rgba(150&comma; 150&comma; 150&comma; 0.2); font-weight: bold; font-size: 18px; color: inherit;'>Otros<\/div>\n<div style='padding: 15px; color: inherit;'>\n<ul style='padding-left: 20px; margin: 0; font-size: 14px; list-style-type: disc;'>\n<li style='margin-bottom: 5px;'><strong>Contenido del Paquete:<\/strong> ER605&comma; Cable de alimentaci\u00f3n&comma; Gu\u00eda de instalaci\u00f3n<\/li>\n<\/ul><\/div>\n<\/p><\/div>\n<\/p><\/div>\n<p> <!-- Separador --> <\/p>\n<hr style='border: 0; border-top: 1px solid rgba(150&comma; 150&comma; 150&comma; 0.3); margin: 30px 0;'> <\/div>\n","protected":false},"excerpt":{"rendered":"<p>Router Omada VPN \/ SDN Multi-WAN Gigabit \/ 1 Puerto WAN Gigabit \/ 2 Puertos LAN Gigabit \/ 2 Puertos configurables LAN\/WAN \/ 150,000 Sesiones Concurrentes \/ Administraci\u00f3n Centralizada OMADA o Stand-Alone \/ 1 Puerto USB 2.0<\/p>\n","protected":false},"featured_media":88212,"comment_status":"open","ping_status":"closed","template":"","meta":[],"product_brand":[],"product_cat":[2036,2035,2034],"product_tag":[2039,2038,664,2037,71],"class_list":{"0":"post-88213","1":"product","2":"type-product","3":"status-publish","4":"has-post-thumbnail","6":"product_cat-balanceadores","7":"product_cat-firewalls","8":"product_cat-routers","9":"product_tag-balanceadores","10":"product_tag-firewalls","11":"product_tag-networking","12":"product_tag-routers","13":"product_tag-tp-link","15":"first","16":"instock","17":"sale","18":"shipping-taxable","19":"purchasable","20":"product-type-simple"},"_links":{"self":[{"href":"https:\/\/soydeaqui.ddns.net\/pachuca\/index.php\/wp-json\/wp\/v2\/product\/88213","targetHints":{"allow":["GET"]}}],"collection":[{"href":"https:\/\/soydeaqui.ddns.net\/pachuca\/index.php\/wp-json\/wp\/v2\/product"}],"about":[{"href":"https:\/\/soydeaqui.ddns.net\/pachuca\/index.php\/wp-json\/wp\/v2\/types\/product"}],"replies":[{"embeddable":true,"href":"https:\/\/soydeaqui.ddns.net\/pachuca\/index.php\/wp-json\/wp\/v2\/comments?post=88213"}],"wp:featuredmedia":[{"embeddable":true,"href":"https:\/\/soydeaqui.ddns.net\/pachuca\/index.php\/wp-json\/wp\/v2\/media\/88212"}],"wp:attachment":[{"href":"https:\/\/soydeaqui.ddns.net\/pachuca\/index.php\/wp-json\/wp\/v2\/media?parent=88213"}],"wp:term":[{"taxonomy":"product_brand","embeddable":true,"href":"https:\/\/soydeaqui.ddns.net\/pachuca\/index.php\/wp-json\/wp\/v2\/product_brand?post=88213"},{"taxonomy":"product_cat","embeddable":true,"href":"https:\/\/soydeaqui.ddns.net\/pachuca\/index.php\/wp-json\/wp\/v2\/product_cat?post=88213"},{"taxonomy":"product_tag","embeddable":true,"href":"https:\/\/soydeaqui.ddns.net\/pachuca\/index.php\/wp-json\/wp\/v2\/product_tag?post=88213"}],"curies":[{"name":"wp","href":"https:\/\/api.w.org\/{rel}","templated":true}]}}