{"id":88206,"date":"2026-03-19T23:41:06","date_gmt":"2026-03-19T23:41:06","guid":{"rendered":"https:\/\/soydeaqui.ddns.net\/pachuca\/index.php\/producto\/unifi-switch-pro-aggregation-capa-3-para-fibra-optica-con-28-puertos-sfp-10g-y-4-puertos-sfp28-25g-pantalla-informativa\/"},"modified":"2026-03-19T23:41:22","modified_gmt":"2026-03-19T23:41:22","slug":"unifi-switch-pro-aggregation-capa-3-para-fibra-optica-con-28-puertos-sfp-10g-y-4-puertos-sfp28-25g-pantalla-informativa","status":"publish","type":"product","link":"https:\/\/soydeaqui.ddns.net\/pachuca\/index.php\/producto\/unifi-switch-pro-aggregation-capa-3-para-fibra-optica-con-28-puertos-sfp-10g-y-4-puertos-sfp28-25g-pantalla-informativa\/","title":{"rendered":"UniFi Switch PRO Aggregation Capa 3 para fibra \u00f3ptica con 28 puertos SFP+ (10G) y 4 puertos SFP28 (25G), pantalla informativa"},"content":{"rendered":"<div style='width: 100%; max-width: 1200px; margin: 0 auto; font-family: sans-serif; line-height: 1.6; color: inherit; background-color: transparent;'> <!-- Imagen principal --> <\/p>\n<div style='width: 100%; margin-bottom: 30px;'> <img style='width: 100%; height: auto; border: 1px solid rgba(150&comma;150&comma;150&comma;0.3); border-radius: 8px;' src='https:\/\/ftp3.syscom.mx\/usuarios\/fotos\/USWPROAGGREGATION\/200337-usw-aggregation-pro_1-1.jpg' alt='UniFi Switch PRO Aggregation'> <\/div>\n<p> <!-- Descripci\u00f3n principal --> <\/p>\n<div style='margin-bottom: 30px;'>\n<p style='font-size: 15px; color: inherit; margin: 0 0 15px 0;'>Switch capa 3 con (28) puertos 10G SFP+ y (4) puertos 25G SFP28.<\/p>\n<p style='font-size: 15px; color: inherit; margin: 0 0 15px 0;'>Switch Pro Aggregation es un switch capa 3 totalmente administrable con (28) puertos 10G SFP+ y (4) puertos 25G SFP28 dise\u00f1ados para mejorar la capacidad de transferencia y el rendimiento de su red mediante la creaci\u00f3n de enlaces de agregaci\u00f3n de alto ancho de banda. Con capacidad de montarse en rack&comma; tambi\u00e9n ofrece una capacidad de conmutaci\u00f3n de 760 Gbps y cuenta con una pantalla t\u00e1ctil a color LCM de 1.3&#8242; que muestra de manera concisa informaci\u00f3n clave sobre el sistema y la conexi\u00f3n.<\/p>\n<p style='font-size: 15px; color: inherit; margin: 0 0 15px 0;'>Ofrece una protecci\u00f3n mejorada contra fallas de la fuente de alimentaci\u00f3n cuando se conecta al sistema de energ\u00eda redundante SmartPower (<a href='https:\/\/www.syscom.mx\/producto\/USP-RPS-UBIQUITI-NETWORKS-187906.html' target='_blank' rel='noopener' style='color: inherit; text-decoration: underline;'>USP-RPS<\/a> se vende por separado). Este switch se puede monitorear o configurar desde cualquier lugar con la aplicaci\u00f3n web y la aplicaci\u00f3n m\u00f3vil potentes e intuitivas de UniFi Network. (Se recomienda contar con una Consola UniFi OS como <a href='https:\/\/www.syscom.mx\/producto\/UCK-G2-PLUS-UBIQUITI-NETWORKS-164051.html' target='_blank' rel='noopener' style='color: inherit; text-decoration: underline;'>UCK-G2-PLUS<\/a> o <a href='https:\/\/www.syscom.mx\/producto\/UDM-PRO-UBIQUITI-NETWORKS-177842.html' target='_blank' rel='noopener' style='color: inherit; text-decoration: underline;'>UDM-PRO<\/a>)<\/p>\n<\/p><\/div>\n<p> <!-- Caracter\u00edsticas --> <\/p>\n<div style='margin-bottom: 30px;'>\n<h3 style='font-size: 20px; border-bottom: 2px solid currentColor; padding-bottom: 5px; margin-top: 0; color: inherit; opacity: 0.8;'>Caracter\u00edsticas<\/h3>\n<ul style='padding-left: 20px; font-size: 15px; color: inherit;'>\n<li style='margin-bottom: 5px;'><span style='color: inherit; vertical-align: inherit;'>(1) pantalla t\u00e1ctil a color LCM de 1&comma;3&#8242; con gesti\u00f3n de interruptor AR<\/span><\/li>\n<li style='margin-bottom: 5px;'><span style='color: inherit; vertical-align: inherit;'>(28) puertos 10G SFP+<\/span><\/li>\n<li style='margin-bottom: 5px;'><span style='color: inherit; vertical-align: inherit;'>(4) puertos 25G SFP28<\/span><\/li>\n<li style='margin-bottom: 5px;'><span style='color: inherit; vertical-align: inherit;'>(1) entrada de CC USP RPS<\/span><\/li>\n<li style='margin-bottom: 5px;'><span style='color: inherit; vertical-align: inherit;'>Capacidad de conmutaci\u00f3n de 760 Gbps<\/span><\/li>\n<li style='margin-bottom: 5px;'><span style='color: inherit; vertical-align: inherit;'>Funciones de conmutaci\u00f3n de capa 3<\/span><\/li>\n<\/ul><\/div>\n<p> <!-- Especificaciones --> <\/p>\n<div style='margin-bottom: 30px;'>\n<h3 style='font-size: 20px; border-bottom: 2px solid currentColor; padding-bottom: 5px; margin-top: 0; color: inherit; opacity: 0.8;'>Especificaciones<\/h3>\n<div style='display: flex; flex-wrap: wrap; gap: 20px;'> <!-- Card 1 - Dimensiones --> <\/p>\n<div style='flex: 1 1 250px; border: 1px solid rgba(150&comma; 150&comma; 150&comma; 0.4); border-radius: 8px; overflow: hidden; display: flex; flex-direction: column;'>\n<div style='padding: 15px; border-bottom: 1px solid rgba(150&comma; 150&comma; 150&comma; 0.2); font-weight: bold; font-size: 18px; color: inherit;'>Dimensiones<\/div>\n<div style='padding: 15px; color: inherit;'>\n<ul style='padding-left: 20px; margin: 0; font-size: 14px; list-style-type: disc;'>\n<li style='margin-bottom: 5px;'>442 x 325 x 44 mm<\/li>\n<li style='margin-bottom: 5px;'>(17&comma;4 x 12&comma;8 x 1&comma;7&#8242;)<\/li>\n<\/ul><\/div>\n<\/p><\/div>\n<p> <!-- Card 2 - Peso --> <\/p>\n<div style='flex: 1 1 250px; border: 1px solid rgba(150&comma; 150&comma; 150&comma; 0.4); border-radius: 8px; overflow: hidden; display: flex; flex-direction: column;'>\n<div style='padding: 15px; border-bottom: 1px solid rgba(150&comma; 150&comma; 150&comma; 0.2); font-weight: bold; font-size: 18px; color: inherit;'>Peso<\/div>\n<div style='padding: 15px; color: inherit;'>\n<ul style='padding-left: 20px; margin: 0; font-size: 14px; list-style-type: disc;'>\n<li style='margin-bottom: 5px;'>Sin montura: 4&comma;6 kg (10&comma;14 libras)<\/li>\n<li style='margin-bottom: 5px;'>Con montura: 4&comma;7 kg (10&comma;36 libras)<\/li>\n<\/ul><\/div>\n<\/p><\/div>\n<p> <!-- Card 3 - Material --> <\/p>\n<div style='flex: 1 1 250px; border: 1px solid rgba(150&comma; 150&comma; 150&comma; 0.4); border-radius: 8px; overflow: hidden; display: flex; flex-direction: column;'>\n<div style='padding: 15px; border-bottom: 1px solid rgba(150&comma; 150&comma; 150&comma; 0.2); font-weight: bold; font-size: 18px; color: inherit;'>Material del recinto<\/div>\n<div style='padding: 15px; color: inherit;'>\n<ul style='padding-left: 20px; margin: 0; font-size: 14px; list-style-type: disc;'>\n<li style='margin-bottom: 5px;'>SGCC Steel<\/li>\n<\/ul><\/div>\n<\/p><\/div>\n<p> <!-- Card 4 - Hardware --> <\/p>\n<div style='flex: 1 1 250px; border: 1px solid rgba(150&comma; 150&comma; 150&comma; 0.4); border-radius: 8px; overflow: hidden; display: flex; flex-direction: column;'>\n<div style='padding: 15px; border-bottom: 1px solid rgba(150&comma; 150&comma; 150&comma; 0.2); font-weight: bold; font-size: 18px; color: inherit;'>Hardware<\/div>\n<div style='padding: 15px; color: inherit;'>\n<ul style='padding-left: 20px; margin: 0; font-size: 14px; list-style-type: disc;'>\n<li style='margin-bottom: 5px;'>Rendimiento total sin bloqueo: 380 Gbps<\/li>\n<li style='margin-bottom: 5px;'>Capacidad de conmutaci\u00f3n: 760 Gbps<\/li>\n<li style='margin-bottom: 5px;'>Tasa de reenv\u00edo: 565.44Mpps<\/li>\n<\/ul><\/div>\n<\/p><\/div>\n<p> <!-- Card 5 - Alimentaci\u00f3n --> <\/p>\n<div style='flex: 1 1 250px; border: 1px solid rgba(150&comma; 150&comma; 150&comma; 0.4); border-radius: 8px; overflow: hidden; display: flex; flex-direction: column;'>\n<div style='padding: 15px; border-bottom: 1px solid rgba(150&comma; 150&comma; 150&comma; 0.2); font-weight: bold; font-size: 18px; color: inherit;'>Alimentaci\u00f3n<\/div>\n<div style='padding: 15px; color: inherit;'>\n<ul style='padding-left: 20px; margin: 0; font-size: 14px; list-style-type: disc;'>\n<li style='margin-bottom: 5px;'>Consumo m\u00e1ximo de energ\u00eda: 100W<\/li>\n<li style='margin-bottom: 5px;'>M\u00e9todo de alimentaci\u00f3n: (1) Entrada de CA universal&comma; 100-240 V CA&comma; 2 A m\u00e1x.&comma; 50\/60 Hz<\/li>\n<li style='margin-bottom: 5px;'>(1) Entrada de CC USP-RPS&comma; 11&comma;5 V CC&comma; 8&comma;7 A<\/li>\n<\/ul><\/div>\n<\/p><\/div>\n<p> <!-- Card 6 - Interfaces --> <\/p>\n<div style='flex: 1 1 250px; border: 1px solid rgba(150&comma; 150&comma; 150&comma; 0.4); border-radius: 8px; overflow: hidden; display: flex; flex-direction: column;'>\n<div style='padding: 15px; border-bottom: 1px solid rgba(150&comma; 150&comma; 150&comma; 0.2); font-weight: bold; font-size: 18px; color: inherit;'>Interfaces de red<\/div>\n<div style='padding: 15px; color: inherit;'>\n<ul style='padding-left: 20px; margin: 0; font-size: 14px; list-style-type: disc;'>\n<li style='margin-bottom: 5px;'>(28) Ethernet SFP+ de 1\/10 Gbps<\/li>\n<li style='margin-bottom: 5px;'>(4) Ethernet SFP28 de 1\/10\/25 Gbps*<\/li>\n<\/ul><\/div>\n<\/p><\/div>\n<p> <!-- Card 7 - Pantalla --> <\/p>\n<div style='flex: 1 1 250px; border: 1px solid rgba(150&comma; 150&comma; 150&comma; 0.4); border-radius: 8px; overflow: hidden; display: flex; flex-direction: column;'>\n<div style='padding: 15px; border-bottom: 1px solid rgba(150&comma; 150&comma; 150&comma; 0.2); font-weight: bold; font-size: 18px; color: inherit;'>Pantalla LCM<\/div>\n<div style='padding: 15px; color: inherit;'>\n<ul style='padding-left: 20px; margin: 0; font-size: 14px; list-style-type: disc;'>\n<li style='margin-bottom: 5px;'>(1) Pantalla t\u00e1ctil de 1&comma;3&#8242;<\/li>\n<li style='margin-bottom: 5px;'>Animaci\u00f3n de inicio: booteo<\/li>\n<li style='margin-bottom: 5px;'>\u00cdcono de actualizaci\u00f3n de firmware<\/li>\n<li style='margin-bottom: 5px;'>Blanco fijo: valores predeterminados de f\u00e1brica&comma; en espera de adopci\u00f3n<\/li>\n<li style='margin-bottom: 5px;'>Azul fijo: dispositivo adoptado<\/li>\n<\/ul><\/div>\n<\/p><\/div>\n<p> <!-- Card 8 - Caracter\u00edsticas adicionales --> <\/p>\n<div style='flex: 1 1 250px; border: 1px solid rgba(150&comma; 150&comma; 150&comma; 0.4); border-radius: 8px; overflow: hidden; display: flex; flex-direction: column;'>\n<div style='padding: 15px; border-bottom: 1px solid rgba(150&comma; 150&comma; 150&comma; 0.2); font-weight: bold; font-size: 18px; color: inherit;'>Caracter\u00edsticas adicionales<\/div>\n<div style='padding: 15px; color: inherit;'>\n<ul style='padding-left: 20px; margin: 0; font-size: 14px; list-style-type: disc;'>\n<li style='margin-bottom: 5px;'>Interfaz de gesti\u00f3n: Ethernet en banda<\/li>\n<li style='margin-bottom: 5px;'>Modos: Switch de fibra SMB de capa 3 10\/25 G<\/li>\n<li style='margin-bottom: 5px;'>Protecci\u00f3n ESD\/EMP: Aire: \u00b1 16kV&comma; Contacto: \u00b1 12kV<\/li>\n<\/ul><\/div>\n<\/p><\/div>\n<p> <!-- Card 9 - Condiciones ambientales --> <\/p>\n<div style='flex: 1 1 250px; border: 1px solid rgba(150&comma; 150&comma; 150&comma; 0.4); border-radius: 8px; overflow: hidden; display: flex; flex-direction: column;'>\n<div style='padding: 15px; border-bottom: 1px solid rgba(150&comma; 150&comma; 150&comma; 0.2); font-weight: bold; font-size: 18px; color: inherit;'>Condiciones ambientales<\/div>\n<div style='padding: 15px; color: inherit;'>\n<ul style='padding-left: 20px; margin: 0; font-size: 14px; list-style-type: disc;'>\n<li style='margin-bottom: 5px;'>Temperatura de funcionamiento: -5 a 40 \u00b0C (23 a 104 \u00b0F)<\/li>\n<li style='margin-bottom: 5px;'>Humedad de funcionamiento: 10 &#8211; 90 % sin condensaci\u00f3n<\/li>\n<\/ul><\/div>\n<\/p><\/div>\n<p> <!-- Card 10 - Certificaciones --> <\/p>\n<div style='flex: 1 1 250px; border: 1px solid rgba(150&comma; 150&comma; 150&comma; 0.4); border-radius: 8px; overflow: hidden; display: flex; flex-direction: column;'>\n<div style='padding: 15px; border-bottom: 1px solid rgba(150&comma; 150&comma; 150&comma; 0.2); font-weight: bold; font-size: 18px; color: inherit;'>Certificaciones<\/div>\n<div style='padding: 15px; color: inherit;'>\n<ul style='padding-left: 20px; margin: 0; font-size: 14px; list-style-type: disc;'>\n<li style='margin-bottom: 5px;'>CE&comma; FCC&comma; CI<\/li>\n<\/ul><\/div>\n<\/p><\/div>\n<\/p><\/div>\n<\/p><\/div>\n<p> <!-- Nota --> <\/p>\n<div style='margin-bottom: 30px;'>\n<p style='font-size: 14px; color: inherit; margin: 0; padding: 15px; background-color: rgba(150&comma;150&comma;150&comma;0.1); border-left: 4px solid rgba(150&comma;150&comma;150&comma;0.4); border-radius: 4px;'> *Los cuatro puertos SFP28 no admiten velocidades mixtas en el modo de 25 Gbps. Una vez que uno de los puertos SFP28 est\u00e9 configurado en el modo de 25 Gbps&comma; los dem\u00e1s tambi\u00e9n estar\u00e1n limitados a 25 Gbps. Los puertos SFP28 solo admiten velocidades mixtas cuando todos los puertos est\u00e1n a 1 Gbps o 10 Gbps. <\/p>\n<\/p><\/div>\n<p> <!-- Separador --> <\/p>\n<hr style='border: 0; border-top: 1px solid rgba(150&comma; 150&comma; 150&comma; 0.3); margin: 30px 0;'> <\/div>\n","protected":false},"excerpt":{"rendered":"<p>UniFi Switch PRO Aggregation Capa 3 para fibra \u00f3ptica con 28 puertos SFP+ (10G) y 4 puertos SFP28 (25G), pantalla informativa<\/p>\n","protected":false},"featured_media":88205,"comment_status":"open","ping_status":"closed","template":"","meta":[],"product_brand":[],"product_cat":[1970],"product_tag":[664,1971,166],"class_list":{"0":"post-88206","1":"product","2":"type-product","3":"status-publish","4":"has-post-thumbnail","6":"product_cat-switches","7":"product_tag-networking","8":"product_tag-switches","9":"product_tag-ubiquiti","11":"first","12":"outofstock","13":"sale","14":"shipping-taxable","15":"purchasable","16":"product-type-simple"},"_links":{"self":[{"href":"https:\/\/soydeaqui.ddns.net\/pachuca\/index.php\/wp-json\/wp\/v2\/product\/88206","targetHints":{"allow":["GET"]}}],"collection":[{"href":"https:\/\/soydeaqui.ddns.net\/pachuca\/index.php\/wp-json\/wp\/v2\/product"}],"about":[{"href":"https:\/\/soydeaqui.ddns.net\/pachuca\/index.php\/wp-json\/wp\/v2\/types\/product"}],"replies":[{"embeddable":true,"href":"https:\/\/soydeaqui.ddns.net\/pachuca\/index.php\/wp-json\/wp\/v2\/comments?post=88206"}],"wp:featuredmedia":[{"embeddable":true,"href":"https:\/\/soydeaqui.ddns.net\/pachuca\/index.php\/wp-json\/wp\/v2\/media\/88205"}],"wp:attachment":[{"href":"https:\/\/soydeaqui.ddns.net\/pachuca\/index.php\/wp-json\/wp\/v2\/media?parent=88206"}],"wp:term":[{"taxonomy":"product_brand","embeddable":true,"href":"https:\/\/soydeaqui.ddns.net\/pachuca\/index.php\/wp-json\/wp\/v2\/product_brand?post=88206"},{"taxonomy":"product_cat","embeddable":true,"href":"https:\/\/soydeaqui.ddns.net\/pachuca\/index.php\/wp-json\/wp\/v2\/product_cat?post=88206"},{"taxonomy":"product_tag","embeddable":true,"href":"https:\/\/soydeaqui.ddns.net\/pachuca\/index.php\/wp-json\/wp\/v2\/product_tag?post=88206"}],"curies":[{"name":"wp","href":"https:\/\/api.w.org\/{rel}","templated":true}]}}