{"id":88175,"date":"2026-03-19T23:39:39","date_gmt":"2026-03-19T23:39:39","guid":{"rendered":"https:\/\/soydeaqui.ddns.net\/pachuca\/index.php\/producto\/ccr2004-1g-12s2xs-cloud-core-router-12-puertos-10g-sfp-2-25g-sfp28-fuente-redundante\/"},"modified":"2026-03-19T23:39:47","modified_gmt":"2026-03-19T23:39:47","slug":"ccr2004-1g-12s2xs-cloud-core-router-12-puertos-10g-sfp-2-25g-sfp28-fuente-redundante","status":"publish","type":"product","link":"https:\/\/soydeaqui.ddns.net\/pachuca\/index.php\/producto\/ccr2004-1g-12s2xs-cloud-core-router-12-puertos-10g-sfp-2-25g-sfp28-fuente-redundante\/","title":{"rendered":"(CCR2004-1G-12S+2XS) Cloud Core Router 12 puertos 10G SFP+, 2 25G SFP28, Fuente Redundante"},"content":{"rendered":"<div style='width: 100%; max-width: 1200px; margin: 0 auto; font-family: sans-serif; line-height: 1.6; color: inherit; background-color: transparent;'> <!-- Descripci\u00f3n principal --> <\/p>\n<div style='margin-bottom: 30px;'>\n<p style='font-size: 15px; margin: 0 0 15px; color: inherit; line-height: 1.6;'> La improvisaci\u00f3n. Adaptar. Superar. La mentalidad puede ser muy \u00fatil&comma; pero a veces simplemente necesita un dispositivo que funcione y resuelva el problema sin retoques adicionales. El CCR2004-1G-12S + 2XS hace exactamente eso: olv\u00eddate de todos los problemas de conectividad y ampl\u00eda tu configuraci\u00f3n de la forma que desees. Este pr\u00e1ctico enrutador presenta 12 x 10G SFP + y 2 x 25G SFP28 puertos. <\/p>\n<p style='font-size: 15px; margin: 0 0 15px; color: inherit; line-height: 1.6;'> CCR2004-1G-12S + 2XS es nuestro enrutador con el rendimiento de n\u00facleo \u00fanico m\u00e1s potente hasta ahora. Proporciona resultados incre\u00edbles en t\u00fanel \u00fanico (hasta 3&comma;4 Gbps) y procesamiento de alimentaci\u00f3n BGP. <\/p>\n<p style='font-size: 15px; margin: 0 0 15px; color: inherit; line-height: 1.6;'> \u00a1Prep\u00e1rate para cualquier cosa: 10G&comma; 40G y ahora 25G! Junto con productos multipuerto MikroTik como CRS317-1G-16S + RM&comma; CRS312-4C + 8XG-RM y CRS326-24S + 2Q + RM&comma; su configuraci\u00f3n de red no tendr\u00e1 l\u00edmites. En cuanto al rendimiento&comma; CCR2004-1G-12S + 2XS est\u00e1 a la par con los famosos enrutadores CCR1009 \/ CCR1016. \u00a1Y con la fuente de alimentaci\u00f3n redundante dual puede olvidarse del tiempo de inactividad inesperado! Con su configuraci\u00f3n de puerto elaborada&comma; el nuevo CCR2004-1G-12S + 2XS es el complemento perfecto para cualquier arsenal profesional de redes: \u00a1le ahorrar\u00e1 toneladas de tiempo en algunas situaciones dif\u00edciles! Tama\u00f1o de RAM en RouterOS v6 1792MB ECC \/ RouterOS v7 4GB ECC <\/p>\n<\/p><\/div>\n<p> <!-- Secci\u00f3n de especificaciones --> <\/p>\n<div style='display: flex; flex-wrap: wrap; gap: 20px; margin-bottom: 30px;'>\n<div style='flex: 1 1 300px; min-width: 280px;'>\n<h3 style='font-size: 20px; border-bottom: 2px solid currentColor; padding-bottom: 5px; margin-top: 0; color: inherit; opacity: 0.8;'>Especificaciones<\/h3>\n<ul style='padding-left: 20px; font-size: 14px; color: inherit; list-style: disc;'>\n<li style='margin-bottom: 5px;'><strong>C\u00f3digo de producto:<\/strong> CCR2004-1G-12S + 2XS<\/li>\n<li style='margin-bottom: 5px;'><strong>Arquitectura:<\/strong> ARM 64bit<\/li>\n<li style='margin-bottom: 5px;'><strong>CPU:<\/strong> AL32400<\/li>\n<li style='margin-bottom: 5px;'><strong>N\u00facleos de CPU:<\/strong> 4<\/li>\n<li style='margin-bottom: 5px;'><strong>Frecuencia nominal de la CPU:<\/strong> 1700 MHz<\/li>\n<li style='margin-bottom: 5px;'><strong>Dimensiones:<\/strong> 443 x 224 x 44 mm<\/li>\n<li style='margin-bottom: 5px;'><strong>Nivel de licencia:<\/strong> 6<\/li>\n<li style='margin-bottom: 5px;'><strong>Sistema operativo:<\/strong> <a href='https:\/\/wiki.mikrotik.com\/wiki\/Manual:TOC' target='_blank' rel='noopener' style='color: inherit; text-decoration: underline; font-weight: normal;'>RouterOS<\/a><\/li>\n<li style='margin-bottom: 5px;'><strong>Tama\u00f1o de RAM:<\/strong> 4 GB<\/li>\n<li style='margin-bottom: 5px;'><strong>Tama\u00f1o de almacenamiento:<\/strong> 128 MB<\/li>\n<li style='margin-bottom: 5px;'><strong>Tipo de almacenamiento:<\/strong> NAND<\/li>\n<li style='margin-bottom: 5px;'><strong>Temperatura ambiente probada:<\/strong> -20 \u00b0C a 60 \u00b0C<\/li>\n<\/ul><\/div>\n<div style='flex: 1 1 300px; min-width: 280px;'>\n<h3 style='font-size: 20px; border-bottom: 2px solid currentColor; padding-bottom: 5px; margin-top: 0; color: inherit; opacity: 0.8;'>Alimentaci\u00f3n<\/h3>\n<ul style='padding-left: 20px; font-size: 14px; color: inherit; list-style: disc;'>\n<li style='margin-bottom: 5px;'><strong>Cantidad de entradas de CA:<\/strong> 2<\/li>\n<li style='margin-bottom: 5px;'><strong>Rango de entrada de CA:<\/strong> 100-240<\/li>\n<li style='margin-bottom: 5px;'><strong>Consumo m\u00e1ximo de energ\u00eda:<\/strong> 49 W<\/li>\n<li style='margin-bottom: 5px;'><strong>M\u00e1ximo consumo de energ\u00eda sin accesorios:<\/strong> 32 W<\/li>\n<\/ul>\n<h3 style='font-size: 20px; border-bottom: 2px solid currentColor; padding-bottom: 5px; margin-top: 20px; color: inherit; opacity: 0.8;'>Ethernet<\/h3>\n<ul style='padding-left: 20px; font-size: 14px; color: inherit; list-style: disc;'>\n<li style='margin-bottom: 5px;'><strong>Puertos Ethernet 10\/100\/1000:<\/strong> 1<\/li>\n<\/ul>\n<h3 style='font-size: 20px; border-bottom: 2px solid currentColor; padding-bottom: 5px; margin-top: 20px; color: inherit; opacity: 0.8;'>Fibra<\/h3>\n<ul style='padding-left: 20px; font-size: 14px; color: inherit; list-style: disc;'>\n<li style='margin-bottom: 5px;'><strong>Puertos SFP+:<\/strong> 12<\/li>\n<li style='margin-bottom: 5px;'><strong>N\u00famero de puertos 25G SFP28:<\/strong> 2<\/li>\n<\/ul>\n<h3 style='font-size: 20px; border-bottom: 2px solid currentColor; padding-bottom: 5px; margin-top: 20px; color: inherit; opacity: 0.8;'>Perif\u00e9ricos<\/h3>\n<ul style='padding-left: 20px; font-size: 14px; color: inherit; list-style: disc;'>\n<li style='margin-bottom: 5px;'><strong>Puerto serial:<\/strong> RJ45<\/li>\n<\/ul>\n<h3 style='font-size: 20px; border-bottom: 2px solid currentColor; padding-bottom: 5px; margin-top: 20px; color: inherit; opacity: 0.8;'>Otro<\/h3>\n<ul style='padding-left: 20px; font-size: 14px; color: inherit; list-style: disc;'>\n<li style='margin-bottom: 5px;'><strong>Monitor de temperatura de la CPU:<\/strong> S\u00ed<\/li>\n<li style='margin-bottom: 5px;'><strong>Monitor de temperatura de PCB:<\/strong> S\u00ed<\/li>\n<li style='margin-bottom: 5px;'><strong>Monitor de voltaje:<\/strong> S\u00ed<\/li>\n<\/ul>\n<h3 style='font-size: 20px; border-bottom: 2px solid currentColor; padding-bottom: 5px; margin-top: 20px; color: inherit; opacity: 0.8;'>Certificaciones y aprobaciones<\/h3>\n<ul style='padding-left: 20px; font-size: 14px; color: inherit; list-style: disc;'>\n<li style='margin-bottom: 5px;'><strong>Certificaci\u00f3n:<\/strong> CE \/ RED&comma; EAC&comma; ROHS<\/li>\n<\/ul><\/div>\n<\/p><\/div>\n<p> <!-- Partes incluidas --> <\/p>\n<div style='margin-bottom: 30px;'>\n<h3 style='font-size: 20px; border-bottom: 2px solid currentColor; padding-bottom: 5px; margin-top: 0; color: inherit; opacity: 0.8;'>Partes incluidas<\/h3>\n<div style='display: flex; flex-wrap: wrap; gap: 20px; margin-top: 15px;'>\n<div style='flex: 1 1 130px; min-width: 130px;'> <a href='https:\/\/i.mt.lv\/cdn\/rb_images\/part741522226845m.jpg' style='text-decoration: none; color: inherit;'> <img style='width: 100%; height: auto; border: 1px solid rgba(150&comma;150&comma;150&comma;0.3); border-radius: 8px; margin-bottom: 10px;' src='https:\/\/i.mt.lv\/cdn\/rb_images\/part741522226845s.jpg' alt='2x cables IEC'> <span style='display: block; text-align: center; margin-top: 8px; font-size: 14px;'>2x cables IEC<\/span> <\/a> <\/div>\n<div style='flex: 1 1 130px; min-width: 130px;'> <a href='https:\/\/i.mt.lv\/cdn\/rb_images\/part191436523368m.jpg' style='text-decoration: none; color: inherit;'> <img style='width: 100%; height: auto; border: 1px solid rgba(150&comma;150&comma;150&comma;0.3); border-radius: 8px; margin-bottom: 10px;' src='https:\/\/i.mt.lv\/cdn\/rb_images\/part191436523368s.jpg' alt='Kit de tornillos y patas (K10)'> <span style='display: block; text-align: center; margin-top: 8px; font-size: 14px;'>Kit de tornillos y patas (K10)<\/span> <\/a> <\/div>\n<div style='flex: 1 1 130px; min-width: 130px;'> <a href='https:\/\/i.mt.lv\/cdn\/rb_images\/part1081588075052m.jpg' style='text-decoration: none; color: inherit;'> <img style='width: 100%; height: auto; border: 1px solid rgba(150&comma;150&comma;150&comma;0.3); border-radius: 8px; margin-bottom: 10px;' src='https:\/\/i.mt.lv\/cdn\/rb_images\/part1081588075052s.jpg' alt='Soporte de montaje en bastidor blanco'> <span style='display: block; text-align: center; margin-top: 8px; font-size: 14px;'>Soporte de montaje en bastidor blanco<\/span> <\/a> <\/div>\n<\/p><\/div>\n<\/p><\/div>\n<p> <!-- Separador --> <\/p>\n<hr style='border: 0; border-top: 1px solid rgba(150&comma; 150&comma; 150&comma; 0.3); margin: 30px 0;'> <\/div>\n","protected":false},"excerpt":{"rendered":"<p>(CCR2004-1G-12S+2XS) Cloud Core Router 12 puertos 10G SFP+, 2 25G SFP28, Fuente Redundante<\/p>\n","protected":false},"featured_media":88174,"comment_status":"open","ping_status":"closed","template":"","meta":[],"product_brand":[],"product_cat":[2036,2035,2034],"product_tag":[2039,2038,643,664,2037],"class_list":{"0":"post-88175","1":"product","2":"type-product","3":"status-publish","4":"has-post-thumbnail","6":"product_cat-balanceadores","7":"product_cat-firewalls","8":"product_cat-routers","9":"product_tag-balanceadores","10":"product_tag-firewalls","11":"product_tag-mikrotik","12":"product_tag-networking","13":"product_tag-routers","15":"first","16":"outofstock","17":"sale","18":"shipping-taxable","19":"purchasable","20":"product-type-simple"},"_links":{"self":[{"href":"https:\/\/soydeaqui.ddns.net\/pachuca\/index.php\/wp-json\/wp\/v2\/product\/88175","targetHints":{"allow":["GET"]}}],"collection":[{"href":"https:\/\/soydeaqui.ddns.net\/pachuca\/index.php\/wp-json\/wp\/v2\/product"}],"about":[{"href":"https:\/\/soydeaqui.ddns.net\/pachuca\/index.php\/wp-json\/wp\/v2\/types\/product"}],"replies":[{"embeddable":true,"href":"https:\/\/soydeaqui.ddns.net\/pachuca\/index.php\/wp-json\/wp\/v2\/comments?post=88175"}],"wp:featuredmedia":[{"embeddable":true,"href":"https:\/\/soydeaqui.ddns.net\/pachuca\/index.php\/wp-json\/wp\/v2\/media\/88174"}],"wp:attachment":[{"href":"https:\/\/soydeaqui.ddns.net\/pachuca\/index.php\/wp-json\/wp\/v2\/media?parent=88175"}],"wp:term":[{"taxonomy":"product_brand","embeddable":true,"href":"https:\/\/soydeaqui.ddns.net\/pachuca\/index.php\/wp-json\/wp\/v2\/product_brand?post=88175"},{"taxonomy":"product_cat","embeddable":true,"href":"https:\/\/soydeaqui.ddns.net\/pachuca\/index.php\/wp-json\/wp\/v2\/product_cat?post=88175"},{"taxonomy":"product_tag","embeddable":true,"href":"https:\/\/soydeaqui.ddns.net\/pachuca\/index.php\/wp-json\/wp\/v2\/product_tag?post=88175"}],"curies":[{"name":"wp","href":"https:\/\/api.w.org\/{rel}","templated":true}]}}