{"id":88163,"date":"2026-03-19T23:39:07","date_gmt":"2026-03-19T23:39:07","guid":{"rendered":"https:\/\/soydeaqui.ddns.net\/pachuca\/index.php\/producto\/disco-duro-western-digital-2-5-1tb-1-ano-de-garantia\/"},"modified":"2026-03-19T23:39:19","modified_gmt":"2026-03-19T23:39:19","slug":"disco-duro-western-digital-2-5-1tb-1-ano-de-garantia","status":"publish","type":"product","link":"https:\/\/soydeaqui.ddns.net\/pachuca\/index.php\/producto\/disco-duro-western-digital-2-5-1tb-1-ano-de-garantia\/","title":{"rendered":"Disco Duro Western Digital 2.5 1TB \/ 1 A\u00d1O DE GARANT\u00cdA"},"content":{"rendered":"<div style='width: 100%; max-width: 1200px; margin: 0 auto; font-family: sans-serif; line-height: 1.6; color: inherit; background-color: transparent;'> <!-- Secci\u00f3n de contenido con flex\/grid --> <\/p>\n<div style='display: flex; flex-wrap: wrap; gap: 30px; margin-bottom: 30px;'>\n<div style='flex: 1 1 300px; min-width: 280px;'>\n<h3 style='font-size: 22px; border-bottom: 2px solid currentColor; padding-bottom: 5px; margin-top: 0; color: inherit; opacity: 0.8;'>Un cl\u00e1sico moderno<\/h3>\n<p>Dise\u00f1ado y fabricado con la tecnolog\u00eda que se encuentra en los galardonados discos duros de escritorio y m\u00f3viles originales de WD.<\/p>\n<h3 style='font-size: 22px; border-bottom: 2px solid currentColor; padding-bottom: 5px; margin-top: 0; color: inherit; opacity: 0.8;'>Compatibilidad probada en nuestro laboratorio<\/h3>\n<p>Probamos cientos de sistemas&comma; configuraciones y plataformas para darles a nuestros clientes confianza en nuestros discos.<\/p>\n<h3 style='font-size: 22px; border-bottom: 2px solid currentColor; padding-bottom: 5px; margin-top: 0; color: inherit; opacity: 0.8;'>Dise\u00f1o De Vanguardia<\/h3>\n<p>Dise\u00f1ado con s\u00f3lidos materiales de aluminio y un motor firmemente sujeto al eje que aumenta la resistencia del disco hasta en un 30 %. Estas caracter\u00edsticas permiten una estructura m\u00e1s r\u00edgida que no afecta el rendimiento ni aumenta el consumo energ\u00e9tico.<\/p>\n<h3 style='font-size: 22px; border-bottom: 2px solid currentColor; padding-bottom: 5px; margin-top: 0; color: inherit; opacity: 0.8;'>Uso recomendado<\/h3>\n<p>Los discos de almacenamiento WD Blue est\u00e1n probados y recomendados para su uso en computadoras port\u00e1tiles&comma; carcasas externas y determinadas aplicaciones industriales.<\/p>\n<h3 style='font-size: 22px; border-bottom: 2px solid currentColor; padding-bottom: 5px; margin-top: 0; color: inherit; opacity: 0.8;'>La ventaja de WD<\/h3>\n<p>WD somete a sus productos a una vasta Prueba de Integridad Funcional (F.I.T.) antes de su lanzamiento. Esta prueba garantiza que nuestros productos satisfagan de manera uniforme los est\u00e1ndares de calidad y confiabilidad m\u00e1s altos de la marca WD. Adem\u00e1s&comma; WD posee una base de conocimientos detallada&comma; con m\u00e1s de 1000 art\u00edculos \u00fatiles&comma; as\u00ed como software y utilidades de ayuda. Nuestras l\u00edneas de soporte al cliente est\u00e1n disponibles durante un horario ampliado&comma; a fin de garantizar que el cliente obtenga ayuda cuando la necesite. Utilice nuestras l\u00edneas gratuitas de soporte al cliente si necesita ayuda&comma; o bien&comma; acceda a nuestro sitio de soporte de WD para obtener informaci\u00f3n detallada adicional.<\/p>\n<\/p><\/div>\n<\/p><\/div>\n<p> <!-- Secci\u00f3n de cards con especificaciones --> <\/p>\n<div style='display: flex; flex-wrap: wrap; gap: 20px; margin-bottom: 30px;'>\n<div style='flex: 1 1 250px; border: 1px solid rgba(150&comma; 150&comma; 150&comma; 0.4); border-radius: 8px; overflow: hidden; display: flex; flex-direction: column;'>\n<div style='padding: 15px; border-bottom: 1px solid rgba(150&comma; 150&comma; 150&comma; 0.2); font-weight: bold; font-size: 18px; color: inherit;'>Especificaciones T\u00e9cnicas<\/div>\n<div style='padding: 15px; color: inherit;'>\n<ul style='padding-left: 20px; margin: 0; font-size: 14px; list-style-type: disc;'>\n<li style='margin-bottom: 5px;'><strong>Capacidad:<\/strong> 1 TB.<\/li>\n<li style='margin-bottom: 5px;'><strong>Factor de forma:<\/strong> 2.5 pulgadas.<\/li>\n<li style='margin-bottom: 5px;'><strong>Velocidad de Transferencia de datos:<\/strong><\/li>\n<ul style='padding-left: 25px; margin: 5px 0; font-size: 14px; list-style-type: circle;'>\n<li style='margin-bottom: 5px;'>B\u00fafer a host: 6Gb\/s.<\/li>\n<\/ul>\n<li style='margin-bottom: 5px;'><strong>Cache:<\/strong> 128 MB.<\/li>\n<li style='margin-bottom: 5px;'><strong>Velocidad de rotaci\u00f3n:<\/strong> 5400RMP.<\/li>\n<li style='margin-bottom: 5px;'><strong>Interfaz:<\/strong> SATA III&comma; 6.0 Gb\/s.<\/li>\n<\/ul><\/div>\n<\/p><\/div>\n<div style='flex: 1 1 250px; border: 1px solid rgba(150&comma; 150&comma; 150&comma; 0.4); border-radius: 8px; overflow: hidden; display: flex; flex-direction: column;'>\n<div style='padding: 15px; border-bottom: 1px solid rgba(150&comma; 150&comma; 150&comma; 0.2); font-weight: bold; font-size: 18px; color: inherit;'>Caracter\u00edsticas F\u00edsicas y El\u00e9ctricas<\/div>\n<div style='padding: 15px; color: inherit;'>\n<ul style='padding-left: 20px; margin: 0; font-size: 14px; list-style-type: disc;'>\n<li style='margin-bottom: 5px;'><strong>Temperatura de Operaci\u00f3n:<\/strong><\/li>\n<ul style='padding-left: 25px; margin: 5px 0; font-size: 14px; list-style-type: circle;'>\n<li style='margin-bottom: 5px;'>En funcionamiento: 0 &#8211; 60 \u00baC<\/li>\n<li style='margin-bottom: 5px;'>Inactivo: -40 &#8211; 65 \u00baC<\/li>\n<\/ul>\n<li style='margin-bottom: 5px;'><strong>Consumo el\u00e9ctrico:<\/strong><\/li>\n<ul style='padding-left: 25px; margin: 5px 0; font-size: 14px; list-style-type: circle;'>\n<li style='margin-bottom: 5px;'>Lectura \/ escritura: 1.5W<\/li>\n<li style='margin-bottom: 5px;'>Inactivo: 0.5W<\/li>\n<li style='margin-bottom: 5px;'>Espera y suspensi\u00f3n: 0.1W<\/li>\n<\/ul>\n<li style='margin-bottom: 5px;'><strong>Dimensiones:<\/strong> 7 x 100.2 x 69.85mm<\/li>\n<li style='margin-bottom: 5px;'><strong>Peso:<\/strong> 90 g.<\/li>\n<\/ul><\/div>\n<\/p><\/div>\n<div style='flex: 1 1 250px; border: 1px solid rgba(150&comma; 150&comma; 150&comma; 0.4); border-radius: 8px; overflow: hidden; display: flex; flex-direction: column;'>\n<div style='padding: 15px; border-bottom: 1px solid rgba(150&comma; 150&comma; 150&comma; 0.2); font-weight: bold; font-size: 18px; color: inherit;'>Garant\u00eda<\/div>\n<div style='padding: 15px; color: inherit;'>\n<p style='margin: 0;'><strong>Garant\u00eda:<\/strong> 1 A\u00f1o. SYSCOM \u00fanico distribuidor autorizado para ofrecer garant\u00eda de discos duros <strong>SIN COMPLICACIONES<\/strong><\/p>\n<\/p><\/div>\n<\/p><\/div>\n<\/p><\/div>\n<p> <!-- Separador --> <\/p>\n<hr style='border: 0; border-top: 1px solid rgba(150&comma; 150&comma; 150&comma; 0.3); margin: 30px 0;'> <\/div>\n","protected":false},"excerpt":{"rendered":"<p>Disco Duro Western Digital 2.5 1TB \/ 1 A\u00d1O DE GARANT\u00cdA<\/p>\n","protected":false},"featured_media":88162,"comment_status":"open","ping_status":"closed","template":"","meta":[],"product_brand":[],"product_cat":[2021],"product_tag":[1974,2022,2023],"class_list":{"0":"post-88163","1":"product","2":"type-product","3":"status-publish","4":"has-post-thumbnail","6":"product_cat-discos-duros-mecanicos-hdd","7":"product_tag-almacenamiento","8":"product_tag-discos-duros-mecanicos-hdd","9":"product_tag-western-digital-wd","11":"first","12":"outofstock","13":"sale","14":"shipping-taxable","15":"purchasable","16":"product-type-simple"},"_links":{"self":[{"href":"https:\/\/soydeaqui.ddns.net\/pachuca\/index.php\/wp-json\/wp\/v2\/product\/88163","targetHints":{"allow":["GET"]}}],"collection":[{"href":"https:\/\/soydeaqui.ddns.net\/pachuca\/index.php\/wp-json\/wp\/v2\/product"}],"about":[{"href":"https:\/\/soydeaqui.ddns.net\/pachuca\/index.php\/wp-json\/wp\/v2\/types\/product"}],"replies":[{"embeddable":true,"href":"https:\/\/soydeaqui.ddns.net\/pachuca\/index.php\/wp-json\/wp\/v2\/comments?post=88163"}],"wp:featuredmedia":[{"embeddable":true,"href":"https:\/\/soydeaqui.ddns.net\/pachuca\/index.php\/wp-json\/wp\/v2\/media\/88162"}],"wp:attachment":[{"href":"https:\/\/soydeaqui.ddns.net\/pachuca\/index.php\/wp-json\/wp\/v2\/media?parent=88163"}],"wp:term":[{"taxonomy":"product_brand","embeddable":true,"href":"https:\/\/soydeaqui.ddns.net\/pachuca\/index.php\/wp-json\/wp\/v2\/product_brand?post=88163"},{"taxonomy":"product_cat","embeddable":true,"href":"https:\/\/soydeaqui.ddns.net\/pachuca\/index.php\/wp-json\/wp\/v2\/product_cat?post=88163"},{"taxonomy":"product_tag","embeddable":true,"href":"https:\/\/soydeaqui.ddns.net\/pachuca\/index.php\/wp-json\/wp\/v2\/product_tag?post=88163"}],"curies":[{"name":"wp","href":"https:\/\/api.w.org\/{rel}","templated":true}]}}