{"id":88148,"date":"2026-03-19T23:38:27","date_gmt":"2026-03-19T23:38:27","guid":{"rendered":"https:\/\/soydeaqui.ddns.net\/pachuca\/index.php\/producto\/onu-ont-gpon-router-wifi-ac-1200-1-puerto-pon-sc-apc-1-puerto-fxs-rj11-4-puertos-lan-10-100-1000-mbps-soporta-aginet-config-aginet-acs-herramienta-de-gestion-remota\/"},"modified":"2026-03-19T23:38:39","modified_gmt":"2026-03-19T23:38:39","slug":"onu-ont-gpon-router-wifi-ac-1200-1-puerto-pon-sc-apc-1-puerto-fxs-rj11-4-puertos-lan-10-100-1000-mbps-soporta-aginet-config-aginet-acs-herramienta-de-gestion-remota","status":"publish","type":"product","link":"https:\/\/soydeaqui.ddns.net\/pachuca\/index.php\/producto\/onu-ont-gpon-router-wifi-ac-1200-1-puerto-pon-sc-apc-1-puerto-fxs-rj11-4-puertos-lan-10-100-1000-mbps-soporta-aginet-config-aginet-acs-herramienta-de-gestion-remota\/","title":{"rendered":"ONU\/ONT &#8211; GPON Router WIFI AC 1200 \/ 1 Puerto PON SC\/APC \/ 1 Puerto FXS (rj11) \/ 4 Puertos LAN 10\/100\/1000 MBPS \/ Soporta AgiNet Config &#8211; AgiNet ACS (herramienta de gesti\u00f3n remota))"},"content":{"rendered":"<div style=\"width: 100%; max-width: 1200px; margin: 0 auto; font-family: sans-serif; line-height: 1.6; color: inherit; background-color: transparent;\"><!-- Hero Section --><\/p>\n<div style=\"display: flex; flex-wrap: wrap; gap: 30px; align-items: center; margin-bottom: 30px; border: 1px solid rgba(150&comma;150&comma;150&comma;0.3); border-radius: 12px; padding: 20px;\"><!-- Imagen --><\/p>\n<div style=\"flex: 1 1 320px; min-width: 280px;\"><img decoding=\"async\" style=\"width: 100%; height: auto; border: 1px solid rgba(150&comma; 150&comma; 150&comma; 0.3); border-radius: 8px;\" src=\"http:\/\/ftp3.syscom.mx\/usuarios\/ftp\/2025\/10\/10\/1908\/1.jpg_froala_68e947e4aae10\" alt=\"Switch Industrial eKit S210I-8T4SX\" class=\"fr-fic fr-dii\"><\/div>\n<p><!-- Descripci\u00f3n --><\/p>\n<div style=\"flex: 1 1 360px; min-width: 280px;\">\n<h2 style=\"font-size: 24px; margin-top: 0; margin-bottom: 10px; color: inherit; opacity: 0.9;\">Router VoIP GPON AC 1200<\/h2>\n<div style=\"margin-bottom: 15px; font-weight: 600; color: inherit; opacity: 0.7;\">Modelo: XC220-G3v<\/div>\n<p style=\"margin: 0; color: inherit; opacity: 0.85;\">Vive la nueva era de la conectividad con el XC220-G3V. Potencia tu hogar con la velocidad de la fibra &oacute;ptica&comma; la cobertura del Wi-Fi de doble banda y la comodidad de la telefon&iacute;a VoIP&comma; todo reunido en un solo dispositivo moderno y elegante.<\/p>\n<\/div>\n<\/div>\n<p><!-- Especificaciones Cards --><\/p>\n<div style=\"display: flex; flex-wrap: wrap; gap: 20px; margin-bottom: 30px;\"><!-- Caracter\u00edsticas principales --><\/p>\n<div style=\"flex: 1 1 250px; border: 1px solid rgba(150&comma; 150&comma; 150&comma; 0.4); border-radius: 8px; overflow: hidden; display: flex; flex-direction: column;\">\n<div style=\"padding: 15px; border-bottom: 1px solid rgba(150&comma; 150&comma; 150&comma; 0.2); font-weight: bold; font-size: 18px; color: inherit;\">Caracter&iacute;sticas principales<\/div>\n<div style=\"padding: 15px; color: inherit;\">\n<ul style=\"padding-left: 20px; margin: 0; font-size: 14px; list-style-type: disc;\">\n<li style=\"margin-bottom: 5px;\"><strong>(4) Puertos RJ45<\/strong> (10\/100\/1000 Mbps)<\/li>\n<li style=\"margin-bottom: 5px;\"><strong>(1) Puerto SC\/APC GPON<\/strong><\/li>\n<li style=\"margin-bottom: 5px;\"><strong>(1) Puerto RJ11 FXS<\/strong><\/li>\n<li style=\"margin-bottom: 5px;\"><strong>Gesti&oacute;n Web \/ App AgiNet<\/strong><\/li>\n<li style=\"margin-bottom: 5px;\"><a href=\"https:\/\/www.tp-link.com\/mx\/landing\/aginet-solution\/\" target=\"_blank\" rel=\"noopener noreferrer\" style=\"color: inherit; text-decoration: underline;\">Aprende m&aacute;s sobre AgiNet<\/a><\/li>\n<li style=\"margin-bottom: 5px;\"><strong>Certificaciones:<\/strong> CE&comma;FCC&comma;RoHS<\/li>\n<li style=\"margin-bottom: 5px;\"><strong>(2) Antenas externas<\/strong><\/li>\n<li style=\"margin-bottom: 5px;\"><strong>Bot&oacute;n:<\/strong> Reset\/WPS<\/li>\n<li style=\"margin-bottom: 5px;\"><strong>Tecnolog&iacute;a Mesh:<\/strong> WPA EasyMesh&comma; TP-Link OneMesh<\/li>\n<li style=\"margin-bottom: 5px;\"><a href=\"https:\/\/service-provider.tp-link.com\/gpon\/\" target=\"_blank\" rel=\"noopener noreferrer\" style=\"color: inherit; text-decoration: underline;\">Aprende M&aacute;s Sobre GPON<\/a><\/li>\n<\/ul>\n<\/div>\n<\/div>\n<p><!-- Caracter\u00edsticas f\u00edsicas y el\u00e9ctricas --><\/p>\n<div style=\"flex: 1 1 250px; border: 1px solid rgba(150&comma; 150&comma; 150&comma; 0.4); border-radius: 8px; overflow: hidden; display: flex; flex-direction: column;\">\n<div style=\"padding: 15px; border-bottom: 1px solid rgba(150&comma; 150&comma; 150&comma; 0.2); font-weight: bold; font-size: 18px; color: inherit;\">Caracter&iacute;sticas f&iacute;sicas y el&eacute;ctricas<\/div>\n<div style=\"padding: 15px; color: inherit;\">\n<ul style=\"padding-left: 20px; margin: 0; font-size: 14px; list-style-type: disc;\">\n<li style=\"margin-bottom: 5px;\"><strong>Dimensiones:<\/strong> 217.7 x 155.5 x 36.8 mm<\/li>\n<li style=\"margin-bottom: 5px;\"><strong>Alimentaci&oacute;n:<\/strong> 12 Vcd \/ 1A<\/li>\n<li style=\"margin-bottom: 5px;\"><strong>Consumo m&aacute;ximo:<\/strong> 12W<\/li>\n<li style=\"margin-bottom: 5px;\"><strong>Temperatura de operaci&oacute;n:<\/strong> 0&ordm; a 40&ordm;<\/li>\n<li style=\"margin-bottom: 5px;\"><strong>Humedad de operaci&oacute;n:<\/strong> 10 a 90% sin condensaci&oacute;n<\/li>\n<li style=\"margin-bottom: 5px;\"><strong>Frecuencia:<\/strong> 2.4 GHz \/ 5 GHz (no soporta DFS)<\/li>\n<li style=\"margin-bottom: 5px;\"><strong>Potencia de transmisi&oacute;n:<\/strong> 2.4 GHz: 26dBm(EIRP)&comma; 5 GHz: 28dBm(EIRP)<\/li>\n<li style=\"margin-bottom: 5px;\"><strong>Seguridad Inal&aacute;mbrica:<\/strong> WPA\/WPA2\/WPA3-PSK<\/li>\n<\/ul>\n<\/div>\n<\/div>\n<p><!-- Contenido del Paquete --><\/p>\n<div style=\"flex: 1 1 250px; border: 1px solid rgba(150&comma; 150&comma; 150&comma; 0.4); border-radius: 8px; overflow: hidden; display: flex; flex-direction: column;\">\n<div style=\"padding: 15px; border-bottom: 1px solid rgba(150&comma; 150&comma; 150&comma; 0.2); font-weight: bold; font-size: 18px; color: inherit;\">Contenido del Paquete<\/div>\n<div style=\"padding: 15px; color: inherit;\">\n<ul style=\"padding-left: 20px; margin: 0; font-size: 14px; list-style-type: disc;\">\n<li style=\"margin-bottom: 5px;\">Router GPON(ONU\/ONT): XC220-G3V<\/li>\n<li style=\"margin-bottom: 5px;\">Cable Ethernet RJ45<\/li>\n<li style=\"margin-bottom: 5px;\">Adaptador de corriente<\/li>\n<li style=\"margin-bottom: 5px;\">Gu&iacute;a de instalaci&oacute;n<\/li>\n<\/ul>\n<\/div>\n<\/div>\n<p><!-- Funciones Avanzadas --><\/p>\n<div style=\"flex: 1 1 250px; border: 1px solid rgba(150&comma; 150&comma; 150&comma; 0.4); border-radius: 8px; overflow: hidden; display: flex; flex-direction: column;\">\n<div style=\"padding: 15px; border-bottom: 1px solid rgba(150&comma; 150&comma; 150&comma; 0.2); font-weight: bold; font-size: 18px; color: inherit;\">Funciones Avanzadas<\/div>\n<div style=\"padding: 15px; color: inherit;\">\n<ul style=\"padding-left: 20px; margin: 0; font-size: 14px; list-style-type: disc;\">\n<li style=\"margin-bottom: 5px;\">Calidad de Servicio QoS<\/li>\n<li style=\"margin-bottom: 5px;\"><a href=\"https:\/\/aginet.tp-link.com\/mx\/landing\/\" target=\"_blank\" rel=\"noopener noreferrer\" style=\"color: inherit; text-decoration: underline;\">Registrate para descargar AgiNet<\/a><\/li>\n<li style=\"margin-bottom: 5px;\">DynDNS \/ no-IP<\/li>\n<li style=\"margin-bottom: 5px;\">VPN &#8211; PPTP \/ L2TP<\/li>\n<li style=\"margin-bottom: 5px;\">Apertura de puerto<\/li>\n<li style=\"margin-bottom: 5px;\">Portal Cautivo (Hotspot)<\/li>\n<li style=\"margin-bottom: 5px;\">IGMP<\/li>\n<li style=\"margin-bottom: 5px;\">Registro SIP<\/li>\n<\/ul>\n<\/div>\n<\/div>\n<\/div>\n<p><!-- Secciones de caracter\u00edsticas --><\/p>\n<div style=\"display: flex; flex-wrap: wrap; gap: 30px; margin-bottom: 30px;\">\n<div style=\"flex: 1 1 300px; min-width: 280px;\">\n<h3 style=\"font-size: 22px; border-bottom: 2px solid currentColor; padding-bottom: 5px; margin-top: 0; color: inherit; opacity: 0.8;\">Wi-Fi de banda dual ultrarr&aacute;pida<\/h3>\n<ul style=\"padding-left: 20px; font-size: 15px; color: inherit;\">\n<li style=\"margin-bottom: 5px;\">XC220-G3v viene con el est&aacute;ndar Wi-Fi 11ac&comma; que ofrece velocidades totales de transferencia de datos que alcanzan hasta 1167 Mbps&comma; con 867 Mbps en el canal m&aacute;s claro de 5 GHz y 300 Mbps en el canal de 2&comma;4 GHz.<\/li>\n<\/ul>\n<\/div>\n<\/div>\n<p><!-- Secciones de caracter\u00edsticas --><\/p>\n<div style=\"display: flex; flex-wrap: wrap; gap: 30px; margin-bottom: 30px;\">\n<div style=\"flex: 1 1 300px; min-width: 280px;\">\n<h3 style=\"font-size: 22px; border-bottom: 2px solid currentColor; padding-bottom: 5px; margin-top: 0; color: inherit; opacity: 0.8;\">Servicio GPON de alta velocidad<\/h3>\n<ul style=\"padding-left: 20px; font-size: 15px; color: inherit;\">\n<li style=\"margin-bottom: 5px;\">Compatible con los est&aacute;ndares GPON ITU-T G.984\/G.988&comma; el XC220-G3v admite velocidades de datos m&aacute;ximas de hasta 2&comma;488 Gbps de bajada y 1&comma;244 Gbps de subida. Junto con cuatro puertos LAN de 10\/100\/1000 Mbps&comma; los usuarios pueden disfrutar de servicios GPON de alta velocidad y aplicaciones multimedia que consumen mucho ancho de banda (como juegos interactivos&comma; streaming y audio en tiempo real) de forma mucho m&aacute;s r&aacute;pida y sencilla que nunca.<\/li>\n<\/ul>\n<\/div>\n<\/div>\n<p><!-- Hero Section - Red Fluida --><\/p>\n<div style=\"display: flex; flex-wrap: wrap; gap: 30px; align-items: center; margin-bottom: 30px; border: 1px solid rgba(150&comma;150&comma;150&comma;0.3); border-radius: 12px; padding: 20px;\"><!-- Imagen --><\/p>\n<div style=\"flex: 1 1 320px; min-width: 280px;\"><img decoding=\"async\" style=\"width: 100%; height: auto; border: 1px solid rgba(150&comma; 150&comma; 150&comma; 0.3); border-radius: 8px;\" src=\"http:\/\/ftp3.syscom.mx\/usuarios\/ftp\/2025\/10\/10\/1908\/3.jpg_froala_68e96f35370e0\" alt=\"Switch Industrial eKit S210I-8T4SX\" class=\"fr-fic fr-dii\"><\/div>\n<p><!-- Descripci\u00f3n --><\/p>\n<div style=\"flex: 1 1 360px; min-width: 280px;\">\n<h3 style=\"font-size: 22px; margin-top: 0; margin-bottom: 10px; color: inherit; opacity: 0.8;\">Red Fluida con puertos Gigabit<\/h3>\n<p style=\"margin: 0; color: inherit; opacity: 0.85;\">Con cuatro puertos LAN gigabit&comma; las velocidades pueden ser hasta 10 veces m&aacute;s r&aacute;pidas que las conexiones Ethernet est&aacute;ndar. El XC220-G3v puede proporcionar conexiones robustas y extremadamente r&aacute;pidas a todos sus dispositivos cableados favoritos&comma; incluidas consolas de juegos&comma; televisores inteligentes&comma; DVR y m&aacute;s.<\/p>\n<\/div>\n<\/div>\n<p><!-- Hero Section - F\u00e1cil Administraci\u00f3n Remota --><\/p>\n<div style=\"display: flex; flex-wrap: wrap; gap: 30px; align-items: center; margin-bottom: 30px; border: 1px solid rgba(150&comma;150&comma;150&comma;0.3); border-radius: 12px; padding: 20px;\"><!-- Descripci\u00f3n --><\/p>\n<div style=\"flex: 1 1 360px; min-width: 280px;\">\n<h3 style=\"font-size: 22px; margin-top: 0; margin-bottom: 10px; color: inherit; opacity: 0.8;\">F&aacute;cil Administraci&oacute;n Remota<\/h3>\n<p style=\"margin: 0; color: inherit; opacity: 0.85;\">Admite OMCI y TR-069&comma; lo que facilita para activar&comma; configurar y gestionar de forma remota. Adminsitraci&oacute;n con AgiNet Config y AgiNet ACS<\/p>\n<\/div>\n<p><!-- Imagen --><\/p>\n<div style=\"flex: 1 1 320px; min-width: 280px;\"><img decoding=\"async\" style=\"width: 100%; height: auto; border: 1px solid rgba(150&comma; 150&comma; 150&comma; 0.3); border-radius: 8px;\" src=\"http:\/\/ftp3.syscom.mx\/usuarios\/ftp\/2025\/10\/10\/1908\/4.jpg_froala_68e96ffdd8ecb\" alt=\"Switch Industrial eKit S210I-8T4SX\" class=\"fr-fic fr-dii\"><\/div>\n<\/div>\n<p><!-- Separador final --><\/p>\n<hr style=\"border: 0; border-top: 1px solid rgba(150&comma; 150&comma; 150&comma; 0.3); margin: 30px 0;\"><\/div>\n","protected":false},"excerpt":{"rendered":"<p>ONU\/ONT &#8211; GPON Router WIFI AC 1200 \/ 1 Puerto PON SC\/APC \/ 1 Puerto FXS (rj11) \/ 4 Puertos LAN 10\/100\/1000 MBPS \/ Soporta AgiNet Config &#8211; AgiNet ACS (herramienta de gesti\u00f3n remota))<\/p>\n","protected":false},"featured_media":88147,"comment_status":"open","ping_status":"closed","template":"","meta":[],"product_brand":[],"product_cat":[2010],"product_tag":[2012,2011,71],"class_list":{"0":"post-88148","1":"product","2":"type-product","3":"status-publish","4":"has-post-thumbnail","6":"product_cat-onus-onts","7":"product_tag-onus-onts","8":"product_tag-redes-ftth-pon","9":"product_tag-tp-link","11":"first","12":"instock","13":"sale","14":"shipping-taxable","15":"purchasable","16":"product-type-simple"},"_links":{"self":[{"href":"https:\/\/soydeaqui.ddns.net\/pachuca\/index.php\/wp-json\/wp\/v2\/product\/88148","targetHints":{"allow":["GET"]}}],"collection":[{"href":"https:\/\/soydeaqui.ddns.net\/pachuca\/index.php\/wp-json\/wp\/v2\/product"}],"about":[{"href":"https:\/\/soydeaqui.ddns.net\/pachuca\/index.php\/wp-json\/wp\/v2\/types\/product"}],"replies":[{"embeddable":true,"href":"https:\/\/soydeaqui.ddns.net\/pachuca\/index.php\/wp-json\/wp\/v2\/comments?post=88148"}],"wp:featuredmedia":[{"embeddable":true,"href":"https:\/\/soydeaqui.ddns.net\/pachuca\/index.php\/wp-json\/wp\/v2\/media\/88147"}],"wp:attachment":[{"href":"https:\/\/soydeaqui.ddns.net\/pachuca\/index.php\/wp-json\/wp\/v2\/media?parent=88148"}],"wp:term":[{"taxonomy":"product_brand","embeddable":true,"href":"https:\/\/soydeaqui.ddns.net\/pachuca\/index.php\/wp-json\/wp\/v2\/product_brand?post=88148"},{"taxonomy":"product_cat","embeddable":true,"href":"https:\/\/soydeaqui.ddns.net\/pachuca\/index.php\/wp-json\/wp\/v2\/product_cat?post=88148"},{"taxonomy":"product_tag","embeddable":true,"href":"https:\/\/soydeaqui.ddns.net\/pachuca\/index.php\/wp-json\/wp\/v2\/product_tag?post=88148"}],"curies":[{"name":"wp","href":"https:\/\/api.w.org\/{rel}","templated":true}]}}