{"id":88130,"date":"2026-03-19T23:37:39","date_gmt":"2026-03-19T23:37:39","guid":{"rendered":"https:\/\/soydeaqui.ddns.net\/pachuca\/index.php\/producto\/poliza-de-1-ao-de-soporte-gold-para-certificador-cfp2-100-qint\/"},"modified":"2026-03-19T23:37:41","modified_gmt":"2026-03-19T23:37:41","slug":"poliza-de-1-ao-de-soporte-gold-para-certificador-cfp2-100-qint","status":"publish","type":"product","link":"https:\/\/soydeaqui.ddns.net\/pachuca\/index.php\/producto\/poliza-de-1-ao-de-soporte-gold-para-certificador-cfp2-100-qint\/","title":{"rendered":"Poliza de 1 A?o de Soporte Gold Para Certificador CFP2-100-QINT"},"content":{"rendered":"<div style='width: 100%; max-width: 1200px; margin: 0 auto; font-family: sans-serif; line-height: 1.6; color: inherit; background-color: transparent;'> <!-- Imagen de marca --> <\/p>\n<div style='display: flex; justify-content: center; margin-bottom: 30px;'> <img style='width: 100%; max-width: 300px; height: auto; border: 1px solid rgba(150&comma;150&comma;150&comma;0.3); border-radius: 8px;' src='https:\/\/ci4.googleusercontent.com\/proxy\/K2rP2aczAUNFLp0pWVGm0xMT4KMiJM3s9hjYHnKagG4zywaFYTc6zJoSmLtOdUpHhMJ02fu4XTgzCRyVKI2Klu1vOefhinCwXHBmsHhu4uaAPgjpvEFi-Mo=s0-d-e1-ft#https:\/\/www.flukenetworks.com\/sites\/default\/files\/default\/b_600x80.png' alt='Fluke Networks'> <\/div>\n<p> <!-- Descripci\u00f3n principal --> <\/p>\n<div style='margin-bottom: 30px;'>\n<p style='font-size: 15px; color: inherit; margin-bottom: 20px;'> El programa Gold es un programa completo de asistencia y mantenimiento para productos y accesorios de Fluke Networks. Proporciona un nivel superior de asistencia para reducir al m\u00ednimo tiempo muerto del negocio y para asegurar un alto rendimiento de su inversi\u00f3n. Los socios del programa de asistencia Gold disfrutan de los siguientes privilegios: <\/p>\n<\/p><\/div>\n<p> <!-- Lista de caracter\u00edsticas --> <\/p>\n<div style='display: flex; flex-wrap: wrap; gap: 20px;'>\n<div style='flex: 1 1 250px; border: 1px solid rgba(150&comma; 150&comma; 150&comma; 0.4); border-radius: 8px; overflow: hidden; display: flex; flex-direction: column;'>\n<div style='padding: 15px; border-bottom: 1px solid rgba(150&comma; 150&comma; 150&comma; 0.2); font-weight: bold; font-size: 18px; color: inherit;'>Privilegios del Programa<\/div>\n<div style='padding: 15px; color: inherit;'>\n<ul style='padding-left: 20px; margin: 0; font-size: 14px; list-style-type: disc;'>\n<li style='margin-bottom: 5px; color: inherit;'>Calibraci\u00f3n anual<\/li>\n<li style='margin-bottom: 5px; color: inherit;'>Reemplazo de accesorios da\u00f1ados: (para cobre: adaptadores de canal&comma; de enlace permanente&comma; bater\u00edas&comma; cargadores; y para fibra: bater\u00edas&comma; cargadores y jumpers de fibra)<\/li>\n<li style='margin-bottom: 5px; color: inherit;'>Reparaci\u00f3n anual del equipo y\/o accesorios en caso de da\u00f1os accidentales <strong style='color: inherit;'>(en el periodo de vigencia de la p\u00f3liza)<\/strong><\/li>\n<li style='margin-bottom: 5px; color: inherit;'>Inspecci\u00f3n anual de herramientas&comma; limpieza y actualizaci\u00f3n<\/li>\n<\/ul><\/div>\n<\/p><\/div>\n<\/p><\/div>\n<p> <!-- Separador --> <\/p>\n<hr style='border: 0; border-top: 1px solid rgba(150&comma; 150&comma; 150&comma; 0.3); margin: 30px 0;'> <\/div>\n","protected":false},"excerpt":{"rendered":"<p>Poliza de 1 A?o de Soporte Gold Para Certificador CFP2-100-QINT<\/p>\n","protected":false},"featured_media":88129,"comment_status":"open","ping_status":"closed","template":"","meta":[],"product_brand":[],"product_cat":[608],"product_tag":[586,730,25],"class_list":{"0":"post-88130","1":"product","2":"type-product","3":"status-publish","4":"has-post-thumbnail","6":"product_cat-herramientas-cableado-de-cobre","7":"product_tag-cableado-de-cobre","8":"product_tag-fluke-networks","9":"product_tag-herramientas","11":"first","12":"outofstock","13":"sale","14":"shipping-taxable","15":"purchasable","16":"product-type-simple"},"_links":{"self":[{"href":"https:\/\/soydeaqui.ddns.net\/pachuca\/index.php\/wp-json\/wp\/v2\/product\/88130","targetHints":{"allow":["GET"]}}],"collection":[{"href":"https:\/\/soydeaqui.ddns.net\/pachuca\/index.php\/wp-json\/wp\/v2\/product"}],"about":[{"href":"https:\/\/soydeaqui.ddns.net\/pachuca\/index.php\/wp-json\/wp\/v2\/types\/product"}],"replies":[{"embeddable":true,"href":"https:\/\/soydeaqui.ddns.net\/pachuca\/index.php\/wp-json\/wp\/v2\/comments?post=88130"}],"wp:featuredmedia":[{"embeddable":true,"href":"https:\/\/soydeaqui.ddns.net\/pachuca\/index.php\/wp-json\/wp\/v2\/media\/88129"}],"wp:attachment":[{"href":"https:\/\/soydeaqui.ddns.net\/pachuca\/index.php\/wp-json\/wp\/v2\/media?parent=88130"}],"wp:term":[{"taxonomy":"product_brand","embeddable":true,"href":"https:\/\/soydeaqui.ddns.net\/pachuca\/index.php\/wp-json\/wp\/v2\/product_brand?post=88130"},{"taxonomy":"product_cat","embeddable":true,"href":"https:\/\/soydeaqui.ddns.net\/pachuca\/index.php\/wp-json\/wp\/v2\/product_cat?post=88130"},{"taxonomy":"product_tag","embeddable":true,"href":"https:\/\/soydeaqui.ddns.net\/pachuca\/index.php\/wp-json\/wp\/v2\/product_tag?post=88130"}],"curies":[{"name":"wp","href":"https:\/\/api.w.org\/{rel}","templated":true}]}}