{"id":88051,"date":"2026-03-19T23:34:09","date_gmt":"2026-03-19T23:34:09","guid":{"rendered":"https:\/\/soydeaqui.ddns.net\/pachuca\/index.php\/producto\/at-vista-manager-network-appliance-con-6x-10-100-1000t-rj45-4-x-100-1000-10g-rj45\/"},"modified":"2026-03-19T23:34:11","modified_gmt":"2026-03-19T23:34:11","slug":"at-vista-manager-network-appliance-con-6x-10-100-1000t-rj45-4-x-100-1000-10g-rj45","status":"publish","type":"product","link":"https:\/\/soydeaqui.ddns.net\/pachuca\/index.php\/producto\/at-vista-manager-network-appliance-con-6x-10-100-1000t-rj45-4-x-100-1000-10g-rj45\/","title":{"rendered":"AT-Vista Manager Network Appliance con 6X 10\/100\/1000T RJ45, 4 x 100\/1000\/10G RJ45"},"content":{"rendered":"<div style='width: 100%; max-width: 1200px; margin: 0 auto; font-family: sans-serif; line-height: 1.6; color: inherit; background-color: transparent;'> <!-- T\u00edtulo principal --> <\/p>\n<div style='margin-bottom: 20px;'>\n<h1 style='margin-top: 0; margin-bottom: 0.4em; font-weight: 400; font-size: 2.5rem; color: inherit; line-height: 1.2em;'> <span style='display: inline-block; vertical-align: top;'>Firewall UTM 10GbE<\/span> <\/h1>\n<div style='font-size: 16px; color: inherit; opacity: 0.8; margin-bottom: 15px;'> Aplicaci\u00f3n de firewall para Vista Manager Network Appliance <\/div>\n<\/p><\/div>\n<p> <!-- Descripci\u00f3n general --> <\/p>\n<div style='margin-bottom: 30px;'>\n<div style='margin-bottom: 20px; font-size: 15px; color: inherit;'> La aplicaci\u00f3n de firewall Allied Telesis 10 Gigabit Unified Threat Management (UTM) proporciona una plataforma de seguridad integrada ideal para las empresas modernas. Un potente cortafuegos 10G y protecci\u00f3n contra amenazas se combina con una completa capacidad de VPN. Conecte de forma f\u00e1cil y segura la oficina central a las sucursales para obtener una soluci\u00f3n empresarial innovadora de alto rendimiento. <\/div>\n<\/p><\/div>\n<p> <!-- Secci\u00f3n de caracter\u00edsticas --> <\/p>\n<div style='display: flex; flex-wrap: wrap; gap: 30px; margin-bottom: 30px;'>\n<div style='flex: 1 1 300px; min-width: 280px;'>\n<h3 style='font-size: 22px; border-bottom: 2px solid currentColor; padding-bottom: 5px; margin-top: 0; color: inherit; opacity: 0.8;'>Descripci\u00f3n general<\/h3>\n<ul style='padding-left: 20px; font-size: 15px; color: inherit;'>\n<li style='margin-bottom: 5px;'><span style='vertical-align: top;'>\u2713<\/span> Cortafuegos UTM ideal para la implementaci\u00f3n empresarial empresarial de alto rendimiento<\/li>\n<li style='margin-bottom: 5px;'><span style='vertical-align: top;'>\u2713<\/span> Conecte y proteja el tr\u00e1fico entre sucursales para permitir una operaci\u00f3n comercial en l\u00ednea sin problemas<\/li>\n<li style='margin-bottom: 5px;'><span style='vertical-align: top;'>\u2713<\/span> El control total de las aplicaciones permite a las organizaciones administrar qu\u00e9 aplicaciones en l\u00ednea usan sus empleados y c\u00f3mo las usan.<\/li>\n<li style='margin-bottom: 5px;'><span style='vertical-align: top;'>\u2713<\/span> El control web proporciona un medio simple para aumentar la productividad del usuario&comma; garantizar el cumplimiento y ahorrar ancho de banda&comma; todo mientras evita que las amenazas basadas en la web infecten las redes comerciales.<\/li>\n<li style='margin-bottom: 5px;'><span style='vertical-align: top;'>\u2713<\/span> La funcionalidad integral de VPN brinda acceso remoto seguro&comma; para que los empleados puedan utilizar los recursos comerciales digitales cuando se encuentran fuera de las instalaciones de la empresa.<\/li>\n<li style='margin-bottom: 5px;'><span style='vertical-align: top;'>\u2713<\/span> Implemente como parte de una soluci\u00f3n SD-WAN que maximiza el rendimiento y optimiza todas las aplicaciones entre sucursales&comma; as\u00ed como herramientas y recursos basados en la nube.<\/li>\n<li style='margin-bottom: 5px;'><span style='vertical-align: top;'>\u2713<\/span> El cortafuegos UTM se ejecuta como una aplicaci\u00f3n con licencia en un Vista Manager Network Appliance<\/li>\n<\/ul><\/div>\n<div style='flex: 1 1 300px; min-width: 280px;'>\n<h3 style='font-size: 22px; border-bottom: 2px solid currentColor; padding-bottom: 5px; margin-top: 0; color: inherit; opacity: 0.8;'>Caracter\u00edsticas clave<\/h3>\n<ul style='padding-left: 20px; font-size: 15px; color: inherit;'>\n<li style='margin-bottom: 5px;'><span style='vertical-align: top;'>\u2713<\/span> Sistema operativo rico en funciones AlliedWare Plus\u2122<\/li>\n<li style='margin-bottom: 5px;'><span style='vertical-align: top;'>\u2713<\/span> Interfaz gr\u00e1fica de usuario intuitiva del dispositivo para el control y la gesti\u00f3n de la seguridad<\/li>\n<li style='margin-bottom: 5px;'><span style='vertical-align: top;'>\u2713<\/span> Cortafuegos con detecci\u00f3n de aplicaciones con inspecci\u00f3n profunda de paquetes<\/li>\n<li style='margin-bottom: 5px;'><span style='vertical-align: top;'>\u2713<\/span> Operaci\u00f3n comercial segura con el Sistema de prevenci\u00f3n de intrusiones (IPS)<\/li>\n<li style='margin-bottom: 5px;'><span style='vertical-align: top;'>\u2713<\/span> Las licencias de Advanced Firewall y Advanced Threat Protection habilitan funciones l\u00edderes de control de tr\u00e1fico y protecci\u00f3n contra amenazas<\/li>\n<\/ul><\/div>\n<\/p><\/div>\n<p> <!-- Especificaciones t\u00e9cnicas --> <\/p>\n<div style='display: flex; flex-wrap: wrap; gap: 20px; margin-bottom: 30px;'>\n<div style='flex: 1 1 250px; border: 1px solid rgba(150&comma; 150&comma; 150&comma; 0.4); border-radius: 8px; overflow: hidden; display: flex; flex-direction: column;'>\n<div style='padding: 15px; border-bottom: 1px solid rgba(150&comma; 150&comma; 150&comma; 0.2); font-weight: bold; font-size: 18px; color: inherit;'>Rendimiento<\/div>\n<div style='padding: 15px; color: inherit;'>\n<ul style='padding-left: 20px; margin: 0; font-size: 14px; list-style-type: disc;'>\n<li style='margin-bottom: 5px;'><strong>Cortafuegos (sin procesar):<\/strong> 20 Gb\/s<\/li>\n<li style='margin-bottom: 5px;'><strong>Cortafuegos (Control de aplicaciones):<\/strong> 18 Gb\/s<\/li>\n<li style='margin-bottom: 5px;'><strong>Sesiones concurrentes:<\/strong> 1&comma;000&comma;000<\/li>\n<li style='margin-bottom: 5px;'><strong>IPS:<\/strong> 16 Gb\/s<\/li>\n<li style='margin-bottom: 5px;'><strong>Reputaci\u00f3n de IP:<\/strong> 18 Gb\/s<\/li>\n<li style='margin-bottom: 5px;'><strong>Protecci\u00f3n contra malware:<\/strong> 13 Gb\/s<\/li>\n<li style='margin-bottom: 5px;'><strong>VPN:<\/strong> 5 Gbps<\/li>\n<\/ul><\/div>\n<\/p><\/div>\n<div style='flex: 1 1 250px; border: 1px solid rgba(150&comma; 150&comma; 150&comma; 0.4); border-radius: 8px; overflow: hidden; display: flex; flex-direction: column;'>\n<div style='padding: 15px; border-bottom: 1px solid rgba(150&comma; 150&comma; 150&comma; 0.2); font-weight: bold; font-size: 18px; color: inherit;'>Net.Covers<\/div>\n<div style='padding: 15px; color: inherit;'>\n<ul style='padding-left: 20px; margin: 0; font-size: 14px; list-style-type: disc;'>\n<li style='margin-bottom: 8px;'><strong>Nivel Advanced:<\/strong><\/li>\n<li style='margin-bottom: 5px;'><a href='https:\/\/www.syscom.mx\/principal\/searchcont?route=AT-VST-APL-10-NCA1-ALLIED-TELESIS-200155&#038;autodetect=AT-VST-APL-10' style='color: inherit; text-decoration: none; font-weight: 600;'>AT-VST-APL-10-NCA1<\/a><\/li>\n<li style='margin-bottom: 5px;'><a href='https:\/\/www.syscom.mx\/principal\/searchcont?route=AT-VST-APL-10-NCA3-ALLIED-TELESIS-200348&#038;autodetect=AT-VST-APL-10' style='color: inherit; text-decoration: none; font-weight: 600;'>AT-VST-APL-10-NCA3<\/a><\/li>\n<li style='margin-bottom: 5px;'><a href='https:\/\/www.syscom.mx\/principal\/searchcont?route=AT-VST-APL-10-NCA5-ALLIED-TELESIS-205583&#038;autodetect=AT-VST-APL-10' style='color: inherit; text-decoration: none; font-weight: 600;'>AT-VST-APL-10-NCA5<\/a><\/li>\n<\/ul><\/div>\n<\/p><\/div>\n<div style='flex: 1 1 250px; border: 1px solid rgba(150&comma; 150&comma; 150&comma; 0.4); border-radius: 8px; overflow: hidden; display: flex; flex-direction: column;'>\n<div style='padding: 15px; border-bottom: 1px solid rgba(150&comma; 150&comma; 150&comma; 0.2); font-weight: bold; font-size: 18px; color: inherit;'>Licencias<\/div>\n<div style='padding: 15px; color: inherit;'>\n<ul style='padding-left: 20px; margin: 0; font-size: 14px; list-style-type: disc;'>\n<li style='margin-bottom: 10px;'><strong>AMF &#8216;Autonomous Management Framework&#8217;<\/strong>\n<ul style='margin: 8px 0 8px 20px; padding: 0; list-style-type: square;'>\n<li style='margin-bottom: 5px;'><a href='https:\/\/www.syscom.mx\/principal\/searchcont?route=AT-AMFCLOUD-PLUS-BASE-1YR-ALLIED-TELESIS-225786&#038;autodetect=AT-AMFCLOUD-PLUS-BASE' style='color: inherit; text-decoration: none; font-weight: 600;'>AT-AMFCLOUD-PLUS-BASE-1YR<\/a><\/li>\n<li style='margin-bottom: 5px;'><a href='https:\/\/www.syscom.mx\/principal\/searchcont?route=AT-AMFCLOUD-PLUS-BASE-5YR-ALLIED-TELESIS-217171&#038;autodetect=AT-AMFCLOUD-PLUS-BASE' style='color: inherit; text-decoration: none; font-weight: 600;'>AT-AMFCLOUD-PLUS-BASE-5YR<\/a><\/li>\n<li style='margin-bottom: 5px;'><a href='https:\/\/www.syscom.mx\/principal\/searchcont?route=AT-AMFCLOUD-PLUS-EX10-1YR-ALLIED-TELESIS-225810&#038;autodetect=AT-AMFCLOUD-PLUS-EX10-' style='color: inherit; text-decoration: none; font-weight: 600;'>AT-AMFCLOUD-PLUS-EX10-1YR<\/a><\/li>\n<\/ul>\n<\/li>\n<li style='margin-bottom: 10px;'><strong>Add Wireless Controller<\/strong>\n<ul style='margin: 8px 0 8px 20px; padding: 0; list-style-type: square;'>\n<li style='margin-bottom: 5px;'><a href='https:\/\/www.syscom.mx\/principal\/searchcont?route=AT-FL-VISTA-AWC10-1YR-ALLIED-TELESIS-158573&#038;autodetect=AT-FL-VISTA-AWC10' style='color: inherit; text-decoration: none; font-weight: 600;'>AT-FL-VISTA-AWC10-1YR<\/a><\/li>\n<li style='margin-bottom: 5px;'><a href='https:\/\/www.syscom.mx\/principal\/searchcont?route=AT-FL-VISTA-AWC10-5YR-ALLIED-TELESIS-160381&#038;autodetect=AT-FL-VISTA-AWC10' style='color: inherit; text-decoration: none; font-weight: 600;'>AT-FL-VISTA-AWC10-5YR<\/a><\/li>\n<\/ul>\n<\/li>\n<li style='margin-bottom: 10px;'><strong>Add AWC-Channel Blanket<\/strong>\n<ul style='margin: 8px 0 8px 20px; padding: 0; list-style-type: square;'>\n<li style='margin-bottom: 5px;'><a href='https:\/\/www.syscom.mx\/principal\/searchcont?route=AT-FL-VISTA-CB10-1YR-2022-ALLIED-TELESIS-213351&#038;autodetect=AT-FL-VISTA-CB10-1YR-2022' style='color: inherit; text-decoration: none; font-weight: 600;'>AT-FL-VISTA-CB10-1YR-2022<\/a><\/li>\n<li style='margin-bottom: 5px;'><a href='https:\/\/www.syscom.mx\/principal\/searchcont?route=AT-FL-VISTA-CB10-5YR-2022-ALLIED-TELESIS-217183&#038;autodetect=ATFLVISTACB105YR2022' style='color: inherit; text-decoration: none; font-weight: 600;'>AT-FL-VISTA-CB10-5YR-2022<\/a><\/li>\n<\/ul>\n<\/li>\n<\/ul><\/div>\n<\/p><\/div>\n<\/p><\/div>\n<p> <!-- Separador final --> <\/p>\n<hr style='border: 0; border-top: 1px solid rgba(150&comma; 150&comma; 150&comma; 0.3); margin: 30px 0;'> <\/div>\n","protected":false},"excerpt":{"rendered":"<p>AT-Vista Manager Network Appliance con 6X 10\/100\/1000T RJ45, 4 x 100\/1000\/10G RJ45<\/p>\n","protected":false},"featured_media":88050,"comment_status":"open","ping_status":"closed","template":"","meta":[],"product_brand":[],"product_cat":[2036,2035,2034],"product_tag":[1995,2039,2038,664,2037],"class_list":{"0":"post-88051","1":"product","2":"type-product","3":"status-publish","4":"has-post-thumbnail","6":"product_cat-balanceadores","7":"product_cat-firewalls","8":"product_cat-routers","9":"product_tag-allied-telesis","10":"product_tag-balanceadores","11":"product_tag-firewalls","12":"product_tag-networking","13":"product_tag-routers","15":"first","16":"outofstock","17":"sale","18":"shipping-taxable","19":"purchasable","20":"product-type-simple"},"_links":{"self":[{"href":"https:\/\/soydeaqui.ddns.net\/pachuca\/index.php\/wp-json\/wp\/v2\/product\/88051","targetHints":{"allow":["GET"]}}],"collection":[{"href":"https:\/\/soydeaqui.ddns.net\/pachuca\/index.php\/wp-json\/wp\/v2\/product"}],"about":[{"href":"https:\/\/soydeaqui.ddns.net\/pachuca\/index.php\/wp-json\/wp\/v2\/types\/product"}],"replies":[{"embeddable":true,"href":"https:\/\/soydeaqui.ddns.net\/pachuca\/index.php\/wp-json\/wp\/v2\/comments?post=88051"}],"wp:featuredmedia":[{"embeddable":true,"href":"https:\/\/soydeaqui.ddns.net\/pachuca\/index.php\/wp-json\/wp\/v2\/media\/88050"}],"wp:attachment":[{"href":"https:\/\/soydeaqui.ddns.net\/pachuca\/index.php\/wp-json\/wp\/v2\/media?parent=88051"}],"wp:term":[{"taxonomy":"product_brand","embeddable":true,"href":"https:\/\/soydeaqui.ddns.net\/pachuca\/index.php\/wp-json\/wp\/v2\/product_brand?post=88051"},{"taxonomy":"product_cat","embeddable":true,"href":"https:\/\/soydeaqui.ddns.net\/pachuca\/index.php\/wp-json\/wp\/v2\/product_cat?post=88051"},{"taxonomy":"product_tag","embeddable":true,"href":"https:\/\/soydeaqui.ddns.net\/pachuca\/index.php\/wp-json\/wp\/v2\/product_tag?post=88051"}],"curies":[{"name":"wp","href":"https:\/\/api.w.org\/{rel}","templated":true}]}}