{"id":88028,"date":"2026-03-19T23:33:10","date_gmt":"2026-03-19T23:33:10","guid":{"rendered":"https:\/\/soydeaqui.ddns.net\/pachuca\/index.php\/producto\/amplificador-office-100-para-4g-3g-2g-y-llamada-volte-y-convencional-especial-para-personalizarlo-con-antenas-cables-y-accesorios-de-acuerdo-al-requerimiento-de-la-instalacion-puede-cubrir-areas\/"},"modified":"2026-03-19T23:33:12","modified_gmt":"2026-03-19T23:33:12","slug":"amplificador-office-100-para-4g-3g-2g-y-llamada-volte-y-convencional-especial-para-personalizarlo-con-antenas-cables-y-accesorios-de-acuerdo-al-requerimiento-de-la-instalacion-puede-cubrir-areas","status":"publish","type":"product","link":"https:\/\/soydeaqui.ddns.net\/pachuca\/index.php\/producto\/amplificador-office-100-para-4g-3g-2g-y-llamada-volte-y-convencional-especial-para-personalizarlo-con-antenas-cables-y-accesorios-de-acuerdo-al-requerimiento-de-la-instalacion-puede-cubrir-areas\/","title":{"rendered":"Amplificador Office 100 para 4G, 3G, 2G y llamada VoLTE y convencional. Especial para personalizarlo con antenas, cables y accesorios de acuerdo al requerimiento de la instalaci\u00f3n. Puede cubrir \u00e1reas de hasta 3000 Metros Cuadrados"},"content":{"rendered":"<div style='width: 100%; max-width: 1200px; margin: 0 auto; font-family: sans-serif; line-height: 1.6; color: inherit; background-color: transparent;'>\n<h2 style='font-size: 35px; font-weight: bold; text-align: center; margin-top: 5%; color: inherit;'>Office 100 Personalizable a la Instalaci\u00f3n<\/h2>\n<div style='margin-bottom: 30px;'>\n<p style='text-align: justify; font-size: 16px; color: inherit;'>Este modelo de amplificador le permite utilizar las antenas&comma; cables coaxiales y accesorios de acuerdo a la necesidad que demande la instalaci\u00f3n o requerimiento del cliente.<\/p>\n<p style='text-align: justify; font-size: 16px; color: inherit;'>En la secci\u00f3n de <a href='https:\/\/www.syscom.mx\/principal\/all_accessories\/530-060-WILSONPRO%20\/%20WEBOOST-204498.html' style='color: #007bff; text-decoration: none;'>Accesorios Opcionales<\/a> podr\u00e1 encontrar todo lo necesario para su \u00f3ptimo funcionamiento e instalaci\u00f3n.<\/p>\n<p style='text-align: justify; font-size: 16px; color: inherit;'>Gracias a la ganancia y potencia que maneja el Office 100&comma; le puede integrar de 1 hasta 4 antenas de servicio para distribuir y mejorar la se\u00f1al en diferentes \u00e1reas del edificio. Distribuir la se\u00f1al con 2&comma; 3 o 4 antenas de servicio adicionales&comma; sirve para que la se\u00f1al no se vea afectada por los muros y losa entrepisos.<\/p>\n<\/p><\/div>\n<div style='margin-bottom: 30px;'>\n<h3 style='font-size: 22px; border-bottom: 2px solid currentColor; padding-bottom: 5px; margin-top: 0; color: inherit; opacity: 0.8;'>Aplicaciones<\/h3>\n<ul style='padding-left: 20px; font-size: 15px; color: inherit;'>\n<li style='margin-bottom: 5px;'>Peque\u00f1os a medianos comercios.<\/li>\n<li style='margin-bottom: 5px;'>Residencias.<\/li>\n<li style='margin-bottom: 5px;'>Edificios ejecutivos.<\/li>\n<li style='margin-bottom: 5px;'>Naves industriales.<\/li>\n<li style='margin-bottom: 5px;'>Almacenes.<\/li>\n<li style='margin-bottom: 5px;'>Hoteles.<\/li>\n<li style='margin-bottom: 5px;'>Escuelas.<\/li>\n<li style='margin-bottom: 5px;'>Hospitales.<\/li>\n<\/ul><\/div>\n<div style='margin-bottom: 30px;'>\n<p style='color: inherit; font-size: 16px;'><strong>*El paquete incluye Amplificador y fuente de alimentaci\u00f3n.<\/strong><\/p>\n<p style='color: inherit; font-size: 16px;'><strong>**M\u00ednimo lo debe de complementar con una Antena Donadora&comma; una Antena de Servicio&comma; dos jumpers coaxiales y un m\u00e1stil para la antena exterior.<\/strong><\/p>\n<\/p><\/div>\n<div style='display: flex; flex-wrap: wrap; gap: 30px; margin-bottom: 30px;'>\n<div style='flex: 1 1 200px; min-width: 160px; text-align: center;'> <img style='width: 100%; height: auto; border: 1px solid rgba(150&comma;150&comma;150&comma;0.3); border-radius: 8px; padding: 25px;' src='https:\/\/ftp3.syscom.mx\/usuarios\/fotos\/ECO4LIGHT3G\/94490-pngocean.com(1).png' alt=''> <\/div>\n<div style='flex: 1 1 200px; min-width: 160px; text-align: center;'> <img style='width: 100%; height: auto; border: 1px solid rgba(150&comma;150&comma;150&comma;0.3); border-radius: 8px; padding: 25px;' src='https:\/\/ftp3.syscom.mx\/usuarios\/fotos\/ECO4LIGHT3G\/94490-kisspng-computer-icons-symbol-palomita-5b12de2da12d70.2979251315279631816602.png' alt=''> <\/div>\n<div style='flex: 1 1 200px; min-width: 160px; text-align: center;'> <img style='width: 100%; height: auto; border: 1px solid rgba(150&comma;150&comma;150&comma;0.3); border-radius: 8px; padding: 25px;' src='https:\/\/ftp3.syscom.mx\/usuarios\/fotos\/ECO4LIGHT3G\/94490-pngocean.com.png' alt=''> <\/div>\n<\/p><\/div>\n<div style='display: flex; flex-wrap: wrap; gap: 20px; margin-bottom: 30px;'>\n<div style='flex: 1 1 250px; border: 1px solid rgba(150&comma; 150&comma; 150&comma; 0.4); border-radius: 8px; overflow: hidden; display: flex; flex-direction: column;'>\n<div style='padding: 15px; border-bottom: 1px solid rgba(150&comma; 150&comma; 150&comma; 0.2); font-weight: bold; font-size: 18px; color: inherit;'>Caracter\u00edsticas Principales<\/div>\n<div style='padding: 15px; color: inherit;'>\n<ul style='padding-left: 20px; margin: 0; font-size: 14px; list-style-type: disc;'>\n<li style='margin-bottom: 5px;'>Opera con m\u00faltiples operadores.<\/li>\n<li style='margin-bottom: 5px;'>Soporta 4G&comma; 3G y 2G.<\/li>\n<li style='margin-bottom: 5px;'>Mejora la llamada convencional y VoLTE.<\/li>\n<li style='margin-bottom: 5px;'>Puede cubrir hasta 3000 metros cuadrados.<\/li>\n<\/ul><\/div>\n<\/p><\/div>\n<div style='flex: 1 1 250px; border: 1px solid rgba(150&comma; 150&comma; 150&comma; 0.4); border-radius: 8px; overflow: hidden; display: flex; flex-direction: column;'>\n<div style='padding: 15px; border-bottom: 1px solid rgba(150&comma; 150&comma; 150&comma; 0.2); font-weight: bold; font-size: 18px; color: inherit;'>Caracter\u00edsticas<\/div>\n<div style='padding: 15px; color: inherit;'>\n<ul style='padding-left: 20px; margin: 0; font-size: 14px; list-style-type: disc;'>\n<li style='margin-bottom: 5px;'>Amplificador Triple Banda de Frecuencia.<\/li>\n<li style='margin-bottom: 5px;'>Amplifica las bandas: B5&comma; B2 y B4.<\/li>\n<li style='margin-bottom: 5px;'>Bandas de frecuencia: 850&comma; 1900 y 2100 MHz<\/li>\n<li style='margin-bottom: 5px;'>Rangos de frecuencia:\n<ul style='padding-left: 20px; margin: 5px 0;'>\n<li style='margin-bottom: 5px;'>Enlaces Descendentes: 869-894&comma; 1930-1990 y 2110-2155 MHz.<\/li>\n<li style='margin-bottom: 5px;'>Enlaces Ascendentes: 824-849&comma; 1850-1910 y 1710-1755 MHz.<\/li>\n<\/ul>\n<\/li>\n<\/ul><\/div>\n<\/p><\/div>\n<div style='flex: 1 1 250px; border: 1px solid rgba(150&comma; 150&comma; 150&comma; 0.4); border-radius: 8px; overflow: hidden; display: flex; flex-direction: column;'>\n<div style='padding: 15px; border-bottom: 1px solid rgba(150&comma; 150&comma; 150&comma; 0.2); font-weight: bold; font-size: 18px; color: inherit;'>Especificaciones El\u00e9ctricas y F\u00edsicas<\/div>\n<div style='padding: 15px; color: inherit;'>\n<ul style='padding-left: 20px; margin: 0; font-size: 14px; list-style-type: disc;'>\n<li style='margin-bottom: 5px;'>Ganancia m\u00e1xima: 74 dB<\/li>\n<li style='margin-bottom: 5px;'>Potencia m\u00e1xima: 17 dBm (50 mW)<\/li>\n<li style='margin-bottom: 5px;'>Impedancia en conectores RF: 50 Ohm<\/li>\n<li style='margin-bottom: 5px;'>Conectores RF: N hembra<\/li>\n<li style='margin-bottom: 5px;'>Alimentaci\u00f3n requerida: 5 Vcc&comma; 4A<\/li>\n<li style='margin-bottom: 5px;'>Consumo de alimentaci\u00f3n: 20 W<\/li>\n<li style='margin-bottom: 5px;'>Dimensiones del Amplificador: 15.24 x 15.24 x 4.57 cm<\/li>\n<li style='margin-bottom: 5px;'>Peso del Amplificador: 0.86 kg<\/li>\n<\/ul><\/div>\n<\/p><\/div>\n<\/p><\/div>\n<div style='margin-bottom: 30px;'>\n<h3 style='font-size: 22px; border-bottom: 2px solid currentColor; padding-bottom: 5px; margin-top: 0; color: inherit; opacity: 0.8;'>C\u00f3mo Funciona<\/h3>\n<div style='position: relative; width: 100%; max-width: 100%; margin: 20px auto; overflow: hidden; border: 1px solid rgba(150&comma;150&comma;150&comma;0.3); border-radius: 8px;'> <img style='width: 100%; height: auto; display: block;' src='https:\/\/assets.wilsonelectronics.com\/m\/4b3adf39c4dfa328\/original\/weboost-business-office200-hiw-install-diagram-051921-min.jpg' alt='Diagrama de funcionamiento'> <\/div>\n<div style='display: flex; flex-wrap: wrap; gap: 20px; margin-top: 30px; justify-content: center;'>\n<div style='flex: 1 1 220px; min-width: 200px; text-align: center;'>\n<p style='color: inherit; font-size: 16px;'><strong>1.<\/strong> La antena exterior capta la se\u00f1al de los operadores disponibles en la zona.<\/p>\n<\/p><\/div>\n<div style='flex: 1 1 220px; min-width: 200px; text-align: center;'>\n<p style='color: inherit; font-size: 16px;'><strong>2.<\/strong> El amplificador amplifica la se\u00f1al y tecnolog\u00edas disponibles en las bandas B5&comma; B2 y B4.<\/p>\n<\/p><\/div>\n<div style='flex: 1 1 220px; min-width: 200px; text-align: center;'>\n<p style='color: inherit; font-size: 16px;'><strong>3.<\/strong> La antena interior emite las se\u00f1ales amplificadas para beneficio de los dispositivos celulares a su alcance. El proceso se invierte.<\/p>\n<\/p><\/div>\n<\/p><\/div>\n<\/p><\/div>\n<div style='margin-bottom: 30px;'>\n<h3 style='font-size: 22px; border-bottom: 2px solid currentColor; padding-bottom: 5px; margin-top: 0; color: inherit; opacity: 0.8;'>La potencia del amplificador es gracias a la se\u00f1al que le entra.<\/h3>\n<div style='position: relative; width: 100%; max-width: 100%; margin: 20px auto; overflow: hidden; border: 1px solid rgba(150&comma;150&comma;150&comma;0.3); border-radius: 8px;'> <img style='width: 100%; height: auto; display: block;' src='https:\/\/ftp3.syscom.mx\/usuarios\/amarquez\/AdSC\/Fotos%20y%20diagramas%20para%20AdSC\/Tabla%20para%20determinar%20cobertura%20estimada..png' alt='Tabla de cobertura'> <\/div>\n<\/p><\/div>\n<div style='margin-bottom: 30px;'>\n<h3 style='font-size: 22px; border-bottom: 2px solid currentColor; padding-bottom: 5px; margin-top: 0; color: inherit; opacity: 0.8;'>Notas<\/h3>\n<ul style='padding-left: 20px; font-size: 14px; color: inherit;'>\n<li style='margin-bottom: 5px;'>Instale el kit amplificador de acuerdo al manual de usuario o gu\u00eda de instalaci\u00f3n.<\/li>\n<li style='margin-bottom: 5px;'>Use el kit amplificador para lo que est\u00e1 dise\u00f1ado.<\/li>\n<li style='margin-bottom: 5px;'>Si tiene dudas contacte nuestro departamento de Ingenier\u00eda Radiocomunicaci\u00f3n.<\/li>\n<li style='margin-bottom: 5px;'>Una mala instalaci\u00f3n o mal uso de este sistema puede provocar interferencia.<\/li>\n<\/ul><\/div>\n<\/p><\/div>\n","protected":false},"excerpt":{"rendered":"<p>Amplificador Office 100 para 4G, 3G, 2G y llamada VoLTE y convencional. Especial para personalizarlo con antenas, cables y accesorios de acuerdo al requerimiento de la instalaci\u00f3n. Puede cubrir \u00e1reas de hasta 3000 Metros Cuadrados<\/p>\n","protected":false},"featured_media":88027,"comment_status":"open","ping_status":"closed","template":"","meta":[],"product_brand":[],"product_cat":[1570,1552],"product_tag":[1535,1571,1553,1525],"class_list":{"0":"post-88028","1":"product","2":"type-product","3":"status-publish","4":"has-post-thumbnail","6":"product_cat-amplificadores-de-senal-celular-adsc","7":"product_cat-cobertura-para-celular-4g-lte","8":"product_tag-3g-y-voz","9":"product_tag-amplificadores-de-senal-celular-adsc","10":"product_tag-cobertura-para-celular-4g-lte","11":"product_tag-wilsonpro-weboost","13":"first","14":"outofstock","15":"sale","16":"shipping-taxable","17":"purchasable","18":"product-type-simple"},"_links":{"self":[{"href":"https:\/\/soydeaqui.ddns.net\/pachuca\/index.php\/wp-json\/wp\/v2\/product\/88028","targetHints":{"allow":["GET"]}}],"collection":[{"href":"https:\/\/soydeaqui.ddns.net\/pachuca\/index.php\/wp-json\/wp\/v2\/product"}],"about":[{"href":"https:\/\/soydeaqui.ddns.net\/pachuca\/index.php\/wp-json\/wp\/v2\/types\/product"}],"replies":[{"embeddable":true,"href":"https:\/\/soydeaqui.ddns.net\/pachuca\/index.php\/wp-json\/wp\/v2\/comments?post=88028"}],"wp:featuredmedia":[{"embeddable":true,"href":"https:\/\/soydeaqui.ddns.net\/pachuca\/index.php\/wp-json\/wp\/v2\/media\/88027"}],"wp:attachment":[{"href":"https:\/\/soydeaqui.ddns.net\/pachuca\/index.php\/wp-json\/wp\/v2\/media?parent=88028"}],"wp:term":[{"taxonomy":"product_brand","embeddable":true,"href":"https:\/\/soydeaqui.ddns.net\/pachuca\/index.php\/wp-json\/wp\/v2\/product_brand?post=88028"},{"taxonomy":"product_cat","embeddable":true,"href":"https:\/\/soydeaqui.ddns.net\/pachuca\/index.php\/wp-json\/wp\/v2\/product_cat?post=88028"},{"taxonomy":"product_tag","embeddable":true,"href":"https:\/\/soydeaqui.ddns.net\/pachuca\/index.php\/wp-json\/wp\/v2\/product_tag?post=88028"}],"curies":[{"name":"wp","href":"https:\/\/api.w.org\/{rel}","templated":true}]}}