{"id":8801,"date":"2026-03-18T07:14:04","date_gmt":"2026-03-18T07:14:04","guid":{"rendered":"https:\/\/soydeaqui.ddns.net\/pachuca\/index.php\/producto\/ducto-cuadrado-embisagrado-10-x-10-cm-fabricado-en-lamina-de-acero-al-carbon-hasta-159-cables-cat6-incluye-cople-con-tornilleria-y-1-knock-out-por-lado\/"},"modified":"2026-03-18T07:14:06","modified_gmt":"2026-03-18T07:14:06","slug":"ducto-cuadrado-embisagrado-10-x-10-cm-fabricado-en-lamina-de-acero-al-carbon-hasta-159-cables-cat6-incluye-cople-con-tornilleria-y-1-knock-out-por-lado","status":"publish","type":"product","link":"https:\/\/soydeaqui.ddns.net\/pachuca\/index.php\/producto\/ducto-cuadrado-embisagrado-10-x-10-cm-fabricado-en-lamina-de-acero-al-carbon-hasta-159-cables-cat6-incluye-cople-con-tornilleria-y-1-knock-out-por-lado\/","title":{"rendered":"Ducto Cuadrado Embisagrado 10 x 10 cm, fabricado en l\u00e1mina de acero al carb\u00f3n, hasta 159 cables cat6, incluye cople con torniller\u00eda y 1 knock out por lado"},"content":{"rendered":"<div style='width: 100%; max-width: 1200px; margin: 0 auto; font-family: sans-serif; line-height: 1.6; color: inherit; background-color: transparent;'>\n<div style='display: flex; flex-wrap: wrap; gap: 30px; margin-bottom: 30px;'>\n<div style='flex: 1 1 300px; min-width: 280px;'>\n<h3 style='font-size: 22px; border-bottom: 2px solid currentColor; padding-bottom: 5px; margin-top: 0; color: inherit; opacity: 0.8;'>Descripci\u00f3n<\/h3>\n<p style='margin-top: 0; margin-bottom: 1rem; color: inherit;'>Fabricado en l\u00e1mina negra de acero con recubrimiento de pintura ep\u00f3xica horneada de alto desempe\u00f1o&comma; brinda mayor resistencia a la corrosi\u00f3n. Incluye cople con torniller\u00eda y 1 knock out por lado.<\/p>\n<\/p><\/div>\n<\/p><\/div>\n<div style='display: flex; flex-wrap: wrap; gap: 20px; margin-bottom: 30px;'>\n<div style='flex: 1 1 250px; border: 1px solid rgba(150&comma; 150&comma; 150&comma; 0.4); border-radius: 8px; overflow: hidden; display: flex; flex-direction: column;'>\n<div style='padding: 15px; border-bottom: 1px solid rgba(150&comma; 150&comma; 150&comma; 0.2); font-weight: bold; font-size: 18px; color: inherit;'>Caracter\u00edsticas Generales<\/div>\n<div style='padding: 15px; color: inherit;'>\n<ul style='padding-left: 20px; margin: 0; font-size: 14px; list-style-type: disc;'>\n<li style='margin-bottom: 5px;'>Fabricado en l\u00e1mina de acero al carb\u00f3n.<\/li>\n<li style='margin-bottom: 5px;'>1.52 metros de longitud.<\/li>\n<li style='margin-bottom: 5px;'>Terminado: pintura epoxica color gris.<\/li>\n<li style='margin-bottom: 5px;'>Certificaci\u00f3n ANCE.<\/li>\n<li style='margin-bottom: 5px;'>Capacidad de carga: 159 cables Cat6&comma; 98 cables Cat6A (la capacidad puede variar dependiendo del fabricante).<\/li>\n<li style='margin-bottom: 5px;'>1 knock out por lado con 2 medidas&comma; una de 3\/4&#8242; y otra de 1&#8242;<\/li>\n<li style='margin-bottom: 5px;'>Si se desea poner a techo ya tiene 2 perforaciones al inicio y al fina del ducto&comma; si se le va a poner &#8216;Unicanal&#8217; se le pone la tuerca con resorte <a class='text-body' style='box-sizing: border-box; text-decoration-line: none; --bs-text-opacity: 1; --bs-link-color-rgb: var(--bs-link-hover-color-rgb); font-family: Satoshi-Variable&comma; sans-serif; font-size: 15px; font-weight: 600; background-color: #ffffff; color: inherit;' href='https:\/\/www.syscom.mx\/principal\/searchcont?route=CH-TCA-R-6-CHAROFIL-80193&#038;autodetect=CH-TCA-R-6'>CH-TCA-R-6<\/a> y el tornillo cabeza de Gota <a class='text-body' style='box-sizing: border-box; text-decoration-line: none; --bs-text-opacity: 1; font-family: Satoshi-Variable&comma; sans-serif; font-size: 15px; font-weight: 600; background-color: #ffffff; color: inherit;' href='https:\/\/www.syscom.mx\/principal\/searchcont?route=CH-TCG-6-19-CHAROFIL-80202&#038;autodetect=CH-TCG-6-19'>CH-TCG-6-19<\/a><\/li>\n<\/ul><\/div>\n<\/p><\/div>\n<\/p><\/div>\n<hr style='border: 0; border-top: 1px solid rgba(150&comma; 150&comma; 150&comma; 0.3); margin: 30px 0;'> <\/div>\n","protected":false},"excerpt":{"rendered":"<p>Ducto Cuadrado Embisagrado 10 x 10 cm, fabricado en l\u00e1mina de acero al carb\u00f3n, hasta 159 cables cat6, incluye cople con torniller\u00eda y 1 knock out por lado<\/p>\n","protected":false},"featured_media":8800,"comment_status":"open","ping_status":"closed","template":"","meta":[],"product_brand":[],"product_cat":[578],"product_tag":[572,580,579],"class_list":{"0":"post-8801","1":"product","2":"type-product","3":"status-publish","4":"has-post-thumbnail","6":"product_cat-ducto-cuadrado","7":"product_tag-canalizacion","8":"product_tag-charofil","9":"product_tag-ducto-cuadrado","11":"first","12":"instock","13":"sale","14":"shipping-taxable","15":"purchasable","16":"product-type-simple"},"_links":{"self":[{"href":"https:\/\/soydeaqui.ddns.net\/pachuca\/index.php\/wp-json\/wp\/v2\/product\/8801","targetHints":{"allow":["GET"]}}],"collection":[{"href":"https:\/\/soydeaqui.ddns.net\/pachuca\/index.php\/wp-json\/wp\/v2\/product"}],"about":[{"href":"https:\/\/soydeaqui.ddns.net\/pachuca\/index.php\/wp-json\/wp\/v2\/types\/product"}],"replies":[{"embeddable":true,"href":"https:\/\/soydeaqui.ddns.net\/pachuca\/index.php\/wp-json\/wp\/v2\/comments?post=8801"}],"wp:featuredmedia":[{"embeddable":true,"href":"https:\/\/soydeaqui.ddns.net\/pachuca\/index.php\/wp-json\/wp\/v2\/media\/8800"}],"wp:attachment":[{"href":"https:\/\/soydeaqui.ddns.net\/pachuca\/index.php\/wp-json\/wp\/v2\/media?parent=8801"}],"wp:term":[{"taxonomy":"product_brand","embeddable":true,"href":"https:\/\/soydeaqui.ddns.net\/pachuca\/index.php\/wp-json\/wp\/v2\/product_brand?post=8801"},{"taxonomy":"product_cat","embeddable":true,"href":"https:\/\/soydeaqui.ddns.net\/pachuca\/index.php\/wp-json\/wp\/v2\/product_cat?post=8801"},{"taxonomy":"product_tag","embeddable":true,"href":"https:\/\/soydeaqui.ddns.net\/pachuca\/index.php\/wp-json\/wp\/v2\/product_tag?post=8801"}],"curies":[{"name":"wp","href":"https:\/\/api.w.org\/{rel}","templated":true}]}}