{"id":8799,"date":"2026-03-18T07:14:02","date_gmt":"2026-03-18T07:14:02","guid":{"rendered":"https:\/\/soydeaqui.ddns.net\/pachuca\/index.php\/producto\/canal-trl-76-incluye-2-plataformas-negras-y-4-cinchos-202030066\/"},"modified":"2026-03-18T07:14:03","modified_gmt":"2026-03-18T07:14:03","slug":"canal-trl-76-incluye-2-plataformas-negras-y-4-cinchos-202030066","status":"publish","type":"product","link":"https:\/\/soydeaqui.ddns.net\/pachuca\/index.php\/producto\/canal-trl-76-incluye-2-plataformas-negras-y-4-cinchos-202030066\/","title":{"rendered":"Canal TRL 76 incluye 2 plataformas negras y 4 cinchos (202030066)"},"content":{"rendered":"<div style='width: 100%; max-width: 1200px; margin: 0 auto; font-family: sans-serif; line-height: 1.6; color: inherit; background-color: transparent;'> <!-- Secci\u00f3n de caracter\u00edsticas generales --> <\/p>\n<div style='display: flex; flex-wrap: wrap; gap: 30px; margin-bottom: 30px;'>\n<div style='flex: 1 1 300px; min-width: 280px;'>\n<h3 style='font-size: 22px; border-bottom: 2px solid currentColor; padding-bottom: 5px; margin-top: 0; color: inherit; opacity: 0.8;'>Caracter\u00edsticas Generales<\/h3>\n<ul style='padding-left: 20px; font-size: 15px; color: inherit;'>\n<li style='margin-bottom: 5px;'>Color: <strong>Blanco<\/strong><\/li>\n<li style='margin-bottom: 5px;'>Peso del canal: <strong>0.820 kg<\/strong><\/li>\n<li style='margin-bottom: 5px;'>Capacidad: <strong>2 tubos de 3\/4\u201d (19.1 mm)<\/strong><\/li>\n<li style='margin-bottom: 5px;'>Certificado en: <strong>CSA<\/strong><\/li>\n<li style='margin-bottom: 5px;'>Temperatura de trabajo: <strong>-20\u00baC a +85\u00baC<\/strong><\/li>\n<li style='margin-bottom: 5px;'>Resistencia: <strong>A la humedad y atm\u00f3sfera corrosiva<\/strong><\/li>\n<li style='margin-bottom: 5px;'>Alta rigidez diel\u00e9ctrica<\/li>\n<li style='margin-bottom: 5px;'>Cumple con: <strong>NOM-001-SEDE-2005<\/strong><\/li>\n<\/ul><\/div>\n<\/p><\/div>\n<p> <!-- Secci\u00f3n de materiales --> <\/p>\n<div style='display: flex; flex-wrap: wrap; gap: 30px; margin-bottom: 30px;'>\n<div style='flex: 1 1 300px; min-width: 280px;'>\n<h3 style='font-size: 22px; border-bottom: 2px solid currentColor; padding-bottom: 5px; margin-top: 0; color: inherit; opacity: 0.8;'>Materiales<\/h3>\n<ul style='padding-left: 20px; font-size: 15px; color: inherit;'>\n<li style='margin-bottom: 5px;'>PVC r\u00edgido de alto impacto resistente a la tensi\u00f3n <strong>ASTM D-638-98<\/strong><\/li>\n<li style='margin-bottom: 5px;'>Material auto-extinguible <strong>ASTM D-635-98<\/strong><\/li>\n<li style='margin-bottom: 5px;'>Resistente a los rayos UV <strong>ASTM D-635-98<\/strong><\/li>\n<li style='margin-bottom: 5px;'>Pruebas ASTM a las 250 hrs. No debe cambiar de tono <strong>ASTM G-154 (500 hr)<\/strong><\/li>\n<\/ul><\/div>\n<\/p><\/div>\n<p> <!-- Secci\u00f3n de presentaci\u00f3n comercial --> <\/p>\n<div style='display: flex; flex-wrap: wrap; gap: 30px; margin-bottom: 30px;'>\n<div style='flex: 1 1 300px; min-width: 280px;'>\n<h3 style='font-size: 22px; border-bottom: 2px solid currentColor; padding-bottom: 5px; margin-top: 0; color: inherit; opacity: 0.8;'>Presentaci\u00f3n Comercial<\/h3>\n<p style='font-size: 15px; color: inherit;'>Tramo de 2.5 m con 2 plataformas&comma; 4 cinchos TH 190&comma; 2 tornillos 10 x 1 1\/2\u201d&comma; 2 thorquetes TP2X<\/p>\n<\/p><\/div>\n<\/p><\/div>\n<p> <!-- Secci\u00f3n de im\u00e1genes principales --> <\/p>\n<div style='display: flex; flex-wrap: wrap; gap: 20px; margin-bottom: 30px;'>\n<div style='flex: 1 1 45%; min-width: 300px;'> <img style='width: 100%; height: auto; border: 1px solid rgba(150&comma;150&comma;150&comma;0.3); border-radius: 8px;' src='https:\/\/ftp3.syscom.mx\/usuarios\/ftp\/single_page\/thorsman\/Thorsman1-02.jpg' alt=''> <\/div>\n<div style='flex: 1 1 45%; min-width: 300px;'> <img style='width: 100%; height: auto; border: 1px solid rgba(150&comma;150&comma;150&comma;0.3); border-radius: 8px;' src='https:\/\/ftp3.syscom.mx\/usuarios\/ftp\/single_page\/thorsman\/Thorsman1-01.jpg' alt=''> <\/div>\n<\/p><\/div>\n<p> <!-- Secci\u00f3n de banner destacado --> <\/p>\n<div style='margin-bottom: 30px;'>\n<div style='color: white; background-image: linear-gradient(90deg&comma; #2a397a 50%&comma; #0080ff 100%); text-align: center; padding: 20px; border-radius: 8px;'>\n<h2 style='font-size: 18px; font-family: sans-serif; font-weight: 300; margin: 0; color: inherit;'>Thorsman es la Marca L\u00edder en M\u00e9xico Reconocida por Productos de Canalizaci\u00f3n y Fijaci\u00f3n<\/h2>\n<\/p><\/div>\n<\/p><\/div>\n<p> <!-- Secci\u00f3n de imagen con texto --> <\/p>\n<div style='display: flex; flex-wrap: wrap; margin-bottom: 30px;'>\n<div style='flex: 1 1 40%; min-width: 250px; padding: 20px 15px;'> <img style='width: 100%; height: auto; border: 1px solid rgba(150&comma;150&comma;150&comma;0.3); border-radius: 8px;' src='https:\/\/ftp3.syscom.mx\/usuarios\/ftp\/single_page\/thorsman\/thorsman1-04.png' alt=''> <\/div>\n<div style='flex: 1 1 60%; min-width: 300px; padding: 20px 15px;'>\n<h3 style='font-size: 18px; margin-top: 0; color: inherit; opacity: 0.8;'>Cuenta con amplia gama de soluciones para instalaciones el\u00e9ctricas y de cableado estructurado<\/h3>\n<p style='font-size: 15px; color: inherit;'>Brindan funcionalidad&comma; distribuci\u00f3n&comma; protecci\u00f3n y est\u00e9tica. Se pueden encontrar como: mesa de capacidades para eletrocalhas&comma; capacidad de carga de canaletas aparentes.<\/p>\n<\/p><\/div>\n<\/p><\/div>\n<p> <!-- Secci\u00f3n de sistemas --> <\/p>\n<div style='margin-bottom: 30px;'>\n<h3 style='font-size: 18px; text-align: center; border-bottom: 2px solid currentColor; padding-bottom: 10px; margin-bottom: 20px; color: inherit; opacity: 0.8;'>Sistemas que cubren todas las necesidades<\/h3>\n<div style='display: flex; flex-wrap: wrap; gap: 20px; justify-content: center;'>\n<div style='flex: 1 1 20%; min-width: 180px; text-align: center;'> <img style='width: 100%; height: auto; border: 1px solid rgba(150&comma;150&comma;150&comma;0.3); border-radius: 8px;' src='https:\/\/ftp3.syscom.mx\/usuarios\/ftp\/single_page\/thorsman\/thorsman1-09.png' alt='Hospital'> <\/p>\n<p style='margin-top: 10px; font-size: 15px; color: inherit;'>Hospital<\/p>\n<\/p><\/div>\n<div style='flex: 1 1 20%; min-width: 180px; text-align: center;'> <img style='width: 100%; height: auto; border: 1px solid rgba(150&comma;150&comma;150&comma;0.3); border-radius: 8px;' src='https:\/\/ftp3.syscom.mx\/usuarios\/ftp\/single_page\/thorsman\/thorsman1-08.png' alt='Hogar'> <\/p>\n<p style='margin-top: 10px; font-size: 15px; color: inherit;'>Hogar<\/p>\n<\/p><\/div>\n<div style='flex: 1 1 20%; min-width: 180px; text-align: center;'> <img style='width: 100%; height: auto; border: 1px solid rgba(150&comma;150&comma;150&comma;0.3); border-radius: 8px;' src='https:\/\/ftp3.syscom.mx\/usuarios\/ftp\/single_page\/thorsman\/thorsman1-10.png' alt='Industria'> <\/p>\n<p style='margin-top: 10px; font-size: 15px; color: inherit;'>Industria<\/p>\n<\/p><\/div>\n<div style='flex: 1 1 20%; min-width: 180px; text-align: center;'> <img style='width: 100%; height: auto; border: 1px solid rgba(150&comma;150&comma;150&comma;0.3); border-radius: 8px;' src='https:\/\/ftp3.syscom.mx\/usuarios\/ftp\/single_page\/thorsman\/thorsman1-11.png' alt='Oficina'> <\/p>\n<p style='margin-top: 10px; font-size: 15px; color: inherit;'>Oficina<\/p>\n<\/p><\/div>\n<\/p><\/div>\n<\/p><\/div>\n<p> <!-- Secci\u00f3n de beneficios adicionales --> <\/p>\n<div style='display: flex; flex-wrap: wrap; gap: 20px; margin-bottom: 30px;'>\n<div style='flex: 1 1 300px; min-width: 280px;'> <img style='width: 100%; height: auto; border: 1px solid rgba(150&comma;150&comma;150&comma;0.3); border-radius: 8px;' src='https:\/\/ftp3.syscom.mx\/usuarios\/ftp\/single_page\/thorsman\/thorsman1-05.png' alt=''> <\/p>\n<p style='font-size: 15px; color: inherit; margin-top: 15px;'>El 40% de la capacidad es la m\u00e1xima recomendada por EIA\/TIA-569-A para dise\u00f1ar sistemas de cableado estructurado.<\/p>\n<\/p><\/div>\n<div style='flex: 1 1 300px; min-width: 280px;'> <img style='width: 100%; height: auto; border: 1px solid rgba(150&comma;150&comma;150&comma;0.3); border-radius: 8px;' src='https:\/\/ftp3.syscom.mx\/usuarios\/ftp\/single_page\/thorsman\/thorsman1-06.png' alt=''> <\/p>\n<p style='font-size: 15px; color: inherit; margin-top: 15px;'>Encuentre los sistemas de fijaci\u00f3n de Thorsman&comma; como las grapas para cable&comma; fleje&comma; cinchos de nylon y acero inoxidable&comma; que son fundamentales para la seguridad en cualquier instalaci\u00f3n.<\/p>\n<\/p><\/div>\n<div style='flex: 1 1 300px; min-width: 280px;'> <img style='width: 100%; height: auto; border: 1px solid rgba(150&comma;150&comma;150&comma;0.3); border-radius: 8px;' src='https:\/\/ftp3.syscom.mx\/usuarios\/ftp\/single_page\/thorsman\/thorsman1-07.png' alt=''> <\/p>\n<p style='font-size: 15px; color: inherit; margin-top: 15px;'>Los sistemas thelecom de Thorsman&comma; como las mini cajas de piso de energ\u00eda y voz\/datos&comma; as\u00ed como las cajas de piso de 2 y 4 m\u00f3dulos configurables&comma; brindan la soluci\u00f3n completa en conectividad para centros de entretenimiento como lo son casinos&comma; ferias&comma; museos&comma; plazas comerciales&comma; entre otros.<\/p>\n<\/p><\/div>\n<\/p><\/div>\n<p> <!-- Separador final --> <\/p>\n<hr style='border: 0; border-top: 1px solid rgba(150&comma; 150&comma; 150&comma; 0.3); margin: 30px 0;'> <\/div>\n","protected":false},"excerpt":{"rendered":"<p>Canal TRL 76 incluye 2 plataformas negras y 4 cinchos (202030066)<\/p>\n","protected":false},"featured_media":8798,"comment_status":"open","ping_status":"closed","template":"","meta":[],"product_brand":[],"product_cat":[581],"product_tag":[582,572,583],"class_list":{"0":"post-8799","1":"product","2":"type-product","3":"status-publish","4":"has-post-thumbnail","6":"product_cat-canaletas","7":"product_tag-canaletas","8":"product_tag-canalizacion","9":"product_tag-thorsman","11":"first","12":"outofstock","13":"sale","14":"shipping-taxable","15":"purchasable","16":"product-type-simple"},"_links":{"self":[{"href":"https:\/\/soydeaqui.ddns.net\/pachuca\/index.php\/wp-json\/wp\/v2\/product\/8799","targetHints":{"allow":["GET"]}}],"collection":[{"href":"https:\/\/soydeaqui.ddns.net\/pachuca\/index.php\/wp-json\/wp\/v2\/product"}],"about":[{"href":"https:\/\/soydeaqui.ddns.net\/pachuca\/index.php\/wp-json\/wp\/v2\/types\/product"}],"replies":[{"embeddable":true,"href":"https:\/\/soydeaqui.ddns.net\/pachuca\/index.php\/wp-json\/wp\/v2\/comments?post=8799"}],"wp:featuredmedia":[{"embeddable":true,"href":"https:\/\/soydeaqui.ddns.net\/pachuca\/index.php\/wp-json\/wp\/v2\/media\/8798"}],"wp:attachment":[{"href":"https:\/\/soydeaqui.ddns.net\/pachuca\/index.php\/wp-json\/wp\/v2\/media?parent=8799"}],"wp:term":[{"taxonomy":"product_brand","embeddable":true,"href":"https:\/\/soydeaqui.ddns.net\/pachuca\/index.php\/wp-json\/wp\/v2\/product_brand?post=8799"},{"taxonomy":"product_cat","embeddable":true,"href":"https:\/\/soydeaqui.ddns.net\/pachuca\/index.php\/wp-json\/wp\/v2\/product_cat?post=8799"},{"taxonomy":"product_tag","embeddable":true,"href":"https:\/\/soydeaqui.ddns.net\/pachuca\/index.php\/wp-json\/wp\/v2\/product_tag?post=8799"}],"curies":[{"name":"wp","href":"https:\/\/api.w.org\/{rel}","templated":true}]}}