{"id":87971,"date":"2026-03-19T23:30:31","date_gmt":"2026-03-19T23:30:31","guid":{"rendered":"https:\/\/soydeaqui.ddns.net\/pachuca\/index.php\/producto\/router-balanceador-cloud-10-puertos-gigabit-soporta-4x-wan-configurables-hasta-200-clientes-con-desempeno-de-1gbps-asimetricos\/"},"modified":"2026-03-19T23:30:44","modified_gmt":"2026-03-19T23:30:44","slug":"router-balanceador-cloud-10-puertos-gigabit-soporta-4x-wan-configurables-hasta-200-clientes-con-desempeno-de-1gbps-asimetricos","status":"publish","type":"product","link":"https:\/\/soydeaqui.ddns.net\/pachuca\/index.php\/producto\/router-balanceador-cloud-10-puertos-gigabit-soporta-4x-wan-configurables-hasta-200-clientes-con-desempeno-de-1gbps-asimetricos\/","title":{"rendered":"Router Balanceador Cloud, 10 puertos gigabit, soporta  4x WAN configurables, hasta 200 clientes con desempe\u00f1o de 1Gbps asim\u00e9tricos"},"content":{"rendered":"<div style='width: 100%; max-width: 1200px; margin: 0 auto; font-family: sans-serif; line-height: 1.6; color: inherit; background-color: transparent;'> <!-- Imagen principal --> <img style='width: 100%; height: auto; border: 1px solid rgba(150&comma;150&comma;150&comma;0.3); border-radius: 8px;' src='https:\/\/ftp3.syscom.mx\/usuarios\/fotos\/RGEG210GE\/203997-rg-eg210g-e_publicidad_001.png' alt=''> <!-- Secci\u00f3n de caracter\u00edsticas en grid --> <\/p>\n<div style='display: flex; flex-wrap: wrap; gap: 20px; margin: 30px 0;'>\n<div style='flex: 1 1 300px; min-width: 280px; border-left: 5px solid #0091ff; border-radius: 8px; padding: 15px; box-shadow: 2px 2px 10px rgba(216&comma; 216&comma; 216&comma; 0.3); background-color: rgba(216&comma; 216&comma; 216&comma; 0.1);'>\n<h3 style='font-size: 18px; margin-top: 0; margin-bottom: 15px; color: inherit; opacity: 0.9;'>Caracter\u00edsticas principales:<\/h3>\n<ul style='padding-left: 20px; font-size: 15px; color: inherit; list-style-type: disc;'>\n<li style='margin-bottom: 8px;'>Administraci\u00f3n en la nube (Sin Costo)<\/li>\n<li style='margin-bottom: 8px;'>Garant\u00eda de 3 a\u00f1os<\/li>\n<li style='margin-bottom: 8px;'>Monitoreo y configuraci\u00f3n remota<\/li>\n<li style='margin-bottom: 8px;'>Tipo: Router Administrable<\/li>\n<li style='margin-bottom: 8px;'>Administraci\u00f3n: Cloud<\/li>\n<li style='margin-bottom: 8px;'>Capacidad: 1`000 Mbps asim\u00e9tricos<\/li>\n<li style='margin-bottom: 8px;'>Usuarios concurrentes: Hasta 200<\/li>\n<li style='margin-bottom: 8px;'>Memoria Ram: 256 MB<\/li>\n<li style='margin-bottom: 8px;'>Montaje: Escritorio o en Rack<\/li>\n<\/ul><\/div>\n<div style='flex: 1 1 300px; min-width: 280px; border-left: 5px solid #0091ff; border-radius: 8px; padding: 15px; box-shadow: 2px 2px 10px rgba(216&comma; 216&comma; 216&comma; 0.3); background-color: rgba(216&comma; 216&comma; 216&comma; 0.1);'>\n<h3 style='font-size: 18px; margin-top: 0; margin-bottom: 15px; color: inherit; opacity: 0.9;'>Contenido del Paquete:<\/h3>\n<ul style='padding-left: 20px; font-size: 15px; color: inherit; list-style-type: disc;'>\n<li style='margin-bottom: 8px;'>1pz Router RGEG210GE<\/li>\n<li style='margin-bottom: 8px;'>Gu\u00eda r\u00e1pida de instalaci\u00f3n<\/li>\n<li style='margin-bottom: 8px;'>Cable de energia AC<\/li>\n<li style='margin-bottom: 8px;'>Tornilleria y montaje para rack<\/li>\n<\/ul><\/div>\n<div style='flex: 1 1 300px; min-width: 280px; border-left: 5px solid #0091ff; border-radius: 8px; padding: 15px; box-shadow: 2px 2px 10px rgba(216&comma; 216&comma; 216&comma; 0.3); background-color: rgba(216&comma; 216&comma; 216&comma; 0.1);'>\n<h3 style='font-size: 18px; margin-top: 0; margin-bottom: 15px; color: inherit; opacity: 0.9;'>Caracteristicas Generales:<\/h3>\n<ul style='padding-left: 20px; font-size: 15px; color: inherit; list-style-type: disc;'>\n<li style='margin-bottom: 8px;'>Consumo de energ\u00eda: 15 watts<\/li>\n<li style='margin-bottom: 8px;'>Alimentaci\u00f3n: 110 &#8211; 220 v<\/li>\n<li style='margin-bottom: 8px;'>Temperatura de operaci\u00f3n: 0 a 40\u00b0 C<\/li>\n<li style='margin-bottom: 8px;'>Peso: 2.35 kg<\/li>\n<\/ul><\/div>\n<\/p><\/div>\n<p> <!-- Secci\u00f3n de videos --> <\/p>\n<div style='margin-top: 40px;'>\n<div style='margin-bottom: 30px;'>\n<h2 style='font-size: 20px; margin-top: 0; margin-bottom: 15px; color: inherit; opacity: 0.8;'>Failover y Balanceo<\/h2>\n<div style='position: relative; padding-bottom: 56.25%; height: 0; overflow: hidden; margin-bottom: 30px;'> <video style='position: absolute; top: 0; left: 0; width: 100%; height: 100%; border: 1px solid rgba(150&comma;150&comma;150&comma;0.3); border-radius: 8px;' loop muted controls><source src='https:\/\/www.ruijienetworks.com\/res\/UIB\/v4.0\/product-detail\/RJ-img\/sub-page\/page3-video.m4v' type='video\/mp4'>Tu navegador no soporta el elemento de video.<\/video> <\/div>\n<\/p><\/div>\n<div style='margin-bottom: 30px;'>\n<h2 style='font-size: 20px; margin-top: 0; margin-bottom: 15px; color: inherit; opacity: 0.8;'>Portal Cautivo&comma; Vouchers y mas.<\/h2>\n<div style='position: relative; padding-bottom: 56.25%; height: 0; overflow: hidden; margin-bottom: 30px;'> <video style='position: absolute; top: 0; left: 0; width: 100%; height: 100%; border: 1px solid rgba(150&comma;150&comma;150&comma;0.3); border-radius: 8px;' loop muted controls><source src='https:\/\/www.ruijienetworks.com\/res\/UIB\/v4.0\/product-detail\/RJ-img\/sub-page\/page5-video.m4v' type='video\/mp4'>Tu navegador no soporta el elemento de video.<\/video> <\/div>\n<\/p><\/div>\n<div style='margin-bottom: 30px;'>\n<h2 style='font-size: 20px; margin-top: 0; margin-bottom: 15px; color: inherit; opacity: 0.8;'>Bloqueo de Aplicaciones y sitios WEB<\/h2>\n<div style='position: relative; padding-bottom: 56.25%; height: 0; overflow: hidden; margin-bottom: 30px;'> <video style='position: absolute; top: 0; left: 0; width: 100%; height: 100%; border: 1px solid rgba(150&comma;150&comma;150&comma;0.3); border-radius: 8px;' loop muted controls><source src='https:\/\/www.ruijienetworks.com\/res\/UIB\/v4.0\/product-detail\/RJ-img\/sub-page\/page4-video.m4v' type='video\/mp4'>Tu navegador no soporta el elemento de video.<\/video> <\/div>\n<\/p><\/div>\n<\/p><\/div>\n<\/p><\/div>\n","protected":false},"excerpt":{"rendered":"<p>Router Balanceador Cloud, 10 puertos gigabit, soporta  4x WAN configurables, hasta 200 clientes con desempe\u00f1o de 1Gbps asim\u00e9tricos<\/p>\n","protected":false},"featured_media":87970,"comment_status":"open","ping_status":"closed","template":"","meta":[],"product_brand":[],"product_cat":[2036,2035,2034],"product_tag":[2039,2038,664,2037,2123],"class_list":{"0":"post-87971","1":"product","2":"type-product","3":"status-publish","4":"has-post-thumbnail","6":"product_cat-balanceadores","7":"product_cat-firewalls","8":"product_cat-routers","9":"product_tag-balanceadores","10":"product_tag-firewalls","11":"product_tag-networking","12":"product_tag-routers","13":"product_tag-ruijie","15":"first","16":"outofstock","17":"sale","18":"shipping-taxable","19":"purchasable","20":"product-type-simple"},"_links":{"self":[{"href":"https:\/\/soydeaqui.ddns.net\/pachuca\/index.php\/wp-json\/wp\/v2\/product\/87971","targetHints":{"allow":["GET"]}}],"collection":[{"href":"https:\/\/soydeaqui.ddns.net\/pachuca\/index.php\/wp-json\/wp\/v2\/product"}],"about":[{"href":"https:\/\/soydeaqui.ddns.net\/pachuca\/index.php\/wp-json\/wp\/v2\/types\/product"}],"replies":[{"embeddable":true,"href":"https:\/\/soydeaqui.ddns.net\/pachuca\/index.php\/wp-json\/wp\/v2\/comments?post=87971"}],"wp:featuredmedia":[{"embeddable":true,"href":"https:\/\/soydeaqui.ddns.net\/pachuca\/index.php\/wp-json\/wp\/v2\/media\/87970"}],"wp:attachment":[{"href":"https:\/\/soydeaqui.ddns.net\/pachuca\/index.php\/wp-json\/wp\/v2\/media?parent=87971"}],"wp:term":[{"taxonomy":"product_brand","embeddable":true,"href":"https:\/\/soydeaqui.ddns.net\/pachuca\/index.php\/wp-json\/wp\/v2\/product_brand?post=87971"},{"taxonomy":"product_cat","embeddable":true,"href":"https:\/\/soydeaqui.ddns.net\/pachuca\/index.php\/wp-json\/wp\/v2\/product_cat?post=87971"},{"taxonomy":"product_tag","embeddable":true,"href":"https:\/\/soydeaqui.ddns.net\/pachuca\/index.php\/wp-json\/wp\/v2\/product_tag?post=87971"}],"curies":[{"name":"wp","href":"https:\/\/api.w.org\/{rel}","templated":true}]}}