{"id":87950,"date":"2026-03-19T23:29:37","date_gmt":"2026-03-19T23:29:37","guid":{"rendered":"https:\/\/soydeaqui.ddns.net\/pachuca\/index.php\/producto\/convertidor-de-medios-fast-ethernet-a-100fx-conector-lc-multimodo\/"},"modified":"2026-03-19T23:29:38","modified_gmt":"2026-03-19T23:29:38","slug":"convertidor-de-medios-fast-ethernet-a-100fx-conector-lc-multimodo","status":"publish","type":"product","link":"https:\/\/soydeaqui.ddns.net\/pachuca\/index.php\/producto\/convertidor-de-medios-fast-ethernet-a-100fx-conector-lc-multimodo\/","title":{"rendered":"Convertidor de medios Fast Ethernet a 100FX conector LC, Multimodo"},"content":{"rendered":"<div style='width: 100%; max-width: 1200px; margin: 0 auto; font-family: sans-serif; line-height: 1.6; color: inherit; background-color: transparent;'> <!-- T\u00edtulo principal --> <\/p>\n<h1 style='font-size: 2rem; margin: 0 0 1em; font-weight: 400; line-height: 1.2; color: inherit;'> <span style='display: inline-block; vertical-align: inherit;'>Serie MMC<\/span> <\/h1>\n<p> <!-- Descripci\u00f3n corta --> <\/p>\n<div style='margin-bottom: 20px; font-size: 1.1rem; color: inherit;'> <span style='vertical-align: inherit;'>Convertidor de medios Fast Ethernet<\/span> <\/div>\n<p> <!-- Contenido principal --> <\/p>\n<div style='margin-bottom: 30px; font-size: 15px; color: inherit;'>\n<p style='margin-top: 0; margin-bottom: 1.2em;'> <span style='vertical-align: inherit;'>Los mini convertidores de medios ofrecen un tama\u00f1o m\u00e1s peque\u00f1o y una menor huella de carbono para ayudar al medio ambiente y ahorrar espacio en la oficina.<\/span> <\/p>\n<p style='margin-top: 0; margin-bottom: 1.2em;'> <span style='vertical-align: inherit;'> <span style='background-color: rgba(128&comma; 128&comma; 128&comma; 0.1); padding: 5px; border-radius: 4px; vertical-align: inherit;'> 10\/100TX a 100FX\/LC Multimodo Mini Media and <\/span> <br style='background-color: rgba(128&comma; 128&comma; 128&comma; 0.1);' \/> <span style='background-color: rgba(128&comma; 128&comma; 128&comma; 0.1); padding: 5px; border-radius: 4px; vertical-align: inherit;'> Rate Converter <\/span> <\/span> <\/p>\n<\/p><\/div>\n<p> <!-- Separador --> <\/p>\n<hr style='border: 0; border-top: 1px solid rgba(150&comma; 150&comma; 150&comma; 0.3); margin: 30px 0;'> <\/div>\n","protected":false},"excerpt":{"rendered":"<p>Convertidor de medios Fast Ethernet a 100FX conector LC, Multimodo<\/p>\n","protected":false},"featured_media":87949,"comment_status":"open","ping_status":"closed","template":"","meta":[],"product_brand":[],"product_cat":[2000],"product_tag":[1995,2001,664],"class_list":{"0":"post-87950","1":"product","2":"type-product","3":"status-publish","4":"has-post-thumbnail","6":"product_cat-convertidores-de-medios","7":"product_tag-allied-telesis","8":"product_tag-convertidores-de-medios","9":"product_tag-networking","11":"first","12":"instock","13":"sale","14":"shipping-taxable","15":"purchasable","16":"product-type-simple"},"_links":{"self":[{"href":"https:\/\/soydeaqui.ddns.net\/pachuca\/index.php\/wp-json\/wp\/v2\/product\/87950","targetHints":{"allow":["GET"]}}],"collection":[{"href":"https:\/\/soydeaqui.ddns.net\/pachuca\/index.php\/wp-json\/wp\/v2\/product"}],"about":[{"href":"https:\/\/soydeaqui.ddns.net\/pachuca\/index.php\/wp-json\/wp\/v2\/types\/product"}],"replies":[{"embeddable":true,"href":"https:\/\/soydeaqui.ddns.net\/pachuca\/index.php\/wp-json\/wp\/v2\/comments?post=87950"}],"wp:featuredmedia":[{"embeddable":true,"href":"https:\/\/soydeaqui.ddns.net\/pachuca\/index.php\/wp-json\/wp\/v2\/media\/87949"}],"wp:attachment":[{"href":"https:\/\/soydeaqui.ddns.net\/pachuca\/index.php\/wp-json\/wp\/v2\/media?parent=87950"}],"wp:term":[{"taxonomy":"product_brand","embeddable":true,"href":"https:\/\/soydeaqui.ddns.net\/pachuca\/index.php\/wp-json\/wp\/v2\/product_brand?post=87950"},{"taxonomy":"product_cat","embeddable":true,"href":"https:\/\/soydeaqui.ddns.net\/pachuca\/index.php\/wp-json\/wp\/v2\/product_cat?post=87950"},{"taxonomy":"product_tag","embeddable":true,"href":"https:\/\/soydeaqui.ddns.net\/pachuca\/index.php\/wp-json\/wp\/v2\/product_tag?post=87950"}],"curies":[{"name":"wp","href":"https:\/\/api.w.org\/{rel}","templated":true}]}}