{"id":87867,"date":"2026-03-19T23:25:58","date_gmt":"2026-03-19T23:25:58","guid":{"rendered":"https:\/\/soydeaqui.ddns.net\/pachuca\/index.php\/producto\/super-kit-wifi-y-ptmp-para-wisp-en-2-4-ghz-cobertura-de-hasta-500-m-antena-sectorial-de-15-dbi-con-100o-de-apertura-hasta-800-mw-de-potencia-carcasa-ip55-administracion-en-nube-gratis-con-insight\/"},"modified":"2026-03-19T23:25:59","modified_gmt":"2026-03-19T23:25:59","slug":"super-kit-wifi-y-ptmp-para-wisp-en-2-4-ghz-cobertura-de-hasta-500-m-antena-sectorial-de-15-dbi-con-100o-de-apertura-hasta-800-mw-de-potencia-carcasa-ip55-administracion-en-nube-gratis-con-insight","status":"publish","type":"product","link":"https:\/\/soydeaqui.ddns.net\/pachuca\/index.php\/producto\/super-kit-wifi-y-ptmp-para-wisp-en-2-4-ghz-cobertura-de-hasta-500-m-antena-sectorial-de-15-dbi-con-100o-de-apertura-hasta-800-mw-de-potencia-carcasa-ip55-administracion-en-nube-gratis-con-insight\/","title":{"rendered":"Super Kit WiFi y PTMP para WISP en 2.4 GHz, Cobertura de Hasta 500 m, Antena Sectorial de 15 dBi con 100\u00ba de Apertura, Hasta 800 mW de Potencia, Carcasa IP55, Administraci\u00f3n en Nube Gratis con INSIGHTS"},"content":{"rendered":"<div style='width: 100%; max-width: 1200px; margin: 0 auto; font-family: sans-serif; line-height: 1.6; color: inherit; background-color: transparent;'> <!-- Im\u00e1genes principales --> <\/p>\n<div style='display: flex; flex-wrap: wrap; justify-content: center; gap: 15px; margin-bottom: 30px;'> <img style='width: 100%; max-width: 300px; height: auto; border: 1px solid rgba(150&comma;150&comma;150&comma;0.3); border-radius: 8px;' src='https:\/\/ftp3.syscom.mx\/usuarios\/hortega\/Altai\/Altai.png' alt=''> <img style='width: 100%; max-width: 850px; height: auto; border: 1px solid rgba(150&comma;150&comma;150&comma;0.3); border-radius: 8px;' src='https:\/\/www.altaitechnologies.com\/wp-content\/uploads\/2024\/08\/Insights_Banner.png' alt='Insights'> <\/div>\n<p> <!-- Enlace a Insights --> <\/p>\n<div style='text-align: center; margin: 20px 0;'> <a style='font-size: 18px; font-weight: bold; color: #f29d12; text-decoration: none; background-color: #34495e; padding: 10px 20px; border-radius: 5px;' title='ACCESO INSIGHTS' href='https:\/\/forum.insights.altaitechnologies.com\/login' target='_blank' rel='noopener'>Crea AQU\u00cd tu cuenta INSIGHTS<\/a> <\/div>\n<p> <!-- Descripci\u00f3n principal --> <\/p>\n<div style='margin: 30px 0; font-size: 16px;'>\n<p style='text-align: center; margin: 0 0 20px; font-size: 14pt; color: inherit;'> El CPE\/AP WiFi Altai <strong>C1xn+<\/strong> est\u00e1 dise\u00f1ado como un componente esencial en el sistema Super Wi-Fi de Altai. Como el CPE\/AP m\u00e1s rentable del mercado&comma; puede operar como un <strong>AP<\/strong> para proporcionar cobertura Wi-Fi en ambientes externos&comma; como un <strong>repetidor<\/strong> para extensi\u00f3n de rango&comma; o como <strong>CPE<\/strong> para la provisi\u00f3n de acceso de banda ancha. <\/p>\n<\/p><\/div>\n<p> <!-- Especificaciones principales --> <\/p>\n<div style='margin: 30px 0;'>\n<div style='display: flex; flex-wrap: wrap; gap: 20px; margin-bottom: 30px;'>\n<div style='flex: 1 1 250px; min-width: 200px; border: 1px solid rgba(150&comma; 150&comma; 150&comma; 0.4); border-radius: 8px; overflow: hidden;'>\n<div style='padding: 15px; border-bottom: 1px solid rgba(150&comma; 150&comma; 150&comma; 0.2); font-weight: bold; font-size: 18px; color: inherit;'>Cobertura<\/div>\n<div style='padding: 15px; color: inherit;'>\n<ul style='padding-left: 20px; margin: 0; font-size: 14px; list-style-type: disc;'>\n<li style='margin-bottom: 5px;'><strong>Cobertura:<\/strong> 100\u00ba<\/li>\n<li style='margin-bottom: 5px;'><strong>Distancia M\u00e1xima:<\/strong> Hasta 500 metros para dispositivos Wi-Fi<\/li>\n<\/ul><\/div>\n<\/p><\/div>\n<div style='flex: 1 1 250px; min-width: 200px; border: 1px solid rgba(150&comma; 150&comma; 150&comma; 0.4); border-radius: 8px; overflow: hidden;'>\n<div style='padding: 15px; border-bottom: 1px solid rgba(150&comma; 150&comma; 150&comma; 0.2); font-weight: bold; font-size: 18px; color: inherit;'>Especificaciones T\u00e9cnicas<\/div>\n<div style='padding: 15px; color: inherit;'>\n<ul style='padding-left: 20px; margin: 0; font-size: 14px; list-style-type: disc;'>\n<li style='margin-bottom: 5px;'><strong>Est\u00e1ndar:<\/strong> 802.11 b\/g\/n<\/li>\n<li style='margin-bottom: 5px;'><strong>Velocidad:<\/strong> 300 Mbps<\/li>\n<li style='margin-bottom: 5px;'><strong>Potencia:<\/strong> 29 dBm Max. TX Power<\/li>\n<li style='margin-bottom: 5px;'><strong>Usuarios:<\/strong> 128 dispositivos concurrentes<\/li>\n<\/ul><\/div>\n<\/p><\/div>\n<div style='flex: 1 1 250px; min-width: 200px; border: 1px solid rgba(150&comma; 150&comma; 150&comma; 0.4); border-radius: 8px; overflow: hidden;'>\n<div style='padding: 15px; border-bottom: 1px solid rgba(150&comma; 150&comma; 150&comma; 0.2); font-weight: bold; font-size: 18px; color: inherit;'>Modos de Operaci\u00f3n<\/div>\n<div style='padding: 15px; color: inherit;'>\n<ul style='padding-left: 20px; margin: 0; font-size: 14px; list-style-type: disc;'>\n<li style='margin-bottom: 5px;'>Access Point<\/li>\n<li style='margin-bottom: 5px;'>Cliente<\/li>\n<li style='margin-bottom: 5px;'>Repetidor<\/li>\n<\/ul><\/div>\n<\/p><\/div>\n<\/p><\/div>\n<\/p><\/div>\n<p> <!-- Caracter\u00edsticas detalladas --> <\/p>\n<div style='display: flex; flex-wrap: wrap; gap: 20px; margin: 30px 0;'>\n<div style='flex: 1 1 300px; border-left: 5px solid #ff0000; border-radius: 5px; padding: 15px; box-shadow: 2px 2px 10px rgba(216&comma; 216&comma; 216&comma; 0.4);'>\n<h3 style='margin-top: 0; margin-bottom: 15px; font-size: 18px; color: inherit;'><strong>Caracter\u00edsticas Principales<\/strong><\/h3>\n<ul style='padding-left: 20px; margin: 0; font-size: 14px; list-style-type: disc; color: inherit;'>\n<li style='margin-bottom: 5px;'>Modo de operaci\u00f3n AP\/CPE\/Bridge\/Repetidor<\/li>\n<li style='margin-bottom: 5px;'>Est\u00e1ndar IEEE 802.11b\/g\/n<\/li>\n<li style='margin-bottom: 5px;'>Potencia: 29 dBm<\/li>\n<li style='margin-bottom: 5px;'>16 SSID (Max)<\/li>\n<li style='margin-bottom: 5px;'>Plataforma de administraci\u00f3n: Standalone&comma; AltaiGate&comma; AltaiCare<\/li>\n<li style='margin-bottom: 5px;'>Control de ancho de banda por AP o Cliente<\/li>\n<\/ul><\/div>\n<div style='flex: 1 1 300px; border-left: 5px solid #ff0000; border-radius: 5px; padding: 15px; box-shadow: 2px 2px 10px rgba(216&comma; 216&comma; 216&comma; 0.4);'>\n<h3 style='margin-top: 0; margin-bottom: 15px; font-size: 18px; color: inherit;'><strong>Caracter\u00edsticas F\u00edsicas y El\u00e9ctricas<\/strong><\/h3>\n<ul style='padding-left: 20px; margin: 0; font-size: 14px; list-style-type: disc; color: inherit;'>\n<li style='margin-bottom: 5px;'>Puerto Ethernet: 10\/100 Mbps<\/li>\n<li style='margin-bottom: 5px;'>Dimensiones: 240.5 x 80 x 27 mm<\/li>\n<li style='margin-bottom: 5px;'>Peso: 240g<\/li>\n<li style='margin-bottom: 5px;'><strong>Incluye PoE pasivo de 18 V<\/strong><\/li>\n<li style='margin-bottom: 5px;'>Consumo: 8 W m\u00e1x.<\/li>\n<li style='margin-bottom: 5px;'>Rango de temperatura: -20 a 55\u00b0C<\/li>\n<\/ul><\/div>\n<div style='flex: 1 1 300px; border-left: 5px solid #ff0000; border-radius: 5px; padding: 15px; box-shadow: 2px 2px 10px rgba(216&comma; 216&comma; 216&comma; 0.4);'>\n<h3 style='margin-top: 0; margin-bottom: 15px; font-size: 18px; color: inherit;'><strong>El Paquete Incluye<\/strong><\/h3>\n<ul style='padding-left: 20px; margin: 0; font-size: 14px; list-style-type: disc; color: inherit;'>\n<li style='margin-bottom: 5px;'>1 Punto de acceso C1XN+<\/li>\n<li style='margin-bottom: 5px;'>1 Antena sectorial SD.AN-2S15-01<\/li>\n<li style='margin-bottom: 5px;'>2 Jumpers SMA<\/li>\n<li style='margin-bottom: 5px;'>1 Cable Ethernet<\/li>\n<li style='margin-bottom: 5px;'>1 PoE<\/li>\n<\/ul><\/div>\n<\/p><\/div>\n<p> <!-- Separador --> <\/p>\n<hr style='border: 0; border-top: 1px solid rgba(150&comma; 150&comma; 150&comma; 0.3); margin: 30px 0;'> <!-- Videos --> <\/p>\n<div style='margin: 30px 0;'>\n<h3 style='text-align: center; font-size: 20px; margin-bottom: 20px; color: inherit;'>Videos Informativos<\/h3>\n<div style='display: flex; flex-wrap: wrap; gap: 15px; justify-content: center;'> <!-- Video 1 --> <\/p>\n<div style='flex: 1 1 546px; min-width: 300px; position: relative; padding-bottom: 56.25%; height: 0; overflow: hidden;'>   <\/div>\n<p> <!-- Video 2 --> <\/p>\n<div style='flex: 1 1 546px; min-width: 300px; position: relative; padding-bottom: 56.25%; height: 0; overflow: hidden;'>   <\/div>\n<p> <!-- Video 3 --> <\/p>\n<div style='flex: 1 1 356px; min-width: 300px; position: relative; padding-bottom: 56.25%; height: 0; overflow: hidden;'>   <\/div>\n<p> <!-- Video 4 --> <\/p>\n<div style='flex: 1 1 356px; min-width: 300px; position: relative; padding-bottom: 56.25%; height: 0; overflow: hidden;'>   <\/div>\n<p> <!-- Video 5 --> <\/p>\n<div style='flex: 1 1 356px; min-width: 300px; position: relative; padding-bottom: 56.25%; height: 0; overflow: hidden;'>   <\/div>\n<\/p><\/div>\n<\/p><\/div>\n<\/p><\/div>\n","protected":false},"excerpt":{"rendered":"<p>Super Kit WiFi y PTMP para WISP en 2.4 GHz, Cobertura de Hasta 500 m, Antena Sectorial de 15 dBi con 100\u00ba de Apertura, Hasta 800 mW de Potencia, Carcasa IP55, Administraci\u00f3n en Nube Gratis con INSIGHTS<\/p>\n","protected":false},"featured_media":87866,"comment_status":"open","ping_status":"closed","template":"","meta":[],"product_brand":[],"product_cat":[1794],"product_tag":[1950,1795,1479],"class_list":{"0":"post-87867","1":"product","2":"type-product","3":"status-publish","4":"has-post-thumbnail","6":"product_cat-puntos-de-acceso","7":"product_tag-altai-technologies","8":"product_tag-puntos-de-acceso","9":"product_tag-redes-wifi","11":"first","12":"instock","13":"sale","14":"shipping-taxable","15":"purchasable","16":"product-type-simple"},"_links":{"self":[{"href":"https:\/\/soydeaqui.ddns.net\/pachuca\/index.php\/wp-json\/wp\/v2\/product\/87867","targetHints":{"allow":["GET"]}}],"collection":[{"href":"https:\/\/soydeaqui.ddns.net\/pachuca\/index.php\/wp-json\/wp\/v2\/product"}],"about":[{"href":"https:\/\/soydeaqui.ddns.net\/pachuca\/index.php\/wp-json\/wp\/v2\/types\/product"}],"replies":[{"embeddable":true,"href":"https:\/\/soydeaqui.ddns.net\/pachuca\/index.php\/wp-json\/wp\/v2\/comments?post=87867"}],"wp:featuredmedia":[{"embeddable":true,"href":"https:\/\/soydeaqui.ddns.net\/pachuca\/index.php\/wp-json\/wp\/v2\/media\/87866"}],"wp:attachment":[{"href":"https:\/\/soydeaqui.ddns.net\/pachuca\/index.php\/wp-json\/wp\/v2\/media?parent=87867"}],"wp:term":[{"taxonomy":"product_brand","embeddable":true,"href":"https:\/\/soydeaqui.ddns.net\/pachuca\/index.php\/wp-json\/wp\/v2\/product_brand?post=87867"},{"taxonomy":"product_cat","embeddable":true,"href":"https:\/\/soydeaqui.ddns.net\/pachuca\/index.php\/wp-json\/wp\/v2\/product_cat?post=87867"},{"taxonomy":"product_tag","embeddable":true,"href":"https:\/\/soydeaqui.ddns.net\/pachuca\/index.php\/wp-json\/wp\/v2\/product_tag?post=87867"}],"curies":[{"name":"wp","href":"https:\/\/api.w.org\/{rel}","templated":true}]}}