{"id":87864,"date":"2026-03-19T23:25:50","date_gmt":"2026-03-19T23:25:50","guid":{"rendered":"https:\/\/soydeaqui.ddns.net\/pachuca\/index.php\/producto\/poderoso-kit-wifi-omnidireccional-en-2-4-ghz-para-wisp-hasta-200-m-de-cobertura-el-kit-incluye-punto-de-acceso-c1xn-y-2-x-antenas-de-9dbi-omnidireccionales-administracion-en-nube-gratis-con-ins\/"},"modified":"2026-03-19T23:25:51","modified_gmt":"2026-03-19T23:25:51","slug":"poderoso-kit-wifi-omnidireccional-en-2-4-ghz-para-wisp-hasta-200-m-de-cobertura-el-kit-incluye-punto-de-acceso-c1xn-y-2-x-antenas-de-9dbi-omnidireccionales-administracion-en-nube-gratis-con-ins","status":"publish","type":"product","link":"https:\/\/soydeaqui.ddns.net\/pachuca\/index.php\/producto\/poderoso-kit-wifi-omnidireccional-en-2-4-ghz-para-wisp-hasta-200-m-de-cobertura-el-kit-incluye-punto-de-acceso-c1xn-y-2-x-antenas-de-9dbi-omnidireccionales-administracion-en-nube-gratis-con-ins\/","title":{"rendered":"Poderoso Kit WiFi Omnidireccional en 2.4 GHz para WISP, Hasta +200 m de Cobertura, El Kit Incluye Punto de Acceso C1XN+ y  2 x Antenas de 9dBi  Omnidireccionales, Administraci\u00f3n en Nube Gratis con INSIGHTS"},"content":{"rendered":"<div style='width: 100%; max-width: 1200px; margin: 0 auto; font-family: sans-serif; line-height: 1.6; color: inherit; background-color: transparent;'> <!-- Im\u00e1genes --> <\/p>\n<div style='display: flex; flex-wrap: wrap; justify-content: center; gap: 20px; margin-bottom: 30px;'> <img style='width: 100%; max-width: 300px; height: auto; border: 1px solid rgba(150&comma;150&comma;150&comma;0.3); border-radius: 8px;' src='https:\/\/ftp3.syscom.mx\/usuarios\/hortega\/Altai\/Altai.png' alt='Logo Altai'> <img style='width: 100%; max-width: 850px; height: auto; border: 1px solid rgba(150&comma;150&comma;150&comma;0.3); border-radius: 8px;' src='https:\/\/www.altaitechnologies.com\/wp-content\/uploads\/2024\/08\/Insights_Banner.png' alt='Banner Insights'> <\/div>\n<p> <!-- Link a Insights --> <\/p>\n<div style='text-align: center; margin: 30px 0;'> <a style='color: #f29d12; text-decoration: none; background-color: #34495e; padding: 12px 20px; border-radius: 6px; font-weight: bold; font-size: 18px;' href='https:\/\/forum.insights.altaitechnologies.com\/login' target='_blank' rel='noopener'>Crea AQU\u00cd tu cuenta INSIGHTS<\/a> <\/div>\n<p> <!-- Separador --> <\/p>\n<hr style='border: 0; border-top: 1px solid rgba(150&comma; 150&comma; 150&comma; 0.3); margin: 30px 0;'> <!-- Cobertura --> <\/p>\n<div style='text-align: center; margin-bottom: 30px;'>\n<h3 style='font-size: 22px; border-bottom: 2px solid currentColor; padding-bottom: 5px; margin: 0 auto; display: inline-block; color: inherit;'><strong>Cobertura de 360\u00ba<\/strong><\/h3>\n<p style='margin: 15px 0 0; color: inherit;'><strong style='color: inherit;'>Distancia M\u00e1xima<\/strong> Hasta <strong>200 metros<\/strong> para dispositivos <strong>Wi-Fi<\/strong><\/p>\n<\/p><\/div>\n<p> <!-- Caracter\u00edsticas principales --> <\/p>\n<div style='display: flex; flex-wrap: wrap; gap: 30px; margin-bottom: 30px;'>\n<div style='flex: 1 1 300px; min-width: 280px;'>\n<h3 style='font-size: 18px; border-bottom: 2px solid currentColor; padding-bottom: 5px; margin-top: 0; color: inherit; opacity: 0.8;'>Caracter\u00edsticas Principales<\/h3>\n<ul style='padding-left: 20px; font-size: 15px; color: inherit;'>\n<li style='margin-bottom: 5px;'>Hasta 128 dispositivos clientes<\/li>\n<li style='margin-bottom: 5px;'>Administraci\u00f3n: Standalone&comma; Altaicare (cloud)&comma; AltaiGate (controlador Local)<\/li>\n<li style='margin-bottom: 5px;'>Hasta 200 m de cobertura WiFi con antenas omnidireccionales de 9 dBi<\/li>\n<li style='margin-bottom: 5px;'>Tecnolog\u00eda MIMO 2&#215;2<\/li>\n<li style='margin-bottom: 5px;'>Modos de operaci\u00f3n: AP\/CPE\/Repetidor\/Bridge<\/li>\n<li style='margin-bottom: 5px;'>Hasta 16 SSID<\/li>\n<li style='margin-bottom: 5px;'>Fast roaming<\/li>\n<li style='margin-bottom: 15px;'>Hasta 29dBm de potencia<\/li>\n<li style='margin-bottom: 5px;'>Modo Bridge (switch) y router (gateway)<\/li>\n<li style='margin-bottom: 5px;'>Est\u00e1ndar 802.11 b\/g\/n<\/li>\n<\/ul><\/div>\n<p> <!-- Caracter\u00edsticas f\u00edsicas --> <\/p>\n<div style='flex: 1 1 300px; min-width: 280px;'>\n<h3 style='font-size: 18px; border-bottom: 2px solid currentColor; padding-bottom: 5px; margin-top: 0; color: inherit; opacity: 0.8;'>Caracter\u00edsticas F\u00edsicas y El\u00e9ctricas<\/h3>\n<ul style='padding-left: 20px; font-size: 15px; color: inherit;'>\n<li style='margin-bottom: 5px;'>2 conectores SMA Hembra Inverso para antena externa (no incluye Jumpers)<\/li>\n<li style='margin-bottom: 5px;'>1 Puerto Fast Ethernet<\/li>\n<li style='margin-bottom: 5px;'>Opciones de montaje: escritorio&comma; pared y poste<\/li>\n<li style='margin-bottom: 5px;'><strong>Alimentaci\u00f3n:<\/strong> 18 Vcc v\u00eda inyector PoE pasivo (incluido)<\/li>\n<li style='margin-bottom: 5px;'><strong>PoE recomendado:<\/strong> <a style='color: #f29d12; text-decoration: none; font-weight: 600;' href='https:\/\/www.syscom.mx\/producto\/SD.PE-C1N1-US-ALTAI-TECHNOLOGIES-215331.html'>SD.PE-C1N1-US<\/a><\/li>\n<li style='margin-bottom: 5px;'><strong>Consumo:<\/strong> 8W (max)<\/li>\n<li style='margin-bottom: 5px;'><strong>Dimensiones:<\/strong> 24 x 8 x 2.7 cm<\/li>\n<li style='margin-bottom: 5px;'><strong>Peso:<\/strong> 240 g<\/li>\n<li style='margin-bottom: 5px;'><strong>Temperatura de operaci\u00f3n:<\/strong> -20 a 55 \u00b0C<\/li>\n<\/ul><\/div>\n<p> <!-- Contenido del paquete --> <\/p>\n<div style='flex: 1 1 300px; min-width: 280px;'>\n<h3 style='font-size: 18px; border-bottom: 2px solid currentColor; padding-bottom: 5px; margin-top: 0; color: inherit; opacity: 0.8;'>El Paquete Incluye<\/h3>\n<ul style='padding-left: 20px; font-size: 15px; color: inherit;'>\n<li style='margin-bottom: 5px;'>1 Punto de Acceso C1XN+<\/li>\n<li style='margin-bottom: 5px;'>1 Fuente de Voltaje de 18 V<\/li>\n<li style='margin-bottom: 5px;'>2 Antenas omnidireccionales de 9 dBi<\/li>\n<li style='margin-bottom: 5px;'>1 Cincho<\/li>\n<\/ul><\/div>\n<\/p><\/div>\n<p> <!-- Tabla de especificaciones --> <\/p>\n<div style='display: flex; flex-wrap: wrap; gap: 30px; margin-bottom: 30px;'>\n<div style='flex: 1 1 300px; min-width: 280px;'>\n<h3 style='font-size: 18px; border-bottom: 2px solid currentColor; padding-bottom: 5px; margin-top: 0; color: inherit; opacity: 0.8;'>Especificaciones T\u00e9cnicas<\/h3>\n<ul style='padding-left: 20px; font-size: 15px; color: inherit;'>\n<li style='margin-bottom: 5px;'><strong>Est\u00e1ndar:<\/strong> 802.11 b\/g\/n<\/li>\n<li style='margin-bottom: 5px;'><strong>Conectividad:<\/strong> 128 dispositivos concurrentes<\/li>\n<li style='margin-bottom: 5px;'><strong>Velocidad:<\/strong> 300 Mbps<\/li>\n<li style='margin-bottom: 5px;'><strong>Funciones:<\/strong> Access Point \/ Cliente \/ Repetidor \/ Bridge<\/li>\n<li style='margin-bottom: 5px;'><strong>Potencia:<\/strong> 29 dBm Max. TX Power<\/li>\n<li style='margin-bottom: 5px;'><strong>Administraci\u00f3n:<\/strong> Altai Care \/ On-Premise<\/li>\n<\/ul><\/div>\n<\/p><\/div>\n<p> <!-- Separador --> <\/p>\n<hr style='border: 0; border-top: 1px solid rgba(150&comma; 150&comma; 150&comma; 0.3); margin: 30px 0;'> <!-- Videos --> <\/p>\n<div style='display: flex; flex-wrap: wrap; gap: 20px; margin-bottom: 30px; justify-content: center;'> <!-- Video 1 --> <\/p>\n<div style='flex: 1 1 500px; min-width: 300px; max-width: 636px;'>\n<div style='position: relative; padding-bottom: 56.25%; height: 0; overflow: hidden;'>   <\/div>\n<\/p><\/div>\n<p> <!-- Video 2 --> <\/p>\n<div style='flex: 1 1 500px; min-width: 300px; max-width: 636px;'>\n<div style='position: relative; padding-bottom: 56.25%; height: 0; overflow: hidden;'>   <\/div>\n<\/p><\/div>\n<p> <!-- Video 3 --> <\/p>\n<div style='flex: 1 1 500px; min-width: 300px; max-width: 416px;'>\n<div style='position: relative; padding-bottom: 56.25%; height: 0; overflow: hidden;'>   <\/div>\n<\/p><\/div>\n<p> <!-- Video 4 --> <\/p>\n<div style='flex: 1 1 500px; min-width: 300px; max-width: 416px;'>\n<div style='position: relative; padding-bottom: 56.25%; height: 0; overflow: hidden;'>   <\/div>\n<\/p><\/div>\n<p> <!-- Video 5 --> <\/p>\n<div style='flex: 1 1 500px; min-width: 300px; max-width: 416px;'>\n<div style='position: relative; padding-bottom: 56.25%; height: 0; overflow: hidden;'>   <\/div>\n<\/p><\/div>\n<\/p><\/div>\n<p> <!-- Nota importante --> <\/p>\n<div style='background-color: rgba(184&comma;49&comma;47&comma;0.1); border-left: 4px solid #b8312f; padding: 15px; border-radius: 4px; margin: 20px 0;'>\n<p style='margin: 0; color: #b8312f; font-size: 14px; font-style: italic;'> La m\u00e1xima distancia en cobertura&comma; capacidad de dispositivos m\u00f3viles WiFi&comma; velocidades de conexi\u00f3n&comma; etc. depender\u00e1 particularmente de cada sitio de instalaci\u00f3n&comma; l\u00ednea de vista plena 100%&comma; niveles de ruido e interferencia&comma; tipo de dispositivos WiFi&comma; alineaci\u00f3n y altura de las antenas. <\/p>\n<\/p><\/div>\n<\/p><\/div>\n","protected":false},"excerpt":{"rendered":"<p>Poderoso Kit WiFi Omnidireccional en 2.4 GHz para WISP, Hasta +200 m de Cobertura, El Kit Incluye Punto de Acceso C1XN+ y  2 x Antenas de 9dBi  Omnidireccionales, Administraci\u00f3n en Nube Gratis con INSIGHTS<\/p>\n","protected":false},"featured_media":87863,"comment_status":"open","ping_status":"closed","template":"","meta":[],"product_brand":[],"product_cat":[1794],"product_tag":[1950,1795,1479],"class_list":{"0":"post-87864","1":"product","2":"type-product","3":"status-publish","4":"has-post-thumbnail","6":"product_cat-puntos-de-acceso","7":"product_tag-altai-technologies","8":"product_tag-puntos-de-acceso","9":"product_tag-redes-wifi","11":"first","12":"instock","13":"sale","14":"shipping-taxable","15":"purchasable","16":"product-type-simple"},"_links":{"self":[{"href":"https:\/\/soydeaqui.ddns.net\/pachuca\/index.php\/wp-json\/wp\/v2\/product\/87864","targetHints":{"allow":["GET"]}}],"collection":[{"href":"https:\/\/soydeaqui.ddns.net\/pachuca\/index.php\/wp-json\/wp\/v2\/product"}],"about":[{"href":"https:\/\/soydeaqui.ddns.net\/pachuca\/index.php\/wp-json\/wp\/v2\/types\/product"}],"replies":[{"embeddable":true,"href":"https:\/\/soydeaqui.ddns.net\/pachuca\/index.php\/wp-json\/wp\/v2\/comments?post=87864"}],"wp:featuredmedia":[{"embeddable":true,"href":"https:\/\/soydeaqui.ddns.net\/pachuca\/index.php\/wp-json\/wp\/v2\/media\/87863"}],"wp:attachment":[{"href":"https:\/\/soydeaqui.ddns.net\/pachuca\/index.php\/wp-json\/wp\/v2\/media?parent=87864"}],"wp:term":[{"taxonomy":"product_brand","embeddable":true,"href":"https:\/\/soydeaqui.ddns.net\/pachuca\/index.php\/wp-json\/wp\/v2\/product_brand?post=87864"},{"taxonomy":"product_cat","embeddable":true,"href":"https:\/\/soydeaqui.ddns.net\/pachuca\/index.php\/wp-json\/wp\/v2\/product_cat?post=87864"},{"taxonomy":"product_tag","embeddable":true,"href":"https:\/\/soydeaqui.ddns.net\/pachuca\/index.php\/wp-json\/wp\/v2\/product_tag?post=87864"}],"curies":[{"name":"wp","href":"https:\/\/api.w.org\/{rel}","templated":true}]}}