{"id":87862,"date":"2026-03-19T23:25:47","date_gmt":"2026-03-19T23:25:47","guid":{"rendered":"https:\/\/soydeaqui.ddns.net\/pachuca\/index.php\/producto\/super-kit-wifi-omnidireccional-en-2-4-ghz-para-wisp-hasta-300-m-de-cobertura-el-kit-incluye-punto-de-acceso-c1xn-y-antena-omnidireccional-de-10-dbi-administracion-en-nube-gratis-con-insights\/"},"modified":"2026-03-19T23:25:48","modified_gmt":"2026-03-19T23:25:48","slug":"super-kit-wifi-omnidireccional-en-2-4-ghz-para-wisp-hasta-300-m-de-cobertura-el-kit-incluye-punto-de-acceso-c1xn-y-antena-omnidireccional-de-10-dbi-administracion-en-nube-gratis-con-insights","status":"publish","type":"product","link":"https:\/\/soydeaqui.ddns.net\/pachuca\/index.php\/producto\/super-kit-wifi-omnidireccional-en-2-4-ghz-para-wisp-hasta-300-m-de-cobertura-el-kit-incluye-punto-de-acceso-c1xn-y-antena-omnidireccional-de-10-dbi-administracion-en-nube-gratis-con-insights\/","title":{"rendered":"Super Kit WiFi Omnidireccional en 2.4 GHz para WISP, Hasta 300 m de Cobertura, El Kit Incluye Punto de Acceso C1XN+ y Antena Omnidireccional  de 10 dBi, Administraci\u00f3n en Nube Gratis con INSIGHTS"},"content":{"rendered":"<div style='width: 100%; max-width: 1200px; margin: 0 auto; font-family: sans-serif; line-height: 1.6; color: inherit; background-color: transparent;'> <!-- Imagen principal --> <\/p>\n<div style='display: flex; justify-content: center; margin: 20px 0;'> <img style='width: 100%; max-width: 300px; height: auto; border: 1px solid rgba(150&comma;150&comma;150&comma;0.3); border-radius: 8px;' src='https:\/\/ftp3.syscom.mx\/usuarios\/hortega\/Altai\/Altai.png' alt=''> <\/div>\n<p> <!-- Banner Insights --> <\/p>\n<div style='display: flex; justify-content: center; margin: 30px 0;'> <img style='width: 100%; max-width: 850px; height: auto; border: 1px solid rgba(150&comma;150&comma;150&comma;0.3); border-radius: 8px;' src='https:\/\/www.altaitechnologies.com\/wp-content\/uploads\/2024\/08\/Insights_Banner.png' alt='Insights'> <\/div>\n<p> <!-- Enlace Insights --> <\/p>\n<div style='text-align: center; margin: 20px 0;'> <a style='color: #f29d12; font-weight: bold; font-size: 18px; background-color: #34495e; padding: 10px 20px; border-radius: 5px; text-decoration: none; display: inline-block;' href='https:\/\/forum.insights.altaitechnologies.com\/login' target='_blank' rel='noopener'>Crea AQUI tu cuenta INSIGHTS<\/a> <\/div>\n<p> <!-- Separador --> <\/p>\n<hr style='border: 0; border-top: 1px solid rgba(150&comma; 150&comma; 150&comma; 0.3); margin: 30px 0;'> <!-- Cobertura --> <\/p>\n<div style='text-align: center; margin: 20px 0;'>\n<h3 style='font-size: 22px; border-bottom: 2px solid currentColor; padding-bottom: 5px; margin: 0 0 10px; color: inherit; opacity: 0.8;'>Cobertura de 360\u00ba<\/h3>\n<p style='margin: 0; color: inherit;'><strong style='color: inherit;'>Distancia M\u00e1xima<\/strong> Hasta <strong>300 metros<\/strong> para dispositivos <strong>Wi-Fi<\/strong><\/p>\n<\/p><\/div>\n<p> <!-- Tabla de caracter\u00edsticas --> <\/p>\n<div style='display: flex; flex-wrap: wrap; gap: 20px; margin: 30px 0;'>\n<div style='flex: 1 1 250px; min-width: 200px;'>\n<div style='border: 1px solid rgba(150&comma;150&comma;150&comma;0.4); border-radius: 8px; overflow: hidden; display: flex; flex-direction: column;'>\n<div style='padding: 15px; border-bottom: 1px solid rgba(150&comma;150&comma;150&comma;0.2); font-weight: bold; font-size: 18px; color: inherit;'>Wi-Fi<\/div>\n<div style='padding: 15px; color: inherit;'>\n<ul style='padding-left: 20px; margin: 0; font-size: 14px; list-style-type: disc;'>\n<li style='margin-bottom: 5px;'><strong>Est\u00e1ndar:<\/strong> 802.11 b\/g\/n<\/li>\n<li style='margin-bottom: 5px;'><strong>Velocidad:<\/strong> 300 Mbps<\/li>\n<\/ul><\/div>\n<\/p><\/div>\n<\/p><\/div>\n<div style='flex: 1 1 250px; min-width: 200px;'>\n<div style='border: 1px solid rgba(150&comma;150&comma;150&comma;0.4); border-radius: 8px; overflow: hidden; display: flex; flex-direction: column;'>\n<div style='padding: 15px; border-bottom: 1px solid rgba(150&comma;150&comma;150&comma;0.2); font-weight: bold; font-size: 18px; color: inherit;'>Dispositivos<\/div>\n<div style='padding: 15px; color: inherit;'>\n<ul style='padding-left: 20px; margin: 0; font-size: 14px; list-style-type: disc;'>\n<li style='margin-bottom: 5px;'><strong>Concurrentes:<\/strong> 128 dispositivos<\/li>\n<li style='margin-bottom: 5px;'><strong>Modo:<\/strong> AP\/CPE\/Repetidor\/Bridge<\/li>\n<\/ul><\/div>\n<\/p><\/div>\n<\/p><\/div>\n<div style='flex: 1 1 250px; min-width: 200px;'>\n<div style='border: 1px solid rgba(150&comma;150&comma;150&comma;0.4); border-radius: 8px; overflow: hidden; display: flex; flex-direction: column;'>\n<div style='padding: 15px; border-bottom: 1px solid rgba(150&comma;150&comma;150&comma;0.2); font-weight: bold; font-size: 18px; color: inherit;'>Potencia<\/div>\n<div style='padding: 15px; color: inherit;'>\n<ul style='padding-left: 20px; margin: 0; font-size: 14px; list-style-type: disc;'>\n<li style='margin-bottom: 5px;'><strong>M\u00e1xima:<\/strong> 29 dBm<\/li>\n<li style='margin-bottom: 5px;'><strong>Soporte:<\/strong> Altai Care \/ On-Premise<\/li>\n<\/ul><\/div>\n<\/p><\/div>\n<\/p><\/div>\n<\/p><\/div>\n<p> <!-- Separador --> <\/p>\n<hr style='border: 0; border-top: 1px solid rgba(150&comma; 150&comma; 150&comma; 0.3); margin: 30px 0;'> <!-- Secci\u00f3n de especificaciones --> <\/p>\n<h3 style='font-size: 20px; border-bottom: 2px solid currentColor; padding-bottom: 5px; margin: 20px 0; color: inherit; opacity: 0.8;'>Especificaciones<\/h3>\n<div style='display: flex; flex-wrap: wrap; gap: 20px; margin: 20px 0;'> <!-- Caracter\u00edsticas Principales --> <\/p>\n<div style='flex: 1 1 300px; min-width: 280px;'>\n<div style='border: 1px solid rgba(150&comma;150&comma;150&comma;0.4); border-radius: 8px; overflow: hidden; display: flex; flex-direction: column;'>\n<div style='padding: 15px; border-bottom: 1px solid rgba(150&comma;150&comma;150&comma;0.2); font-weight: bold; font-size: 18px; color: #fff; background-color: #34495e;'>Caracter\u00edsticas Principales:<\/div>\n<div style='padding: 15px; color: inherit;'>\n<ul style='padding-left: 20px; margin: 0; font-size: 14px; list-style-type: disc;'>\n<li style='margin-bottom: 5px;'>Hasta 128 dispositivos clientes<\/li>\n<li style='margin-bottom: 5px;'>Administraci\u00f3n: Standalone&comma; Altaicare (cloud)&comma; AltaiGate (controlador Local)<\/li>\n<li style='margin-bottom: 5px;'>Hasta 300 m de cobertura WiFi con antena omnidireccional de 10 dBi<\/li>\n<li style='margin-bottom: 5px;'>Tecnolog\u00eda MIMO 2&#215;2<\/li>\n<li style='margin-bottom: 5px;'>Modos de operaci\u00f3n: AP\/CPE\/Repetidor\/Bridge<\/li>\n<li style='margin-bottom: 5px;'>Hasta 16 SSID<\/li>\n<li style='margin-bottom: 5px;'>Fast roaming<\/li>\n<li style='margin-bottom: 5px;'>Hasta 29dBm de potencia<\/li>\n<li style='margin-bottom: 5px;'>Modo Bridge (switch) y router (gateway)<\/li>\n<li style='margin-bottom: 5px;'>Est\u00e1ndar 802.11 b\/g\/n<\/li>\n<\/ul><\/div>\n<\/p><\/div>\n<\/p><\/div>\n<p> <!-- Caracter\u00edsticas F\u00edsicas y El\u00e9ctricas --> <\/p>\n<div style='flex: 1 1 300px; min-width: 280px;'>\n<div style='border: 1px solid rgba(150&comma;150&comma;150&comma;0.4); border-radius: 8px; overflow: hidden; display: flex; flex-direction: column;'>\n<div style='padding: 15px; border-bottom: 1px solid rgba(150&comma;150&comma;150&comma;0.2); font-weight: bold; font-size: 18px; color: #fff; background-color: #34495e;'>Caracter\u00edsticas F\u00edsicas y El\u00e9ctricas:<\/div>\n<div style='padding: 15px; color: inherit;'>\n<ul style='padding-left: 20px; margin: 0; font-size: 14px; list-style-type: disc;'>\n<li style='margin-bottom: 5px;'>2 conectores SMA Hembra Inverso para antena externa (no incluye Jumpers)<\/li>\n<li style='margin-bottom: 5px;'>1 Puerto Fast Ethernet<\/li>\n<li style='margin-bottom: 5px;'>Opciones de montaje: escritorio&comma; pared y poste<\/li>\n<li style='margin-bottom: 5px;'><strong>Alimentaci\u00f3n:<\/strong> 18 Vcc v\u00eda inyector PoE pasivo (incluido)<\/li>\n<li style='margin-bottom: 5px;'><strong>PoE recomendado:<\/strong> <a style='color: #0d6efd; text-decoration: none;' href='https:\/\/www.syscom.mx\/producto\/SD.PE-C1N1-US-ALTAI-TECHNOLOGIES-215331.html' target='_blank' rel='noopener'>SD.PE-C1N1-US<\/a><\/li>\n<li style='margin-bottom: 5px;'>Consumo de 8W (m\u00e1ximo)<\/li>\n<li style='margin-bottom: 5px;'>Dimensiones: 24 x 8 x 2.7 cm<\/li>\n<li style='margin-bottom: 5px;'>Peso: 240 g<\/li>\n<li style='margin-bottom: 5px;'>Soporta temperatura de -20 a 55 \u00b0C<\/li>\n<\/ul><\/div>\n<\/p><\/div>\n<\/p><\/div>\n<p> <!-- Contenido del paquete --> <\/p>\n<div style='flex: 1 1 300px; min-width: 280px;'>\n<div style='border: 1px solid rgba(150&comma;150&comma;150&comma;0.4); border-radius: 8px; overflow: hidden; display: flex; flex-direction: column;'>\n<div style='padding: 15px; border-bottom: 1px solid rgba(150&comma;150&comma;150&comma;0.2); font-weight: bold; font-size: 18px; color: #fff; background-color: #34495e;'>El Paquete Incluye:<\/div>\n<div style='padding: 15px; color: inherit;'>\n<ul style='padding-left: 20px; margin: 0; font-size: 14px; list-style-type: disc;'>\n<li style='margin-bottom: 5px;'>1 Punto de Acceso C1XN+<\/li>\n<li style='margin-bottom: 5px;'>1 Antena omnidireccional SD.AN-2M10-00<\/li>\n<li style='margin-bottom: 5px;'>1 Fuente de Voltaje de 18 V<\/li>\n<li style='margin-bottom: 5px;'>Accesorios para montaje en poste<\/li>\n<\/ul><\/div>\n<\/p><\/div>\n<\/p><\/div>\n<\/p><\/div>\n<p> <!-- Separador --> <\/p>\n<hr style='border: 0; border-top: 1px solid rgba(150&comma; 150&comma; 150&comma; 0.3); margin: 30px 0;'> <!-- Videos --> <\/p>\n<div style='display: flex; flex-wrap: wrap; gap: 20px; margin: 30px 0;'> <!-- Video 1 --> <\/p>\n<div style='flex: 1 1 400px; min-width: 300px;'>\n<div style='position: relative; padding-bottom: 56.25%; height: 0; overflow: hidden; margin-bottom: 30px;'>   <\/div>\n<\/p><\/div>\n<p> <!-- Video 2 --> <\/p>\n<div style='flex: 1 1 400px; min-width: 300px;'>\n<div style='position: relative; padding-bottom: 56.25%; height: 0; overflow: hidden; margin-bottom: 30px;'>   <\/div>\n<\/p><\/div>\n<\/p><\/div>\n<div style='display: flex; flex-wrap: wrap; gap: 20px; margin: 30px 0;'> <!-- Video 3 --> <\/p>\n<div style='flex: 1 1 400px; min-width: 300px;'>\n<div style='position: relative; padding-bottom: 56.25%; height: 0; overflow: hidden; margin-bottom: 30px;'>   <\/div>\n<\/p><\/div>\n<p> <!-- Video 4 --> <\/p>\n<div style='flex: 1 1 400px; min-width: 300px;'>\n<div style='position: relative; padding-bottom: 56.25%; height: 0; overflow: hidden; margin-bottom: 30px;'>   <\/div>\n<\/p><\/div>\n<\/p><\/div>\n<p> <!-- Nota importante --> <\/p>\n<div style='margin: 20px 0; padding: 15px; border-left: 3px solid #b8312f; background-color: rgba(184&comma;49&comma;47&comma;0.1);'>\n<p style='margin: 0; color: #b8312f; font-size: 14px;'> <em>La m\u00e1xima distancia en cobertura&comma; capacidad de dispositivos m\u00f3viles WiFi&comma; velocidades de conexi\u00f3n&comma; etc. depender\u00e1 particularmente de cada sitio de instalaci\u00f3n&comma; l\u00ednea de vista plena 100%&comma; niveles de ruido e interferencia&comma; tipo de dispositivos WiFi&comma; alineaci\u00f3n y altura de las antenas.<\/em> <\/p>\n<\/p><\/div>\n<\/p><\/div>\n","protected":false},"excerpt":{"rendered":"<p>Super Kit WiFi Omnidireccional en 2.4 GHz para WISP, Hasta 300 m de Cobertura, El Kit Incluye Punto de Acceso C1XN+ y Antena Omnidireccional  de 10 dBi, Administraci\u00f3n en Nube Gratis con INSIGHTS<\/p>\n","protected":false},"featured_media":87861,"comment_status":"open","ping_status":"closed","template":"","meta":[],"product_brand":[],"product_cat":[1794],"product_tag":[1950,1795,1479],"class_list":{"0":"post-87862","1":"product","2":"type-product","3":"status-publish","4":"has-post-thumbnail","6":"product_cat-puntos-de-acceso","7":"product_tag-altai-technologies","8":"product_tag-puntos-de-acceso","9":"product_tag-redes-wifi","11":"first","12":"instock","13":"sale","14":"shipping-taxable","15":"purchasable","16":"product-type-simple"},"_links":{"self":[{"href":"https:\/\/soydeaqui.ddns.net\/pachuca\/index.php\/wp-json\/wp\/v2\/product\/87862","targetHints":{"allow":["GET"]}}],"collection":[{"href":"https:\/\/soydeaqui.ddns.net\/pachuca\/index.php\/wp-json\/wp\/v2\/product"}],"about":[{"href":"https:\/\/soydeaqui.ddns.net\/pachuca\/index.php\/wp-json\/wp\/v2\/types\/product"}],"replies":[{"embeddable":true,"href":"https:\/\/soydeaqui.ddns.net\/pachuca\/index.php\/wp-json\/wp\/v2\/comments?post=87862"}],"wp:featuredmedia":[{"embeddable":true,"href":"https:\/\/soydeaqui.ddns.net\/pachuca\/index.php\/wp-json\/wp\/v2\/media\/87861"}],"wp:attachment":[{"href":"https:\/\/soydeaqui.ddns.net\/pachuca\/index.php\/wp-json\/wp\/v2\/media?parent=87862"}],"wp:term":[{"taxonomy":"product_brand","embeddable":true,"href":"https:\/\/soydeaqui.ddns.net\/pachuca\/index.php\/wp-json\/wp\/v2\/product_brand?post=87862"},{"taxonomy":"product_cat","embeddable":true,"href":"https:\/\/soydeaqui.ddns.net\/pachuca\/index.php\/wp-json\/wp\/v2\/product_cat?post=87862"},{"taxonomy":"product_tag","embeddable":true,"href":"https:\/\/soydeaqui.ddns.net\/pachuca\/index.php\/wp-json\/wp\/v2\/product_tag?post=87862"}],"curies":[{"name":"wp","href":"https:\/\/api.w.org\/{rel}","templated":true}]}}