{"id":87841,"date":"2026-03-19T23:24:52","date_gmt":"2026-03-19T23:24:52","guid":{"rendered":"https:\/\/soydeaqui.ddns.net\/pachuca\/index.php\/producto\/tranceptor-40-gbps-qsfp-150-metros\/"},"modified":"2026-03-19T23:24:54","modified_gmt":"2026-03-19T23:24:54","slug":"tranceptor-40-gbps-qsfp-150-metros","status":"publish","type":"product","link":"https:\/\/soydeaqui.ddns.net\/pachuca\/index.php\/producto\/tranceptor-40-gbps-qsfp-150-metros\/","title":{"rendered":"Tranceptor 40 Gbps QSFP+ 150 Metros"},"content":{"rendered":"<div style='width: 100%; max-width: 1200px; margin: 0 auto; font-family: sans-serif; line-height: 1.6; color: inherit; background-color: transparent;'>\n<div style='width: 100%; margin: 0 auto; padding: 20px 0;'> <img style='width: 100%; height: auto; border: 1px solid rgba(150&comma;150&comma;150&comma;0.3); border-radius: 8px;' src='https:\/\/ftp3.syscom.mx\/usuarios\/fotos\/Q+85MP01D\/204320-q+85mp01d_banner.png' alt='Banner'> <\/div>\n<div style='display: flex; flex-wrap: wrap; gap: 30px; margin-bottom: 30px;'>\n<div style='flex: 1 1 300px; min-width: 280px;'>\n<h3 style='font-size: 22px; border-bottom: 2px solid currentColor; padding-bottom: 5px; margin-top: 0; color: inherit; opacity: 0.8;'>Descripci\u00f3n<\/h3>\n<p style='font-size: 15px; color: inherit; margin-bottom: 15px;'>Este es un m\u00f3dulo \u00f3ptico con conector MTP\/MPO para una matriz de 12 fibras que requiere un cable \u00f3ptico MTP\/MPO de polaridad tipo B hembra-hembra&comma; que ofrece 4 canales d\u00faplex completos independientes con hasta 10 Gbps por ancho de banda de canal y ancho de banda agregado de 40 Gbps.<\/p>\n<p style='font-size: 15px; color: inherit; margin-bottom: 15px;'>Puede proporcionar una conexi\u00f3n de m\u00e1s de 100 m en fibra multimodo OM3 (MMF) y 150 m en OM4 MMF. El m\u00f3dulo tiene funciones de diagn\u00f3stico digital integradas&comma; incluido el monitoreo de potencia \u00f3ptica&comma; y funcionar\u00e1 bien en entornos de hasta 70 \u00b0C.<\/p>\n<p style='font-size: 15px; color: inherit; margin-bottom: 15px;'>Ha sido dise\u00f1ado para cumplir con las condiciones m\u00e1s duras&comma; incluyendo temperatura&comma; humedad e interferencia EMI&comma; por lo que definitivamente recomendamos esto como una soluci\u00f3n confiable para todos sus dispositivos QSFP+ de 40 Gbps.<\/p>\n<\/p><\/div>\n<\/p><\/div>\n<hr style='border: 0; border-top: 1px solid rgba(150&comma; 150&comma; 150&comma; 0.3); margin: 30px 0;'>\n<div style='display: flex; flex-wrap: wrap; gap: 20px; margin-bottom: 30px;'>\n<div style='flex: 1 1 250px; border: 1px solid rgba(150&comma; 150&comma; 150&comma; 0.4); border-radius: 8px; overflow: hidden; display: flex; flex-direction: column;'>\n<div style='padding: 15px; border-bottom: 1px solid rgba(150&comma; 150&comma; 150&comma; 0.2); font-weight: bold; font-size: 18px; color: inherit;'>Especificaciones<\/div>\n<div style='padding: 15px; color: inherit;'>\n<ul style='padding-left: 20px; margin: 0; font-size: 14px; list-style-type: disc;'>\n<li style='margin-bottom: 5px;'><strong>C\u00f3digo de producto:<\/strong> Q+85MP01D<\/li>\n<li style='margin-bottom: 5px;'><strong>Conector:<\/strong> 1&#215;12 MTP\/MPO<\/li>\n<li style='margin-bottom: 5px;'><strong>Velocidad de datos:<\/strong> 40 Gbps<\/li>\n<li style='margin-bottom: 5px;'><strong>Distancia:<\/strong> 150 m<\/li>\n<li style='margin-bottom: 5px;'><strong>Formato:<\/strong> QSFP+<\/li>\n<li style='margin-bottom: 5px;'><strong>Modo:<\/strong> MM<\/li>\n<li style='margin-bottom: 5px;'><strong>Longitud de onda:<\/strong> 850 nm<\/li>\n<\/ul><\/div>\n<\/p><\/div>\n<\/p><\/div>\n<div style='width: 100%; max-width: 400px; margin: 0 auto; padding: 20px 0;'> <img style='width: 100%; height: auto; border: 1px solid rgba(150&comma;150&comma;150&comma;0.3); border-radius: 8px;' src='https:\/\/ftp3.syscom.mx\/usuarios\/fotos\/SDA0001\/82010-garantia1.png' alt='Garant\u00eda'> <\/div>\n<\/p><\/div>\n","protected":false},"excerpt":{"rendered":"<p>Tranceptor 40 Gbps QSFP+ 150 Metros<\/p>\n","protected":false},"featured_media":87840,"comment_status":"open","ping_status":"closed","template":"","meta":[],"product_brand":[],"product_cat":[663],"product_tag":[643,664,665],"class_list":{"0":"post-87841","1":"product","2":"type-product","3":"status-publish","4":"has-post-thumbnail","6":"product_cat-transceptores-de-fibra","7":"product_tag-mikrotik","8":"product_tag-networking","9":"product_tag-transceptores-de-fibra","11":"first","12":"outofstock","13":"sale","14":"shipping-taxable","15":"purchasable","16":"product-type-simple"},"_links":{"self":[{"href":"https:\/\/soydeaqui.ddns.net\/pachuca\/index.php\/wp-json\/wp\/v2\/product\/87841","targetHints":{"allow":["GET"]}}],"collection":[{"href":"https:\/\/soydeaqui.ddns.net\/pachuca\/index.php\/wp-json\/wp\/v2\/product"}],"about":[{"href":"https:\/\/soydeaqui.ddns.net\/pachuca\/index.php\/wp-json\/wp\/v2\/types\/product"}],"replies":[{"embeddable":true,"href":"https:\/\/soydeaqui.ddns.net\/pachuca\/index.php\/wp-json\/wp\/v2\/comments?post=87841"}],"wp:featuredmedia":[{"embeddable":true,"href":"https:\/\/soydeaqui.ddns.net\/pachuca\/index.php\/wp-json\/wp\/v2\/media\/87840"}],"wp:attachment":[{"href":"https:\/\/soydeaqui.ddns.net\/pachuca\/index.php\/wp-json\/wp\/v2\/media?parent=87841"}],"wp:term":[{"taxonomy":"product_brand","embeddable":true,"href":"https:\/\/soydeaqui.ddns.net\/pachuca\/index.php\/wp-json\/wp\/v2\/product_brand?post=87841"},{"taxonomy":"product_cat","embeddable":true,"href":"https:\/\/soydeaqui.ddns.net\/pachuca\/index.php\/wp-json\/wp\/v2\/product_cat?post=87841"},{"taxonomy":"product_tag","embeddable":true,"href":"https:\/\/soydeaqui.ddns.net\/pachuca\/index.php\/wp-json\/wp\/v2\/product_tag?post=87841"}],"curies":[{"name":"wp","href":"https:\/\/api.w.org\/{rel}","templated":true}]}}