{"id":87835,"date":"2026-03-19T23:24:36","date_gmt":"2026-03-19T23:24:36","guid":{"rendered":"https:\/\/soydeaqui.ddns.net\/pachuca\/index.php\/producto\/disco-duro-purple-de-6tb-3-anos-de-garantia-para-videovigilancia-3\/"},"modified":"2026-03-19T23:24:49","modified_gmt":"2026-03-19T23:24:49","slug":"disco-duro-purple-de-6tb-3-anos-de-garantia-para-videovigilancia-3","status":"publish","type":"product","link":"https:\/\/soydeaqui.ddns.net\/pachuca\/index.php\/producto\/disco-duro-purple-de-6tb-3-anos-de-garantia-para-videovigilancia-3\/","title":{"rendered":"Disco Duro PURPLE de 6TB \/ 3 A\u00d1OS DE GARANT\u00cdA \/ Para Videovigilancia"},"content":{"rendered":"<div style='width: 100%; max-width: 1200px; margin: 0 auto; font-family: sans-serif; line-height: 1.6; color: inherit; background-color: transparent;'> <!-- Imagen principal --> <\/p>\n<div style='width: 100%; margin-bottom: 30px;'> <img style='width: 100%; height: auto; border: 1px solid rgba(150&comma;150&comma;150&comma;0.3); border-radius: 8px;' src='https:\/\/ftp3.syscom.mx\/usuarios\/xguereque\/wd\/imagenes\/Promocion-purple-Tabla.jpg' alt='Tabla comparativa WD Purple'> <\/div>\n<p> <!-- Secci\u00f3n principal --> <\/p>\n<div style='display: flex; flex-wrap: wrap; gap: 30px; margin-bottom: 30px;'>\n<div style='flex: 1 1 300px; min-width: 280px;'>\n<h3 style='font-size: 22px; border-bottom: 2px solid currentColor; padding-bottom: 5px; margin-top: 0; color: inherit; opacity: 0.8;'>Almacenamiento definitivo para estar protegido<\/h3>\n<p style='font-size: 15px; color: inherit; margin-bottom: 15px;'>Creado para sistemas de seguridad de alta definici\u00f3n que operan de forma ininterrumpida (24\/7). Los discos WD Purple cuentan con una carga de trabajo de hasta 180TB\/a\u00f1o&comma; soportan hasta 64 c\u00e1maras y est\u00e1n optimizados para sistemas de videovigilancia.<\/p>\n<ul style='padding-left: 20px; font-size: 15px; color: inherit;'>\n<li style='margin-bottom: 5px;'>El disco duro adecuado para el trabajo adecuado<\/li>\n<li style='margin-bottom: 5px;'>Rendimiento en el que puede confiar<\/li>\n<li style='margin-bottom: 5px;'>Ampl\u00ede su visi\u00f3n hasta 64 c\u00e1maras<\/li>\n<\/ul><\/div>\n<div style='flex: 1 1 300px; min-width: 280px;'>\n<h3 style='font-size: 22px; border-bottom: 2px solid currentColor; padding-bottom: 5px; margin-top: 0; color: inherit; opacity: 0.8;'>Caracter\u00edsticas t\u00e9cnicas<\/h3>\n<ul style='padding-left: 20px; font-size: 15px; color: inherit;'>\n<li style='margin-bottom: 5px;'><strong>Capacidad:<\/strong> 6 TB<\/li>\n<li style='margin-bottom: 5px;'><strong>Factor de forma:<\/strong> 3.5 pulgadas<\/li>\n<li style='margin-bottom: 5px;'><strong>Velocidad de transferencia:<\/strong> 6Gb\/s<\/li>\n<li style='margin-bottom: 5px;'><strong>Velocidad de rotaci\u00f3n:<\/strong> 5640RPM<\/li>\n<li style='margin-bottom: 5px;'><strong>Interfaz:<\/strong> SATA III&comma; 6.0 Gb\/s<\/li>\n<li style='margin-bottom: 5px;'><strong>Cach\u00e9:<\/strong> 128MB<\/li>\n<li style='margin-bottom: 5px;'><strong>Cantidad de c\u00e1maras:<\/strong> Hasta 64 c\u00e1maras HD<\/li>\n<li style='margin-bottom: 5px;'><strong>Carga de trabajo:<\/strong> Hasta 180TB\/a\u00f1o<\/li>\n<\/ul><\/div>\n<\/p><\/div>\n<p> <!-- Secci\u00f3n de integraci\u00f3n --> <\/p>\n<div style='margin-bottom: 30px;'>\n<h3 style='font-size: 22px; border-bottom: 2px solid currentColor; padding-bottom: 5px; margin-top: 0; color: inherit; opacity: 0.8;'>Integraci\u00f3n impecable<\/h3>\n<p style='font-size: 15px; color: inherit;'>La compatibilidad con una amplia gama de dispositivos y chipsets l\u00edderes en el sector asegura que sin duda encontrar\u00e1 la configuraci\u00f3n y compatibilidad que se ajusten a su DVR\/NVR.<\/p>\n<\/p><\/div>\n<p> <!-- Secci\u00f3n de eficiencia --> <\/p>\n<div style='margin-bottom: 30px;'>\n<h3 style='font-size: 22px; border-bottom: 2px solid currentColor; padding-bottom: 5px; margin-top: 0; color: inherit; opacity: 0.8;'>Menos es m\u00e1s<\/h3>\n<p style='font-size: 15px; color: inherit;'>Un bajo consumo de energ\u00eda es crucial en un entorno de videovigilancia que funciona permanentemente y alcanza altas temperaturas. La tecnolog\u00eda IntelliSeek ayuda a reducir las vibraciones y el ruido ambiental.<\/p>\n<\/p><\/div>\n<p> <!-- Secci\u00f3n de diferencias --> <\/p>\n<div style='margin-bottom: 30px;'>\n<h3 style='font-size: 22px; border-bottom: 2px solid currentColor; padding-bottom: 5px; margin-top: 0; color: inherit; opacity: 0.8;'>Diferencias entre WD Purple y discos para PC<\/h3>\n<p style='font-size: 15px; color: inherit; margin-bottom: 15px;'>El disco duro WD Purple est\u00e1 espec\u00edficamente dise\u00f1ado para soluciones de videovigilancia que funcionan 24\/7 y est\u00e1 optimizado con la tecnolog\u00eda AllFrame4k<sup>TM<\/sup> para una mejor reproducci\u00f3n y rendimiento del sistema.<\/p>\n<p style='font-size: 15px; color: inherit;'>Los discos duros WD Purple admiten el triple de carga de trabajo de los discos para PC (dise\u00f1ados para trabajar 8\/5)&comma; lo que hace que puedan gestionar las demandas m\u00e1s exigentes de los sistemas de videovigilancia.<\/p>\n<\/p><\/div>\n<p> <!-- Video de YouTube --> <\/p>\n<div style='position: relative; padding-bottom: 56.25%; height: 0; overflow: hidden; margin-bottom: 30px;'>   <\/div>\n<p> <!-- Secci\u00f3n de especificaciones --> <\/p>\n<div style='display: flex; flex-wrap: wrap; gap: 20px; margin-bottom: 30px;'>\n<div style='flex: 1 1 300px; border: 1px solid rgba(150&comma; 150&comma; 150&comma; 0.4); border-radius: 8px; overflow: hidden; display: flex; flex-direction: column;'>\n<div style='padding: 15px; border-bottom: 1px solid rgba(150&comma; 150&comma; 150&comma; 0.2); font-weight: bold; font-size: 18px; color: inherit;'>Especificaciones t\u00e9cnicas<\/div>\n<div style='padding: 15px; color: inherit;'>\n<ul style='padding-left: 20px; margin: 0; font-size: 14px; list-style-type: disc;'>\n<li style='margin-bottom: 5px;'><strong>Host a\/desde disco:<\/strong> 185 MB\/s<\/li>\n<li style='margin-bottom: 5px;'><strong>Cantidad de bah\u00edas:<\/strong> De 1 a 8<\/li>\n<li style='margin-bottom: 5px;'><strong>Resoluci\u00f3n:<\/strong> HD<\/li>\n<\/ul><\/div>\n<\/p><\/div>\n<div style='flex: 1 1 300px; border: 1px solid rgba(150&comma; 150&comma; 150&comma; 0.4); border-radius: 8px; overflow: hidden; display: flex; flex-direction: column;'>\n<div style='padding: 15px; border-bottom: 1px solid rgba(150&comma; 150&comma; 150&comma; 0.2); font-weight: bold; font-size: 18px; color: inherit;'>Caracter\u00edsticas f\u00edsicas y el\u00e9ctricas<\/div>\n<div style='padding: 15px; color: inherit;'>\n<ul style='padding-left: 20px; margin: 0; font-size: 14px; list-style-type: disc;'>\n<li style='margin-bottom: 5px;'><strong>Temperatura operaci\u00f3n:<\/strong> 0 &#8211; 65 \u00baC<\/li>\n<li style='margin-bottom: 5px;'><strong>Temperatura almacenamiento:<\/strong> -40 &#8211; 70 \u00baC<\/li>\n<li style='margin-bottom: 5px;'><strong>Consumo el\u00e9ctrico:<\/strong> 6.2W (lectura\/escritura)<\/li>\n<li style='margin-bottom: 5px;'><strong>Dimensiones:<\/strong> 25.4 x 147 x 101.6mm<\/li>\n<li style='margin-bottom: 5px;'><strong>Peso:<\/strong> 720g<\/li>\n<\/ul><\/div>\n<\/p><\/div>\n<\/p><\/div>\n<p> <!-- Secci\u00f3n de garant\u00eda --> <\/p>\n<div style='margin-bottom: 30px;'>\n<h3 style='font-size: 22px; border-bottom: 2px solid currentColor; padding-bottom: 5px; margin-top: 0; color: inherit; opacity: 0.8;'>Garant\u00eda<\/h3>\n<p style='font-size: 15px; color: inherit;'><strong>Garant\u00eda:<\/strong> 3 A\u00f1os. SYSCOM \u00fanico distribuidor autorizado para ofrecer garant\u00eda de discos duros <strong>SIN COMPLICACIONES<\/strong><\/p>\n<\/p><\/div>\n<p> <!-- Separador final --> <\/p>\n<hr style='border: 0; border-top: 1px solid rgba(150&comma; 150&comma; 150&comma; 0.3); margin: 30px 0;'> <\/div>\n","protected":false},"excerpt":{"rendered":"<p>Disco Duro PURPLE de 6TB \/ 3 A\u00d1OS DE GARANT\u00cdA \/ Para Videovigilancia<\/p>\n","protected":false},"featured_media":87834,"comment_status":"open","ping_status":"closed","template":"","meta":[],"product_brand":[],"product_cat":[2021],"product_tag":[1974,2022,2023],"class_list":{"0":"post-87835","1":"product","2":"type-product","3":"status-publish","4":"has-post-thumbnail","6":"product_cat-discos-duros-mecanicos-hdd","7":"product_tag-almacenamiento","8":"product_tag-discos-duros-mecanicos-hdd","9":"product_tag-western-digital-wd","11":"first","12":"outofstock","13":"sale","14":"shipping-taxable","15":"purchasable","16":"product-type-simple"},"_links":{"self":[{"href":"https:\/\/soydeaqui.ddns.net\/pachuca\/index.php\/wp-json\/wp\/v2\/product\/87835","targetHints":{"allow":["GET"]}}],"collection":[{"href":"https:\/\/soydeaqui.ddns.net\/pachuca\/index.php\/wp-json\/wp\/v2\/product"}],"about":[{"href":"https:\/\/soydeaqui.ddns.net\/pachuca\/index.php\/wp-json\/wp\/v2\/types\/product"}],"replies":[{"embeddable":true,"href":"https:\/\/soydeaqui.ddns.net\/pachuca\/index.php\/wp-json\/wp\/v2\/comments?post=87835"}],"wp:featuredmedia":[{"embeddable":true,"href":"https:\/\/soydeaqui.ddns.net\/pachuca\/index.php\/wp-json\/wp\/v2\/media\/87834"}],"wp:attachment":[{"href":"https:\/\/soydeaqui.ddns.net\/pachuca\/index.php\/wp-json\/wp\/v2\/media?parent=87835"}],"wp:term":[{"taxonomy":"product_brand","embeddable":true,"href":"https:\/\/soydeaqui.ddns.net\/pachuca\/index.php\/wp-json\/wp\/v2\/product_brand?post=87835"},{"taxonomy":"product_cat","embeddable":true,"href":"https:\/\/soydeaqui.ddns.net\/pachuca\/index.php\/wp-json\/wp\/v2\/product_cat?post=87835"},{"taxonomy":"product_tag","embeddable":true,"href":"https:\/\/soydeaqui.ddns.net\/pachuca\/index.php\/wp-json\/wp\/v2\/product_tag?post=87835"}],"curies":[{"name":"wp","href":"https:\/\/api.w.org\/{rel}","templated":true}]}}