{"id":87817,"date":"2026-03-19T23:23:45","date_gmt":"2026-03-19T23:23:45","guid":{"rendered":"https:\/\/soydeaqui.ddns.net\/pachuca\/index.php\/producto\/punto-de-acceso-wi-fi-6-802-11-ax-3-5-gbps-mu-mimo-4x44-con-administracion-desde-la-nube-gratuita-o-stand-alone\/"},"modified":"2026-03-19T23:23:52","modified_gmt":"2026-03-19T23:23:52","slug":"punto-de-acceso-wi-fi-6-802-11-ax-3-5-gbps-mu-mimo-4x44-con-administracion-desde-la-nube-gratuita-o-stand-alone","status":"publish","type":"product","link":"https:\/\/soydeaqui.ddns.net\/pachuca\/index.php\/producto\/punto-de-acceso-wi-fi-6-802-11-ax-3-5-gbps-mu-mimo-4x44-con-administracion-desde-la-nube-gratuita-o-stand-alone\/","title":{"rendered":"Punto de acceso Wi-Fi 6 802.11 ax 3.5 Gbps, MU-MIMO 4&#215;4:4 con administraci\u00f3n desde la nube gratuita o stand-alone."},"content":{"rendered":"<div style='width: 100%; max-width: 1200px; margin: 0 auto; font-family: sans-serif; line-height: 1.6; color: inherit; background-color: transparent;'>\n<div style='display: flex; flex-direction: column; gap: 30px;'>\n<div>\n<h2 style='font-size: 24px; margin-top: 0; margin-bottom: 15px; color: inherit; opacity: 0.9;'>Acerca del GWN7664<\/h2>\n<hr style='border: 0; border-top: 2px solid #1056BC; width: 40px; margin-bottom: 20px;'>\n<p>El GWN7664 es un potente punto de acceso Wi-Fi 6 802.11ax de calidad empresarial&comma; ideal para peque\u00f1as a medianas empresas&comma; edificios de m\u00faltiples pisos&comma; entornos residenciales y locales comerciales. Ofrece tecnolog\u00eda MU-MIMO 4&#215;4:4 de doble banda con DL\/UL OFDMA y un sofisticado dise\u00f1o de antena interna para mayor capacidad anti-interferencia&comma; conexi\u00f3n m\u00e1s estable&comma; m\u00e1ximo rendimiento de la red y un alcance m\u00e1s amplio de la cobertura Wi-Fi. El GWN7664 es compatible con GWN.Cloud y GWN Manager&comma; las plataformas de gesti\u00f3n Wi-Fi en la nube y en sitio de Grandstream que hacen m\u00e1s f\u00e1cil que nunca la gesti\u00f3n de su red o varias redes en m\u00faltiples ubicaciones. Utiliza tambi\u00e9n una arquitectura de gesti\u00f3n de redes sin controladores en donde el controlador est\u00e1 integrado dentro de la interfaz de usuario web del producto para facilitar la gesti\u00f3n de los puntos de acceso Wi-Fi localmente implementados. El GWN7664 es el punto de acceso Wi-Fi ideal para implementaciones de voz sobre Wi-Fi y ofrece una conexi\u00f3n ininterrumpida con los tel\u00e9fonos IP con capacidad Wi-Fi de Grandstream. Con soporte para QoS avanzado&comma; aplicaciones en tiempo real de baja latencia&comma; redes mesh&comma; portales cautivos&comma; 512 clientes simult\u00e1neos y dos puertos de red Gigabit con PoE\/PoE+&comma; el GWN7664 es un punto de acceso Wi-Fi ideal para implementaciones de redes inal\u00e1mbricas de nivel empresarial con densidad media a alta de usuarios.<\/p>\n<\/div>\n<div>\n<h2 style='font-size: 24px; margin-top: 0; margin-bottom: 15px; color: inherit; opacity: 0.9;'>Caracter\u00edsticas Competitivas<\/h2>\n<hr style='border: 0; border-top: 2px solid #1056BC; width: 40px; margin-bottom: 20px;'>\n<ul style='padding-left: 20px; font-size: 15px; color: inherit; list-style-type: disc;'>\n<li style='margin-bottom: 5px;'>Rendimiento inal\u00e1mbrico total de 3.55 Gbps&comma; rendimiento cableado total de 3.5 Gbps<\/li>\n<li style='margin-bottom: 5px;'>4&#215;4: 4 MUMIMO de doble banda con tecnolog\u00eda DL \/ UL OFDMA<\/li>\n<li style='margin-bottom: 5px;'>Alcance de cobertura de hasta 175 metros<\/li>\n<li style='margin-bottom: 5px;'>Admite 512 dispositivos cliente Wi-Fi simult\u00e1neos<\/li>\n<li style='margin-bottom: 5px;'>QoS avanzada para garantizar el rendimiento en tiempo real de las aplicaciones de baja latencia<\/li>\n<li style='margin-bottom: 5px;'>Arranque seguro anti-pirater\u00eda y bloqueo de control \/ datos cr\u00edticos a trav\u00e9s de firmas digitales&comma; certificado de seguridad \u00fanico \/ contrase\u00f1a predeterminada aleatoria por dispositivo<\/li>\n<li style='margin-bottom: 5px;'>Adaptaci\u00f3n de autoalimentaci\u00f3n tras la detecci\u00f3n autom\u00e1tica de PoE o PoE +<\/li>\n<li style='margin-bottom: 5px;'>El controlador integrado puede administrar hasta 50 AP locales de la serie GWN; GWN.Cloud ofrece administraci\u00f3n de AP ilimitada; GWN Manager ofrece un controlador de software basado en las instalaciones<\/li>\n<li style='margin-bottom: 5px;'>No incluye PoE (PoE Recomendado Modelo: G0720-480-050)<\/li>\n<\/ul>\n<\/div>\n<div style='margin-top: 20px;'>\n<p><a style='background-color: #ffffff; color: #005cb9; text-decoration: none; font-size: 12px; font-weight: 600; font-family: 'Open Sans'&comma; Helvetica&comma; Arial&comma; sans-serif;' href='https:\/\/www.syscom.mx\/principal\/searchcont?route=G0720-480-050-GRANDSTREAM-207158&#038;autodetect=poe_gwn'>PoE recomendado: G0720-480-050<\/a><\/p>\n<p><img style='width: 100%; height: auto; border: 1px solid rgba(150&comma;150&comma;150&comma;0.3); border-radius: 8px;' src='https:\/\/ftp3.syscom.mx\/usuarios\/fotos\/GWN7630LR\/183557-captura_de_pantalla_2021-08-05_a_la(s)_15.57.14.png' alt=''><\/p>\n<\/div>\n<\/div>\n<\/div>\n","protected":false},"excerpt":{"rendered":"<p>Punto de acceso Wi-Fi 6 802.11 ax 3.5 Gbps, MU-MIMO 4&#215;4:4 con administraci\u00f3n desde la nube gratuita o stand-alone.<\/p>\n","protected":false},"featured_media":87816,"comment_status":"open","ping_status":"closed","template":"","meta":[],"product_brand":[],"product_cat":[1794],"product_tag":[909,1795,1479],"class_list":{"0":"post-87817","1":"product","2":"type-product","3":"status-publish","4":"has-post-thumbnail","6":"product_cat-puntos-de-acceso","7":"product_tag-grandstream","8":"product_tag-puntos-de-acceso","9":"product_tag-redes-wifi","11":"first","12":"outofstock","13":"sale","14":"shipping-taxable","15":"purchasable","16":"product-type-simple"},"_links":{"self":[{"href":"https:\/\/soydeaqui.ddns.net\/pachuca\/index.php\/wp-json\/wp\/v2\/product\/87817","targetHints":{"allow":["GET"]}}],"collection":[{"href":"https:\/\/soydeaqui.ddns.net\/pachuca\/index.php\/wp-json\/wp\/v2\/product"}],"about":[{"href":"https:\/\/soydeaqui.ddns.net\/pachuca\/index.php\/wp-json\/wp\/v2\/types\/product"}],"replies":[{"embeddable":true,"href":"https:\/\/soydeaqui.ddns.net\/pachuca\/index.php\/wp-json\/wp\/v2\/comments?post=87817"}],"wp:featuredmedia":[{"embeddable":true,"href":"https:\/\/soydeaqui.ddns.net\/pachuca\/index.php\/wp-json\/wp\/v2\/media\/87816"}],"wp:attachment":[{"href":"https:\/\/soydeaqui.ddns.net\/pachuca\/index.php\/wp-json\/wp\/v2\/media?parent=87817"}],"wp:term":[{"taxonomy":"product_brand","embeddable":true,"href":"https:\/\/soydeaqui.ddns.net\/pachuca\/index.php\/wp-json\/wp\/v2\/product_brand?post=87817"},{"taxonomy":"product_cat","embeddable":true,"href":"https:\/\/soydeaqui.ddns.net\/pachuca\/index.php\/wp-json\/wp\/v2\/product_cat?post=87817"},{"taxonomy":"product_tag","embeddable":true,"href":"https:\/\/soydeaqui.ddns.net\/pachuca\/index.php\/wp-json\/wp\/v2\/product_tag?post=87817"}],"curies":[{"name":"wp","href":"https:\/\/api.w.org\/{rel}","templated":true}]}}