{"id":87813,"date":"2026-03-19T23:23:34","date_gmt":"2026-03-19T23:23:34","guid":{"rendered":"https:\/\/soydeaqui.ddns.net\/pachuca\/index.php\/producto\/switch-administrable-stacking-capa-3-de-48-puertos-sfp-de-10g-2-puertos-qsfp-de-40g-4-puertos-qsfp28-de-100g-capacidad-de-conmutacion-de-hasta-1-92tbps\/"},"modified":"2026-03-19T23:23:42","modified_gmt":"2026-03-19T23:23:42","slug":"switch-administrable-stacking-capa-3-de-48-puertos-sfp-de-10g-2-puertos-qsfp-de-40g-4-puertos-qsfp28-de-100g-capacidad-de-conmutacion-de-hasta-1-92tbps","status":"publish","type":"product","link":"https:\/\/soydeaqui.ddns.net\/pachuca\/index.php\/producto\/switch-administrable-stacking-capa-3-de-48-puertos-sfp-de-10g-2-puertos-qsfp-de-40g-4-puertos-qsfp28-de-100g-capacidad-de-conmutacion-de-hasta-1-92tbps\/","title":{"rendered":"Switch Administrable Stacking Capa 3 de 48 puertos SFP de 10G+, 2 Puertos QSFP+ de 40G, 4 Puertos QSFP28 de 100G, Capacidad de Conmutaci\u00f3n de Hasta 1.92Tbps"},"content":{"rendered":"<div style='width: 100%; max-width: 1200px; margin: 0 auto; font-family: sans-serif; line-height: 1.6; color: inherit; background-color: transparent;'> <!-- Im\u00e1genes de iconos --> <\/p>\n<div style='display: flex; flex-wrap: wrap; gap: 15px; justify-content: center; margin-bottom: 30px;'> <img style='width: 100px; height: 100px; border: 1px solid rgba(150&comma;150&comma;150&comma;0.3); border-radius: 8px;' src='https:\/\/www.planet.com.tw\/storage\/icons\/638\/100Gbps-QSFP281.png' alt=''> <img style='width: 100px; height: 100px; border: 1px solid rgba(150&comma;150&comma;150&comma;0.3); border-radius: 8px;' src='https:\/\/www.planet.com.tw\/storage\/icons\/5icon_40Gbps_QSFP+.png' alt=''> <img style='width: 100px; height: 100px; border: 1px solid rgba(150&comma;150&comma;150&comma;0.3); border-radius: 8px;' src='https:\/\/www.planet.com.tw\/storage\/icons\/3icon_10Gbps_SFP+.png' alt=''> <img style='width: 100px; height: 100px; border: 1px solid rgba(150&comma;150&comma;150&comma;0.3); border-radius: 8px;' src='https:\/\/www.planet.com.tw\/storage\/icons\/3icon_L3_RIP_Routing.png' alt=''> <img style='width: 100px; height: 100px; border: 1px solid rgba(150&comma;150&comma;150&comma;0.3); border-radius: 8px;' src='https:\/\/www.planet.com.tw\/storage\/icons\/4icon_L3_OSPF_Routing.png' alt=''> <img style='width: 100px; height: 100px; border: 1px solid rgba(150&comma;150&comma;150&comma;0.3); border-radius: 8px;' src='https:\/\/www.planet.com.tw\/storage\/icons\/1icon_IPv6-Management.png' alt=''> <\/div>\n<p> <!-- Imagen principal --> <\/p>\n<div style='margin-bottom: 30px;'> <img style='width: 100%; height: auto; border: 1px solid rgba(150&comma;150&comma;150&comma;0.3); border-radius: 8px;' src='https:\/\/www.planet.com.tw\/storage\/products\/49476\/edm_XGS-6350-48X2Q4C.jpg' alt=''> <\/div>\n<p> <!-- Im\u00e1genes adicionales --> <\/p>\n<div style='display: flex; flex-wrap: wrap; gap: 20px; margin-bottom: 30px;'>\n<div style='flex: 1 1 300px; min-width: 280px;'> <img style='width: 100%; height: auto; border: 1px solid rgba(150&comma;150&comma;150&comma;0.3); border-radius: 8px;' src='https:\/\/www.planet.com.tw\/storage\/products\/49476\/XGS-6350-48X2Q4C_Front-Panel-Introducton.png' alt=''> <\/div>\n<div style='flex: 1 1 300px; min-width: 280px;'> <img style='width: 100%; height: auto; border: 1px solid rgba(150&comma;150&comma;150&comma;0.3); border-radius: 8px;' src='https:\/\/www.planet.com.tw\/storage\/products\/49476\/XGS-6350-48X2Q4C_Rear-Panel-Introducton.png' alt=''> <\/div>\n<\/p><\/div>\n<p> <!-- Contenido con im\u00e1genes y texto --> <\/p>\n<div style='display: flex; flex-wrap: wrap; gap: 30px; margin-bottom: 30px;'>\n<div style='flex: 1 1 300px; min-width: 280px;'>\n<p style='font-size: 15px; color: inherit; text-align: justify;'>El administrador puede elegir de manera flexible el transceptor SFP adecuado de acuerdo no solo con la distancia de transmisi\u00f3n&comma; sino tambi\u00e9n con la velocidad de transmisi\u00f3n requerida.<\/p>\n<\/p><\/div>\n<div style='flex: 1 1 300px; min-width: 280px;'> <img style='width: 100%; height: auto; border: 1px solid rgba(150&comma;150&comma;150&comma;0.3); border-radius: 8px;' src='https:\/\/www.planet.com.tw\/storage\/products\/49476\/XGS-6350-48X2Q4C-1.png' alt=''> <\/div>\n<\/p><\/div>\n<div style='display: flex; flex-wrap: wrap; gap: 30px; margin-bottom: 30px;'>\n<div style='flex: 1 1 300px; min-width: 280px;'> <img style='width: 100%; height: auto; border: 1px solid rgba(150&comma;150&comma;150&comma;0.3); border-radius: 8px;' src='https:\/\/www.planet.com.tw\/storage\/products\/49476\/XGS-6350-48X2Q4C-3.png' alt=''> <\/div>\n<div style='flex: 1 1 300px; min-width: 280px;'>\n<p style='font-size: 15px; color: inherit; text-align: center;'>Switch de red troncal empresarial confiable&comma; de alto rendimiento y alta densidad<\/p>\n<\/p><\/div>\n<\/p><\/div>\n<p> <!-- Especificaciones t\u00e9cnicas --> <\/p>\n<div style='display: flex; flex-wrap: wrap; gap: 20px; margin-bottom: 30px;'>\n<div style='flex: 1 1 250px; border: 1px solid rgba(150&comma; 150&comma; 150&comma; 0.4); border-radius: 8px; overflow: hidden; display: flex; flex-direction: column;'>\n<div style='padding: 15px; border-bottom: 1px solid rgba(150&comma; 150&comma; 150&comma; 0.2); font-weight: bold; font-size: 18px; color: inherit;'>Especificaciones del hardware<\/div>\n<div style='padding: 15px; color: inherit;'>\n<ul style='padding-left: 20px; margin: 0; font-size: 14px; list-style-type: disc;'>\n<li style='margin-bottom: 5px;'><strong>Interfaces QSFP28:<\/strong> 4&comma; cada uno admite modos nativos 100\/40 Gigabit Ethernet y 4 x 10 Gigabit Ethernet<\/li>\n<li style='margin-bottom: 5px;'><strong>Interfaces QSFP +:<\/strong> 2&comma; cada uno admite modos 40 Gigabit Ethernet y 4 x 10 Gigabit Ethernet<\/li>\n<li style='margin-bottom: 5px;'><strong>Interfaces SFP +:<\/strong> 48 interfaces 10GBASE-SR \/ LR SFP +<br \/>Compatible con transceptor SFP 1000BASE-SX \/ LX \/ BX<\/li>\n<li style='margin-bottom: 5px;'><strong>MNG:<\/strong> 1 puerto RJ45 10\/100 \/ 1000BASE-T<\/li>\n<li style='margin-bottom: 5px;'><strong>Consola:<\/strong> 1 puerto serie RJ45 a DB9 (9600&comma; 8&comma; N&comma; 1)<\/li>\n<li style='margin-bottom: 5px;'><strong>USB:<\/strong> 1 x USB 2.0<\/li>\n<\/ul><\/div>\n<\/p><\/div>\n<div style='flex: 1 1 250px; border: 1px solid rgba(150&comma; 150&comma; 150&comma; 0.4); border-radius: 8px; overflow: hidden; display: flex; flex-direction: column;'>\n<div style='padding: 15px; border-bottom: 1px solid rgba(150&comma; 150&comma; 150&comma; 0.2); font-weight: bold; font-size: 18px; color: inherit;'>Caracter\u00edsticas f\u00edsicas<\/div>\n<div style='padding: 15px; color: inherit;'>\n<ul style='padding-left: 20px; margin: 0; font-size: 14px; list-style-type: disc;'>\n<li style='margin-bottom: 5px;'><strong>Dimensiones:<\/strong> 442 x 404 x 44&comma; 1U<\/li>\n<li style='margin-bottom: 5px;'><strong>Peso:<\/strong> 8&comma;8 kg<\/li>\n<li style='margin-bottom: 5px;'><strong>Consumo de energ\u00eda:<\/strong> 147 Watts \/ 504&comma;3 BTU (m\u00e1ximo)<\/li>\n<li style='margin-bottom: 5px;'><strong>Requerimientos de energ\u00eda:<\/strong> CA 100 ~ 240 V&comma; 50\/60 Hz<br \/>CC 36 ~ 72 V (opcional)<\/li>\n<li style='margin-bottom: 5px;'><strong>Ventilador:<\/strong> 4<\/li>\n<\/ul><\/div>\n<\/p><\/div>\n<div style='flex: 1 1 250px; border: 1px solid rgba(150&comma; 150&comma; 150&comma; 0.4); border-radius: 8px; overflow: hidden; display: flex; flex-direction: column;'>\n<div style='padding: 15px; border-bottom: 1px solid rgba(150&comma; 150&comma; 150&comma; 0.2); font-weight: bold; font-size: 18px; color: inherit;'>Caracter\u00edsticas t\u00e9cnicas<\/div>\n<div style='padding: 15px; color: inherit;'>\n<ul style='padding-left: 20px; margin: 0; font-size: 14px; list-style-type: disc;'>\n<li style='margin-bottom: 5px;'><strong>Arquitectura del Switch:<\/strong> almacenamiento y reenvio<\/li>\n<li style='margin-bottom: 5px;'><strong>Capacidad de conmutaci\u00f3n:<\/strong> 1&comma;92 Tbps \/ sin bloqueo<\/li>\n<li style='margin-bottom: 5px;'><strong>Tabla de direcciones:<\/strong> Tabla de direcciones MAC de 64K con funci\u00f3n de aprendizaje autom\u00e1tico<\/li>\n<li style='margin-bottom: 5px;'><strong>Temperatura de operaci\u00f3n:<\/strong> Temperatura: 0 ~ 50 grados C<br \/>Humedad relativa: 10 ~ 85% (sin condensaci\u00f3n)<\/li>\n<li style='margin-bottom: 5px;'><strong>Temperatura de almacenamiento:<\/strong> Temperatura: -40 ~ 80 grados C<br \/>Humedad relativa: 5 ~ 95% (sin condensaci\u00f3n)<\/li>\n<\/ul><\/div>\n<\/p><\/div>\n<div style='flex: 1 1 250px; border: 1px solid rgba(150&comma; 150&comma; 150&comma; 0.4); border-radius: 8px; overflow: hidden; display: flex; flex-direction: column;'>\n<div style='padding: 15px; border-bottom: 1px solid rgba(150&comma; 150&comma; 150&comma; 0.2); font-weight: bold; font-size: 18px; color: inherit;'>Configuraci\u00f3n y seguridad<\/div>\n<div style='padding: 15px; color: inherit;'>\n<ul style='padding-left: 20px; margin: 0; font-size: 14px; list-style-type: disc;'>\n<li style='margin-bottom: 5px;'><strong>Configuraci\u00f3n del sistema:<\/strong> Consola y<br \/>navegador web Telnet<br \/>SNMP v1&comma; v2c<\/li>\n<li style='margin-bottom: 5px;'><strong>Interfaces de gesti\u00f3n seguras:<\/strong> SSHv2&comma; SSLv3&comma; TLSv1.0 y SNMPv3<br \/><strong>M\u00e1ximo 8 sesiones para conexi\u00f3n SSH y Telnet<\/strong><\/li>\n<\/ul><\/div>\n<\/p><\/div>\n<div style='flex: 1 1 250px; border: 1px solid rgba(150&comma; 150&comma; 150&comma; 0.4); border-radius: 8px; overflow: hidden; display: flex; flex-direction: column;'>\n<div style='padding: 15px; border-bottom: 1px solid rgba(150&comma; 150&comma; 150&comma; 0.2); font-weight: bold; font-size: 18px; color: inherit;'>Paquete incluye<\/div>\n<div style='padding: 15px; color: inherit;'>\n<ul style='padding-left: 20px; margin: 0; font-size: 14px; list-style-type: disc;'>\n<li style='margin-bottom: 5px;'>Switch administrable<\/li>\n<li style='margin-bottom: 5px;'>Gu\u00eda de instalaci\u00f3n<\/li>\n<li style='margin-bottom: 5px;'>Cable de consola (DB9 a RJ45 interfaz RS232)<\/li>\n<li style='margin-bottom: 5px;'>Kit de montaje en rack<\/li>\n<li style='margin-bottom: 5px;'>Cable de fuente de voltaje de AC<\/li>\n<li style='margin-bottom: 5px;'>54 tapas para puertos SFP<\/li>\n<\/ul><\/div>\n<\/p><\/div>\n<\/p><\/div>\n<p> <!-- Separador final --> <\/p>\n<hr style='border: 0; border-top: 1px solid rgba(150&comma; 150&comma; 150&comma; 0.3); margin: 30px 0;'> <\/div>\n","protected":false},"excerpt":{"rendered":"<p>Switch Administrable Stacking Capa 3 de 48 puertos SFP de 10G+, 2 Puertos QSFP+ de 40G, 4 Puertos QSFP28 de 100G, Capacidad de Conmutaci\u00f3n de Hasta 1.92Tbps<\/p>\n","protected":false},"featured_media":87812,"comment_status":"open","ping_status":"closed","template":"","meta":[],"product_brand":[],"product_cat":[1970],"product_tag":[664,2033,1971],"class_list":{"0":"post-87813","1":"product","2":"type-product","3":"status-publish","4":"has-post-thumbnail","6":"product_cat-switches","7":"product_tag-networking","8":"product_tag-planet","9":"product_tag-switches","11":"first","12":"outofstock","13":"sale","14":"shipping-taxable","15":"purchasable","16":"product-type-simple"},"_links":{"self":[{"href":"https:\/\/soydeaqui.ddns.net\/pachuca\/index.php\/wp-json\/wp\/v2\/product\/87813","targetHints":{"allow":["GET"]}}],"collection":[{"href":"https:\/\/soydeaqui.ddns.net\/pachuca\/index.php\/wp-json\/wp\/v2\/product"}],"about":[{"href":"https:\/\/soydeaqui.ddns.net\/pachuca\/index.php\/wp-json\/wp\/v2\/types\/product"}],"replies":[{"embeddable":true,"href":"https:\/\/soydeaqui.ddns.net\/pachuca\/index.php\/wp-json\/wp\/v2\/comments?post=87813"}],"wp:featuredmedia":[{"embeddable":true,"href":"https:\/\/soydeaqui.ddns.net\/pachuca\/index.php\/wp-json\/wp\/v2\/media\/87812"}],"wp:attachment":[{"href":"https:\/\/soydeaqui.ddns.net\/pachuca\/index.php\/wp-json\/wp\/v2\/media?parent=87813"}],"wp:term":[{"taxonomy":"product_brand","embeddable":true,"href":"https:\/\/soydeaqui.ddns.net\/pachuca\/index.php\/wp-json\/wp\/v2\/product_brand?post=87813"},{"taxonomy":"product_cat","embeddable":true,"href":"https:\/\/soydeaqui.ddns.net\/pachuca\/index.php\/wp-json\/wp\/v2\/product_cat?post=87813"},{"taxonomy":"product_tag","embeddable":true,"href":"https:\/\/soydeaqui.ddns.net\/pachuca\/index.php\/wp-json\/wp\/v2\/product_tag?post=87813"}],"curies":[{"name":"wp","href":"https:\/\/api.w.org\/{rel}","templated":true}]}}