{"id":87806,"date":"2026-03-19T23:23:13","date_gmt":"2026-03-19T23:23:13","guid":{"rendered":"https:\/\/soydeaqui.ddns.net\/pachuca\/index.php\/producto\/punto-de-acceso-para-exterior-wi-fi-6-802-11-ax-1-77-gbps-mu-mimo-2x22-con-administracion-desde-la-nube-gratuita-o-stand-alone\/"},"modified":"2026-03-19T23:23:29","modified_gmt":"2026-03-19T23:23:29","slug":"punto-de-acceso-para-exterior-wi-fi-6-802-11-ax-1-77-gbps-mu-mimo-2x22-con-administracion-desde-la-nube-gratuita-o-stand-alone","status":"publish","type":"product","link":"https:\/\/soydeaqui.ddns.net\/pachuca\/index.php\/producto\/punto-de-acceso-para-exterior-wi-fi-6-802-11-ax-1-77-gbps-mu-mimo-2x22-con-administracion-desde-la-nube-gratuita-o-stand-alone\/","title":{"rendered":"Punto de acceso para exterior Wi-Fi 6 802.11 ax 1.77 Gbps, MU-MIMO 2&#215;2:2 con administraci\u00f3n desde la nube gratuita o stand-alone."},"content":{"rendered":"<div style='width: 100%; max-width: 1200px; margin: 0 auto; font-family: sans-serif; line-height: 1.6; color: inherit; background-color: transparent;'> <!-- Secci\u00f3n de descripci\u00f3n --> <\/p>\n<div style='margin-bottom: 30px;'>\n<h2 style='font-size: 24px; margin-top: 0; margin-bottom: 20px; color: inherit; opacity: 0.9;'>Acerca del GWN7660<\/h2>\n<p style='font-size: 16px; margin-bottom: 20px; color: inherit; text-align: justify;'> El GWN7660LR es un punto de acceso Wi-Fi 6 802.11ax de largo alcance dise\u00f1ado para proporcionar cobertura de red de \u00faltima generaci\u00f3n para espacios interiores y exteriores. Cuenta con una carcasa impermeable con certificaci\u00f3n IP66&comma; tecnolog\u00eda MU-MIMO 2\u00d72:2 de doble banda y un sofisticado dise\u00f1o de antena para un alcance m\u00e1s amplio de la cobertura de hasta 250 metros. El GWN7660LR es compatible con GWN.Cloud y GWN Manager&comma; las plataformas de gesti\u00f3n Wi-Fi en la nube y en sitio de Grandstream que hacen m\u00e1s f\u00e1cil que nunca la gesti\u00f3n de su red o varias redes en m\u00faltiples ubicaciones. Utiliza tambi\u00e9n una arquitectura de gesti\u00f3n de redes sin controladores en donde el controlador est\u00e1 integrado dentro de la interfaz de usuario web del producto para facilitar la gesti\u00f3n de los puntos de acceso Wi-Fi localmente implementados. El GWN7660LR es el punto de acceso Wi-Fi ideal para implementaciones de voz sobre Wi-Fi y ofrece una conexi\u00f3n ininterrumpida con los tel\u00e9fonos IP de voz y video con capacidad Wi-Fi de Grandstream. Con soporte para QoS avanzado&comma; aplicaciones en tiempo real de baja latencia&comma; redes mesh&comma; portales cautivos y dos puertos de red Gigabit con PoE\/PoE+&comma; el GWN7660LR es un punto de acceso Wi-Fi exterior ideal para empresas&comma; oficinas de m\u00faltiples pisos&comma; bodegas&comma; parques&comma; hospitales&comma; escuelas y m\u00e1s. <\/p>\n<\/p><\/div>\n<p> <!-- Secci\u00f3n de caracter\u00edsticas competitivas --> <\/p>\n<div style='margin-bottom: 30px;'>\n<h2 style='font-size: 24px; margin-top: 0; margin-bottom: 20px; color: inherit; opacity: 0.9;'>Caracter\u00edsticas Competitivas<\/h2>\n<ul style='padding-left: 20px; font-size: 15px; color: inherit;'>\n<li style='margin-bottom: 8px;'>Rendimiento inal\u00e1mbrico agregado de 1&comma;77 Gbps y 2 puertos Gigabit Ethernet<\/li>\n<li style='margin-bottom: 8px;'>2&#215;2: 2 MUMIMO de doble banda con tecnolog\u00eda DL \/ UL OFDMA<\/li>\n<li style='margin-bottom: 8px;'>Alcance de cobertura de hasta 250 metros<\/li>\n<li style='margin-bottom: 8px;'>Admite 256 dispositivos cliente Wi-Fi simult\u00e1neos<\/li>\n<li style='margin-bottom: 8px;'>QoS avanzada para garantizar el rendimiento en tiempo real de las aplicaciones de baja latencia<\/li>\n<li style='margin-bottom: 8px;'>Arranque seguro anti-pirater\u00eda y bloqueo de control \/ datos cr\u00edticos a trav\u00e9s de firmas digitales&comma; certificado de seguridad \u00fanico \/ contrase\u00f1a predeterminada aleatoria por dispositivo<\/li>\n<li style='margin-bottom: 8px;'>Adaptaci\u00f3n de autoalimentaci\u00f3n tras la detecci\u00f3n autom\u00e1tica de PoE o PoE +<\/li>\n<li style='margin-bottom: 8px;'>El controlador integrado puede administrar hasta 50 AP locales de la serie GWN; GWN.Cloud ofrece administraci\u00f3n de AP ilimitada; GWN Manager ofrece un controlador de software basado en las instalaciones<\/li>\n<\/ul><\/div>\n<p> <!-- Separador --> <\/p>\n<hr style='border: 0; border-top: 1px solid rgba(150&comma; 150&comma; 150&comma; 0.3); margin: 30px 0;'> <!-- Secci\u00f3n de especificaciones t\u00e9cnicas --> <\/p>\n<div style='margin-bottom: 30px;'>\n<h2 style='font-size: 24px; margin-top: 0; margin-bottom: 20px; color: inherit; opacity: 0.9;'>Especificaciones t\u00e9cnicas<\/h2>\n<p> <!-- Tabla de especificaciones --> <\/p>\n<div style='overflow-x: auto;'>\n<table style='width: 100%; max-width: 100%; border-collapse: collapse; margin-bottom: 20px; color: inherit;'>\n<tbody>\n<tr>\n<td style='border: 1px solid rgba(150&comma;150&comma;150&comma;0.3); padding: 12px; font-weight: bold; min-width: 150px; color: inherit;'>Est\u00e1ndares Wi-Fi<\/td>\n<td style='border: 1px solid rgba(150&comma;150&comma;150&comma;0.3); padding: 12px; color: inherit;'>IEEE 802.11 a\/b\/g\/n\/ac\/ax<\/td>\n<\/tr>\n<tr>\n<td style='border: 1px solid rgba(150&comma;150&comma;150&comma;0.3); padding: 12px; font-weight: bold; min-width: 150px; color: inherit;'>Antenas<\/td>\n<td style='border: 1px solid rgba(150&comma;150&comma;150&comma;0.3); padding: 12px; color: inherit;'>2 antenas externas de doble banda 2.4 GHz&comma; ganancia 3.5dBi \/ 5 GHz&comma; ganancia 3.5dBi<\/td>\n<\/tr>\n<tr>\n<td style='border: 1px solid rgba(150&comma;150&comma;150&comma;0.3); padding: 12px; font-weight: bold; min-width: 150px; color: inherit;'>Bandas de Frecuencia<\/td>\n<td style='border: 1px solid rgba(150&comma;150&comma;150&comma;0.3); padding: 12px; color: inherit;'>Radio 2.4 GHz: 2412 &#8211; 2484 GHz\/Radio 5 GHz: 5180 &#8211; 5825 GHz<\/td>\n<\/tr>\n<tr>\n<td style='border: 1px solid rgba(150&comma;150&comma;150&comma;0.3); padding: 12px; font-weight: bold; min-width: 150px; color: inherit;'>Cobertura<\/td>\n<td style='border: 1px solid rgba(150&comma;150&comma;150&comma;0.3); padding: 12px; color: inherit;'>Hasta 250 metros *El rango de cobertura puede variar seg\u00fan el entorno.<\/td>\n<\/tr>\n<tr>\n<td style='border: 1px solid rgba(150&comma;150&comma;150&comma;0.3); padding: 12px; font-weight: bold; min-width: 150px; color: inherit;'>Seguridad Wi-Fi y del Sistema<\/td>\n<td style='border: 1px solid rgba(150&comma;150&comma;150&comma;0.3); padding: 12px; color: inherit;'>WEP&comma; WPA\/WPA2-PSK&comma; WPA\/WPA2 Enterprise (TKIP\/AES); WPA3&comma; arranque seguro anti-hackeo y bloqueo de seguridad de datos cr\u00edticos\/control por medio de firmas digitales&comma; certificado de seguridad \u00fanico y contrase\u00f1a predeterminada aleatoria por dispositivo<\/td>\n<\/tr>\n<tr>\n<td style='border: 1px solid rgba(150&comma;150&comma;150&comma;0.3); padding: 12px; font-weight: bold; min-width: 150px; color: inherit;'>Clientes Concurrentes<\/td>\n<td style='border: 1px solid rgba(150&comma;150&comma;150&comma;0.3); padding: 12px; color: inherit;'>200+<\/td>\n<\/tr>\n<tr>\n<td style='border: 1px solid rgba(150&comma;150&comma;150&comma;0.3); padding: 12px; font-weight: bold; min-width: 150px; color: inherit;'>Interfaces de red<\/td>\n<td style='border: 1px solid rgba(150&comma;150&comma;150&comma;0.3); padding: 12px; color: inherit;'>2 puertos Ethernet de 10\/100\/1000Base-T con detecci\u00f3n autom\u00e1tica<\/td>\n<\/tr>\n<tr>\n<td style='border: 1px solid rgba(150&comma;150&comma;150&comma;0.3); padding: 12px; font-weight: bold; min-width: 150px; color: inherit;'>Contenido del paquete<\/td>\n<td style='border: 1px solid rgba(150&comma;150&comma;150&comma;0.3); padding: 12px; color: inherit;'>Punto de Acceso inal\u00e1mbrico 802.11ax GWN7660LR&comma; kits de montaje&comma; Gu\u00eda de Inicio R\u00e1pido&comma; NO INCLUYE POE<\/td>\n<\/tr>\n<\/tbody>\n<\/table><\/div>\n<p> <!-- Enlaces de PoE recomendado --> <\/p>\n<div style='margin-bottom: 20px;'>\n<p style='margin: 15px 0; color: inherit;'> <a style='color: inherit; text-decoration: none; font-weight: 600;' href='https:\/\/www.syscom.mx\/principal\/searchcont?route=G0720-480-050-GRANDSTREAM-207158&#038;autodetect=poe_gwn'>PoE recomendado: G0720-480-050<\/a> <span style='margin: 0 8px;'>O<\/span> <a style='color: inherit; text-decoration: none; font-weight: 600;' href='https:\/\/www.syscom.mx\/principal\/searchcont?route=U-POE-AT-UBIQUITI-NETWORKS-205327&#038;autodetect=poe'>U-POE-AT<\/a> <\/p>\n<\/p><\/div>\n<p> <!-- Imagen --> <\/p>\n<div style='margin-bottom: 30px;'> <img style='width: 100%; height: auto; border: 1px solid rgba(150&comma;150&comma;150&comma;0.3); border-radius: 8px;' src='https:\/\/ftp3.syscom.mx\/usuarios\/fotos\/GWN7630LR\/183557-captura_de_pantalla_2021-08-05_a_la(s)_15.57.14.png' alt=''> <\/div>\n<\/p><\/div>\n<\/p><\/div>\n","protected":false},"excerpt":{"rendered":"<p>Punto de acceso para exterior Wi-Fi 6 802.11 ax 1.77 Gbps, MU-MIMO 2&#215;2:2 con administraci\u00f3n desde la nube gratuita o stand-alone.<\/p>\n","protected":false},"featured_media":87805,"comment_status":"open","ping_status":"closed","template":"","meta":[],"product_brand":[],"product_cat":[1794],"product_tag":[909,1795,1479],"class_list":{"0":"post-87806","1":"product","2":"type-product","3":"status-publish","4":"has-post-thumbnail","6":"product_cat-puntos-de-acceso","7":"product_tag-grandstream","8":"product_tag-puntos-de-acceso","9":"product_tag-redes-wifi","11":"first","12":"outofstock","13":"sale","14":"shipping-taxable","15":"purchasable","16":"product-type-simple"},"_links":{"self":[{"href":"https:\/\/soydeaqui.ddns.net\/pachuca\/index.php\/wp-json\/wp\/v2\/product\/87806","targetHints":{"allow":["GET"]}}],"collection":[{"href":"https:\/\/soydeaqui.ddns.net\/pachuca\/index.php\/wp-json\/wp\/v2\/product"}],"about":[{"href":"https:\/\/soydeaqui.ddns.net\/pachuca\/index.php\/wp-json\/wp\/v2\/types\/product"}],"replies":[{"embeddable":true,"href":"https:\/\/soydeaqui.ddns.net\/pachuca\/index.php\/wp-json\/wp\/v2\/comments?post=87806"}],"wp:featuredmedia":[{"embeddable":true,"href":"https:\/\/soydeaqui.ddns.net\/pachuca\/index.php\/wp-json\/wp\/v2\/media\/87805"}],"wp:attachment":[{"href":"https:\/\/soydeaqui.ddns.net\/pachuca\/index.php\/wp-json\/wp\/v2\/media?parent=87806"}],"wp:term":[{"taxonomy":"product_brand","embeddable":true,"href":"https:\/\/soydeaqui.ddns.net\/pachuca\/index.php\/wp-json\/wp\/v2\/product_brand?post=87806"},{"taxonomy":"product_cat","embeddable":true,"href":"https:\/\/soydeaqui.ddns.net\/pachuca\/index.php\/wp-json\/wp\/v2\/product_cat?post=87806"},{"taxonomy":"product_tag","embeddable":true,"href":"https:\/\/soydeaqui.ddns.net\/pachuca\/index.php\/wp-json\/wp\/v2\/product_tag?post=87806"}],"curies":[{"name":"wp","href":"https:\/\/api.w.org\/{rel}","templated":true}]}}