{"id":87798,"date":"2026-03-19T23:22:53","date_gmt":"2026-03-19T23:22:53","guid":{"rendered":"https:\/\/soydeaqui.ddns.net\/pachuca\/index.php\/producto\/gateway-lorawan-para-exterior-de-largo-alcance-con-slot-para-sim\/"},"modified":"2026-03-19T23:22:55","modified_gmt":"2026-03-19T23:22:55","slug":"gateway-lorawan-para-exterior-de-largo-alcance-con-slot-para-sim","status":"publish","type":"product","link":"https:\/\/soydeaqui.ddns.net\/pachuca\/index.php\/producto\/gateway-lorawan-para-exterior-de-largo-alcance-con-slot-para-sim\/","title":{"rendered":"Gateway LoRaWAN para exterior, de largo alcance, con slot para SIM"},"content":{"rendered":"<div style='width: 100%; max-width: 1200px; margin: 0 auto; font-family: sans-serif; line-height: 1.6; color: inherit; background-color: transparent;'>\n<div style='display: flex; flex-wrap: wrap; gap: 30px; margin-bottom: 30px;'>\n<div style='flex: 1 1 300px; min-width: 280px;'>\n<h3 style='font-size: 22px; border-bottom: 2px solid currentColor; padding-bottom: 5px; margin-top: 0; color: inherit; opacity: 0.8;'>Descripci\u00f3n general<\/h3>\n<p style='font-size: 15px; color: inherit; margin-bottom: 15px;'>El gateway modelo UG67-L04EU-915M de la marca Milesight es un dispositivo dise\u00f1ado para actuar como una puerta de enlace entre dispositivos IoT que utilizan la tecnolog\u00eda LoRaWAN y la red de Internet.<\/p>\n<p style='font-size: 15px; color: inherit; margin-bottom: 15px;'>Tiene un dise\u00f1o compacto y est\u00e1 equipado con una antena de largo alcance que proporciona una comunicaci\u00f3n de largo alcance y baja potencia para dispositivos IoT.<\/p>\n<p style='font-size: 15px; color: inherit; margin-bottom: 15px;'>Est\u00e1 equipado con slot para SIM de datos&comma; una serie de puertos de entrada y salida&comma; incluyendo un puerto Ethernet&comma; dos puertos RS-485&comma; dos puertos RS-232 y un puerto USB. Estos puertos permiten la conexi\u00f3n de dispositivos IoT y la comunicaci\u00f3n con otros dispositivos o sistemas.<\/p>\n<p style='font-size: 15px; color: inherit; margin-bottom: 15px;'>Tiene una amplia capacidad de memoria y almacenamiento para almacenar datos y archivos importantes&comma; lo que permite a los usuarios recopilar y almacenar datos de dispositivos IoT conectados. Adem\u00e1s&comma; est\u00e1 dise\u00f1ado con una carcasa resistente a la intemperie para uso en exteriores&comma; lo que lo hace adecuado para aplicaciones en condiciones clim\u00e1ticas adversas.<\/p>\n<p style='font-size: 15px; color: inherit; margin-bottom: 15px;'><strong>Nota:<\/strong> Revisar ficha t\u00e9cnica en el \u00e1rea de descargas<\/p>\n<\/p><\/div>\n<\/p><\/div>\n<div style='display: flex; flex-wrap: wrap; gap: 30px; margin-bottom: 30px;'>\n<div style='flex: 1 1 300px; min-width: 280px;'>\n<h3 style='font-size: 22px; border-bottom: 2px solid currentColor; padding-bottom: 5px; margin-top: 0; color: inherit; opacity: 0.8;'>Recursos<\/h3>\n<div style='margin-top: 15px;'>\n<div style='position: relative; padding-bottom: 56.25%; height: 0; overflow: hidden; margin-bottom: 30px;'>   <\/div>\n<\/p><\/div>\n<\/p><\/div>\n<\/p><\/div>\n<\/p><\/div>\n","protected":false},"excerpt":{"rendered":"<p>Gateway LoRaWAN para exterior, de largo alcance, con slot para SIM<\/p>\n","protected":false},"featured_media":32,"comment_status":"open","ping_status":"closed","template":"","meta":[],"product_brand":[],"product_cat":[2024],"product_tag":[1455,1479,2025],"class_list":{"0":"post-87798","1":"product","2":"type-product","3":"status-publish","4":"has-post-thumbnail","6":"product_cat-routers-inalambricos","7":"product_tag-milesight","8":"product_tag-redes-wifi","9":"product_tag-routers-inalambricos","11":"first","12":"outofstock","13":"sale","14":"shipping-taxable","15":"purchasable","16":"product-type-simple"},"_links":{"self":[{"href":"https:\/\/soydeaqui.ddns.net\/pachuca\/index.php\/wp-json\/wp\/v2\/product\/87798","targetHints":{"allow":["GET"]}}],"collection":[{"href":"https:\/\/soydeaqui.ddns.net\/pachuca\/index.php\/wp-json\/wp\/v2\/product"}],"about":[{"href":"https:\/\/soydeaqui.ddns.net\/pachuca\/index.php\/wp-json\/wp\/v2\/types\/product"}],"replies":[{"embeddable":true,"href":"https:\/\/soydeaqui.ddns.net\/pachuca\/index.php\/wp-json\/wp\/v2\/comments?post=87798"}],"wp:featuredmedia":[{"embeddable":true,"href":"https:\/\/soydeaqui.ddns.net\/pachuca\/index.php\/wp-json\/wp\/v2\/media\/32"}],"wp:attachment":[{"href":"https:\/\/soydeaqui.ddns.net\/pachuca\/index.php\/wp-json\/wp\/v2\/media?parent=87798"}],"wp:term":[{"taxonomy":"product_brand","embeddable":true,"href":"https:\/\/soydeaqui.ddns.net\/pachuca\/index.php\/wp-json\/wp\/v2\/product_brand?post=87798"},{"taxonomy":"product_cat","embeddable":true,"href":"https:\/\/soydeaqui.ddns.net\/pachuca\/index.php\/wp-json\/wp\/v2\/product_cat?post=87798"},{"taxonomy":"product_tag","embeddable":true,"href":"https:\/\/soydeaqui.ddns.net\/pachuca\/index.php\/wp-json\/wp\/v2\/product_tag?post=87798"}],"curies":[{"name":"wp","href":"https:\/\/api.w.org\/{rel}","templated":true}]}}