{"id":87767,"date":"2026-03-19T23:21:28","date_gmt":"2026-03-19T23:21:28","guid":{"rendered":"https:\/\/soydeaqui.ddns.net\/pachuca\/index.php\/producto\/huawei-ideahub-s2-pantalla-interactiva-para-colaboracion-inteligente-75-4k-uhd-harmony-os-wi-fi-6-camara-inteligente-funcionalidad-byom\/"},"modified":"2026-03-19T23:21:46","modified_gmt":"2026-03-19T23:21:46","slug":"huawei-ideahub-s2-pantalla-interactiva-para-colaboracion-inteligente-75-4k-uhd-harmony-os-wi-fi-6-camara-inteligente-funcionalidad-byom","status":"publish","type":"product","link":"https:\/\/soydeaqui.ddns.net\/pachuca\/index.php\/producto\/huawei-ideahub-s2-pantalla-interactiva-para-colaboracion-inteligente-75-4k-uhd-harmony-os-wi-fi-6-camara-inteligente-funcionalidad-byom\/","title":{"rendered":"HUAWEI IdeaHub S2, Pantalla interactiva para Colaboraci\u00f3n Inteligente, 75&#8243;, 4K UHD, Harmony OS, Wi-Fi 6, C\u00e1mara inteligente, Funcionalidad BYOM."},"content":{"rendered":"<div style='width: 100%; max-width: 1200px; margin: 0 auto; font-family: sans-serif; line-height: 1.6; color: inherit; background-color: transparent;'> <!-- Video Section --> <\/p>\n<div style='display: flex; flex-wrap: wrap; gap: 30px; margin-bottom: 30px;'>\n<div style='flex: 1 1 300px; min-width: 280px;'>\n<div style='position: relative; padding-bottom: 56.25%; height: 0; overflow: hidden; margin-bottom: 30px;'> <video style='position: absolute; top: 0; left: 0; width: 100%; height: 100%; border: none; border-radius: 8px;' src='https:\/\/ftp3.syscom.mx\/usuarios\/axel\/Huawei\/IdeaHub\/HUAWEI%20IdeaHub%20S2%20Scenario%20Video_HD_3840x2160.mp4' autoplay muted loop playsinline><\/video> <\/div>\n<\/p><\/div>\n<\/p><\/div>\n<p> <!-- Hero Section --> <\/p>\n<div style='display: flex; flex-wrap: wrap; gap: 30px; margin-bottom: 30px;'>\n<div style='flex: 1 1 320px; min-width: 280px;'> <img style='width: 100%; height: auto; border: 1px solid rgba(150&comma;150&comma;150&comma;0.3); border-radius: 8px;' src='http:\/\/ftp3.syscom.mx\/usuarios\/ftp\/2025\/10\/13\/1971\/IHS2_Description.jpg_froala_68ed3589f3137' alt=''> <\/div>\n<div style='flex: 1 1 360px; min-width: 280px;'>\n<h3 style='font-size: 22px; border-bottom: 2px solid currentColor; padding-bottom: 5px; margin-top: 0; color: inherit; opacity: 0.8;'>La nueva era de la colaboraci\u00f3n inteligente<\/h3>\n<div style='margin-bottom: 15px; color: inherit; font-size: 14px; opacity: 0.7; font-weight: 600;'>Modelo: IHS2-75SA<\/div>\n<p style='margin: 0;'>HUAWEI IdeaHub S2 est\u00e1 equipado con BYOM&comma; calidad de reuniones HD inmersiva&comma; se adapta f\u00e1cilmente a las principales aplicaciones de reuniones en la nube. Es una soluci\u00f3n ideal para la colaboraci\u00f3n y comunicaciones sin l\u00edmites que se ajustan a cualquier sala&comma; como las salas de reuniones&comma; comunes&comma; oficinas ejecutivas y \u00e1reas de oficina abiertas.<\/p>\n<\/p><\/div>\n<\/p><\/div>\n<p> <!-- Features Grid --> <\/p>\n<div style='display: flex; flex-wrap: wrap; gap: 20px; margin-bottom: 30px;'> <!-- Main Features --> <\/p>\n<div style='flex: 1 1 250px; border: 1px solid rgba(150&comma; 150&comma; 150&comma; 0.4); border-radius: 8px; overflow: hidden; display: flex; flex-direction: column;'>\n<div style='padding: 15px; border-bottom: 1px solid rgba(150&comma; 150&comma; 150&comma; 0.2); font-weight: bold; font-size: 18px; color: inherit;'>Caracter\u00edsticas principales<\/div>\n<div style='padding: 15px; color: inherit;'>\n<ul style='padding-left: 20px; margin: 0; font-size: 14px; list-style-type: disc;'>\n<li style='margin-bottom: 5px;'><strong>Pantalla:<\/strong><br \/>Resoluci\u00f3n: 4K (3840 x 2160 p\u00edxeles)<br \/>Tipo de luz de fondo: D-LED<\/li>\n<li style='margin-bottom: 5px;'><strong>C\u00e1mara:<\/strong><br \/>Resoluci\u00f3n: 4K<br \/>Cubierta de lente: s\u00ed<br \/>Campo de visi\u00f3n horizontal: 80\u00ba<\/li>\n<li style='margin-bottom: 5px;'><strong>Altavoz:<\/strong><br \/>Dominio de frecuencia: De 100 Hz a 20 kHz<br \/>N\u00famero de unidades: 4<br \/>Potencia total: 40 W<\/li>\n<li style='margin-bottom: 5px;'><strong>Micr\u00f3fono:<\/strong><br \/>\u00c1ngulo de captaci\u00f3n de sonido: 180\u00ba<br \/>Distancia de captura de sonido: 12 m<br \/>Dominio de frecuencia: De 80 Hz a 20 kHz<br \/>Captura de sonido optimizada: Ubicaci\u00f3n de la fuente de sonido&comma; cancelaci\u00f3n de eco y control autom\u00e1tico de ganancia<\/li>\n<\/ul><\/div>\n<\/p><\/div>\n<p> <!-- Physical Features --> <\/p>\n<div style='flex: 1 1 250px; border: 1px solid rgba(150&comma; 150&comma; 150&comma; 0.4); border-radius: 8px; overflow: hidden; display: flex; flex-direction: column;'>\n<div style='padding: 15px; border-bottom: 1px solid rgba(150&comma; 150&comma; 150&comma; 0.2); font-weight: bold; font-size: 18px; color: inherit;'>Caracter\u00edsticas f\u00edsicas<\/div>\n<div style='padding: 15px; color: inherit;'>\n<ul style='padding-left: 20px; margin: 0; font-size: 14px; list-style-type: disc;'>\n<li style='margin-bottom: 5px;'><strong>Sistema:<\/strong><br \/>CPU*: 8 n\u00facleos<br \/>RAM: 8 GB<br \/>Flash: 64 GB<br \/>Sistema operativo: HarmonyOS&comma; Windows (Para windows se requiere el modelo: OPSW022Z)<br \/>Seguridad: Chip de cifrado que admite H.235<\/li>\n<li style='margin-bottom: 5px;'><strong>Conexi\u00f3n inal\u00e1mbrica:<\/strong><br \/>M\u00f3dulo Wi-Fi*: Wi-Fi 6<br \/>Frecuencia Wi-Fi: 2.4 GHz + 5 GHz<br \/>NFC: S\u00ed<\/li>\n<li style='margin-bottom: 5px;'><strong>Interfaz:<\/strong><br \/>Entrada de video: 1 x HDMI (hasta 4K)<br \/>Salida de video: 1 x HDMI (hasta 4K)<br \/>Entrada de audio: 1 entrada de l\u00ednea de 3.5 mm&comma; 1 x HD-AI<br \/>Salida de audio: 1 salida de l\u00ednea de 3.5 mm<br \/>Otros puertos: 3 puertos USB tipo A 3.0&comma; 1 x USB tipo C&comma; 1 x RJ45 (LAN de 10\/100\/1000 Mbit\/s)<\/li>\n<\/ul><\/div>\n<\/p><\/div>\n<p> <!-- Collaboration Features --> <\/p>\n<div style='flex: 1 1 250px; border: 1px solid rgba(150&comma; 150&comma; 150&comma; 0.4); border-radius: 8px; overflow: hidden; display: flex; flex-direction: column;'>\n<div style='padding: 15px; border-bottom: 1px solid rgba(150&comma; 150&comma; 150&comma; 0.2); font-weight: bold; font-size: 18px; color: inherit;'>Caracter\u00edsticas de Colaboraci\u00f3n<\/div>\n<div style='padding: 15px; color: inherit;'>\n<ul style='padding-left: 20px; margin: 0; font-size: 14px; list-style-type: disc;'>\n<li style='margin-bottom: 5px;'><strong>Escritura:<\/strong><br \/>Latencia: 16 ms<br \/>Distancia de detecci\u00f3n t\u00e1ctil: 2 mm de ancho<br \/>Reconocimiento de escritura inteligente: Admite el reconocimiento de chino&comma; ingl\u00e9s y 11 tipos de formas<\/li>\n<li style='margin-bottom: 5px;'><strong>Conferencias:<\/strong><br \/>Reuni\u00f3n nativa (audio\/video + datos compartidos):<br \/>Conferencia local: 1080p 30 fps + 1080p 30 fps\/4K 8 fps<br \/>Huawei Cloud Meeting: 1080p 30 fps + 1080p 30 fps\/4K 8 fps<br \/>BYOM: S\u00ed<\/li>\n<li style='margin-bottom: 5px;'><strong>Funci\u00f3n AI:<\/strong><br \/>Autoencuadre: S\u00ed<br \/>Seguimiento inteligente: S\u00ed<br \/>Deflector ac\u00fastico: S\u00ed<br \/>Dereverberaci\u00f3n basada en DNN*: S\u00ed<\/li>\n<\/ul><\/div>\n<\/p><\/div>\n<p> <!-- Package & Accessories --> <\/p>\n<div style='flex: 1 1 250px; border: 1px solid rgba(150&comma; 150&comma; 150&comma; 0.4); border-radius: 8px; overflow: hidden; display: flex; flex-direction: column;'>\n<div style='padding: 15px; border-bottom: 1px solid rgba(150&comma; 150&comma; 150&comma; 0.2); font-weight: bold; font-size: 18px; color: inherit;'>Contenido del paquete:<\/div>\n<div style='padding: 15px; color: inherit;'>\n<ul style='padding-left: 20px; margin: 0; font-size: 14px; list-style-type: disc;'>\n<li style='margin-bottom: 5px;'>1 Pantalla<\/li>\n<li style='margin-bottom: 5px;'>2 Plumas stylus<\/li>\n<li style='margin-bottom: 5px;'>1 Cable de alimentaci\u00f3n<\/li>\n<\/ul><\/div>\n<div style='padding: 15px; border-top: 1px solid rgba(150&comma; 150&comma; 150&comma; 0.2); color: inherit; font-weight: bold; font-size: 18px;'>Accesorios opcionales:<\/div>\n<div style='padding: 15px; color: inherit;'>\n<ul style='padding-left: 20px; margin: 0; font-size: 14px; list-style-type: disc;'>\n<li style='margin-bottom: 5px;'><a href='https:\/\/www.syscom.pro\/products\/224651\/2751' style='color: inherit; text-decoration: underline;'>Hi care anual: HCB-IHS275SA-1Y<\/a><\/li>\n<li style='margin-bottom: 5px;'><a href='https:\/\/www.syscom.pro\/products\/228325\/275861' style='color: inherit; text-decoration: underline;'>Tarjeta de mantenimiento anual: MCS275\/86-1Y<\/a><\/li>\n<li style='margin-bottom: 5px;'><a href='https:\/\/www.syscom.pro\/products\/231705\/861' style='color: inherit; text-decoration: underline;'>Repuesto de plumas: IFP-UG86E-STP-V1<\/a><\/li>\n<li style='margin-bottom: 5px;'><a href='https:\/\/www.syscom.pro\/products\/220436' style='color: inherit; text-decoration: underline;'>Montaje en pared: WB1M0IDEAHUB02<\/a><\/li>\n<li style='margin-bottom: 5px;'><a href='https:\/\/www.syscom.pro\/products\/220435' style='color: inherit; text-decoration: underline;'>Montaje Rolling (movible): WB1M0IDEAHUB07<\/a><\/li>\n<li style='margin-bottom: 5px;'><a href='https:\/\/www.syscom.pro\/products\/239110' style='color: inherit; text-decoration: underline;'>OPS (Windows 11): OPSW022Z (i7)<\/a><\/li>\n<li style='margin-bottom: 5px;'><a href='https:\/\/www.syscom.pro\/products\/245164\/021' style='color: inherit; text-decoration: underline;'>OPS (Windows 11): OPSW021Z (i5)<\/a><\/li>\n<li style='margin-bottom: 5px;'><a href='https:\/\/www.syscom.pro\/products\/220442' style='color: inherit; text-decoration: underline;'>IdeaShare: HWA01<\/a><\/li>\n<li style='margin-bottom: 5px;'><a href='https:\/\/www.syscom.pro\/products\/220440' style='color: inherit; text-decoration: underline;'>Control remoto: IHC<\/a><\/li>\n<\/ul><\/div>\n<\/p><\/div>\n<\/p><\/div>\n<p> <!-- Additional Features Section --> <\/p>\n<div style='display: flex; flex-wrap: wrap; gap: 30px; margin-bottom: 30px;'>\n<div style='flex: 1 1 320px; min-width: 280px;'> <img style='width: 100%; height: auto; border: 1px solid rgba(150&comma;150&comma;150&comma;0.3); border-radius: 8px;' src='http:\/\/ftp3.syscom.mx\/usuarios\/ftp\/2025\/10\/13\/1971\/secondbannerpcen.jpg_froala_68ed432d30f8d' alt=''> <\/div>\n<div style='flex: 1 1 360px; min-width: 280px;'>\n<h3 style='font-size: 22px; border-bottom: 2px solid currentColor; padding-bottom: 5px; margin-top: 0; color: inherit; opacity: 0.8;'>Dise\u00f1o todo en uno para una colaboraci\u00f3n sin l\u00edmites<\/h3>\n<ul style='padding-left: 20px; font-size: 15px; color: inherit;'>\n<li style='margin-bottom: 5px;'>C\u00e1mara 4K con cubierta de lente para garantizar la privacidad.<\/li>\n<li style='margin-bottom: 5px;'>Pantalla 4K de luz suave con bordes ultrafinos que ofrece una experiencia visual inmersiva.<\/li>\n<li style='margin-bottom: 5px;'>Cambio entre sistemas operativos con un solo toque sin necesidad de configurar el sistema operativo.<\/li>\n<li style='margin-bottom: 5px;'>Panel frontal de f\u00e1cil acceso con NFC&comma; USB tipo C&comma; USB 3.0 y bot\u00f3n de encendido.<\/li>\n<li style='margin-bottom: 5px;'>Certificaci\u00f3n T\u00dcV Rheinland Low Blue Light Certification.<\/li>\n<\/ul><\/div>\n<\/p><\/div>\n<p> <!-- Camera Section --> <\/p>\n<div style='display: flex; flex-wrap: wrap; gap: 30px; margin-bottom: 30px;'>\n<div style='flex: 1 1 360px; min-width: 280px; order: 1;'>\n<h3 style='font-size: 22px; border-bottom: 2px solid currentColor; padding-bottom: 5px; margin-top: 0; color: inherit; opacity: 0.8;'>C\u00e1mara de video 4K profesional<\/h3>\n<p style='margin: 0;'>La c\u00e1mara se empareja con un sensor de imagen 4K con un tama\u00f1o de fotosito ultragrande de 2 \u03bcm\u00b2 para crear bajo ruido y una claridad apegada a la realidad. La tecnolog\u00eda de disipaci\u00f3n de calor circulante garantiza una resoluci\u00f3n consistente a\u00fan en las reuniones extensas. El algoritmo de formaci\u00f3n de im\u00e1genes desarrollado por Huawei corrige la distorsi\u00f3n de la TV a menos de 2%&comma; que garantiza im\u00e1genes naturales.<\/p>\n<\/p><\/div>\n<div style='flex: 1 1 320px; min-width: 280px; order: 2;'> <img style='width: 100%; height: auto; border: 1px solid rgba(150&comma;150&comma;150&comma;0.3); border-radius: 8px;' src='http:\/\/ftp3.syscom.mx\/usuarios\/ftp\/2025\/10\/13\/1971\/ideahubs2secondbanner3pccn.jpg_froala_68ed44a7e70c4' alt=''> <\/div>\n<\/p><\/div>\n<p> <!-- Audio Section --> <\/p>\n<div style='display: flex; flex-wrap: wrap; gap: 30px; margin-bottom: 30px;'>\n<div style='flex: 1 1 320px; min-width: 280px;'> <img style='width: 100%; height: auto; border: 1px solid rgba(150&comma;150&comma;150&comma;0.3); border-radius: 8px;' src='http:\/\/ftp3.syscom.mx\/usuarios\/ftp\/2025\/10\/13\/1971\/ideahubs2secondbanner4pccn.jpg_froala_68ed45164c99c' alt=''> <\/div>\n<div style='flex: 1 1 360px; min-width: 280px;'>\n<h3 style='font-size: 22px; border-bottom: 2px solid currentColor; padding-bottom: 5px; margin-top: 0; color: inherit; opacity: 0.8;'>Protecci\u00f3n de bucles La nitidez es la clave<\/h3>\n<p style='margin: 0;'>La nitidez est\u00e1 garantizada gracias a un conjunto de micr\u00f3fonos de formaci\u00f3n de haces con eliminaci\u00f3n de la reverberaci\u00f3n basada en DNN1 y un algoritmo AEC para la captaci\u00f3n de sonido a 12 metros de distancia.<\/p>\n<\/p><\/div>\n<\/p><\/div>\n<p> <!-- Voice Tracking Section --> <\/p>\n<div style='display: flex; flex-wrap: wrap; gap: 30px; margin-bottom: 30px;'>\n<div style='flex: 1 1 360px; min-width: 280px; order: 1;'>\n<h3 style='font-size: 22px; border-bottom: 2px solid currentColor; padding-bottom: 5px; margin-top: 0; color: inherit; opacity: 0.8;'>Seguimiento de voz autom\u00e1tico<\/h3>\n<p style='margin: 0;'>El seguimiento de voz garantiza que el ponente est\u00e9 siempre en el centro. El encuadre autom\u00e1tico proporciona un \u00e1ngulo \u00f3ptimo para varios participantes. El bafle ac\u00fastico protege del ruido externo para que las comunicaciones sean n\u00edtidas.<\/p>\n<\/p><\/div>\n<div style='flex: 1 1 320px; min-width: 280px; order: 2;'> <img style='width: 100%; height: auto; border: 1px solid rgba(150&comma;150&comma;150&comma;0.3); border-radius: 8px;' src='http:\/\/ftp3.syscom.mx\/usuarios\/ftp\/2025\/10\/13\/1971\/ideahubs2secondbanner5pcen2.jpg_froala_68ed53592b7ef' alt=''> <\/div>\n<\/p><\/div>\n<p> <!-- Video Conferencing Section --> <\/p>\n<div style='display: flex; flex-wrap: wrap; gap: 30px; margin-bottom: 30px;'>\n<div style='flex: 1 1 320px; min-width: 280px;'> <img style='width: 100%; height: auto; border: 1px solid rgba(150&comma;150&comma;150&comma;0.3); border-radius: 8px;' src='http:\/\/ftp3.syscom.mx\/usuarios\/ftp\/2025\/10\/13\/1971\/secondbanner6pcen.jpg_froala_68ed53d0aee28' alt=''> <\/div>\n<div style='flex: 1 1 360px; min-width: 280px;'>\n<h3 style='font-size: 22px; border-bottom: 2px solid currentColor; padding-bottom: 5px; margin-top: 0; color: inherit; opacity: 0.8;'>Reuniones con video de alta definici\u00f3n<\/h3>\n<p style='margin: 0;'>Incluye protocolos dobles H.264 + SIP&comma; c\u00f3dec de hardware HD y reuniones totalmente optimizadas.<\/p>\n<\/p><\/div>\n<\/p><\/div>\n<p> <!-- BYOM Section --> <\/p>\n<div style='display: flex; flex-wrap: wrap; gap: 30px; margin-bottom: 30px;'>\n<div style='flex: 1 1 360px; min-width: 280px; order: 1;'>\n<h3 style='font-size: 22px; border-bottom: 2px solid currentColor; padding-bottom: 5px; margin-top: 0; color: inherit; opacity: 0.8;'>Soporta BYOM<\/h3>\n<p style='margin: 0;'>Uso de dispositivos personales para activar la pantalla&comma; la c\u00e1mara&comma; el micr\u00f3fono y el altavoz del HUAWEI IdeaHub S2&comma; conectando todos ellos para lograr una reuni\u00f3n fluida y en alta definici\u00f3n.<\/p>\n<\/p><\/div>\n<div style='flex: 1 1 320px; min-width: 280px; order: 2;'> <img style='width: 100%; height: auto; border: 1px solid rgba(150&comma;150&comma;150&comma;0.3); border-radius: 8px;' src='http:\/\/ftp3.syscom.mx\/usuarios\/ftp\/2025\/10\/13\/1971\/shipin3en.jpg_froala_68ed547badd41' alt=''> <\/div>\n<\/p><\/div>\n<p> <!-- Wireless Projection Section --> <\/p>\n<div style='display: flex; flex-wrap: wrap; gap: 30px; margin-bottom: 30px;'>\n<div style='flex: 1 1 320px; min-width: 280px;'> <img style='width: 100%; height: auto; border: 1px solid rgba(150&comma;150&comma;150&comma;0.3); border-radius: 8px;' src='http:\/\/ftp3.syscom.mx\/usuarios\/ftp\/2025\/10\/13\/1971\/video3cn.jpg_froala_68ed557c8fe6b' alt=''> <\/div>\n<div style='flex: 1 1 360px; min-width: 280px;'>\n<h3 style='font-size: 22px; border-bottom: 2px solid currentColor; padding-bottom: 5px; margin-top: 0; color: inherit; opacity: 0.8;'>Inicie una proyecci\u00f3n sin red<\/h3>\n<p style='margin: 0;'>Se basa en la innovadora tecnolog\u00eda Wi-Fi 6 para la proyecci\u00f3n directa; s\u00f3lo se requiere habilitar Wi-Fi en el IdeaHub y en su tel\u00e9fono m\u00f3vil o PC sin conectarse a la red. La aplicaci\u00f3n IdeaShare descubre de manera autom\u00e1tica el IdeaHub pr\u00f3ximo para establecer las conexiones y completa autom\u00e1ticamente el c\u00f3digo de proyecci\u00f3n tras la primera letra. Tambi\u00e9n puede utilizar esta funci\u00f3n en su tel\u00e9fono Huawei mediante NFC o la opci\u00f3n de proyecci\u00f3n en el men\u00fa desplegable.<\/p>\n<p style='margin: 15px 0 0 0;'>La aplicaci\u00f3n IdeaShare es compatible con HarmonyOS&comma; Android&comma; iOS&comma; Windows y macOS.<\/p>\n<\/p><\/div>\n<\/p><\/div>\n<p> <!-- Smart Writing Section --> <\/p>\n<div style='display: flex; flex-wrap: wrap; gap: 30px; margin-bottom: 30px;'>\n<div style='flex: 1 1 360px; min-width: 280px; order: 1;'>\n<h3 style='font-size: 22px; border-bottom: 2px solid currentColor; padding-bottom: 5px; margin-top: 0; color: inherit; opacity: 0.8;'>Pizarra inteligente tan sencilla como el l\u00e1piz y papel<\/h3>\n<p style='margin: 0;'>La latencia ultrabaja de 16 ms permite una escritura intuitiva en la pantalla. El reconocimiento inteligente de la escritura identifica de manera autom\u00e1tica palabras y cifras.<\/p>\n<p style='margin: 15px 0 0 0;'>El contenido de la pizarra se puede recuperar escaneando el c\u00f3digo QR mediante un navegador.<\/p>\n<\/p><\/div>\n<div style='flex: 1 1 320px; min-width: 280px; order: 2;'> <img style='width: 100%; height: auto; border: 1px solid rgba(150&comma;150&comma;150&comma;0.3); border-radius: 8px;' src='http:\/\/ftp3.syscom.mx\/usuarios\/ftp\/2025\/10\/13\/1971\/secotdbanner7pc1en.jpg_froala_68ed56ff9cb46' alt=''> <\/div>\n<\/p><\/div>\n<p> <!-- Management Section --> <\/p>\n<div style='display: flex; flex-wrap: wrap; gap: 30px; margin-bottom: 30px;'>\n<div style='flex: 1 1 320px; min-width: 280px;'> <img style='width: 100%; height: auto; border: 1px solid rgba(150&comma;150&comma;150&comma;0.3); border-radius: 8px;' src='http:\/\/ftp3.syscom.mx\/usuarios\/ftp\/2025\/10\/13\/1971\/ib2secondbanner6pccn.jpg_froala_68ed6bcc5456f' alt=''> <\/div>\n<div style='flex: 1 1 360px; min-width: 280px;'>\n<h3 style='font-size: 22px; border-bottom: 2px solid currentColor; padding-bottom: 5px; margin-top: 0; color: inherit; opacity: 0.8;'>Operaci\u00f3n y mantenimiento inteligente<\/h3>\n<p style='margin: 0;'>La plataforma de gesti\u00f3n de dispositivos IdeaManager gestiona y controla de manera remota m\u00faltiples IdeaHubs y admite la configuraci\u00f3n&comma; actualizaci\u00f3n y apagado de lotes de hasta 50&comma;000 dispositivos. IdeaCare realiza un diagn\u00f3stico r\u00e1pido en un clic y los fallos y soluci\u00f3n de problemas t\u00edpicos.<\/p>\n<\/p><\/div>\n<\/p><\/div>\n<\/p><\/div>\n","protected":false},"excerpt":{"rendered":"<p>HUAWEI IdeaHub S2, Pantalla interactiva para Colaboraci\u00f3n Inteligente, 75&#8243;, 4K UHD, Harmony OS, Wi-Fi 6, C\u00e1mara inteligente, Funcionalidad BYOM.<\/p>\n","protected":false},"featured_media":87766,"comment_status":"open","ping_status":"closed","template":"","meta":[],"product_brand":[],"product_cat":[2048],"product_tag":[2049,718,2004],"class_list":{"0":"post-87767","1":"product","2":"type-product","3":"status-publish","4":"has-post-thumbnail","6":"product_cat-audio-video-conferencia","7":"product_tag-audio-video-conferencia","8":"product_tag-huawei","9":"product_tag-voip-telefonia-ip-videoconferencia","11":"first","12":"instock","13":"sale","14":"shipping-taxable","15":"purchasable","16":"product-type-simple"},"_links":{"self":[{"href":"https:\/\/soydeaqui.ddns.net\/pachuca\/index.php\/wp-json\/wp\/v2\/product\/87767","targetHints":{"allow":["GET"]}}],"collection":[{"href":"https:\/\/soydeaqui.ddns.net\/pachuca\/index.php\/wp-json\/wp\/v2\/product"}],"about":[{"href":"https:\/\/soydeaqui.ddns.net\/pachuca\/index.php\/wp-json\/wp\/v2\/types\/product"}],"replies":[{"embeddable":true,"href":"https:\/\/soydeaqui.ddns.net\/pachuca\/index.php\/wp-json\/wp\/v2\/comments?post=87767"}],"wp:featuredmedia":[{"embeddable":true,"href":"https:\/\/soydeaqui.ddns.net\/pachuca\/index.php\/wp-json\/wp\/v2\/media\/87766"}],"wp:attachment":[{"href":"https:\/\/soydeaqui.ddns.net\/pachuca\/index.php\/wp-json\/wp\/v2\/media?parent=87767"}],"wp:term":[{"taxonomy":"product_brand","embeddable":true,"href":"https:\/\/soydeaqui.ddns.net\/pachuca\/index.php\/wp-json\/wp\/v2\/product_brand?post=87767"},{"taxonomy":"product_cat","embeddable":true,"href":"https:\/\/soydeaqui.ddns.net\/pachuca\/index.php\/wp-json\/wp\/v2\/product_cat?post=87767"},{"taxonomy":"product_tag","embeddable":true,"href":"https:\/\/soydeaqui.ddns.net\/pachuca\/index.php\/wp-json\/wp\/v2\/product_tag?post=87767"}],"curies":[{"name":"wp","href":"https:\/\/api.w.org\/{rel}","templated":true}]}}