{"id":87763,"date":"2026-03-19T23:21:18","date_gmt":"2026-03-19T23:21:18","guid":{"rendered":"https:\/\/soydeaqui.ddns.net\/pachuca\/index.php\/producto\/cloud-router-switch-16-puertos-sfp28-25-gbps-2-puertos-qsfp28-10-gbps\/"},"modified":"2026-03-19T23:21:25","modified_gmt":"2026-03-19T23:21:25","slug":"cloud-router-switch-16-puertos-sfp28-25-gbps-2-puertos-qsfp28-10-gbps","status":"publish","type":"product","link":"https:\/\/soydeaqui.ddns.net\/pachuca\/index.php\/producto\/cloud-router-switch-16-puertos-sfp28-25-gbps-2-puertos-qsfp28-10-gbps\/","title":{"rendered":"Cloud Router Switch, 16 puertos SFP28 25 Gbps, 2 puertos QSFP28 10 Gbps"},"content":{"rendered":"<div style='width: 100%; max-width: 1200px; margin: 0 auto; font-family: sans-serif; line-height: 1.6; color: inherit; background-color: transparent;'> <!-- Secci\u00f3n principal --> <\/p>\n<div style='display: flex; flex-wrap: wrap; align-items: center; gap: 30px; border: 1px solid rgba(150&comma;150&comma;150&comma;0.3); border-radius: 12px; padding: 20px;'>\n<div style='flex: 1 1 300px; min-width: 280px;'>\n<h1 style='margin-top: 0; font-size: 1.8rem; color: inherit;'>CRS518-16XS-2XQ-RM<\/h1>\n<p>El switch de 100 Gigabit para redes empresariales y Data Centers.<\/p>\n<p style='margin-bottom: 0;'>Con 2 puertos QSFP28 de 100 Gigabit y 16 puertos SFP28 de 25 Gigabit&comma; este es el complemento perfecto y rentable para cualquier red empresarial. Cuenta con fuentes de alimentaci\u00f3n y ventiladores intercambiables en caliente (Hot-Swap) duales para evitar tiempos de inactividad&comma; todo impulsado por el potente chip de conmutaci\u00f3n Marvell Prestera Aldrin2.<\/p>\n<\/p><\/div>\n<div style='flex: 1 1 300px; min-width: 280px;'> <img style='width: 100%; height: auto; border: 1px solid rgba(150&comma;150&comma;150&comma;0.3); border-radius: 8px;' src='http:\/\/ftp3.syscom.mx\/usuarios\/ftp\/2026\/01\/05\/2676\/1767639932313.png_froala_695c0b7e86a7f' alt='Miniatura del v\u00eddeo'> <\/div>\n<\/p><\/div>\n<p> <!-- Secci\u00f3n de caracter\u00edsticas --> <\/p>\n<div style='display: flex; flex-wrap: wrap; gap: 20px; margin-top: 30px;'>\n<div style='flex: 1 1 300px; min-width: 280px;'>\n<div style='border: 1px solid rgba(150&comma;150&comma;150&comma;0.3); border-radius: 8px; overflow: hidden;'>\n<div style='padding: 12px 16px; background-color: rgba(150&comma;150&comma;150&comma;0.1); color: inherit; font-weight: bold;'>Caracter\u00edsticas Principales<\/div>\n<ul style='padding: 16px; margin: 0; font-size: 14px; color: inherit;'>\n<li>2 Puertos QSFP28 de 100G<\/li>\n<li>16 Puertos SFP28 de 25G<\/li>\n<li>Fuentes y Ventiladores Hot-Swap<\/li>\n<li>Chip Marvell Prestera Aldrin2<\/li>\n<li>Capacidad de Switching de 1.2 Tbps<\/li>\n<li>L3 Hardware Offloading<\/li>\n<\/ul><\/div>\n<\/p><\/div>\n<div style='flex: 1 1 300px; min-width: 280px;'>\n<div style='border: 1px solid rgba(150&comma;150&comma;150&comma;0.3); border-radius: 8px; overflow: hidden;'>\n<div style='padding: 12px 16px; background-color: rgba(150&comma;150&comma;150&comma;0.1); color: inherit; font-weight: bold;'>\u00bfD\u00f3nde Encaja?<\/div>\n<ul style='padding: 16px; margin: 0; font-size: 14px; color: inherit;'>\n<li>Centros de Datos (Data Centers)<\/li>\n<li>Proveedores de Servicios (ISP)<\/li>\n<li>N\u00facleo de redes empresariales<\/li>\n<li>Agregaci\u00f3n de tr\u00e1fico de alta velocidad<\/li>\n<li>Redes que requieren redundancia total<\/li>\n<\/ul><\/div>\n<\/p><\/div>\n<\/p><\/div>\n<p> <!-- Secci\u00f3n con imagen y texto --> <\/p>\n<div style='display: flex; flex-wrap: wrap; gap: 30px; margin-top: 30px;'>\n<div style='flex: 1 1 320px; min-width: 280px; text-align: center;'> <span style='display: block; padding: 20px; background-color: rgba(150&comma;150&comma;150&comma;0.1); border-radius: 8px;'> <img style='width: 100%; height: auto; border: 1px solid rgba(150&comma;150&comma;150&comma;0.3); border-radius: 4px;' src='http:\/\/ftp3.syscom.mx\/usuarios\/ftp\/2026\/01\/05\/2676\/1767639990163.png_froala_695c0bb68dc9a' alt=''> <\/span> <\/div>\n<div style='flex: 1 1 320px; min-width: 280px; text-align: center;'>\n<h2 style='margin-top: 0; color: inherit;'>L3 Hardware Offloading<\/h2>\n<p>Enlaces troncales ultrarr\u00e1pidos para conectar routers CCR2216 o servidores.<\/p>\n<\/p><\/div>\n<\/p><\/div>\n<p> <!-- Secci\u00f3n con texto e imagen --> <\/p>\n<div style='display: flex; flex-wrap: wrap; gap: 30px; margin-top: 30px;'>\n<div style='flex: 1 1 320px; min-width: 280px; text-align: center;'>\n<h2 style='margin-top: 0; color: inherit;'>Link agregation con CCR2216<\/h2>\n<p>En esta configuraci\u00f3n&comma; tambi\u00e9n contamos con conectividad de agregaci\u00f3n de enlaces directos entre los enrutadores CCR2216 y los servidores de datos. Esto mejora la eficiencia y la distribuci\u00f3n del tr\u00e1fico.<\/p>\n<\/p><\/div>\n<div style='flex: 1 1 320px; min-width: 280px; text-align: center;'> <span style='display: block; padding: 20px; background-color: rgba(150&comma;150&comma;150&comma;0.1); border-radius: 8px;'> <img style='width: 100%; height: auto; border: 1px solid rgba(150&comma;150&comma;150&comma;0.3); border-radius: 4px;' src='http:\/\/ftp3.syscom.mx\/usuarios\/ftp\/2026\/01\/05\/2676\/1767640059557.png_froala_695c0bfc3f13f' alt=''> <\/span> <\/div>\n<\/p><\/div>\n<p> <!-- Separador --> <\/p>\n<hr style='border: 0; border-top: 1px solid rgba(150&comma;150&comma;150&comma;0.3); margin: 30px 0;'> <!-- Especificaciones --> <\/p>\n<h3 style='font-size: 22px; border-bottom: 2px solid currentColor; padding-bottom: 5px; margin-top: 0; color: inherit; opacity: 0.8;'>Especificaciones<\/h3>\n<div style='display: flex; flex-wrap: wrap; gap: 20px; margin-top: 20px;'>\n<div style='flex: 1 1 250px; border: 1px solid rgba(150&comma; 150&comma; 150&comma; 0.4); border-radius: 8px; overflow: hidden; display: flex; flex-direction: column;'>\n<div style='padding: 15px; border-bottom: 1px solid rgba(150&comma;150&comma;150&comma;0.2); font-weight: bold; font-size: 18px; color: inherit;'>Detalles<\/div>\n<div style='padding: 15px; color: inherit;'>\n<ul style='padding-left: 20px; margin: 0; font-size: 14px; list-style-type: disc; color: inherit;'>\n<li style='margin-bottom: 5px;'><strong>C\u00f3digo de producto:<\/strong> CRS518-16XS-2XQ-RM<\/li>\n<li style='margin-bottom: 5px;'><strong>Arquitectura:<\/strong> MIPSBE<\/li>\n<li style='margin-bottom: 5px;'><strong>CPU:<\/strong> QCA9531 650 MHz<\/li>\n<li style='margin-bottom: 5px;'><strong>Switch Chip:<\/strong> 98DX8525 (Marvell Prestera)<\/li>\n<li style='margin-bottom: 5px;'><strong>Sistema operativo:<\/strong> RouterOS v7 (Licencia Nivel 6)<\/li>\n<li style='margin-bottom: 5px;'><strong>Tama\u00f1o de RAM:<\/strong> 64 MB<\/li>\n<li style='margin-bottom: 0;'><strong>Almacenamiento:<\/strong> 16 MB (Flash)<\/li>\n<\/ul><\/div>\n<\/p><\/div>\n<div style='flex: 1 1 250px; border: 1px solid rgba(150&comma; 150&comma; 150&comma; 0.4); border-radius: 8px; overflow: hidden; display: flex; flex-direction: column;'>\n<div style='padding: 15px; border-bottom: 1px solid rgba(150&comma;150&comma;150&comma;0.2); font-weight: bold; font-size: 18px; color: inherit;'>Alimentaci\u00f3n<\/div>\n<div style='padding: 15px; color: inherit;'>\n<ul style='padding-left: 20px; margin: 0; font-size: 14px; list-style-type: disc; color: inherit;'>\n<li style='margin-bottom: 5px;'><strong>Entradas AC:<\/strong> 2 (Hot-Swap)<\/li>\n<li style='margin-bottom: 5px;'><strong>Rango de entrada AC:<\/strong> 100-240 V<\/li>\n<li style='margin-bottom: 5px;'><strong>Consumo m\u00e1ximo:<\/strong> 95 W<\/li>\n<li style='margin-bottom: 5px;'><strong>Consumo sin accesorios:<\/strong> 45 W<\/li>\n<li style='margin-bottom: 0;'><strong>Refrigeraci\u00f3n:<\/strong> 4 Ventiladores (Hot-Swap)<\/li>\n<\/ul><\/div>\n<\/p><\/div>\n<div style='flex: 1 1 250px; border: 1px solid rgba(150&comma; 150&comma; 150&comma; 0.4); border-radius: 8px; overflow: hidden; display: flex; flex-direction: column;'>\n<div style='padding: 15px; border-bottom: 1px solid rgba(150&comma;150&comma;150&comma;0.2); font-weight: bold; font-size: 18px; color: inherit;'>Puertos de Fibra<\/div>\n<div style='padding: 15px; color: inherit;'>\n<ul style='padding-left: 20px; margin: 0; font-size: 14px; list-style-type: disc; color: inherit;'>\n<li style='margin-bottom: 5px;'><strong>25G SFP28:<\/strong> 16<\/li>\n<li style='margin-bottom: 0;'><strong>100G QSFP28:<\/strong> 2<\/li>\n<\/ul><\/div>\n<\/p><\/div>\n<div style='flex: 1 1 250px; border: 1px solid rgba(150&comma; 150&comma; 150&comma; 0.4); border-radius: 8px; overflow: hidden; display: flex; flex-direction: column;'>\n<div style='padding: 15px; border-bottom: 1px solid rgba(150&comma;150&comma;150&comma;0.2); font-weight: bold; font-size: 18px; color: inherit;'>Otros<\/div>\n<div style='padding: 15px; color: inherit;'>\n<ul style='padding-left: 20px; margin: 0; font-size: 14px; list-style-type: disc; color: inherit;'>\n<li style='margin-bottom: 5px;'><strong>Puerto Consola:<\/strong> RJ45<\/li>\n<li style='margin-bottom: 5px;'><strong>Puerto USB:<\/strong> 1 (Tipo A)<\/li>\n<li style='margin-bottom: 0;'><strong>Monitores:<\/strong> Temp. PCB&comma; Voltaje<\/li>\n<\/ul><\/div>\n<\/p><\/div>\n<\/p><\/div>\n<p> <!-- Tabla de resultados de conmutaci\u00f3n --> <\/p>\n<div style='margin-top: 30px;'>\n<h3 style='font-size: 22px; border-bottom: 2px solid currentColor; padding-bottom: 5px; margin-top: 0; color: inherit; opacity: 0.8;'>Resultados de conmutaci\u00f3n<\/h3>\n<div style='overflow-x: auto;'>\n<table style='width: 100%; border-collapse: collapse; margin-top: 15px; font-size: 14px;'>\n<thead style='background-color: rgba(150&comma;150&comma;150&comma;0.1);'>\n<tr>\n<th style='padding: 12px; border: 1px solid rgba(150&comma;150&comma;150&comma;0.3); text-align: left;'>Modo<\/th>\n<th style='padding: 12px; border: 1px solid rgba(150&comma;150&comma;150&comma;0.3); text-align: left;'>Configuraci\u00f3n<\/th>\n<th style='padding: 12px; border: 1px solid rgba(150&comma;150&comma;150&comma;0.3); text-align: left;'>1518 byte<\/th>\n<th style='padding: 12px; border: 1px solid rgba(150&comma;150&comma;150&comma;0.3); text-align: left;'>512 byte<\/th>\n<th style='padding: 12px; border: 1px solid rgba(150&comma;150&comma;150&comma;0.3); text-align: left;'>64 byte<\/th>\n<\/tr>\n<\/thead>\n<tbody>\n<tr>\n<td style='padding: 12px; border: 1px solid rgba(150&comma;150&comma;150&comma;0.3);'>Switching<\/td>\n<td style='padding: 12px; border: 1px solid rgba(150&comma;150&comma;150&comma;0.3);'>Non blocking L2 throughput<\/td>\n<td style='padding: 12px; border: 1px solid rgba(150&comma;150&comma;150&comma;0.3);'>592&comma;296.4 Mbps<\/td>\n<td style='padding: 12px; border: 1px solid rgba(150&comma;150&comma;150&comma;0.3);'>577&comma;539.8 Mbps<\/td>\n<td style='padding: 12px; border: 1px solid rgba(150&comma;150&comma;150&comma;0.3);'>307&comma;200.0 Mbps<\/td>\n<\/tr>\n<tr>\n<td style='padding: 12px; border: 1px solid rgba(150&comma;150&comma;150&comma;0.3);'>Switching<\/td>\n<td style='padding: 12px; border: 1px solid rgba(150&comma;150&comma;150&comma;0.3);'>Non blocking L2 capacity<\/td>\n<td style='padding: 12px; border: 1px solid rgba(150&comma;150&comma;150&comma;0.3);'>1&comma;184&comma;592.7 Mbps<\/td>\n<td style='padding: 12px; border: 1px solid rgba(150&comma;150&comma;150&comma;0.3);'>1&comma;155&comma;079.7 Mbps<\/td>\n<td style='padding: 12px; border: 1px solid rgba(150&comma;150&comma;150&comma;0.3);'>614&comma;401.0 Mbps<\/td>\n<\/tr>\n<tr>\n<td style='padding: 12px; border: 1px solid rgba(150&comma;150&comma;150&comma;0.3);'>Switching<\/td>\n<td style='padding: 12px; border: 1px solid rgba(150&comma;150&comma;150&comma;0.3);'>Non blocking L1 throughput<\/td>\n<td style='padding: 12px; border: 1px solid rgba(150&comma;150&comma;150&comma;0.3);'>600&comma;100.0 Mbps<\/td>\n<td style='padding: 12px; border: 1px solid rgba(150&comma;150&comma;150&comma;0.3);'>600&comma;100.0 Mbps<\/td>\n<td style='padding: 12px; border: 1px solid rgba(150&comma;150&comma;150&comma;0.3);'>403&comma;560.0 Mbps<\/td>\n<\/tr>\n<tr>\n<td style='padding: 12px; border: 1px solid rgba(150&comma;150&comma;150&comma;0.3);'>Switching<\/td>\n<td style='padding: 12px; border: 1px solid rgba(150&comma;150&comma;150&comma;0.3);'>Non blocking L1 capacity<\/td>\n<td style='padding: 12px; border: 1px solid rgba(150&comma;150&comma;150&comma;0.3);'>1&comma;200&comma;200.0 Mbps<\/td>\n<td style='padding: 12px; border: 1px solid rgba(150&comma;150&comma;150&comma;0.3);'>1&comma;200&comma;200.0 Mbps<\/td>\n<td style='padding: 12px; border: 1px solid rgba(150&comma;150&comma;150&comma;0.3);'>807&comma;120.0 Mbps<\/td>\n<\/tr>\n<\/tbody>\n<\/table><\/div>\n<\/p><\/div>\n<p> <!-- Documentos --> <\/p>\n<h3 style='font-size: 22px; border-bottom: 2px solid currentColor; padding-bottom: 5px; margin-top: 40px; color: inherit; opacity: 0.8;'>Documentos<\/h3>\n<div style='display: flex; flex-wrap: wrap; gap: 30px; margin-top: 20px;'>\n<div style='flex: 1 1 300px; min-width: 280px; border: 1px solid rgba(150&comma;150&comma;150&comma;0.3); border-radius: 8px; overflow: hidden;'>\n<div style='padding: 15px; background-color: rgba(150&comma;150&comma;150&comma;0.1); font-weight: bold; font-size: 18px; color: inherit;'>Folleto<\/div>\n<div style='padding: 15px;'>\n<p style='margin-bottom: 15px;'>Lea el folleto del producto y descubra las caracter\u00edsticas y especificaciones.<\/p>\n<p> <a href='https:\/\/cdn.mikrotik.com\/web-assets\/product_files\/CRS518-16XS-2XQ-RM_220739.pdf' target='_blank' rel='noopener noreferrer' style='display: inline-block; background-color: #1a1a1a; color: #fff; padding: 8px 16px; font-size: 14px; text-decoration: none; border-radius: 4px; margin-top: 10px;'>Descargar PDF<\/a> <\/div>\n<\/p><\/div>\n<div style='flex: 1 1 300px; min-width: 280px; border: 1px solid rgba(150&comma;150&comma;150&comma;0.3); border-radius: 8px; overflow: hidden;'>\n<div style='padding: 15px; background-color: rgba(150&comma;150&comma;150&comma;0.1); font-weight: bold; font-size: 18px; color: inherit;'>Certificado de calidad<\/div>\n<div style='padding: 15px;'>\n<p style='margin-bottom: 15px;'>Descargue el certificado de calidad del producto.<\/p>\n<p> <a href='https:\/\/cdn.mikrotik.com\/web-assets\/product_files\/ID212.3_CRS518-16XS-2XQ-RM_DOC_241140.pdf' target='_blank' rel='noopener noreferrer' style='display: inline-block; background-color: #1a1a1a; color: #fff; padding: 8px 16px; font-size: 14px; text-decoration: none; border-radius: 4px; margin-top: 10px;'>Descargar PDF<\/a> <\/div>\n<\/p><\/div>\n<div style='flex: 1 1 300px; min-width: 280px; border: 1px solid rgba(150&comma;150&comma;150&comma;0.3); border-radius: 8px; overflow: hidden;'>\n<div style='padding: 15px; background-color: rgba(150&comma;150&comma;150&comma;0.1); font-weight: bold; font-size: 18px; color: inherit;'>Gu\u00eda r\u00e1pida<\/div>\n<div style='padding: 15px;'>\n<p style='margin-bottom: 15px;'>Acceda a la gu\u00eda r\u00e1pida de configuraci\u00f3n del dispositivo.<\/p>\n<p> <a href='https:\/\/help.mikrotik.com\/docs\/display\/QG\/Quick+Guide+-+CRS518-16XS-2XQ-RM' target='_blank' rel='noopener noreferrer' style='display: inline-block; background-color: #1a1a1a; color: #fff; padding: 8px 16px; font-size: 14px; text-decoration: none; border-radius: 4px; margin-top: 10px;'>Ver gu\u00eda<\/a> <\/div>\n<\/p><\/div>\n<div style='flex: 1 1 300px; min-width: 280px; border: 1px solid rgba(150&comma;150&comma;150&comma;0.3); border-radius: 8px; overflow: hidden;'>\n<div style='padding: 15px; background-color: rgba(150&comma;150&comma;150&comma;0.1); font-weight: bold; font-size: 18px; color: inherit;'>Manual de usuario<\/div>\n<div style='padding: 15px;'>\n<p style='margin-bottom: 15px;'>Consulte el manual de usuario completo para configuraci\u00f3n avanzada.<\/p>\n<p> <a href='https:\/\/help.mikrotik.com\/docs\/display\/UM\/CRS518-16XS-2XQ-RM' target='_blank' rel='noopener noreferrer' style='display: inline-block; background-color: #1a1a1a; color: #fff; padding: 8px 16px; font-size: 14px; text-decoration: none; border-radius: 4px; margin-top: 10px;'>Ver manual<\/a> <\/div>\n<\/p><\/div>\n<\/p><\/div>\n<\/p><\/div>\n","protected":false},"excerpt":{"rendered":"<p>Cloud Router Switch, 16 puertos SFP28 25 Gbps, 2 puertos QSFP28 10 Gbps<\/p>\n","protected":false},"featured_media":87762,"comment_status":"open","ping_status":"closed","template":"","meta":[],"product_brand":[],"product_cat":[1970],"product_tag":[643,664,1971],"class_list":{"0":"post-87763","1":"product","2":"type-product","3":"status-publish","4":"has-post-thumbnail","6":"product_cat-switches","7":"product_tag-mikrotik","8":"product_tag-networking","9":"product_tag-switches","11":"first","12":"outofstock","13":"sale","14":"shipping-taxable","15":"purchasable","16":"product-type-simple"},"_links":{"self":[{"href":"https:\/\/soydeaqui.ddns.net\/pachuca\/index.php\/wp-json\/wp\/v2\/product\/87763","targetHints":{"allow":["GET"]}}],"collection":[{"href":"https:\/\/soydeaqui.ddns.net\/pachuca\/index.php\/wp-json\/wp\/v2\/product"}],"about":[{"href":"https:\/\/soydeaqui.ddns.net\/pachuca\/index.php\/wp-json\/wp\/v2\/types\/product"}],"replies":[{"embeddable":true,"href":"https:\/\/soydeaqui.ddns.net\/pachuca\/index.php\/wp-json\/wp\/v2\/comments?post=87763"}],"wp:featuredmedia":[{"embeddable":true,"href":"https:\/\/soydeaqui.ddns.net\/pachuca\/index.php\/wp-json\/wp\/v2\/media\/87762"}],"wp:attachment":[{"href":"https:\/\/soydeaqui.ddns.net\/pachuca\/index.php\/wp-json\/wp\/v2\/media?parent=87763"}],"wp:term":[{"taxonomy":"product_brand","embeddable":true,"href":"https:\/\/soydeaqui.ddns.net\/pachuca\/index.php\/wp-json\/wp\/v2\/product_brand?post=87763"},{"taxonomy":"product_cat","embeddable":true,"href":"https:\/\/soydeaqui.ddns.net\/pachuca\/index.php\/wp-json\/wp\/v2\/product_cat?post=87763"},{"taxonomy":"product_tag","embeddable":true,"href":"https:\/\/soydeaqui.ddns.net\/pachuca\/index.php\/wp-json\/wp\/v2\/product_tag?post=87763"}],"curies":[{"name":"wp","href":"https:\/\/api.w.org\/{rel}","templated":true}]}}