{"id":87736,"date":"2026-03-19T23:20:08","date_gmt":"2026-03-19T23:20:08","guid":{"rendered":"https:\/\/soydeaqui.ddns.net\/pachuca\/index.php\/producto\/licencia-mmp-basica-de-dispositivos-mimosa-nube-de-instancia-privada-local-e-independiente-para-los-clientes-de-mimosa\/"},"modified":"2026-03-19T23:20:12","modified_gmt":"2026-03-19T23:20:12","slug":"licencia-mmp-basica-de-dispositivos-mimosa-nube-de-instancia-privada-local-e-independiente-para-los-clientes-de-mimosa","status":"publish","type":"product","link":"https:\/\/soydeaqui.ddns.net\/pachuca\/index.php\/producto\/licencia-mmp-basica-de-dispositivos-mimosa-nube-de-instancia-privada-local-e-independiente-para-los-clientes-de-mimosa\/","title":{"rendered":"Licencia MMP b\u00e1sica de dispositivos Mimosa, nube de instancia privada, local e independiente para los clientes de Mimosa"},"content":{"rendered":"<div style='width: 100%; max-width: 1200px; margin: 0 auto; font-family: sans-serif; line-height: 1.6; color: inherit; background-color: transparent;'> <!-- Contenedor de im\u00e1genes --> <\/p>\n<div style='display: flex; flex-wrap: wrap; gap: 20px; margin-bottom: 30px; justify-content: center;'>\n<div style='flex: 1 1 300px; min-width: 280px;'> <img style='width: 100%; height: auto; border: 1px solid rgba(150&comma;150&comma;150&comma;0.3); border-radius: 8px;' src='https:\/\/ftp3.syscom.mx\/usuarios\/fotos\/MMPLICENSEABASIC\/220153-captura_de_pantalla_2023-06-30_a_la(s)_12.24.57.png' alt=''> <\/div>\n<div style='flex: 1 1 300px; min-width: 280px;'> <img style='width: 100%; height: auto; border: 1px solid rgba(150&comma;150&comma;150&comma;0.3); border-radius: 8px;' src='https:\/\/ftp3.syscom.mx\/usuarios\/fotos\/MMPLICENSEABASIC\/220153-captura_de_pantalla_2023-06-30_a_la(s)_12.25.07.png' alt=''> <\/div>\n<div style='flex: 1 1 300px; min-width: 280px;'> <img style='width: 100%; height: auto; border: 1px solid rgba(150&comma;150&comma;150&comma;0.3); border-radius: 8px;' src='https:\/\/ftp3.syscom.mx\/usuarios\/fotos\/MMPLICENSEABASIC\/220153-captura_de_pantalla_2023-06-30_a_la(s)_12.25.21.png' alt=''> <\/div>\n<div style='flex: 1 1 300px; min-width: 280px;'> <img style='width: 100%; height: auto; border: 1px solid rgba(150&comma;150&comma;150&comma;0.3); border-radius: 8px;' src='https:\/\/ftp3.syscom.mx\/usuarios\/fotos\/MMPLICENSEABASIC\/220153-captura_de_pantalla_2023-06-30_a_la(s)_12.25.39.png' alt=''> <\/div>\n<\/p><\/div>\n<p> <!-- Secci\u00f3n de preguntas frecuentes --> <\/p>\n<div style='margin-bottom: 30px;'>\n<h3 style='font-size: 22px; border-bottom: 2px solid currentColor; padding-bottom: 5px; margin-top: 0; color: inherit; opacity: 0.8;'>Preguntas Frecuentes<\/h3>\n<div style='margin-top: 20px;'>\n<h4 style='font-size: 18px; margin-top: 0; color: inherit;'><strong>\u00bfQu\u00e9 es la Plataforma de Gesti\u00f3n Mimosa?<\/strong><\/h4>\n<p style='font-size: 15px; color: inherit;'>Mimosa Management Platform (MMP) es una nube de instancia privada&comma; local e independiente para los clientes de Mimosa. Esto funcionar\u00e1 como la plataforma alojada en la nube a la que est\u00e1 acostumbrado&comma; pero tiene control total sobre el servidor en el que est\u00e1 instalado.<\/p>\n<\/p><\/div>\n<div style='margin-top: 20px;'>\n<h4 style='font-size: 18px; margin-top: 0; color: inherit;'><strong>\u00bfQu\u00e9 est\u00e1 pasando con la Mimosa Cloud actual?<\/strong><\/h4>\n<p style='font-size: 15px; color: inherit;'>La Nube Mimosa permanecer\u00e1 como est\u00e1 actualmente. El MMP es solo una nueva adici\u00f3n para ayudar a los clientes a administrar sus redes de una manera nueva.<\/p>\n<\/p><\/div>\n<div style='margin-top: 20px;'>\n<h4 style='font-size: 18px; margin-top: 0; color: inherit;'><strong>\u00bfCu\u00e1les son los requisitos del servidor para el nuevo MMP?<\/strong><\/h4>\n<p style='font-size: 15px; color: inherit;'>Los requisitos m\u00ednimos para MMP: una PC o servidor que ejecuta Linux con una CPU de 8 n\u00facleos&comma; 16 GB de RAM y 60 GB de espacio libre en disco puede admitir hasta 2k dispositivos. Tenga en cuenta que a medida que aumenta la cantidad de radios&comma; aumentan los requisitos del servidor.<\/p>\n<\/p><\/div>\n<div style='margin-top: 20px;'>\n<h4 style='font-size: 18px; margin-top: 0; color: inherit;'><strong>\u00bfCu\u00e1ntos dispositivos son compatibles con el MMP?<\/strong><\/h4>\n<p style='font-size: 15px; color: inherit;'>Las instancias de servidor que admiten m\u00e1s de 10k dispositivos requieren configuraciones de servidor especializadas actualizadas. Se puede proporcionar informaci\u00f3n adicional a pedido.<\/p>\n<\/p><\/div>\n<\/p><\/div>\n<p> <!-- Separador --> <\/p>\n<hr style='border: 0; border-top: 1px solid rgba(150&comma; 150&comma; 150&comma; 0.3); margin: 30px 0;'> <\/div>\n","protected":false},"excerpt":{"rendered":"<p>Licencia MMP b\u00e1sica de dispositivos Mimosa, nube de instancia privada, local e independiente para los clientes de Mimosa<\/p>\n","protected":false},"featured_media":87735,"comment_status":"open","ping_status":"closed","template":"","meta":[],"product_brand":[],"product_cat":[1998],"product_tag":[1999,1980,2046],"class_list":{"0":"post-87736","1":"product","2":"type-product","3":"status-publish","4":"has-post-thumbnail","6":"product_cat-5-y-6-ghz","7":"product_tag-5-y-6-ghz","8":"product_tag-enlaces-ptp-y-ptmp","9":"product_tag-mimosa-networks","11":"first","12":"outofstock","13":"sale","14":"shipping-taxable","15":"purchasable","16":"product-type-simple"},"_links":{"self":[{"href":"https:\/\/soydeaqui.ddns.net\/pachuca\/index.php\/wp-json\/wp\/v2\/product\/87736","targetHints":{"allow":["GET"]}}],"collection":[{"href":"https:\/\/soydeaqui.ddns.net\/pachuca\/index.php\/wp-json\/wp\/v2\/product"}],"about":[{"href":"https:\/\/soydeaqui.ddns.net\/pachuca\/index.php\/wp-json\/wp\/v2\/types\/product"}],"replies":[{"embeddable":true,"href":"https:\/\/soydeaqui.ddns.net\/pachuca\/index.php\/wp-json\/wp\/v2\/comments?post=87736"}],"wp:featuredmedia":[{"embeddable":true,"href":"https:\/\/soydeaqui.ddns.net\/pachuca\/index.php\/wp-json\/wp\/v2\/media\/87735"}],"wp:attachment":[{"href":"https:\/\/soydeaqui.ddns.net\/pachuca\/index.php\/wp-json\/wp\/v2\/media?parent=87736"}],"wp:term":[{"taxonomy":"product_brand","embeddable":true,"href":"https:\/\/soydeaqui.ddns.net\/pachuca\/index.php\/wp-json\/wp\/v2\/product_brand?post=87736"},{"taxonomy":"product_cat","embeddable":true,"href":"https:\/\/soydeaqui.ddns.net\/pachuca\/index.php\/wp-json\/wp\/v2\/product_cat?post=87736"},{"taxonomy":"product_tag","embeddable":true,"href":"https:\/\/soydeaqui.ddns.net\/pachuca\/index.php\/wp-json\/wp\/v2\/product_tag?post=87736"}],"curies":[{"name":"wp","href":"https:\/\/api.w.org\/{rel}","templated":true}]}}