{"id":87708,"date":"2026-03-19T23:18:50","date_gmt":"2026-03-19T23:18:50","guid":{"rendered":"https:\/\/soydeaqui.ddns.net\/pachuca\/index.php\/producto\/unidad-de-expansion-rx1222sas-12-bahias-sas-sata-3-5-o-2-5-diseno-redundante-fuentes-de-alimentacion-dobles-compatible-con-unidades-synology\/"},"modified":"2026-03-19T23:19:09","modified_gmt":"2026-03-19T23:19:09","slug":"unidad-de-expansion-rx1222sas-12-bahias-sas-sata-3-5-o-2-5-diseno-redundante-fuentes-de-alimentacion-dobles-compatible-con-unidades-synology","status":"publish","type":"product","link":"https:\/\/soydeaqui.ddns.net\/pachuca\/index.php\/producto\/unidad-de-expansion-rx1222sas-12-bahias-sas-sata-3-5-o-2-5-diseno-redundante-fuentes-de-alimentacion-dobles-compatible-con-unidades-synology\/","title":{"rendered":"Unidad de Expansi\u00f3n RX1222sas | 12 Bah\u00edas SAS\/SATA 3.5&#8243; o 2.5&#8243; | Dise\u00f1o Redundante | Fuentes de Alimentaci\u00f3n Dobles | Compatible con Unidades Synology."},"content":{"rendered":"<div style='width: 100%; max-width: 1200px; margin: 0 auto; font-family: sans-serif; line-height: 1.6; color: inherit; background-color: transparent;'> <!-- Banner Promocional --> <\/p>\n<div style='width: 100%; background-color: #0078d7; border-radius: 8px; overflow: hidden; margin-bottom: 30px;'>\n<div style='display: flex; flex-wrap: wrap; align-items: center; padding: 15px;'>\n<div style='flex: 0 0 70px; margin-right: 15px;'> <img style='height: 70px; width: auto; border: 1px solid rgba(255&comma;255&comma;255&comma;0.3); border-radius: 8px;' src='https:\/\/ftp3.syscom.mx\/usuarios\/hallende\/Videos\/Synology\/Logo%20Synology.png' alt='Synology Logo'> <\/div>\n<div style='flex: 1; color: white;'>\n<h5 style='font-size: 18px; font-weight: bold; margin: 0 0 5px 0; color: inherit;'>Precios Especiales para tu Proyecto. \u00a1Solicita el tuyo!<\/h5>\n<p style='margin: 0; font-size: 14px; color: rgba(255&comma;255&comma;255&comma;0.8);'>Consigue tu cotizaci\u00f3n con descuento dando clic en Registrar mi Proyecto.<\/p>\n<\/p><\/div>\n<div style='flex: 0 0 auto;'> <a style='background-color: #ffcd00; color: black; font-weight: 600; border: none; padding: 0.75rem 1.75rem; text-decoration: none; border-radius: 4px; display: inline-block; margin-top: 10px;' href='https:\/\/event.synology.com\/es-mx\/proyecto' target='_blank' rel='noopener'>Registrar mi Proyecto<\/a> <\/div>\n<\/p><\/div>\n<\/p><\/div>\n<p> <!-- Secci\u00f3n de Recursos --> <\/p>\n<div style='display: flex; flex-wrap: wrap; gap: 20px; margin-bottom: 40px;'>\n<div style='flex: 1 1 300px; min-width: 280px;'>\n<div style='background-color: rgba(200&comma;200&comma;200&comma;0.1); border: 1px solid rgba(150&comma;150&comma;150&comma;0.3); border-radius: 8px; padding: 15px; display: flex; flex-direction: column; height: 100%;'>\n<h4 style='font-size: 18px; font-weight: 600; color: #f25c05; margin: 0 0 10px 0; text-align: center;'>HDD y SSD Compatibles<\/h4>\n<p style='font-size: 14px; color: inherit; flex: 1; text-align: center;'>Verifica f\u00e1cilmente qu\u00e9 unidades HDD y SSD son compatibles con tu modelo para un rendimiento y confiabilidad \u00f3ptimos.<\/p>\n<div style='display: flex; justify-content: center; gap: 10px; margin-top: 15px;'> <a style='background-color: #0d0d0d; color: white; padding: 8px 16px; border-radius: 4px; text-decoration: none; font-size: 14px;' href='https:\/\/www.synology.com\/es-mx\/compatibility' target='_blank'>Ver Compatibilidad<\/a> <a style='background-color: #bfbfbf; color: white; padding: 8px 16px; border-radius: 4px; text-decoration: none; font-size: 14px;' href='https:\/\/www.youtube.com\/watch?v=2SU-j5uCxUQ&#038;t=1s' target='_blank'>Gu\u00eda de Uso<\/a> <\/div>\n<\/p><\/div>\n<\/p><\/div>\n<div style='flex: 1 1 300px; min-width: 280px;'>\n<div style='background-color: rgba(200&comma;200&comma;200&comma;0.1); border: 1px solid rgba(150&comma;150&comma;150&comma;0.3); border-radius: 8px; padding: 15px; display: flex; flex-direction: column; height: 100%;'>\n<h4 style='font-size: 18px; font-weight: 600; color: #f25c05; margin: 0 0 10px 0; text-align: center;'>Accesorios Compatibles<\/h4>\n<p style='font-size: 14px; color: inherit; flex: 1; text-align: center;'>Descubre los accesorios oficiales dise\u00f1ados para optimizar el rendimiento y funcionalidad de tu NAS.<\/p>\n<div style='display: flex; justify-content: center; gap: 10px; margin-top: 15px;'> <a style='background-color: #0d0d0d; color: white; padding: 8px 16px; border-radius: 4px; text-decoration: none; font-size: 14px;' href='https:\/\/www.synology.com\/es-mx\/compatibility' target='_blank'>Ver Accesorios<\/a> <a style='background-color: #bfbfbf; color: white; padding: 8px 16px; border-radius: 4px; text-decoration: none; font-size: 14px;' href='https:\/\/www.youtube.com\/watch?v=btI3QR9oW3Q&#038;t=1s' target='_blank'>Gu\u00eda de Uso<\/a> <\/div>\n<\/p><\/div>\n<\/p><\/div>\n<div style='flex: 1 1 300px; min-width: 280px;'>\n<div style='background-color: rgba(200&comma;200&comma;200&comma;0.1); border: 1px solid rgba(150&comma;150&comma;150&comma;0.3); border-radius: 8px; padding: 15px; display: flex; flex-direction: column; height: 100%;'>\n<h4 style='font-size: 18px; font-weight: 600; color: #f25c05; margin: 0 0 10px 0; text-align: center;'>Calculadora RAID<\/h4>\n<p style='font-size: 14px; color: inherit; flex: 1; text-align: center;'>Calcula la capacidad \u00fatil y encuentra la configuraci\u00f3n RAID m\u00e1s eficiente y segura para tus necesidades.<\/p>\n<div style='display: flex; justify-content: center; gap: 10px; margin-top: 15px;'> <a style='background-color: #0d0d0d; color: white; padding: 8px 16px; border-radius: 4px; text-decoration: none; font-size: 14px;' href='https:\/\/www.synology.com\/es-mx\/support\/RAID_calculator' target='_blank'>Ver Calculadora<\/a> <a style='background-color: #bfbfbf; color: white; padding: 8px 16px; border-radius: 4px; text-decoration: none; font-size: 14px;' href='https:\/\/www.youtube.com\/watch?v=NnnlUfMRR2U' target='_blank'>Gu\u00eda de Uso<\/a> <\/div>\n<\/p><\/div>\n<\/p><\/div>\n<\/p><\/div>\n<p> <!-- Descripci\u00f3n --> <\/p>\n<details style='width: 100%; border: 1px solid rgba(150&comma;150&comma;150&comma;0.3); border-radius: 8px; margin-bottom: 20px; background-color: rgba(200&comma;200&comma;200&comma;0.05);'>\n<summary style='background-color: #0d0d0d; color: white; padding: 10px; font-weight: bold; border-radius: 8px 8px 0 0; cursor: pointer;'> Descripci\u00f3n <\/summary>\n<div style='padding: 15px; background-color: rgba(200&comma;200&comma;200&comma;0.1); border-radius: 0 0 8px 8px;'>\n<p style='font-size: 15px; line-height: 1.6; color: inherit;'>La unidad de expansi\u00f3n Synology <strong>RX1222sas<\/strong> permite una ampliaci\u00f3n del almacenamiento sin problemas para servidores de Synology montados en rack. Con capacidad para <strong>12 unidades SAS\/SATA<\/strong> de 3.5&#8242; o 2.5&#8217;&comma; esta unidad ofrece un dise\u00f1o redundante con <strong>fuentes de alimentaci\u00f3n dobles<\/strong> y ventiladores reemplazables para garantizar un tiempo de actividad m\u00e1ximo. Compatible con las unidades SATA y SAS de Synology&comma; esta unidad est\u00e1 respaldada por una <strong>garant\u00eda limitada de 3 a\u00f1os<\/strong>.<\/p>\n<\/p><\/div>\n<\/details>\n<p> <!-- Caracter\u00edsticas Principales --> <\/p>\n<details style='width: 100%; border: 1px solid rgba(150&comma;150&comma;150&comma;0.3); border-radius: 8px; margin-bottom: 20px; background-color: rgba(200&comma;200&comma;200&comma;0.05);'>\n<summary style='background-color: #0d0d0d; color: white; padding: 10px; font-weight: bold; border-radius: 8px 8px 0 0; cursor: pointer;'> Caracter\u00edsticas Principales <\/summary>\n<div style='padding: 15px; background-color: rgba(200&comma;200&comma;200&comma;0.1); border-radius: 0 0 8px 8px;'>\n<ul style='padding-left: 20px; font-size: 14px; color: inherit; list-style-type: disc;'>\n<li style='margin-bottom: 5px;'><strong>12 bah\u00edas<\/strong> para unidades SAS\/SATA de 3.5&#8242; o 2.5&#8242;.<\/li>\n<li style='margin-bottom: 5px;'>Dise\u00f1o <strong>redundante<\/strong> con fuentes de alimentaci\u00f3n dobles.<\/li>\n<li style='margin-bottom: 5px;'>Ventiladores <strong>reemplazables<\/strong> para un tiempo de actividad m\u00e1ximo.<\/li>\n<li style='margin-bottom: 5px;'>Compatibilidad con unidades <strong>SATA y SAS<\/strong> de Synology.<\/li>\n<li style='margin-bottom: 5px;'><strong>Garant\u00eda limitada de 3 a\u00f1os.<\/strong><\/li>\n<\/ul><\/div>\n<\/details>\n<p> <!-- Detalles T\u00e9cnicos --> <\/p>\n<details style='width: 100%; border: 1px solid rgba(150&comma;150&comma;150&comma;0.3); border-radius: 8px; margin-bottom: 20px; background-color: rgba(200&comma;200&comma;200&comma;0.05);'>\n<summary style='background-color: #0d0d0d; color: white; padding: 10px; font-weight: bold; border-radius: 8px 8px 0 0; cursor: pointer;'> Detalles T\u00e9cnicos <\/summary>\n<div style='padding: 15px; background-color: rgba(200&comma;200&comma;200&comma;0.1); border-radius: 0 0 8px 8px;'>\n<div style='display: flex; flex-wrap: wrap; gap: 20px;'>\n<div style='flex: 1 1 300px; min-width: 250px;'>\n<h3 style='font-size: 18px; font-weight: 600; margin: 0 0 10px 0; color: inherit;'>Especificaciones<\/h3>\n<ul style='padding-left: 20px; font-size: 14px; color: inherit; list-style-type: disc;'>\n<li style='margin-bottom: 5px;'>Dimensiones (sin aletas): 88 x 430.5 x 692 mm.<\/li>\n<li style='margin-bottom: 5px;'>Peso: 13.5 kg.<\/li>\n<li style='margin-bottom: 5px;'>Ventiladores del sistema: 4 x (80 x 80 x 32 mm).<\/li>\n<li style='margin-bottom: 5px;'>Temperatura de funcionamiento: 0\u00b0C a 35\u00b0C.<\/li>\n<\/ul><\/div>\n<div style='flex: 1 1 300px; min-width: 250px;'>\n<h3 style='font-size: 18px; font-weight: 600; margin: 0 0 10px 0; color: inherit;'>Interfaces y Conectividad<\/h3>\n<ul style='padding-left: 20px; font-size: 14px; color: inherit; list-style-type: disc;'>\n<li style='margin-bottom: 5px;'>Puertos de expansi\u00f3n: <strong>SAS IN x 1&comma; SAS OUT x 1<\/strong>.<\/li>\n<li style='margin-bottom: 5px;'>Tensi\u00f3n de alimentaci\u00f3n de entrada CA: 100 a 240 V CA.<\/li>\n<li style='margin-bottom: 5px;'>Frecuencia de alimentaci\u00f3n: 50\/60 Hz&comma; monof\u00e1sica.<\/li>\n<li style='margin-bottom: 5px;'>Fuente de alimentaci\u00f3n: <strong>Doble y redundante<\/strong>.<\/li>\n<\/ul><\/div>\n<\/p><\/div>\n<\/p><\/div>\n<\/details>\n<p> <!-- Aplicaciones y Casos de Uso --> <\/p>\n<details style='width: 100%; border: 1px solid rgba(150&comma;150&comma;150&comma;0.3); border-radius: 8px; margin-bottom: 20px; background-color: rgba(200&comma;200&comma;200&comma;0.05);'>\n<summary style='background-color: #0d0d0d; color: white; padding: 10px; font-weight: bold; border-radius: 8px 8px 0 0; cursor: pointer;'> Aplicaciones y Casos de Uso <\/summary>\n<div style='padding: 15px; background-color: rgba(200&comma;200&comma;200&comma;0.1); border-radius: 0 0 8px 8px;'>\n<div style='display: flex; flex-wrap: wrap; gap: 20px;'>\n<div style='flex: 1 1 250px; min-width: 200px;'>\n<div style='border: 1px solid rgba(150&comma;150&comma;150&comma;0.3); border-radius: 8px; padding: 15px; height: 100%; background-color: rgba(200&comma;200&comma;200&comma;0.05);'>\n<h3 style='font-size: 16px; font-weight: 600; margin: 0 0 10px 0; color: inherit;'>Expansi\u00f3n de Almacenamiento<\/h3>\n<p style='font-size: 14px; color: inherit; margin: 0;'>Ampliaci\u00f3n de la capacidad para servidores de Synology montados en rack&comma; utilizando unidades SAS\/SATA.<\/p>\n<\/p><\/div>\n<\/p><\/div>\n<div style='flex: 1 1 250px; min-width: 200px;'>\n<div style='border: 1px solid rgba(150&comma;150&comma;150&comma;0.3); border-radius: 8px; padding: 15px; height: 100%; background-color: rgba(200&comma;200&comma;200&comma;0.05);'>\n<h3 style='font-size: 16px; font-weight: 600; margin: 0 0 10px 0; color: inherit;'>Redundancia y Fiabilidad<\/h3>\n<p style='font-size: 14px; color: inherit; margin: 0;'>Dise\u00f1o redundante con fuentes de alimentaci\u00f3n dobles y ventiladores reemplazables para garantizar un <strong>tiempo de actividad m\u00e1ximo<\/strong>.<\/p>\n<\/p><\/div>\n<\/p><\/div>\n<div style='flex: 1 1 250px; min-width: 200px;'>\n<div style='border: 1px solid rgba(150&comma;150&comma;150&comma;0.3); border-radius: 8px; padding: 15px; height: 100%; background-color: rgba(200&comma;200&comma;200&comma;0.05);'>\n<h3 style='font-size: 16px; font-weight: 600; margin: 0 0 10px 0; color: inherit;'>Integraci\u00f3n con Unidades Synology<\/h3>\n<p style='font-size: 14px; color: inherit; margin: 0;'>Optimizaci\u00f3n del rendimiento y fiabilidad gracias a la compatibilidad total con unidades <strong>SATA y SAS<\/strong> de Synology.<\/p>\n<\/p><\/div>\n<\/p><\/div>\n<\/p><\/div>\n<\/p><\/div>\n<\/details>\n<p> <!-- CTA Final --> <\/p>\n<div style='width: 100%; margin: 40px 0; padding: 30px; background-color: rgba(200&comma;200&comma;200&comma;0.05); border-radius: 8px; text-align: center;'>\n<h2 style='font-size: 24px; font-weight: 600; margin: 0 0 15px 0; color: #0d0d0d;'>\u00bfListo para Optimizar tu Synology NAS?<\/h2>\n<p style='font-size: 15px; margin: 0 0 25px 0; color: inherit;'>Conoce toda nuestra l\u00ednea de productos y accesorios compatibles para potenciar tu equipo<\/p>\n<p> <a style='background-color: #f25c05; color: white; padding: 10px 24px; border-radius: 4px; text-decoration: none; font-size: 16px; font-weight: 600; display: inline-block;' href='https:\/\/ftp3.syscom.mx\/usuarios\/hallende\/Videos\/Sitio%20en%20construccion.jpg' target='_blank' rel='noopener'> <strong>Descubrir Productos<\/strong> <\/a> <\/div>\n<\/p><\/div>\n","protected":false},"excerpt":{"rendered":"<p>Unidad de Expansi\u00f3n RX1222sas | 12 Bah\u00edas SAS\/SATA 3.5&#8243; o 2.5&#8243; | Dise\u00f1o Redundante | Fuentes de Alimentaci\u00f3n Dobles | Compatible con Unidades Synology.<\/p>\n","protected":false},"featured_media":87707,"comment_status":"open","ping_status":"closed","template":"","meta":[],"product_brand":[],"product_cat":[2067],"product_tag":[1974,2068,1976],"class_list":{"0":"post-87708","1":"product","2":"type-product","3":"status-publish","4":"has-post-thumbnail","6":"product_cat-servidores-nas","7":"product_tag-almacenamiento","8":"product_tag-servidores-nas","9":"product_tag-synology","11":"first","12":"outofstock","13":"sale","14":"shipping-taxable","15":"purchasable","16":"product-type-simple"},"_links":{"self":[{"href":"https:\/\/soydeaqui.ddns.net\/pachuca\/index.php\/wp-json\/wp\/v2\/product\/87708","targetHints":{"allow":["GET"]}}],"collection":[{"href":"https:\/\/soydeaqui.ddns.net\/pachuca\/index.php\/wp-json\/wp\/v2\/product"}],"about":[{"href":"https:\/\/soydeaqui.ddns.net\/pachuca\/index.php\/wp-json\/wp\/v2\/types\/product"}],"replies":[{"embeddable":true,"href":"https:\/\/soydeaqui.ddns.net\/pachuca\/index.php\/wp-json\/wp\/v2\/comments?post=87708"}],"wp:featuredmedia":[{"embeddable":true,"href":"https:\/\/soydeaqui.ddns.net\/pachuca\/index.php\/wp-json\/wp\/v2\/media\/87707"}],"wp:attachment":[{"href":"https:\/\/soydeaqui.ddns.net\/pachuca\/index.php\/wp-json\/wp\/v2\/media?parent=87708"}],"wp:term":[{"taxonomy":"product_brand","embeddable":true,"href":"https:\/\/soydeaqui.ddns.net\/pachuca\/index.php\/wp-json\/wp\/v2\/product_brand?post=87708"},{"taxonomy":"product_cat","embeddable":true,"href":"https:\/\/soydeaqui.ddns.net\/pachuca\/index.php\/wp-json\/wp\/v2\/product_cat?post=87708"},{"taxonomy":"product_tag","embeddable":true,"href":"https:\/\/soydeaqui.ddns.net\/pachuca\/index.php\/wp-json\/wp\/v2\/product_tag?post=87708"}],"curies":[{"name":"wp","href":"https:\/\/api.w.org\/{rel}","templated":true}]}}