{"id":87704,"date":"2026-03-19T23:18:39","date_gmt":"2026-03-19T23:18:39","guid":{"rendered":"https:\/\/soydeaqui.ddns.net\/pachuca\/index.php\/producto\/cm88-48xs-h-tarjeta-48-ptos-sfp-lc-p-para-chasis-rg-cs88-08\/"},"modified":"2026-03-19T23:18:47","modified_gmt":"2026-03-19T23:18:47","slug":"cm88-48xs-h-tarjeta-48-ptos-sfp-lc-p-para-chasis-rg-cs88-08","status":"publish","type":"product","link":"https:\/\/soydeaqui.ddns.net\/pachuca\/index.php\/producto\/cm88-48xs-h-tarjeta-48-ptos-sfp-lc-p-para-chasis-rg-cs88-08\/","title":{"rendered":"CM88-48XS-H TARJETA 48 PTOS SFP+ LC P\/  PARA CHASIS RG-CS88-08"},"content":{"rendered":"<div style='width: 100%; max-width: 1200px; margin: 0 auto; font-family: sans-serif; line-height: 1.6; color: inherit; background-color: transparent;'> <!-- Secci\u00f3n de contenido con flex\/grid --> <\/p>\n<div style='display: flex; flex-wrap: wrap; gap: 30px; margin-bottom: 30px;'>\n<div style='flex: 1 1 300px; min-width: 280px;'>\n<h3 style='font-size: 22px; border-bottom: 2px solid currentColor; padding-bottom: 5px; margin-top: 0; color: inherit; opacity: 0.8;'>CARACTER\u00cdSTICAS PRINCIPALES<\/h3>\n<ul style='padding-left: 20px; font-size: 15px; color: inherit;'>\n<li style='margin-bottom: 5px;'>48 puertos SFP+ para conectividad de alta velocidad<\/li>\n<li style='margin-bottom: 5px;'>Compatibilidad con chasis RG-CS88-08<\/li>\n<li style='margin-bottom: 5px;'>Interfaz LC optimizada para fibra \u00f3ptica<\/li>\n<li style='margin-bottom: 5px;'>Transferencia de datos eficiente y estable<\/li>\n<li style='margin-bottom: 5px;'>Dise\u00f1o compacto para f\u00e1cil integraci\u00f3n<\/li>\n<\/ul><\/div>\n<\/p><\/div>\n<p> <!-- Secci\u00f3n de especificaciones t\u00e9cnicas --> <\/p>\n<div style='display: flex; flex-wrap: wrap; gap: 20px; margin-bottom: 30px;'>\n<div style='flex: 1 1 250px; border: 1px solid rgba(150&comma; 150&comma; 150&comma; 0.4); border-radius: 8px; overflow: hidden; display: flex; flex-direction: column;'>\n<div style='padding: 15px; border-bottom: 1px solid rgba(150&comma; 150&comma; 150&comma; 0.2); font-weight: bold; font-size: 18px; color: inherit;'>INFORMACI\u00d3N DEL PRODUCTO<\/div>\n<div style='padding: 15px; color: inherit;'>\n<ul style='padding-left: 20px; margin: 0; font-size: 14px; list-style-type: disc;'>\n<li style='margin-bottom: 5px;'><strong>Modelo:<\/strong> CM8848XSH<\/li>\n<li style='margin-bottom: 5px;'><strong>Marca:<\/strong> RUIJIE<\/li>\n<li style='margin-bottom: 5px;'><strong>Part Number:<\/strong> CM88-48XS-H<\/li>\n<li style='margin-bottom: 5px;'><strong>Aplicaci\u00f3n:<\/strong> Tarjeta de red para chasis RG-CS88-08<\/li>\n<li style='margin-bottom: 5px;'><strong>Tipo:<\/strong> Tarjeta de 48 puertos SFP+<\/li>\n<\/ul><\/div>\n<\/p><\/div>\n<\/p><\/div>\n<p> <!-- Separador --> <\/p>\n<hr style='border: 0; border-top: 1px solid rgba(150&comma; 150&comma; 150&comma; 0.3); margin: 30px 0;'> <\/div>\n","protected":false},"excerpt":{"rendered":"<p>CM88-48XS-H TARJETA 48 PTOS SFP+ LC P\/  PARA CHASIS RG-CS88-08<\/p>\n","protected":false},"featured_media":87703,"comment_status":"open","ping_status":"closed","template":"","meta":[],"product_brand":[],"product_cat":[1970],"product_tag":[664,2123,1971],"class_list":{"0":"post-87704","1":"product","2":"type-product","3":"status-publish","4":"has-post-thumbnail","6":"product_cat-switches","7":"product_tag-networking","8":"product_tag-ruijie","9":"product_tag-switches","11":"first","12":"instock","13":"sale","14":"shipping-taxable","15":"purchasable","16":"product-type-simple"},"_links":{"self":[{"href":"https:\/\/soydeaqui.ddns.net\/pachuca\/index.php\/wp-json\/wp\/v2\/product\/87704","targetHints":{"allow":["GET"]}}],"collection":[{"href":"https:\/\/soydeaqui.ddns.net\/pachuca\/index.php\/wp-json\/wp\/v2\/product"}],"about":[{"href":"https:\/\/soydeaqui.ddns.net\/pachuca\/index.php\/wp-json\/wp\/v2\/types\/product"}],"replies":[{"embeddable":true,"href":"https:\/\/soydeaqui.ddns.net\/pachuca\/index.php\/wp-json\/wp\/v2\/comments?post=87704"}],"wp:featuredmedia":[{"embeddable":true,"href":"https:\/\/soydeaqui.ddns.net\/pachuca\/index.php\/wp-json\/wp\/v2\/media\/87703"}],"wp:attachment":[{"href":"https:\/\/soydeaqui.ddns.net\/pachuca\/index.php\/wp-json\/wp\/v2\/media?parent=87704"}],"wp:term":[{"taxonomy":"product_brand","embeddable":true,"href":"https:\/\/soydeaqui.ddns.net\/pachuca\/index.php\/wp-json\/wp\/v2\/product_brand?post=87704"},{"taxonomy":"product_cat","embeddable":true,"href":"https:\/\/soydeaqui.ddns.net\/pachuca\/index.php\/wp-json\/wp\/v2\/product_cat?post=87704"},{"taxonomy":"product_tag","embeddable":true,"href":"https:\/\/soydeaqui.ddns.net\/pachuca\/index.php\/wp-json\/wp\/v2\/product_tag?post=87704"}],"curies":[{"name":"wp","href":"https:\/\/api.w.org\/{rel}","templated":true}]}}