{"id":87675,"date":"2026-03-19T23:17:21","date_gmt":"2026-03-19T23:17:21","guid":{"rendered":"https:\/\/soydeaqui.ddns.net\/pachuca\/index.php\/producto\/router-lte-dual-sim-4-puertos-ethernet-conectorizado-bandas-b1-b2-b3-b4-b5-b7-b8-b28-b66\/"},"modified":"2026-03-19T23:17:27","modified_gmt":"2026-03-19T23:17:27","slug":"router-lte-dual-sim-4-puertos-ethernet-conectorizado-bandas-b1-b2-b3-b4-b5-b7-b8-b28-b66","status":"publish","type":"product","link":"https:\/\/soydeaqui.ddns.net\/pachuca\/index.php\/producto\/router-lte-dual-sim-4-puertos-ethernet-conectorizado-bandas-b1-b2-b3-b4-b5-b7-b8-b28-b66\/","title":{"rendered":"Router LTE dual SIM, 4 puertos Ethernet, conectorizado, Bandas B1, B2, B3, B4, B5, B7, B8, B28, B66"},"content":{"rendered":"<div style='width: 100%; max-width: 1200px; margin: 0 auto; font-family: sans-serif; line-height: 1.6; color: inherit; background-color: transparent;'>\n<div style='width: 100%; margin-bottom: 30px;'><\/div>\n<div style='display: flex; flex-direction: column; align-items: center; text-align: center; margin-bottom: 30px;'>\n<h3 style='font-size: 22px; color: inherit; margin: 0; padding-bottom: 5px; border-bottom: 2px solid rgba(150&comma; 150&comma; 150&comma; 0.3);'> Router Industrial LTE 4G <\/h3>\n<p style='font-size: 15px; color: inherit; margin-top: 20px; text-align: justify; max-width: 800px;'> RUT901 es un router Wi-Fi 4G LTE industrial de alto rendimiento dise\u00f1ado como una fuente de Internet principal\/de respaldo y garantiza una conexi\u00f3n a Internet confiable con un alto rendimiento de datos y redundancia de datos. <\/p>\n<p style='font-size: 15px; color: inherit; margin-top: 15px; text-align: justify; max-width: 800px;'> Compatible con el Sistema de Gesti\u00f3n Remota (RMS) de Teltonika Networks para una supervisi\u00f3n f\u00e1cil y segura. <\/p>\n<p style='font-size: 15px; color: inherit; margin-top: 15px; text-align: justify; max-width: 800px;'> Tiene cuatro puertos Ethernet&comma; dos soportes SIM externos e indicadores LED de estado de intensidad de la se\u00f1al. <\/p>\n<p style='font-size: 15px; color: inherit; margin-top: 15px; text-align: justify; max-width: 800px;'> Desarrollado por RutOS &#8211; un sistema operativo unificado para todos los routers Teltonika Networks&comma; este dispositivo es altamente seguro y personalizable. <\/p>\n<\/p><\/div>\n<h2 style='font-size: 24px; color: inherit; margin: 0 0 20px 0; padding-bottom: 8px; border-bottom: 2px solid currentColor;'>Caracter\u00edsticas<\/h2>\n<div style='display: flex; flex-wrap: wrap; gap: 30px; margin-bottom: 40px;'>\n<div style='flex: 1 1 300px; min-width: 280px; border: 1px solid rgba(150&comma; 150&comma; 150&comma; 0.4); border-radius: 8px; overflow: hidden;'>\n<div style='padding: 15px; background-color: rgba(53&comma; 152&comma; 219&comma; 0.1); border-bottom: 1px solid rgba(150&comma; 150&comma; 150&comma; 0.2); font-weight: bold; font-size: 18px; color: inherit;'>Generales<\/div>\n<div style='padding: 15px; color: inherit;'>\n<ul style='padding-left: 20px; margin: 0; font-size: 14px; list-style-type: disc;'>\n<li style='margin-bottom: 5px;'>Administraci\u00f3n Remota por RMS<\/li>\n<li style='margin-bottom: 5px;'>Construcci\u00f3n robusta en carcasa de aluminio\/pl\u00e1stico con opci\u00f3n de montaje en riel DIN.<\/li>\n<li style='margin-bottom: 5px;'>Gran rango de operaci\u00f3n en ambientes extremos.<\/li>\n<li style='margin-bottom: 5px;'>Tama\u00f1o compacto.<\/li>\n<\/ul><\/div>\n<\/p><\/div>\n<div style='flex: 1 1 300px; min-width: 280px; border: 1px solid rgba(150&comma; 150&comma; 150&comma; 0.4); border-radius: 8px; overflow: hidden;'>\n<div style='padding: 15px; background-color: rgba(53&comma; 152&comma; 219&comma; 0.1); border-bottom: 1px solid rgba(150&comma; 150&comma; 150&comma; 0.2); font-weight: bold; font-size: 18px; color: inherit;'>Conectividad<\/div>\n<div style='padding: 15px; color: inherit;'>\n<ul style='padding-left: 20px; margin: 0; font-size: 14px; list-style-type: disc;'>\n<li style='margin-bottom: 5px;'>4G (LTE) Cat 4 &#8211; hasta 150 Mbps&comma; 2 SIM (Mini SIM &#8211; 2FF) Failover<\/li>\n<li style='margin-bottom: 5px;'>WiFi 2.4 GHz (b\/g\/n) &#8211; Access Point (AP) &#8211; Station (STA)&comma; 2 RP-SMA<\/li>\n<li style='margin-bottom: 5px;'>Ethernet 4 puertos RJ45&comma; 10\/100 Mbps (1 WAN&comma; 3 LAN)<\/li>\n<\/ul><\/div>\n<\/p><\/div>\n<div style='flex: 1 1 300px; min-width: 280px; border: 1px solid rgba(150&comma; 150&comma; 150&comma; 0.4); border-radius: 8px; overflow: hidden;'>\n<div style='padding: 15px; background-color: rgba(53&comma; 152&comma; 219&comma; 0.1); border-bottom: 1px solid rgba(150&comma; 150&comma; 150&comma; 0.2); font-weight: bold; font-size: 18px; color: inherit;'>Electricas y Fisicas<\/div>\n<div style='padding: 15px; color: inherit;'>\n<ul style='padding-left: 20px; margin: 0; font-size: 14px; list-style-type: disc;'>\n<li style='margin-bottom: 5px;'>Alimentaci\u00f3n: 9 &#8211; 30 Vcc<\/li>\n<li style='margin-bottom: 5px;'>Consumo: 7 W<\/li>\n<li style='margin-bottom: 5px;'>Peso: 297 g<\/li>\n<li style='margin-bottom: 5px;'>Dimensiones: 110x50x100 mm (An x Al x Pr)<\/li>\n<li style='margin-bottom: 5px;'>Temperatura de Operaci\u00f3n: -40 a 75\u00ba C<\/li>\n<li style='margin-bottom: 5px;'>Protecci\u00f3n: IP30<\/li>\n<\/ul><\/div>\n<\/p><\/div>\n<div style='flex: 1 1 300px; min-width: 280px; border: 1px solid rgba(150&comma; 150&comma; 150&comma; 0.4); border-radius: 8px; overflow: hidden;'>\n<div style='padding: 15px; background-color: rgba(53&comma; 152&comma; 219&comma; 0.1); border-bottom: 1px solid rgba(150&comma; 150&comma; 150&comma; 0.2); font-weight: bold; font-size: 18px; color: inherit;'>Hardware<\/div>\n<div style='padding: 15px; color: inherit;'>\n<ul style='padding-left: 20px; margin: 0; font-size: 14px; list-style-type: disc;'>\n<li style='margin-bottom: 5px;'>CPU: Mediatek 580 MHz<\/li>\n<li style='margin-bottom: 5px;'>RAM: 128 MB<\/li>\n<li style='margin-bottom: 5px;'>Almacenamiento Flash: 16 MB<\/li>\n<\/ul><\/div>\n<\/p><\/div>\n<\/p><\/div>\n<div style='margin-top: 40px; margin-bottom: 40px;'>\n<h3 style='font-size: 20px; color: inherit; margin: 0 0 20px 0; padding-bottom: 5px; border-bottom: 1px solid currentColor;'>Remote Management System RMS<\/h3>\n<div style='display: flex; flex-wrap: wrap; gap: 30px; justify-content: center;'>\n<div style='position: relative; padding-bottom: 56.25%; height: 0; overflow: hidden; flex: 1 1 300px; max-width: 560px;'>   <\/div>\n<div style='position: relative; padding-bottom: 56.25%; height: 0; overflow: hidden; flex: 1 1 300px; max-width: 560px;'>   <\/div>\n<\/p><\/div>\n<\/p><\/div>\n<hr style='border: 0; border-top: 1px solid rgba(150&comma; 150&comma; 150&comma; 0.3); margin: 40px 0;'> <\/div>\n","protected":false},"excerpt":{"rendered":"<p>Router LTE dual SIM, 4 puertos Ethernet, conectorizado, Bandas B1, B2, B3, B4, B5, B7, B8, B28, B66<\/p>\n","protected":false},"featured_media":87674,"comment_status":"open","ping_status":"closed","template":"","meta":[],"product_brand":[],"product_cat":[1984],"product_tag":[1985,664,1430],"class_list":{"0":"post-87675","1":"product","2":"type-product","3":"status-publish","4":"has-post-thumbnail","6":"product_cat-industrial","7":"product_tag-industrial","8":"product_tag-networking","9":"product_tag-teltonika","11":"first","12":"instock","13":"sale","14":"shipping-taxable","15":"purchasable","16":"product-type-simple"},"_links":{"self":[{"href":"https:\/\/soydeaqui.ddns.net\/pachuca\/index.php\/wp-json\/wp\/v2\/product\/87675","targetHints":{"allow":["GET"]}}],"collection":[{"href":"https:\/\/soydeaqui.ddns.net\/pachuca\/index.php\/wp-json\/wp\/v2\/product"}],"about":[{"href":"https:\/\/soydeaqui.ddns.net\/pachuca\/index.php\/wp-json\/wp\/v2\/types\/product"}],"replies":[{"embeddable":true,"href":"https:\/\/soydeaqui.ddns.net\/pachuca\/index.php\/wp-json\/wp\/v2\/comments?post=87675"}],"wp:featuredmedia":[{"embeddable":true,"href":"https:\/\/soydeaqui.ddns.net\/pachuca\/index.php\/wp-json\/wp\/v2\/media\/87674"}],"wp:attachment":[{"href":"https:\/\/soydeaqui.ddns.net\/pachuca\/index.php\/wp-json\/wp\/v2\/media?parent=87675"}],"wp:term":[{"taxonomy":"product_brand","embeddable":true,"href":"https:\/\/soydeaqui.ddns.net\/pachuca\/index.php\/wp-json\/wp\/v2\/product_brand?post=87675"},{"taxonomy":"product_cat","embeddable":true,"href":"https:\/\/soydeaqui.ddns.net\/pachuca\/index.php\/wp-json\/wp\/v2\/product_cat?post=87675"},{"taxonomy":"product_tag","embeddable":true,"href":"https:\/\/soydeaqui.ddns.net\/pachuca\/index.php\/wp-json\/wp\/v2\/product_tag?post=87675"}],"curies":[{"name":"wp","href":"https:\/\/api.w.org\/{rel}","templated":true}]}}