{"id":87671,"date":"2026-03-19T23:17:12","date_gmt":"2026-03-19T23:17:12","guid":{"rendered":"https:\/\/soydeaqui.ddns.net\/pachuca\/index.php\/producto\/roip-w712-gateway-que-permite-la-interconexion-entre-radios-analogicos-digitales-de-dos-vias-y-dispositivos-de-comunicacion-sip-alta-compatibilidad-con-radios\/"},"modified":"2026-03-19T23:17:18","modified_gmt":"2026-03-19T23:17:18","slug":"roip-w712-gateway-que-permite-la-interconexion-entre-radios-analogicos-digitales-de-dos-vias-y-dispositivos-de-comunicacion-sip-alta-compatibilidad-con-radios","status":"publish","type":"product","link":"https:\/\/soydeaqui.ddns.net\/pachuca\/index.php\/producto\/roip-w712-gateway-que-permite-la-interconexion-entre-radios-analogicos-digitales-de-dos-vias-y-dispositivos-de-comunicacion-sip-alta-compatibilidad-con-radios\/","title":{"rendered":"RoIP W712, Gateway que permite la interconexi\u00f3n entre radios anal\u00f3gicos\/digitales de dos v\u00edas y dispositivos de comunicaci\u00f3n SIP, alta compatibilidad con radios."},"content":{"rendered":"<div style='width: 100%; max-width: 1200px; margin: 0 auto; font-family: sans-serif; line-height: 1.6; color: inherit; background-color: transparent;'>\n<div style='margin-bottom: 30px;'>\n<p style='font-size: 16px; color: inherit; margin: 15px 0;'>LINKVIL W712 es un Gateway RoIP con m\u00f3dulos de radio y SIP incorporados&comma; que permite la interconexi\u00f3n entre radios bidireccionales anal\u00f3gicas\/digitales y dispositivos de comunicaci\u00f3n SIP. Peque\u00f1o&comma; port\u00e1til y potente&comma; el gateway W712 es compatible con las principales radios bidireccionales anal\u00f3gicas\/DMR II digitales y es f\u00e1cil de implementar y administrar. W712 ayuda a construir un sistema de comunicaci\u00f3n interconectado sin cambiar los sistemas de comunicaci\u00f3n anal\u00f3gicos y digitales existentes. Es adecuado para la comunicaci\u00f3n interna en diferentes escenarios&comma; como seguridad comunitaria&comma; parques industriales&comma; supermercados&comma; hospitalidad&comma; seguridad del campus&comma; etc.<\/p>\n<\/p><\/div>\n<div style='display: flex; flex-wrap: wrap; gap: 30px; margin-bottom: 30px;'>\n<div style='flex: 1 1 300px; min-width: 280px;'>\n<h3 style='font-size: 22px; border-bottom: 2px solid currentColor; padding-bottom: 5px; margin-top: 0; color: inherit; opacity: 0.8;'>Interconexi\u00f3n entre diferentes sistemas de comunicaci\u00f3n<\/h3>\n<p style='font-size: 15px; color: inherit; margin: 15px 0;'>Gateway RoIP W712 integra el m\u00f3dulo de radio en UHF 400-470 MHz y adopta el protocolo est\u00e1ndar SIP. Es compatible con la mayor\u00eda IP PBX convencionales&comma; facilmente realiza la interconexi\u00f3n entre analogo\/DMR II digital intercom y dispositivos de comunicaci\u00f3n SiP.<\/p>\n<p> <img style='width: 100%; height: auto; border: 1px solid rgba(150&comma;150&comma;150&comma;0.3); border-radius: 8px;' src='blob:https:\/\/erp.syscom.mx\/bf99a3ac-1080-4ab1-be1b-27b63e8d80b4' alt=''> <\/div>\n<div style='flex: 1 1 300px; min-width: 280px;'>\n<h3 style='font-size: 22px; border-bottom: 2px solid currentColor; padding-bottom: 5px; margin-top: 0; color: inherit; opacity: 0.8;'>Plug and Play \/ Gestion Web Sencilla<\/h3>\n<p style='font-size: 15px; color: inherit; margin: 15px 0;'>Con un m\u00f3dulo de radio inal\u00e1mbrico incorporado&comma; la puerta de enlace W712 RoIP es peque\u00f1a y port\u00e1til&comma; similar al tama\u00f1o de un enrutador. W712 se puede implementar y administrar a trav\u00e9s de la p\u00e1gina web&comma; logrando una f\u00e1cil administraci\u00f3n.<\/p>\n<p> <img style='width: 100%; height: auto; border: 1px solid rgba(150&comma;150&comma;150&comma;0.3); border-radius: 8px;' src='blob:https:\/\/erp.syscom.mx\/4982f768-406a-42ef-ba62-669f1fb995b9' alt=''> <\/div>\n<\/p><\/div>\n<div style='display: flex; flex-wrap: wrap; gap: 30px; margin-bottom: 30px;'>\n<div style='flex: 1 1 300px; min-width: 280px;'>\n<h3 style='font-size: 22px; border-bottom: 2px solid currentColor; padding-bottom: 5px; margin-top: 0; color: inherit; opacity: 0.8;'>Soporta grabacion llamada<\/h3>\n<p style='font-size: 15px; color: inherit; margin: 15px 0;'>Gateway RoIP W712 est\u00e1 equipado con una interfaz USB y una interfaz de tarjeta TF que admite una capacidad de hasta 128 Gigas&comma; que se puede utilizar para grabar las llamadas.<\/p>\n<p> <img style='width: 100%; height: auto; border: 1px solid rgba(150&comma;150&comma;150&comma;0.3); border-radius: 8px;' src='blob:https:\/\/erp.syscom.mx\/a8eb6ab5-56c5-4d3c-92b0-3dcbcb4896c9' alt=''> <\/div>\n<div style='flex: 1 1 300px; min-width: 280px;'>\n<h3 style='font-size: 22px; border-bottom: 2px solid currentColor; padding-bottom: 5px; margin-top: 0; color: inherit; opacity: 0.8;'>Admite audio HD y detecci\u00f3n activa de voz<\/h3>\n<ul style='padding-left: 20px; font-size: 15px; color: inherit; margin: 15px 0;'>\n<li style='margin-bottom: 5px;'>Admite audio HD con G.722 y OPUS<\/li>\n<li style='margin-bottom: 5px;'>Soporte VAD (detecci\u00f3n activa de voz)<\/li>\n<\/ul>\n<p> <img style='width: 100%; height: auto; border: 1px solid rgba(150&comma;150&comma;150&comma;0.3); border-radius: 8px;' src='blob:https:\/\/erp.syscom.mx\/5fcf8817-994e-4798-9b87-97bbadc5a4fa' alt=''> <\/div>\n<\/p><\/div>\n<div style='margin-bottom: 30px;'>\n<h3 style='font-size: 22px; border-bottom: 2px solid currentColor; padding-bottom: 5px; margin-top: 0; color: inherit; opacity: 0.8;'>Aplicaciones del producto<\/h3>\n<div style='position: relative; padding-bottom: 56.25%; height: 0; overflow: hidden; margin-bottom: 30px;'>   <\/div>\n<\/p><\/div>\n<div style='display: flex; flex-wrap: wrap; gap: 20px; margin-bottom: 30px;'>\n<div style='flex: 1 1 250px; border: 1px solid rgba(150&comma; 150&comma; 150&comma; 0.4); border-radius: 8px; overflow: hidden; display: flex; flex-direction: column;'>\n<div style='padding: 15px; border-bottom: 1px solid rgba(150&comma; 150&comma; 150&comma; 0.2); font-weight: bold; font-size: 18px; color: inherit;'>Recursos adicionales<\/div>\n<div style='padding: 15px; color: inherit;'>\n<ul style='padding-left: 20px; margin: 0; font-size: 14px; list-style-type: disc;'>\n<li style='margin-bottom: 5px;'><img style='width: 100%; height: auto; border: 1px solid rgba(150&comma;150&comma;150&comma;0.3); border-radius: 8px;' src='blob:https:\/\/erp.syscom.mx\/2da4318e-49ff-4256-8e0c-752ca6d3c7ee' alt=''><\/li>\n<li style='margin-bottom: 5px;'><img style='width: 100%; height: auto; border: 1px solid rgba(150&comma;150&comma;150&comma;0.3); border-radius: 8px;' src='blob:https:\/\/erp.syscom.mx\/686a6d78-db42-404c-bf8b-9202a8adf516' alt=''><\/li>\n<\/ul><\/div>\n<\/p><\/div>\n<\/p><\/div>\n<hr style='border: 0; border-top: 1px solid rgba(150&comma; 150&comma; 150&comma; 0.3); margin: 30px 0;'> <\/div>\n","protected":false},"excerpt":{"rendered":"<p>RoIP W712, Gateway que permite la interconexi\u00f3n entre radios anal\u00f3gicos\/digitales de dos v\u00edas y dispositivos de comunicaci\u00f3n SIP, alta compatibilidad con radios.<\/p>\n","protected":false},"featured_media":87670,"comment_status":"open","ping_status":"closed","template":"","meta":[],"product_brand":[],"product_cat":[1653],"product_tag":[417,1583,859],"class_list":{"0":"post-87671","1":"product","2":"type-product","3":"status-publish","4":"has-post-thumbnail","6":"product_cat-accesorios-generales-accesorios-para-hytera-hyt","7":"product_tag-accesorios-generales","8":"product_tag-accesorios-para-hytera-hyt","9":"product_tag-fanvil","11":"first","12":"instock","13":"sale","14":"shipping-taxable","15":"purchasable","16":"product-type-simple"},"_links":{"self":[{"href":"https:\/\/soydeaqui.ddns.net\/pachuca\/index.php\/wp-json\/wp\/v2\/product\/87671","targetHints":{"allow":["GET"]}}],"collection":[{"href":"https:\/\/soydeaqui.ddns.net\/pachuca\/index.php\/wp-json\/wp\/v2\/product"}],"about":[{"href":"https:\/\/soydeaqui.ddns.net\/pachuca\/index.php\/wp-json\/wp\/v2\/types\/product"}],"replies":[{"embeddable":true,"href":"https:\/\/soydeaqui.ddns.net\/pachuca\/index.php\/wp-json\/wp\/v2\/comments?post=87671"}],"wp:featuredmedia":[{"embeddable":true,"href":"https:\/\/soydeaqui.ddns.net\/pachuca\/index.php\/wp-json\/wp\/v2\/media\/87670"}],"wp:attachment":[{"href":"https:\/\/soydeaqui.ddns.net\/pachuca\/index.php\/wp-json\/wp\/v2\/media?parent=87671"}],"wp:term":[{"taxonomy":"product_brand","embeddable":true,"href":"https:\/\/soydeaqui.ddns.net\/pachuca\/index.php\/wp-json\/wp\/v2\/product_brand?post=87671"},{"taxonomy":"product_cat","embeddable":true,"href":"https:\/\/soydeaqui.ddns.net\/pachuca\/index.php\/wp-json\/wp\/v2\/product_cat?post=87671"},{"taxonomy":"product_tag","embeddable":true,"href":"https:\/\/soydeaqui.ddns.net\/pachuca\/index.php\/wp-json\/wp\/v2\/product_tag?post=87671"}],"curies":[{"name":"wp","href":"https:\/\/api.w.org\/{rel}","templated":true}]}}