{"id":87657,"date":"2026-03-19T23:16:35","date_gmt":"2026-03-19T23:16:35","guid":{"rendered":"https:\/\/soydeaqui.ddns.net\/pachuca\/index.php\/producto\/switch-industrial-capa-3-24-puertos-gigabit-poe-802-3af-at-4-puertos-sfp-1-g-4-puertos-sfp-de-10-g\/"},"modified":"2026-03-19T23:16:43","modified_gmt":"2026-03-19T23:16:43","slug":"switch-industrial-capa-3-24-puertos-gigabit-poe-802-3af-at-4-puertos-sfp-1-g-4-puertos-sfp-de-10-g","status":"publish","type":"product","link":"https:\/\/soydeaqui.ddns.net\/pachuca\/index.php\/producto\/switch-industrial-capa-3-24-puertos-gigabit-poe-802-3af-at-4-puertos-sfp-1-g-4-puertos-sfp-de-10-g\/","title":{"rendered":"Switch Industrial Capa 3, 24 Puertos Gigabit PoE 802.3af\/at, 4 Puertos SFP 1 G, 4 Puertos SFP de 10 G"},"content":{"rendered":"<div style='width: 100%; max-width: 1200px; margin: 0 auto; font-family: sans-serif; line-height: 1.6; color: inherit; background-color: transparent;'> <!-- Iconos de caracter\u00edsticas --> <\/p>\n<div style='display: flex; flex-wrap: wrap; gap: 15px; justify-content: center; margin: 20px 0;'> <img style='width: auto; height: 40px; border: 1px solid rgba(150&comma;150&comma;150&comma;0.3); border-radius: 8px;' src='https:\/\/planet.com.tw\/storage\/icons\/4icon_L3_OSPF_Routing.png' alt='Enrutamiento L3 OSPF'> <img style='width: auto; height: 40px; border: 1px solid rgba(150&comma;150&comma;150&comma;0.3); border-radius: 8px;' src='https:\/\/planet.com.tw\/storage\/icons\/633\/Cyber-Security.png' alt='La seguridad cibern\u00e9tica'> <img style='width: auto; height: 40px; border: 1px solid rgba(150&comma;150&comma;150&comma;0.3); border-radius: 8px;' src='https:\/\/planet.com.tw\/storage\/icons\/0icon_PoE+.png' alt='PoE+'> <img style='width: auto; height: 40px; border: 1px solid rgba(150&comma;150&comma;150&comma;0.3); border-radius: 8px;' src='https:\/\/planet.com.tw\/storage\/icons\/6icon_RING.png' alt='ANILLO'> <img style='width: auto; height: 40px; border: 1px solid rgba(150&comma;150&comma;150&comma;0.3); border-radius: 8px;' src='https:\/\/planet.com.tw\/storage\/icons\/7icon_Modbus-TCP.png' alt='ModbusTCP'> <img style='width: auto; height: 40px; border: 1px solid rgba(150&comma;150&comma;150&comma;0.3); border-radius: 8px;' src='https:\/\/planet.com.tw\/storage\/icons\/3icon_10Gbps_SFP+.png' alt='SFP+ de 10 Gbps'> <\/div>\n<p> <!-- Descripci\u00f3n principal --> <\/p>\n<div style='margin: 30px 0; font-size: 15px;'>\n<p>Con un enlace ascendente de 10 Gbps&comma; el IGS-6325-24P4X puede manejar cantidades extremadamente grandes de datos en una topolog\u00eda segura que se vincula a una red troncal industrial o servidores de alta capacidad. Proporciona interfaces de administraci\u00f3n IPv6\/IPv4 f\u00e1ciles de usar pero avanzadas&comma; abundantes funciones de conmutaci\u00f3n L2\/L4&comma; capacidad de enrutamiento din\u00e1mico OSPFv2 de capa 3 y tecnolog\u00eda avanzada de anillo ERPS ITU-G.8032 para mejorar la capacidad de auto-recuperaci\u00f3n r\u00e1pida y funciones PoE inteligentes PLANET para controlar las aplicaciones de red inal\u00e1mbrica y vigilancia IP al aire libre PoE. Es capaz de operar de manera confiable&comma; estable y silenciosa en el rango de temperatura de -40 a 75 grados C.<\/p>\n<\/p><\/div>\n<p> <!-- T\u00edtulo secci\u00f3n anillo redundante --> <\/p>\n<div style='text-align: center; margin: 30px 0;'> <span style='font-size: 16px; font-weight: bold; color: inherit; background-color: rgba(255&comma;255&comma;255&comma;0.1); padding: 8px 16px; border-radius: 4px;'>Anillo redundante&comma; recuperaci\u00f3n r\u00e1pida para aplicaciones de red cr\u00edticas.<\/span> <\/div>\n<p> <!-- Imagen del producto --> <\/p>\n<div style='text-align: center; margin: 30px 0;'> <img style='width: 100%; max-width: 600px; height: auto; border: 1px solid rgba(150&comma;150&comma;150&comma;0.3); border-radius: 8px;' src='https:\/\/planet.com.tw\/storage\/products\/49218\/IGS-6325-24P4X_24P4S-21.png' alt='Switch Industrial PLANET IGS632524P4X'> <\/div>\n<p> <!-- Especificaciones t\u00e9cnicas --> <\/p>\n<div style='display: flex; flex-wrap: wrap; gap: 20px; margin-top: 30px;'>\n<div style='flex: 1 1 300px; min-width: 280px; border: 1px solid rgba(150&comma; 150&comma; 150&comma; 0.4); border-radius: 8px; overflow: hidden;'>\n<div style='padding: 15px; border-bottom: 1px solid rgba(150&comma; 150&comma; 150&comma; 0.2); font-weight: bold; font-size: 18px; color: inherit;'>Especificaciones de hardware<\/div>\n<div style='padding: 15px; color: inherit;'>\n<ul style='padding-left: 20px; margin: 0; font-size: 14px; list-style-type: disc;'>\n<li style='margin-bottom: 10px;'><strong>Puertos de Cobre:<\/strong> 24 puertos 10\/100\/1000BASE-T RJ45 auto-MDI\/MDI-X<\/li>\n<li style='margin-bottom: 10px;'><strong>Ranuras SFP\/mini-GBIC:<\/strong> 4 interfaces 100\/1000BASE-X SFP&comma; compartidas con Port-21 a Port-24<br \/>Compatible con transceptor 100BASE-FX SFP<\/li>\n<li style='margin-bottom: 10px;'><strong>Ranuras SFP+:<\/strong> 4 interfaces 10GbBASE-SR\/LR SFP+ (Puerto 25 a Puerto 28)<br \/>Compatible con transceptor 1000BASE-SX\/LX\/BX SFP<\/li>\n<li style='margin-bottom: 10px;'><strong>Puerto inyector PoE:<\/strong> 24 puertos con funci\u00f3n de inyector 802.3af\/at PoE con Port-1 a Port-24<\/li>\n<li style='margin-bottom: 10px;'><strong>Consola:<\/strong> 1 puerto serie RJ45 a RS232 (115200&comma; 8&comma; N&comma; 1)<\/li>\n<li style='margin-bottom: 10px;'><strong>Dimensiones:<\/strong> 440 x 300 x 44 mm&comma; altura 1U<\/li>\n<li style='margin-bottom: 10px;'><strong>Peso:<\/strong> 3800g<\/li>\n<li style='margin-bottom: 10px;'><strong>Requerimientos de energ\u00eda:<\/strong> Dual 48~56V DC (se recomienda >53V DC para salida PoE+)&comma; 11A<\/li>\n<li style='margin-bottom: 10px;'><strong>El consumo de energ\u00eda:<\/strong>\n<ul style='margin: 5px 0 5px 20px; padding: 0; list-style-type: disc;'>\n<li>M\u00e1x. 33 Watts\/112&comma;51 BTU (Encendido sin ninguna conexi\u00f3n)<\/li>\n<li>M\u00e1x. 540 Watts\/1841&comma;13 BTU (carga completa con funci\u00f3n PoE)<\/li>\n<\/ul>\n<\/li>\n<li style='margin-bottom: 10px;'><strong>Est\u00e1ndar PoE:<\/strong> IEEE 802.3at Alimentaci\u00f3n a trav\u00e9s de Ethernet Plus\/PSE<\/li>\n<li style='margin-bottom: 10px;'><strong>Tipo de fuente de alimentaci\u00f3n PoE:<\/strong> tramo final<\/li>\n<li style='margin-bottom: 10px;'><strong>Salida de alimentaci\u00f3n PoE:<\/strong>\n<ul style='margin: 5px 0 5px 20px; padding: 0; list-style-type: disc;'>\n<li>Est\u00e1ndar IEEE 802.3af<br \/> \n<ul style='margin: 5px 0 5px 20px; padding: 0; list-style-type: circle;'>\n<li>Por puerto 48V~51V DC (dependiendo de la fuente de alimentaci\u00f3n)&comma; m\u00e1x. 15&comma;4 Watts<\/li>\n<\/ul>\n<\/li>\n<li>Est\u00e1ndar IEEE 802.3at<br \/> \n<ul style='margin: 5px 0 5px 20px; padding: 0; list-style-type: circle;'>\n<li>Por puerto 52V~56V DC (dependiendo de la fuente de alimentaci\u00f3n)&comma; m\u00e1x. 36 Watts<\/li>\n<\/ul>\n<\/li>\n<\/ul>\n<\/li>\n<\/ul><\/div>\n<\/p><\/div>\n<\/p><\/div>\n<p> <!-- Paquete incluye --> <\/p>\n<div style='margin: 30px 0;'>\n<h3 style='font-size: 20px; border-bottom: 2px solid currentColor; padding-bottom: 5px; margin-top: 0; color: inherit; opacity: 0.8;'>El paquete Incluye:<\/h3>\n<ul style='padding-left: 20px; font-size: 14px; color: inherit;'>\n<li style='margin-bottom: 5px;'>Guia de instalaci\u00f3n<\/li>\n<li style='margin-bottom: 5px;'>Cable de consola<\/li>\n<li style='margin-bottom: 5px;'>Kit de montaje para rack<\/li>\n<li style='margin-bottom: 5px;'>Switch IGS-6325-24P4X<\/li>\n<\/ul><\/div>\n<p> <!-- Separador final --> <\/p>\n<hr style='border: 0; border-top: 1px solid rgba(150&comma; 150&comma; 150&comma; 0.3); margin: 30px 0;'> <\/div>\n","protected":false},"excerpt":{"rendered":"<p>Switch Industrial Capa 3, 24 Puertos Gigabit PoE 802.3af\/at, 4 Puertos SFP 1 G, 4 Puertos SFP de 10 G<\/p>\n","protected":false},"featured_media":87656,"comment_status":"open","ping_status":"closed","template":"","meta":[],"product_brand":[],"product_cat":[1986],"product_tag":[664,2033,1987],"class_list":{"0":"post-87657","1":"product","2":"type-product","3":"status-publish","4":"has-post-thumbnail","6":"product_cat-switches-poe","7":"product_tag-networking","8":"product_tag-planet","9":"product_tag-switches-poe","11":"first","12":"outofstock","13":"sale","14":"shipping-taxable","15":"purchasable","16":"product-type-simple"},"_links":{"self":[{"href":"https:\/\/soydeaqui.ddns.net\/pachuca\/index.php\/wp-json\/wp\/v2\/product\/87657","targetHints":{"allow":["GET"]}}],"collection":[{"href":"https:\/\/soydeaqui.ddns.net\/pachuca\/index.php\/wp-json\/wp\/v2\/product"}],"about":[{"href":"https:\/\/soydeaqui.ddns.net\/pachuca\/index.php\/wp-json\/wp\/v2\/types\/product"}],"replies":[{"embeddable":true,"href":"https:\/\/soydeaqui.ddns.net\/pachuca\/index.php\/wp-json\/wp\/v2\/comments?post=87657"}],"wp:featuredmedia":[{"embeddable":true,"href":"https:\/\/soydeaqui.ddns.net\/pachuca\/index.php\/wp-json\/wp\/v2\/media\/87656"}],"wp:attachment":[{"href":"https:\/\/soydeaqui.ddns.net\/pachuca\/index.php\/wp-json\/wp\/v2\/media?parent=87657"}],"wp:term":[{"taxonomy":"product_brand","embeddable":true,"href":"https:\/\/soydeaqui.ddns.net\/pachuca\/index.php\/wp-json\/wp\/v2\/product_brand?post=87657"},{"taxonomy":"product_cat","embeddable":true,"href":"https:\/\/soydeaqui.ddns.net\/pachuca\/index.php\/wp-json\/wp\/v2\/product_cat?post=87657"},{"taxonomy":"product_tag","embeddable":true,"href":"https:\/\/soydeaqui.ddns.net\/pachuca\/index.php\/wp-json\/wp\/v2\/product_tag?post=87657"}],"curies":[{"name":"wp","href":"https:\/\/api.w.org\/{rel}","templated":true}]}}