{"id":87647,"date":"2026-03-19T23:16:08","date_gmt":"2026-03-19T23:16:08","guid":{"rendered":"https:\/\/soydeaqui.ddns.net\/pachuca\/index.php\/producto\/rectificador-redundante-2000w-220-380-vac-a-48-vdc-200a-2u-con-modulo-de-monitoreo-smu11c\/"},"modified":"2026-03-19T23:16:18","modified_gmt":"2026-03-19T23:16:18","slug":"rectificador-redundante-2000w-220-380-vac-a-48-vdc-200a-2u-con-modulo-de-monitoreo-smu11c","status":"publish","type":"product","link":"https:\/\/soydeaqui.ddns.net\/pachuca\/index.php\/producto\/rectificador-redundante-2000w-220-380-vac-a-48-vdc-200a-2u-con-modulo-de-monitoreo-smu11c\/","title":{"rendered":"Rectificador Redundante 2000W, 220\/380 VAC a -48 VDC, 200A, 2U, con M\u00f3dulo de Monitoreo SMU11C"},"content":{"rendered":"<div style='width: 100%; max-width: 1200px; margin: 0 auto; font-family: sans-serif; line-height: 1.6; color: inherit; background-color: transparent;'>\n<div style='display: flex; flex-direction: column; gap: 30px;'>\n<div style='display: flex; flex-direction: column; gap: 20px;'>\n<div style='width: 100%;'> <img style='width: 100%; height: auto; border: 1px solid rgba(150&comma;150&comma;150&comma;0.3); border-radius: 8px; max-width: 450px;' src='https:\/\/ftp3.syscom.mx\/usuarios\/orobles\/Huawei\/Huawei-horizontal-logo_2018.jpg' alt=''> <\/div>\n<p style='font-size: 16px; color: inherit; text-align: justify;'> ETP48200-B2A1 es un sistema de alimentaci\u00f3n integrado CA\/CC con excelente rendimiento&comma; alta eficiencia energ\u00e9tica&comma; gesti\u00f3n inteligente de bater\u00edas&comma; gesti\u00f3n remota&comma; amplio rango de voltaje de entrada CA\/CC&comma; etc. Se puede integrar en un rack o gabinete de 19 pulgadas. <\/p>\n<\/p><\/div>\n<div style='display: flex; flex-wrap: wrap; gap: 30px;'>\n<div style='flex: 1 1 300px; min-width: 280px;'>\n<h3 style='font-size: 22px; border-bottom: 2px solid currentColor; padding-bottom: 5px; margin-top: 0; color: inherit; opacity: 0.8;'>Caracter\u00edsticas<\/h3>\n<ul style='padding-left: 20px; font-size: 15px; color: inherit;'>\n<li style='margin-bottom: 5px;'>Rectificador Hot-swappable y unidad de distribuci\u00f3n de CC<\/li>\n<li style='margin-bottom: 5px;'>Dise\u00f1o compacto<\/li>\n<li style='margin-bottom: 5px;'>Alta eficiencia (arriba del 96%) que ayuda a ahorrar energ\u00eda<\/li>\n<li style='margin-bottom: 5px;'>Funci\u00f3n de inactividad que aumenta dr\u00e1sticamente la eficiencia del sistema<\/li>\n<li style='margin-bottom: 5px;'>Funci\u00f3n de gesti\u00f3n y protecci\u00f3n inteligente de la bater\u00eda que ayudan a prolongar su vida \u00fatil (bater\u00edas no incluidas)<\/li>\n<li style='margin-bottom: 5px;'>Admite monitoreo de se\u00f1ales ambientales y administraci\u00f3n remota a trav\u00e9s de RS485<\/li>\n<\/ul><\/div>\n<div style='flex: 1 1 300px; min-width: 280px;'>\n<h3 style='font-size: 22px; border-bottom: 2px solid currentColor; padding-bottom: 5px; margin-top: 0; color: inherit; opacity: 0.8;'>Especificaciones<\/h3>\n<ul style='padding-left: 20px; font-size: 15px; color: inherit;'>\n<li style='margin-bottom: 5px;'><strong>Dimensiones:<\/strong> 482.6mm (Ancho) x 255mm (Profundidad) x 86.1mm (2U&comma; Alto)<\/li>\n<li style='margin-bottom: 5px;'><strong>Entrada:<\/strong> 220\/380VAC trif\u00e1sica&comma; 220VAC monof\u00e1sica o 220VAC fase dividida<\/li>\n<li style='margin-bottom: 5px;'><strong>Frecuencia de entrada:<\/strong> 45-66 Hz&comma; valor nominal: 50\/60 Hz<\/li>\n<li style='margin-bottom: 5px;'><strong>Salida:<\/strong> 42-58VDC&comma; valor nominal: 53.5VDC<\/li>\n<li style='margin-bottom: 5px;'><strong>Temperatura de Operaci\u00f3n:<\/strong> -40\u00baC a +65\u00baC<\/li>\n<li style='margin-bottom: 5px;'><strong>Temperatura de almacenamiento:<\/strong> -40\u00baC a +70\u00baC<\/li>\n<li style='margin-bottom: 5px;'><strong>M\u00e1xima Capacidad:<\/strong> 2000W (redundante)<\/li>\n<\/ul><\/div>\n<div style='flex: 1 1 300px; min-width: 280px;'>\n<h3 style='font-size: 22px; border-bottom: 2px solid currentColor; padding-bottom: 5px; margin-top: 0; color: inherit; opacity: 0.8;'>Incluye<\/h3>\n<ul style='padding-left: 20px; font-size: 15px; color: inherit;'>\n<li style='margin-bottom: 5px;'>1 Chasis ETP48200-B2A1<\/li>\n<li style='margin-bottom: 5px;'>2 M\u00f3dulos rectificadores R4830G1<\/li>\n<li style='margin-bottom: 5px;'>1 M\u00f3dulo de monitoreo SMU11C<\/li>\n<\/ul><\/div>\n<\/p><\/div>\n<div style='display: flex; flex-direction: column; gap: 15px; padding: 20px; border: 1px solid rgba(150&comma; 150&comma; 150&comma; 0.3); border-radius: 8px; background-color: rgba(150&comma; 150&comma; 150&comma; 0.05);'>\n<h3 style='font-size: 22px; border-bottom: 2px solid currentColor; padding-bottom: 5px; margin-top: 0; color: inherit; opacity: 0.8;'>Informaci\u00f3n Importante<\/h3>\n<p style='font-size: 15px; color: inherit; margin-bottom: 10px;'> <strong>48 VDC<\/strong> hace referencia al nombre del sistema de voltaje (porque el voltaje de la bater\u00eda es de 48 VDC). El rango de voltaje de entrada de carga real es muy amplio. Generalmente&comma; los voltajes de entrada y salida nominales son 53.5 VDC. <\/p>\n<p style='font-size: 15px; color: inherit; margin-bottom: 0;'> El voltaje de salida nominal de la fuente de alimentaci\u00f3n debe ser mayor que el voltaje de la bater\u00eda para poderla cargar&comma; por lo que la salida nominal debe ser mayor a 48 VDC. <\/p>\n<\/p><\/div>\n<\/p><\/div>\n<\/p><\/div>\n","protected":false},"excerpt":{"rendered":"<p>Rectificador Redundante 2000W, 220\/380 VAC a -48 VDC, 200A, 2U, con M\u00f3dulo de Monitoreo SMU11C<\/p>\n","protected":false},"featured_media":87646,"comment_status":"open","ping_status":"closed","template":"","meta":[],"product_brand":[],"product_cat":[2018],"product_tag":[718,2019,2011],"class_list":{"0":"post-87647","1":"product","2":"type-product","3":"status-publish","4":"has-post-thumbnail","6":"product_cat-olts","7":"product_tag-huawei","8":"product_tag-olts","9":"product_tag-redes-ftth-pon","11":"first","12":"outofstock","13":"sale","14":"shipping-taxable","15":"purchasable","16":"product-type-simple"},"_links":{"self":[{"href":"https:\/\/soydeaqui.ddns.net\/pachuca\/index.php\/wp-json\/wp\/v2\/product\/87647","targetHints":{"allow":["GET"]}}],"collection":[{"href":"https:\/\/soydeaqui.ddns.net\/pachuca\/index.php\/wp-json\/wp\/v2\/product"}],"about":[{"href":"https:\/\/soydeaqui.ddns.net\/pachuca\/index.php\/wp-json\/wp\/v2\/types\/product"}],"replies":[{"embeddable":true,"href":"https:\/\/soydeaqui.ddns.net\/pachuca\/index.php\/wp-json\/wp\/v2\/comments?post=87647"}],"wp:featuredmedia":[{"embeddable":true,"href":"https:\/\/soydeaqui.ddns.net\/pachuca\/index.php\/wp-json\/wp\/v2\/media\/87646"}],"wp:attachment":[{"href":"https:\/\/soydeaqui.ddns.net\/pachuca\/index.php\/wp-json\/wp\/v2\/media?parent=87647"}],"wp:term":[{"taxonomy":"product_brand","embeddable":true,"href":"https:\/\/soydeaqui.ddns.net\/pachuca\/index.php\/wp-json\/wp\/v2\/product_brand?post=87647"},{"taxonomy":"product_cat","embeddable":true,"href":"https:\/\/soydeaqui.ddns.net\/pachuca\/index.php\/wp-json\/wp\/v2\/product_cat?post=87647"},{"taxonomy":"product_tag","embeddable":true,"href":"https:\/\/soydeaqui.ddns.net\/pachuca\/index.php\/wp-json\/wp\/v2\/product_tag?post=87647"}],"curies":[{"name":"wp","href":"https:\/\/api.w.org\/{rel}","templated":true}]}}