{"id":87638,"date":"2026-03-19T23:15:45","date_gmt":"2026-03-19T23:15:45","guid":{"rendered":"https:\/\/soydeaqui.ddns.net\/pachuca\/index.php\/producto\/sistema-de-pa-micro-line-array-complemento-estereo-para-stgp1kmkii-set\/"},"modified":"2026-03-19T23:15:54","modified_gmt":"2026-03-19T23:15:54","slug":"sistema-de-pa-micro-line-array-complemento-estereo-para-stgp1kmkii-set","status":"publish","type":"product","link":"https:\/\/soydeaqui.ddns.net\/pachuca\/index.php\/producto\/sistema-de-pa-micro-line-array-complemento-estereo-para-stgp1kmkii-set\/","title":{"rendered":"SISTEMA DE PA MICRO LINE ARRAY, COMPLEMENTO ESTEREO PARA STGP1KMKII-SET"},"content":{"rendered":"<div style='width: 100%; max-width: 1200px; margin: 0 auto; font-family: sans-serif; line-height: 1.6; color: inherit; background-color: transparent;'> <!-- Imagen banner --> <\/p>\n<div style='width: 100%; margin-bottom: 30px;'> <img style='width: 100%; height: auto; border: 1px solid rgba(150&comma;150&comma;150&comma;0.3); border-radius: 8px;' src='https:\/\/mx.yamaha.com\/es\/files\/dxl1k-banner_428c435c5c57a705e5bf1f5c4e949239.jpg?impolicy=resize&#038;imwid=1200&#038;imhei=480' alt='Banner Yamaha DXL1K'> <\/div>\n<p> <!-- T\u00edtulo principal --> <\/p>\n<div style='text-align: center; margin: 30px 0;'>\n<h2 style='font-size: 24px; color: inherit; opacity: 0.8; margin: 0; padding: 0;'> Incre\u00edblemente simple. Impresionantemente profesional. <\/h2>\n<\/p><\/div>\n<p> <!-- Secci\u00f3n 1 - Imagen y texto --> <\/p>\n<div style='display: flex; flex-wrap: wrap; gap: 30px; margin: 30px 0;'>\n<div style='flex: 1 1 300px; min-width: 280px;'> <img style='width: 100%; height: auto; border: 1px solid rgba(150&comma;150&comma;150&comma;0.3); border-radius: 8px;' src='https:\/\/mx.yamaha.com\/es\/files\/dxl1k-feature-01-line_array_0f342cc5f52551b7138f7dbbcfac3759.jpg' alt='Sistema de altavoces de matriz de l\u00ednea'> <\/div>\n<div style='flex: 1 1 300px; min-width: 280px;'>\n<h3 style='font-size: 18px; border-bottom: 2px solid currentColor; padding-bottom: 5px; margin-top: 0; color: inherit; opacity: 0.8;'>Compacto pero poderoso<\/h3>\n<p style='font-size: 15px; color: inherit;'> A pesar de su construcci\u00f3n de gabinete liviano y compacto&comma; el DXL1K cuenta con un amplificador de alto rendimiento de 1100 W que alimenta un sistema de altavoces de matriz de alta frecuencia con controladores de 10 x 1&comma;5 pulgadas y un subwoofer grande de 12 pulgadas&comma; que produce los mejores niveles de presi\u00f3n de sonido en su clase de hasta 125 dB SPL. <\/p>\n<\/p><\/div>\n<\/p><\/div>\n<p> <!-- Secci\u00f3n 2 - Texto e imagen --> <\/p>\n<div style='display: flex; flex-wrap: wrap; gap: 30px; margin: 30px 0;'>\n<div style='flex: 1 1 300px; min-width: 280px;'>\n<h3 style='font-size: 18px; border-bottom: 2px solid currentColor; padding-bottom: 5px; margin-top: 0; color: inherit; opacity: 0.8;'>Subwoofer \u00abcompacto\u00bb de 12 pulgadas l\u00edder en su clase<\/h3>\n<p style='font-size: 15px; color: inherit;'> El subwoofer cuenta con una unidad de altavoz de 12 pulgadas que no es &#8216;compacta&#8217; y&comma; de hecho&comma; es la m\u00e1s grande de su clase. A pesar de albergar una unidad de altavoz de 12 pulgadas que es la m\u00e1s grande de su clase&comma; el DXL1K cuenta con el gabinete m\u00e1s peque\u00f1o del mercado para un subwoofer de este tama\u00f1o y potencia. <\/p>\n<p style='font-size: 15px; color: inherit;'> Al incorporar la tecnolog\u00eda Twisted Flare Port\u2122 de Yamaha para reducir el ruido del viento del puerto que puede ocurrir con los subwoofers bass-reflex compactos&comma; la salida de graves se maximiza&comma; produciendo graves muy profundos&comma; potentes y sin distorsiones. <\/p>\n<\/p><\/div>\n<div style='flex: 1 1 300px; min-width: 280px;'> <img style='width: 100%; height: auto; border: 1px solid rgba(150&comma;150&comma;150&comma;0.3); border-radius: 8px;' src='https:\/\/mx.yamaha.com\/es\/files\/dxl1k-feature-02-subwoofer_7a8349fcc1fc433e907b0e89cc0877e3.jpg' alt='Subwoofer de 12 pulgadas'> <\/div>\n<\/p><\/div>\n<p> <!-- Secci\u00f3n 3 - Imagen y texto --> <\/p>\n<div style='display: flex; flex-wrap: wrap; gap: 30px; margin: 30px 0;'>\n<div style='flex: 1 1 300px; min-width: 280px;'> <img style='width: 100%; height: auto; border: 1px solid rgba(150&comma;150&comma;150&comma;0.3); border-radius: 8px;' src='https:\/\/mx.yamaha.com\/es\/files\/dxl1k-feature-06-system_759773e41ddb8340f7ec17780a3b387b.jpg?impolicy=resize&#038;imwid=500&#038;imhei=450' alt='Sistema de configuraci\u00f3n sencilla'> <\/div>\n<div style='flex: 1 1 300px; min-width: 280px;'>\n<h3 style='font-size: 18px; border-bottom: 2px solid currentColor; padding-bottom: 5px; margin-top: 0; color: inherit; opacity: 0.8;'>Configuraci\u00f3n Sencilla<\/h3>\n<p style='font-size: 15px; color: inherit;'> Simplemente coloque los 2 espaciadores y la unidad de altavoz en el subwoofer y la configuraci\u00f3n se realiza esencialmente&comma; sin cables&comma; soporte de altavoz o equipo adicional requerido m\u00e1s que la unidad principal. Todo lo que necesita est\u00e1 en el paquete. <\/p>\n<p style='font-size: 15px; color: inherit;'> La vinculaci\u00f3n de un DXL1K y STAGEPAS 1K mkII proporciona una mayor \u00e1rea de cobertura y una mayor potencia de salida para actuaciones a gran escala. Se admiten tanto la reproducci\u00f3n en est\u00e9reo como en mono&comma; y cuando STAGEPAS 1K mkII se establece en mono&comma; las entradas de DXL1K y STAGEPAS 1K mkII a\u00fan se pueden usar (hasta cinco entradas mono m\u00e1s una entrada est\u00e9reo). <\/p>\n<p style='font-size: 15px; color: inherit; font-style: italic;'> Ideales para instalaciones de Small bands&comma; Mobile DJ&comma; Corporate AV <\/p>\n<\/p><\/div>\n<\/p><\/div>\n<p> <!-- Imagen GIF --> <\/p>\n<div style='width: 100%; margin: 30px 0;'> <img style='width: 100%; height: auto; border: 1px solid rgba(150&comma;150&comma;150&comma;0.3); border-radius: 8px;' src='https:\/\/imgflip.com\/embed\/7sw4pn' alt='Demostraci\u00f3n del sistema'> <\/div>\n<p> <!-- Secci\u00f3n de especificaciones --> <\/p>\n<div style='display: flex; flex-wrap: wrap; gap: 20px; margin: 30px 0;'>\n<div style='flex: 1 1 250px; border: 1px solid rgba(150&comma; 150&comma; 150&comma; 0.4); border-radius: 8px; overflow: hidden; display: flex; flex-direction: column;'>\n<div style='padding: 15px; border-bottom: 1px solid rgba(150&comma; 150&comma; 150&comma; 0.2); font-weight: bold; font-size: 18px; color: inherit;'>Caracter\u00edsticas principales<\/div>\n<div style='padding: 15px; color: inherit;'>\n<ul style='padding-left: 20px; margin: 0; font-size: 14px; list-style-type: disc;'>\n<li style='margin-bottom: 5px;'>Salida de potencia de 1000W (HF: 190W + LF: 810W)<\/li>\n<li style='margin-bottom: 5px;'>El subwoofer de 12&#8242; m\u00e1s grande de su clase para reproducir frecuencias bajas<\/li>\n<li style='margin-bottom: 5px;'>Altavoz de matriz de l\u00ednea delgada de 1.5&#8242; x 10 para frecuencias altas<\/li>\n<li style='margin-bottom: 5px;'>Consola digital (3 mono mic\/l\u00ednea + 1 l\u00ednea est\u00e9reo)<\/li>\n<li style='margin-bottom: 5px;'>&#8216;Modo&#8217; compresor multibanda para salida master<\/li>\n<li style='margin-bottom: 5px;'>Ecualizador de 1 bot\u00f3n por canal<\/li>\n<\/ul><\/div>\n<\/p><\/div>\n<div style='flex: 1 1 250px; border: 1px solid rgba(150&comma; 150&comma; 150&comma; 0.4); border-radius: 8px; overflow: hidden; display: flex; flex-direction: column;'>\n<div style='padding: 15px; border-bottom: 1px solid rgba(150&comma; 150&comma; 150&comma; 0.2); font-weight: bold; font-size: 18px; color: inherit;'>Caracter\u00edsticas adicionales<\/div>\n<div style='padding: 15px; color: inherit;'>\n<ul style='padding-left: 20px; margin: 0; font-size: 14px; list-style-type: disc;'>\n<li style='margin-bottom: 5px;'>Reverb digital SPX de alta resoluci\u00f3n (4 tipos&comma; control de par\u00e1metros)<\/li>\n<li style='margin-bottom: 5px;'>2 entradas Hi-Z (alta impedancia)<\/li>\n<li style='margin-bottom: 5px;'>Link out y monitor out<\/li>\n<li style='margin-bottom: 5px;'>Incluye funda especial<\/li>\n<li style='margin-bottom: 5px;'>Pedal Interruptor de reverb opcional<\/li>\n<li style='margin-bottom: 5px;'>Incluye Dolly para f\u00e1cil transportaci\u00f3n<\/li>\n<\/ul><\/div>\n<\/p><\/div>\n<\/p><\/div>\n<p> <!-- Descripci\u00f3n t\u00e9cnica adicional --> <\/p>\n<div style='margin: 30px 0; padding: 20px; border-left: 3px solid rgba(150&comma;150&comma;150&comma;0.4);'>\n<p style='font-size: 15px; color: inherit; margin: 0;'> Sistema PA port\u00e1til de 1000W con consola digital de 5 canales&comma; subwoofer de 12&#8217;&comma; altavoz de arreglo lineal de 1.5&#8242; x 10&comma; entrada Bluetooth&comma; reverb digital SPX y ecualizador de 1 bot\u00f3n y compresor multibanda para la salida master. <\/p>\n<\/p><\/div>\n<p> <!-- T\u00edtulo de videos --> <\/p>\n<div style='margin: 30px 0 15px;'>\n<h3 style='font-size: 18px; border-bottom: 2px solid currentColor; padding-bottom: 5px; margin-top: 0; color: inherit; opacity: 0.8;'>VIDEOS<\/h3>\n<\/p><\/div>\n<p> <!-- Videos --> <\/p>\n<div style='display: flex; flex-wrap: wrap; gap: 20px; margin-bottom: 30px;'> <!-- Video 1 --> <\/p>\n<div style='flex: 1 1 300px; min-width: 280px;'>\n<div style='position: relative; padding-bottom: 56.25%; height: 0; overflow: hidden;'>   <\/div>\n<\/p><\/div>\n<p> <!-- Video 2 --> <\/p>\n<div style='flex: 1 1 300px; min-width: 280px;'>\n<div style='position: relative; padding-bottom: 56.25%; height: 0; overflow: hidden;'>   <\/div>\n<\/p><\/div>\n<p> <!-- Video 3 --> <\/p>\n<div style='flex: 1 1 300px; min-width: 280px;'>\n<div style='position: relative; padding-bottom: 56.25%; height: 0; overflow: hidden;'>   <\/div>\n<\/p><\/div>\n<\/p><\/div>\n<p> <!-- Separador final --> <\/p>\n<hr style='border: 0; border-top: 1px solid rgba(150&comma; 150&comma; 150&comma; 0.3); margin: 30px 0;'> <\/div>\n","protected":false},"excerpt":{"rendered":"<p>SISTEMA DE PA MICRO LINE ARRAY, COMPLEMENTO ESTEREO PARA STGP1KMKII-SET<\/p>\n","protected":false},"featured_media":87637,"comment_status":"open","ping_status":"closed","template":"","meta":[],"product_brand":[],"product_cat":[2134],"product_tag":[2126,2135,2128],"class_list":{"0":"post-87638","1":"product","2":"type-product","3":"status-publish","4":"has-post-thumbnail","6":"product_cat-bocinas-activas","7":"product_tag-audio-profesional","8":"product_tag-bocinas-activas","9":"product_tag-yamaha","11":"first","12":"outofstock","13":"sale","14":"shipping-taxable","15":"purchasable","16":"product-type-simple"},"_links":{"self":[{"href":"https:\/\/soydeaqui.ddns.net\/pachuca\/index.php\/wp-json\/wp\/v2\/product\/87638","targetHints":{"allow":["GET"]}}],"collection":[{"href":"https:\/\/soydeaqui.ddns.net\/pachuca\/index.php\/wp-json\/wp\/v2\/product"}],"about":[{"href":"https:\/\/soydeaqui.ddns.net\/pachuca\/index.php\/wp-json\/wp\/v2\/types\/product"}],"replies":[{"embeddable":true,"href":"https:\/\/soydeaqui.ddns.net\/pachuca\/index.php\/wp-json\/wp\/v2\/comments?post=87638"}],"wp:featuredmedia":[{"embeddable":true,"href":"https:\/\/soydeaqui.ddns.net\/pachuca\/index.php\/wp-json\/wp\/v2\/media\/87637"}],"wp:attachment":[{"href":"https:\/\/soydeaqui.ddns.net\/pachuca\/index.php\/wp-json\/wp\/v2\/media?parent=87638"}],"wp:term":[{"taxonomy":"product_brand","embeddable":true,"href":"https:\/\/soydeaqui.ddns.net\/pachuca\/index.php\/wp-json\/wp\/v2\/product_brand?post=87638"},{"taxonomy":"product_cat","embeddable":true,"href":"https:\/\/soydeaqui.ddns.net\/pachuca\/index.php\/wp-json\/wp\/v2\/product_cat?post=87638"},{"taxonomy":"product_tag","embeddable":true,"href":"https:\/\/soydeaqui.ddns.net\/pachuca\/index.php\/wp-json\/wp\/v2\/product_tag?post=87638"}],"curies":[{"name":"wp","href":"https:\/\/api.w.org\/{rel}","templated":true}]}}