{"id":87624,"date":"2026-03-19T23:15:11","date_gmt":"2026-03-19T23:15:11","guid":{"rendered":"https:\/\/soydeaqui.ddns.net\/pachuca\/index.php\/producto\/cable-usb-c-a-lightning-mfi-certificado-1-metro-3-28-pies-ideal-para-iphone-ipad-y-ipod-carga-rpida-3-amp-carga-y-sincronizacin-de-datos-480-mbps-60-watts\/"},"modified":"2026-03-19T23:15:16","modified_gmt":"2026-03-19T23:15:16","slug":"cable-usb-c-a-lightning-mfi-certificado-1-metro-3-28-pies-ideal-para-iphone-ipad-y-ipod-carga-rpida-3-amp-carga-y-sincronizacin-de-datos-480-mbps-60-watts","status":"publish","type":"product","link":"https:\/\/soydeaqui.ddns.net\/pachuca\/index.php\/producto\/cable-usb-c-a-lightning-mfi-certificado-1-metro-3-28-pies-ideal-para-iphone-ipad-y-ipod-carga-rpida-3-amp-carga-y-sincronizacin-de-datos-480-mbps-60-watts\/","title":{"rendered":"Cable USB-C a Lightning \/ MFi Certificado \/ 1 Metro (3.28 Pies) \/ Ideal para iPhone, iPad y iPod \/ Carga R?pida 3 Amp \/ Carga y Sincronizaci?n de Datos \/ 480 Mbps \/ 60 Watts"},"content":{"rendered":"<div style='width: 100%; max-width: 1200px; margin: 0 auto; font-family: sans-serif; line-height: 1.6; color: inherit; background-color: transparent;'>\n<div style='width: 100%; text-align: center; margin-bottom: 20px;'> <img style='width: 50%; height: auto; border: 1px solid rgba(150&comma;150&comma;150&comma;0.3); border-radius: 8px;' src='https:\/\/ftp3.syscom.mx\/usuarios\/nortega\/hikstorage\/intelligent%20storage.png' alt=''> <\/div>\n<div style='display: flex; flex-wrap: wrap; gap: 30px; margin-bottom: 30px;'>\n<div style='flex: 1 1 300px; min-width: 280px;'>\n<h3 style='font-size: 22px; border-bottom: 2px solid currentColor; padding-bottom: 5px; margin-top: 0; color: inherit; opacity: 0.8;'>Caracter\u00edsticas principales<\/h3>\n<ul style='padding-left: 20px; font-size: 15px; color: inherit;'>\n<li style='margin-bottom: 5px;'><strong>Tipo:<\/strong> Cable USB C a Lightning de carga r\u00e1pida<\/li>\n<li style='margin-bottom: 5px;'><strong>Conector:<\/strong> Type-C a Lightning<\/li>\n<li style='margin-bottom: 5px;'><strong>Color:<\/strong> Blanco<\/li>\n<li style='margin-bottom: 5px;'><strong>Longitud:<\/strong> 1 metro<\/li>\n<li style='margin-bottom: 5px;'><strong>Corriente Max:<\/strong> 3 Amp<\/li>\n<li style='margin-bottom: 5px;'><strong>Watts Max:<\/strong> 60 Watts<\/li>\n<li style='margin-bottom: 5px;'><strong>Velocidad de transferencia:<\/strong> 480 Mbps<\/li>\n<li style='margin-bottom: 5px;'><strong>Material:<\/strong> TPE&comma; ABS<\/li>\n<\/ul><\/div>\n<div style='flex: 1 1 300px; min-width: 280px;'>\n<h3 style='font-size: 22px; border-bottom: 2px solid currentColor; padding-bottom: 5px; margin-top: 0; color: inherit; opacity: 0.8;'>Detalles t\u00e9cnicos<\/h3>\n<p style='font-size: 15px; color: inherit; margin-top: 0;'> Soporta una carga r\u00e1pida con una salida de potencia m\u00e1xima de 20V\/3A. Adem\u00e1s de soportar la carga r\u00e1pida&comma; este cable USB tipo c a lightning tambi\u00e9n soporta la transferencia de datos entre sus dispositivos Apple y USB-C port\u00e1til o de sobremesa. La velocidad de transferencia de datos es de hasta 480 Mbps. <\/p>\n<\/p><\/div>\n<\/p><\/div>\n<div style='width: 100%; text-align: center; margin: 30px 0;'> <img style='width: 100%; height: auto; border: 1px solid rgba(150&comma;150&comma;150&comma;0.3); border-radius: 8px; max-width: 600px;' src='http:\/\/ftp3.syscom.mx\/usuarios\/nortega\/hikvision\/banners\/consumo.png' alt=''> <\/div>\n<\/p><\/div>\n","protected":false},"excerpt":{"rendered":"<p>Cable USB-C a Lightning \/ MFi Certificado \/ 1 Metro (3.28 Pies) \/ Ideal para iPhone, iPad y iPod \/ Carga R?pida 3 Amp \/ Carga y Sincronizaci?n de Datos \/ 480 Mbps \/ 60 Watts<\/p>\n","protected":false},"featured_media":87623,"comment_status":"open","ping_status":"closed","template":"","meta":[],"product_brand":[],"product_cat":[2171],"product_tag":[2173,2172,54],"class_list":{"0":"post-87624","1":"product","2":"type-product","3":"status-publish","4":"has-post-thumbnail","6":"product_cat-cables-usb-y-cargadores","7":"product_tag-cables-usb-y-cargadores","8":"product_tag-conectividad-y-cables","9":"product_tag-hikvision","11":"first","12":"outofstock","13":"sale","14":"shipping-taxable","15":"purchasable","16":"product-type-simple"},"_links":{"self":[{"href":"https:\/\/soydeaqui.ddns.net\/pachuca\/index.php\/wp-json\/wp\/v2\/product\/87624","targetHints":{"allow":["GET"]}}],"collection":[{"href":"https:\/\/soydeaqui.ddns.net\/pachuca\/index.php\/wp-json\/wp\/v2\/product"}],"about":[{"href":"https:\/\/soydeaqui.ddns.net\/pachuca\/index.php\/wp-json\/wp\/v2\/types\/product"}],"replies":[{"embeddable":true,"href":"https:\/\/soydeaqui.ddns.net\/pachuca\/index.php\/wp-json\/wp\/v2\/comments?post=87624"}],"wp:featuredmedia":[{"embeddable":true,"href":"https:\/\/soydeaqui.ddns.net\/pachuca\/index.php\/wp-json\/wp\/v2\/media\/87623"}],"wp:attachment":[{"href":"https:\/\/soydeaqui.ddns.net\/pachuca\/index.php\/wp-json\/wp\/v2\/media?parent=87624"}],"wp:term":[{"taxonomy":"product_brand","embeddable":true,"href":"https:\/\/soydeaqui.ddns.net\/pachuca\/index.php\/wp-json\/wp\/v2\/product_brand?post=87624"},{"taxonomy":"product_cat","embeddable":true,"href":"https:\/\/soydeaqui.ddns.net\/pachuca\/index.php\/wp-json\/wp\/v2\/product_cat?post=87624"},{"taxonomy":"product_tag","embeddable":true,"href":"https:\/\/soydeaqui.ddns.net\/pachuca\/index.php\/wp-json\/wp\/v2\/product_tag?post=87624"}],"curies":[{"name":"wp","href":"https:\/\/api.w.org\/{rel}","templated":true}]}}