{"id":87612,"date":"2026-03-19T23:14:34","date_gmt":"2026-03-19T23:14:34","guid":{"rendered":"https:\/\/soydeaqui.ddns.net\/pachuca\/index.php\/producto\/subwoofer-de-montaje-en-superficie-i-acoustimass-serie-i-5-25in-6-ohms-70-100v-blanco\/"},"modified":"2026-03-19T23:14:35","modified_gmt":"2026-03-19T23:14:35","slug":"subwoofer-de-montaje-en-superficie-i-acoustimass-serie-i-5-25in-6-ohms-70-100v-blanco","status":"publish","type":"product","link":"https:\/\/soydeaqui.ddns.net\/pachuca\/index.php\/producto\/subwoofer-de-montaje-en-superficie-i-acoustimass-serie-i-5-25in-6-ohms-70-100v-blanco\/","title":{"rendered":"Subwoofer de Montaje en Superficie I Acoustimass Serie I |  5.25in | 6 Ohms | 70\/100V | Blanco"},"content":{"rendered":"<div style='width: 100%; max-width: 1200px; margin: 0 auto; font-family: sans-serif; line-height: 1.6; color: inherit;'> <!-- Imagen principal --> <\/p>\n<div style='margin-bottom: 30px;'> <img style='width: 100%; height: auto; border: 1px solid rgba(150&comma;150&comma;150&comma;0.3); border-radius: 8px;' src='https:\/\/ftp3.syscom.mx\/usuarios\/luis.vargas\/Bose\/freespace.JPG' alt='Subwoofer FreeSpace 3'> <\/div>\n<p> <!-- Secci\u00f3n de t\u00edtulo --> <\/p>\n<div style='text-align: center; margin-bottom: 30px;'>\n<h1 style='font-size: 28px; margin: 0 0 10px; color: inherit; opacity: 0.9;'>Subwoofer de Superficie<\/h1>\n<h2 style='font-size: 24px; margin: 0 0 10px; color: inherit; font-weight: bold;'>FreeSpace 3 Acoustimass Serie I Blanco<\/h2>\n<\/p><\/div>\n<p> <!-- Secci\u00f3n principal con flex --> <\/p>\n<div style='display: flex; flex-wrap: wrap; gap: 30px; margin-bottom: 30px;'>\n<div style='flex: 1 1 300px; min-width: 280px;'>\n<h3 style='font-size: 20px; border-bottom: 2px solid currentColor; padding-bottom: 5px; margin-top: 0; color: inherit; opacity: 0.8;'>Descripci\u00f3n<\/h3>\n<p style='font-size: 15px; color: inherit;'>Altavoz de baja frecuencia que cuenta con un woofer de 133 mm (5.25&#8242;) que ofrece graves profundos no localizados de hasta 40 Hz sin distorsi\u00f3n audible. Para aplicaciones de montaje en superficie.<\/p>\n<p style='font-size: 15px; color: inherit;'><strong>Aplicaciones:<\/strong><\/p>\n<ul style='padding-left: 20px; font-size: 15px; color: inherit;'>\n<li style='margin-bottom: 5px;'>Tiendas Minoristas<\/li>\n<li style='margin-bottom: 5px;'>Restaurantes y Bares<\/li>\n<li style='margin-bottom: 5px;'>Vest\u00edbulos y Salas de Conferencia<\/li>\n<\/ul><\/div>\n<div style='flex: 1 1 300px; min-width: 280px;'> <img style='width: 100%; height: auto; border: 1px solid rgba(150&comma;150&comma;150&comma;0.3); border-radius: 8px;' src='https:\/\/ftp3.syscom.mx\/usuarios\/luis.vargas\/Bose\/BoseBlack.png' alt='Bose Logo'> <\/div>\n<\/p><\/div>\n<p> <!-- Secci\u00f3n de caracter\u00edsticas --> <\/p>\n<div style='display: flex; flex-wrap: wrap; gap: 30px; margin-bottom: 30px;'>\n<div style='flex: 1 1 300px; min-width: 280px;'>\n<h3 style='font-size: 20px; border-bottom: 2px solid currentColor; padding-bottom: 5px; margin-top: 0; color: inherit; opacity: 0.8;'>Caracter\u00edsticas t\u00e9cnicas<\/h3>\n<ul style='padding-left: 20px; font-size: 15px; color: inherit;'>\n<li style='margin-bottom: 5px;'><strong>Tipo:<\/strong> Subwoofer de bobina dual de 5.25&#8242; (133mm)<\/li>\n<li style='margin-bottom: 5px;'><strong>Impedancia:<\/strong> 5 Ohm | 70v\/100v<\/li>\n<li style='margin-bottom: 5px;'><strong>Taps de potencia:<\/strong> 25&comma; 50&comma; 100 y 200W<\/li>\n<li style='margin-bottom: 5px;'><strong>Respuesta de frecuencia:<\/strong> 50Hz &#8211; 230Hz<\/li>\n<li style='margin-bottom: 5px;'><strong>Color:<\/strong> Blanco<\/li>\n<li style='margin-bottom: 5px;'><strong>Sensibilidad:<\/strong> 79 dB SPL<\/li>\n<li style='margin-bottom: 5px;'><strong>Potencia en baja impedancia:<\/strong> 50W modo est\u00e9reo \/ 100W mono<\/li>\n<\/ul><\/div>\n<div style='flex: 1 1 300px; min-width: 280px;'>\n<h3 style='font-size: 20px; border-bottom: 2px solid currentColor; padding-bottom: 5px; margin-top: 0; color: inherit; opacity: 0.8;'>Especificaciones adicionales<\/h3>\n<ul style='padding-left: 20px; font-size: 15px; color: inherit;'>\n<li style='margin-bottom: 5px;'><strong>\u00c1ngulo de cobertura:<\/strong> Omnidireccional debajo de 200Hz<\/li>\n<li style='margin-bottom: 5px;'><strong>Material:<\/strong> PC\/ABS<\/li>\n<li style='margin-bottom: 5px;'><strong>Montaje:<\/strong> Bracket para montaje en pared incluido<\/li>\n<li style='margin-bottom: 5px;'><strong>Uso:<\/strong> Interior<\/li>\n<li style='margin-bottom: 5px;'><strong>Dimensiones:<\/strong> 356mm x 191mm x 345mm<\/li>\n<li style='margin-bottom: 5px;'><strong>Peso neto:<\/strong> 7.9 Kg<\/li>\n<\/ul><\/div>\n<\/p><\/div>\n<p> <!-- Imagen secundaria --> <\/p>\n<div style='margin-bottom: 30px;'> <img style='width: 100%; height: auto; border: 1px solid rgba(150&comma;150&comma;150&comma;0.3); border-radius: 8px;' src='https:\/\/ftp3.syscom.mx\/usuarios\/cesar.garcia\/Bose\/Altavoces\/Freespace\/FS3S1A\/FS3S1AW%201.jpeg' alt='Subwoofer FreeSpace 3 Instalado'> <\/div>\n<p> <!-- Secci\u00f3n de integraci\u00f3n --> <\/p>\n<div style='margin-bottom: 30px;'>\n<h3 style='font-size: 20px; border-bottom: 2px solid currentColor; padding-bottom: 5px; margin-top: 0; color: inherit; opacity: 0.8;'>Integraci\u00f3n<\/h3>\n<p style='font-size: 15px; color: inherit;'>Dise\u00f1ado para funcionar con los altavoces satelitales de montaje en superficie y en techo FreeSpace 3&comma; o con sistemas existentes en los que se desea un refuerzo de graves adicional. El dise\u00f1o del m\u00f3dulo permite la conexi\u00f3n en paralelo de varios m\u00f3dulos de graves y admite 2 o 4 sat\u00e9lites FreeSpace 3 por m\u00f3dulo de graves.<\/p>\n<\/p><\/div>\n<p> <!-- Separador final --> <\/p>\n<hr style='border: 0; border-top: 1px solid rgba(150&comma; 150&comma; 150&comma; 0.3); margin: 30px 0;'> <\/div>\n","protected":false},"excerpt":{"rendered":"<p>Subwoofer de Montaje en Superficie I Acoustimass Serie I |  5.25in | 6 Ohms | 70\/100V | Blanco<\/p>\n","protected":false},"featured_media":87611,"comment_status":"open","ping_status":"closed","template":"","meta":[],"product_brand":[],"product_cat":[2202],"product_tag":[52,2203,2177],"class_list":{"0":"post-87612","1":"product","2":"type-product","3":"status-publish","4":"has-post-thumbnail","6":"product_cat-bocinas-pared","7":"product_tag-audio-residencial-comercial","8":"product_tag-bocinas-pared","9":"product_tag-bose-professional","11":"first","12":"outofstock","13":"sale","14":"shipping-taxable","15":"purchasable","16":"product-type-simple"},"_links":{"self":[{"href":"https:\/\/soydeaqui.ddns.net\/pachuca\/index.php\/wp-json\/wp\/v2\/product\/87612","targetHints":{"allow":["GET"]}}],"collection":[{"href":"https:\/\/soydeaqui.ddns.net\/pachuca\/index.php\/wp-json\/wp\/v2\/product"}],"about":[{"href":"https:\/\/soydeaqui.ddns.net\/pachuca\/index.php\/wp-json\/wp\/v2\/types\/product"}],"replies":[{"embeddable":true,"href":"https:\/\/soydeaqui.ddns.net\/pachuca\/index.php\/wp-json\/wp\/v2\/comments?post=87612"}],"wp:featuredmedia":[{"embeddable":true,"href":"https:\/\/soydeaqui.ddns.net\/pachuca\/index.php\/wp-json\/wp\/v2\/media\/87611"}],"wp:attachment":[{"href":"https:\/\/soydeaqui.ddns.net\/pachuca\/index.php\/wp-json\/wp\/v2\/media?parent=87612"}],"wp:term":[{"taxonomy":"product_brand","embeddable":true,"href":"https:\/\/soydeaqui.ddns.net\/pachuca\/index.php\/wp-json\/wp\/v2\/product_brand?post=87612"},{"taxonomy":"product_cat","embeddable":true,"href":"https:\/\/soydeaqui.ddns.net\/pachuca\/index.php\/wp-json\/wp\/v2\/product_cat?post=87612"},{"taxonomy":"product_tag","embeddable":true,"href":"https:\/\/soydeaqui.ddns.net\/pachuca\/index.php\/wp-json\/wp\/v2\/product_tag?post=87612"}],"curies":[{"name":"wp","href":"https:\/\/api.w.org\/{rel}","templated":true}]}}