{"id":87589,"date":"2026-03-19T23:13:32","date_gmt":"2026-03-19T23:13:32","guid":{"rendered":"https:\/\/soydeaqui.ddns.net\/pachuca\/index.php\/producto\/punto-de-acceso-wifi6-para-exterior-omni-direccional-360-ip68-hasta-2975mbps-doble-banda-802-11ax-mu-mimo-2x2\/"},"modified":"2026-03-19T23:13:46","modified_gmt":"2026-03-19T23:13:46","slug":"punto-de-acceso-wifi6-para-exterior-omni-direccional-360-ip68-hasta-2975mbps-doble-banda-802-11ax-mu-mimo-2x2","status":"publish","type":"product","link":"https:\/\/soydeaqui.ddns.net\/pachuca\/index.php\/producto\/punto-de-acceso-wifi6-para-exterior-omni-direccional-360-ip68-hasta-2975mbps-doble-banda-802-11ax-mu-mimo-2x2\/","title":{"rendered":"Punto de acceso WiFi6 para exterior Omni-Direccional 360\u00b0 IP68 hasta 2975Mbps doble banda 802.11AX MU-MIMO 2&#215;2"},"content":{"rendered":"<div style='width: 100%; max-width: 1200px; margin: 0 auto; font-family: sans-serif; line-height: 1.6; color: inherit; background-color: transparent;'> <!-- Imagen principal --> <\/p>\n<div style='width: 100%; margin-bottom: 30px;'> <img style='width: 100%; height: auto; border: 1px solid rgba(150&comma;150&comma;150&comma;0.3); border-radius: 8px;' src='http:\/\/ftp3.syscom.mx\/usuarios\/ftp\/2025\/06\/27\/3920\/1751060770025.png_froala_685f11229321e' alt='Punto de acceso Ruijie RG-AP680-L'> <\/div>\n<p> <!-- T\u00edtulo principal --> <\/p>\n<h2 style='font-size: 24px; margin-top: 0; margin-bottom: 20px; color: inherit; opacity: 0.9;'> Access Point Ruijie modelo: RG-AP680-L <\/h2>\n<p> <!-- Descripci\u00f3n general --> <\/p>\n<div style='margin-bottom: 30px; font-size: 15px; color: inherit;'>\n<p style='margin-bottom: 15px;'> El punto de acceso RG-AP680-L se administra sin costo en la robusta nube de Ruijie&comma; no requiere un controlador local para ser administrado. Desde la nube&comma; puede descargar reportes de consumo por usuario&comma; aplicaci\u00f3n o equipo de fechas determinadas&comma; sin contar que podr\u00e1 recibir alertas automatizadas de forma remota para mantener la red siempre operando. <\/p>\n<\/p><\/div>\n<p> <!-- Secci\u00f3n de caracter\u00edsticas con grid --> <\/p>\n<div style='display: grid; grid-template-columns: repeat(auto-fill&comma; minmax(280px&comma; 1fr)); gap: 30px; margin-bottom: 30px;'> <!-- Caracter\u00edsticas Generales --> <\/p>\n<div style='display: flex; flex-direction: column; gap: 15px;'> <img style='width: 100%; height: auto; border: 1px solid rgba(150&comma;150&comma;150&comma;0.3); border-radius: 16px;' src='http:\/\/ftp3.syscom.mx\/usuarios\/ftp\/2025\/06\/27\/3920\/1751060953932.jpeg_froala_685f11debc61a' alt='Caracter\u00edsticas Generales'> <\/p>\n<div style='border: 1px solid rgba(150&comma;150&comma;150&comma;0.3); border-radius: 8px; padding: 15px; flex: 1;'>\n<h3 style='font-size: 18px; border-bottom: 2px solid currentColor; padding-bottom: 5px; margin-top: 0; color: inherit; opacity: 0.8;'>Caracter\u00edsticas Generales<\/h3>\n<ul style='padding-left: 20px; font-size: 14px; color: inherit; list-style-type: disc;'>\n<li style='margin-bottom: 8px;'><strong>Est\u00e1ndar:<\/strong> 802.11ax (Wi-Fi 6). Soporta conexi\u00f3n de dispositivos de est\u00e1ndares anteriores<\/li>\n<li style='margin-bottom: 8px;'><strong>Bandas de operaci\u00f3n:<\/strong> 2.4 GHz (2&#215;2) \/ 5 GHz (2&#215;2)<\/li>\n<li style='margin-bottom: 8px;'><strong>Modos de operaci\u00f3n:<\/strong> Access Point (FIT\/FAT\/MACC)<\/li>\n<li style='margin-bottom: 8px;'><strong>Configuraci\u00f3n a trav\u00e9s de:<\/strong> Interfaz web (red local)&comma; aplicaci\u00f3n m\u00f3vil (remoto o en red local)&comma; plataforma cloud (remoto)<\/li>\n<li style='margin-bottom: 8px;'><strong>Puertos:<\/strong> 1 puerto WAN PoE In&comma; 1 puerto SFP Uplink<\/li>\n<li style='margin-bottom: 8px;'><strong>Garant\u00eda:<\/strong> 3 a\u00f1os<\/li>\n<\/ul><\/div>\n<\/p><\/div>\n<p> <!-- Caracter\u00edsticas RF --> <\/p>\n<div style='border: 1px solid rgba(150&comma;150&comma;150&comma;0.3); border-radius: 8px; padding: 15px;'>\n<h3 style='font-size: 18px; border-bottom: 2px solid currentColor; padding-bottom: 5px; margin-top: 0; color: inherit; opacity: 0.8;'>Caracter\u00edsticas RF<\/h3>\n<ul style='padding-left: 20px; font-size: 14px; color: inherit; list-style-type: disc;'>\n<li style='margin-bottom: 8px;'><strong>Ancho de banda:<\/strong> 2.4 GHz 574 Mbps; 5 GHz 2400 Mbps<\/li>\n<li style='margin-bottom: 8px;'><strong>Ganancia de las Antenas:<\/strong> 2.4 GHz 3.5 dBi; 5 GHz 5.5 dBi<\/li>\n<li style='margin-bottom: 8px;'><strong>Potencia de transmisi\u00f3n:<\/strong> 2.4 GHz 28 dBm (630.9 mW); 5 GHz 28 dBm (630.9 mW)<\/li>\n<\/ul><\/div>\n<p> <!-- Caracter\u00edsticas F\u00edsicas y El\u00e9ctricas --> <\/p>\n<div style='border: 1px solid rgba(150&comma;150&comma;150&comma;0.3); border-radius: 8px; padding: 15px;'>\n<h3 style='font-size: 18px; border-bottom: 2px solid currentColor; padding-bottom: 5px; margin-top: 0; color: inherit; opacity: 0.8;'>Caracter\u00edsticas F\u00edsicas y El\u00e9ctricas<\/h3>\n<ul style='padding-left: 20px; font-size: 14px; color: inherit; list-style-type: disc;'>\n<li style='margin-bottom: 8px;'><strong>Alimentaci\u00f3n:<\/strong> PoE 802.3AT o DC 48V \/ 0.35A&comma; consumo Max 12.95 Watts<\/li>\n<li style='margin-bottom: 8px;'><strong>Dimensiones:<\/strong> 251 mm x 168 mm x 64 mm<\/li>\n<li style='margin-bottom: 8px;'><strong>Peso:<\/strong> 1 kg<\/li>\n<li style='margin-bottom: 8px;'><strong>Temperatura en Operaci\u00f3n:<\/strong> -40\u00b0C a 65\u00b0C<\/li>\n<li style='margin-bottom: 8px;'><strong>Grado de protecci\u00f3n:<\/strong> IP68<\/li>\n<\/ul><\/div>\n<p> <!-- Contenido del Paquete --> <\/p>\n<div style='border: 1px solid rgba(150&comma;150&comma;150&comma;0.3); border-radius: 8px; padding: 15px;'>\n<h3 style='font-size: 18px; border-bottom: 2px solid currentColor; padding-bottom: 5px; margin-top: 0; color: inherit; opacity: 0.8;'>Contenido del Paquete<\/h3>\n<ul style='padding-left: 20px; font-size: 14px; color: inherit; list-style-type: disc;'>\n<li style='margin-bottom: 8px;'>1 x Access Point RG-AP680-L<\/li>\n<li style='margin-bottom: 8px;'>1 x Montaje Instalaci\u00f3n M\u00e1stil o Pared<\/li>\n<li style='margin-bottom: 8px;'>Gu\u00eda r\u00e1pida de instalaci\u00f3n<\/li>\n<\/ul><\/div>\n<p> <!-- Documentaci\u00f3n y Firmware --> <\/p>\n<div style='border: 1px solid rgba(150&comma;150&comma;150&comma;0.3); border-radius: 8px; padding: 15px;'>\n<h3 style='font-size: 18px; border-bottom: 2px solid currentColor; padding-bottom: 5px; margin-top: 0; color: inherit; opacity: 0.8;'>Documentaci\u00f3n y Firmware<\/h3>\n<ul style='padding-left: 20px; font-size: 14px; color: inherit; list-style-type: disc;'>\n<li style='margin-bottom: 8px;'>Hoja de Especificaciones<\/li>\n<li style='margin-bottom: 8px;'>Especificaciones de Hardware<\/li>\n<li style='margin-bottom: 8px;'>Firmware<\/li>\n<\/ul><\/div>\n<p> <!-- Accesorios Sugeridos --> <\/p>\n<div style='border: 1px solid rgba(150&comma;150&comma;150&comma;0.3); border-radius: 8px; padding: 15px;'>\n<h3 style='font-size: 18px; border-bottom: 2px solid currentColor; padding-bottom: 5px; margin-top: 0; color: inherit; opacity: 0.8;'>Accesorios Sugeridos<\/h3>\n<ul style='padding-left: 20px; font-size: 14px; color: inherit; list-style-type: disc;'>\n<li style='margin-bottom: 8px;'>Inyector PoE est\u00e1ndar modelo <a href='https:\/\/www.syscom.mx\/producto\/RG-E-130(GE)-RUIJIE-205955.html' target='_blank' rel='noopener noreferrer' style='color: inherit; text-decoration: underline;'>RG-E-130(GE)<\/a><\/li>\n<li style='margin-bottom: 8px;'>Fuente de alimentaci\u00f3n DC modelo: <a href='https:\/\/syscom.pro\/products\/201317' target='_blank' rel='noopener noreferrer' style='color: inherit; text-decoration: underline;'>PL-DC48-30<\/a><\/li>\n<\/ul><\/div>\n<p> <!-- Enlaces \u00datiles --> <\/p>\n<div style='border: 1px solid rgba(150&comma;150&comma;150&comma;0.3); border-radius: 8px; padding: 15px;'>\n<h3 style='font-size: 18px; border-bottom: 2px solid currentColor; padding-bottom: 5px; margin-top: 0; color: inherit; opacity: 0.8;'>Enlaces \u00datiles<\/h3>\n<ul style='padding-left: 20px; font-size: 14px; color: inherit; list-style-type: disc;'>\n<li style='margin-bottom: 8px;'><a href='https:\/\/cloud-la.ruijienetworks.com\/' target='_blank' rel='noopener noreferrer' style='color: inherit; text-decoration: underline;'>Ruijie Cloud<\/a><\/li>\n<li style='margin-bottom: 8px;'><strong>Ruijie APP:<\/strong> <a href='https:\/\/play.google.com\/store\/apps\/details?id=cn.com.ruijie.cloudapp&#038;hl=es_MX&#038;pli=1' target='_blank' rel='noopener noreferrer' style='color: inherit; text-decoration: underline;'>Android<\/a> \/ <a href='https:\/\/apps.apple.com\/us\/app\/ruijie-reyee\/id1423429270' target='_blank' rel='noopener noreferrer' style='color: inherit; text-decoration: underline;'>iOS<\/a><\/li>\n<li style='margin-bottom: 8px;'><a href='https:\/\/soporte.syscom.mx\/es\/collections\/3797236-ruijie-networks' target='_blank' rel='noopener noreferrer' style='color: inherit; text-decoration: underline;'>Manuales y Gu\u00edas R\u00e1pidas<\/a><\/li>\n<\/ul><\/div>\n<\/p><\/div>\n<p> <!-- Im\u00e1genes adicionales --> <\/p>\n<div style='display: flex; flex-direction: column; gap: 30px; margin-bottom: 30px;'> <img style='width: 100%; height: auto; border: 1px solid rgba(150&comma;150&comma;150&comma;0.3); border-radius: 16px;' src='http:\/\/ftp3.syscom.mx\/usuarios\/ftp\/2025\/06\/27\/3920\/1751061157327.jpeg_froala_685f12a603652' alt='Vista adicional 1'> <img style='width: 100%; height: auto; border: 1px solid rgba(150&comma;150&comma;150&comma;0.3); border-radius: 16px;' src='http:\/\/ftp3.syscom.mx\/usuarios\/ftp\/2025\/06\/27\/3920\/1751061206634.jpeg_froala_685f12d687ad2' alt='Vista adicional 2'> <\/div>\n<p> <!-- Separador final --> <\/p>\n<hr style='border: 0; border-top: 1px solid rgba(150&comma;150&comma;150&comma;0.3); margin: 30px 0;'> <\/div>\n","protected":false},"excerpt":{"rendered":"<p>Punto de acceso WiFi6 para exterior Omni-Direccional 360\u00b0 IP68 hasta 2975Mbps doble banda 802.11AX MU-MIMO 2&#215;2<\/p>\n","protected":false},"featured_media":87588,"comment_status":"open","ping_status":"closed","template":"","meta":[],"product_brand":[],"product_cat":[1794],"product_tag":[1795,1479,2123],"class_list":{"0":"post-87589","1":"product","2":"type-product","3":"status-publish","4":"has-post-thumbnail","6":"product_cat-puntos-de-acceso","7":"product_tag-puntos-de-acceso","8":"product_tag-redes-wifi","9":"product_tag-ruijie","11":"first","12":"instock","13":"sale","14":"shipping-taxable","15":"purchasable","16":"product-type-simple"},"_links":{"self":[{"href":"https:\/\/soydeaqui.ddns.net\/pachuca\/index.php\/wp-json\/wp\/v2\/product\/87589","targetHints":{"allow":["GET"]}}],"collection":[{"href":"https:\/\/soydeaqui.ddns.net\/pachuca\/index.php\/wp-json\/wp\/v2\/product"}],"about":[{"href":"https:\/\/soydeaqui.ddns.net\/pachuca\/index.php\/wp-json\/wp\/v2\/types\/product"}],"replies":[{"embeddable":true,"href":"https:\/\/soydeaqui.ddns.net\/pachuca\/index.php\/wp-json\/wp\/v2\/comments?post=87589"}],"wp:featuredmedia":[{"embeddable":true,"href":"https:\/\/soydeaqui.ddns.net\/pachuca\/index.php\/wp-json\/wp\/v2\/media\/87588"}],"wp:attachment":[{"href":"https:\/\/soydeaqui.ddns.net\/pachuca\/index.php\/wp-json\/wp\/v2\/media?parent=87589"}],"wp:term":[{"taxonomy":"product_brand","embeddable":true,"href":"https:\/\/soydeaqui.ddns.net\/pachuca\/index.php\/wp-json\/wp\/v2\/product_brand?post=87589"},{"taxonomy":"product_cat","embeddable":true,"href":"https:\/\/soydeaqui.ddns.net\/pachuca\/index.php\/wp-json\/wp\/v2\/product_cat?post=87589"},{"taxonomy":"product_tag","embeddable":true,"href":"https:\/\/soydeaqui.ddns.net\/pachuca\/index.php\/wp-json\/wp\/v2\/product_tag?post=87589"}],"curies":[{"name":"wp","href":"https:\/\/api.w.org\/{rel}","templated":true}]}}