{"id":87583,"date":"2026-03-19T23:13:15","date_gmt":"2026-03-19T23:13:15","guid":{"rendered":"https:\/\/soydeaqui.ddns.net\/pachuca\/index.php\/producto\/punto-de-acceso-enterprise-wi-fi-6-soporte-zigbee-bluetooth-5-1-para-interior-puerto-multi-gigabit-5g-y-puerto-sfp-5g-hasta-5-37-gbps-mu-mimo-4x4\/"},"modified":"2026-03-19T23:13:28","modified_gmt":"2026-03-19T23:13:28","slug":"punto-de-acceso-enterprise-wi-fi-6-soporte-zigbee-bluetooth-5-1-para-interior-puerto-multi-gigabit-5g-y-puerto-sfp-5g-hasta-5-37-gbps-mu-mimo-4x4","status":"publish","type":"product","link":"https:\/\/soydeaqui.ddns.net\/pachuca\/index.php\/producto\/punto-de-acceso-enterprise-wi-fi-6-soporte-zigbee-bluetooth-5-1-para-interior-puerto-multi-gigabit-5g-y-puerto-sfp-5g-hasta-5-37-gbps-mu-mimo-4x4\/","title":{"rendered":"Punto de acceso Enterprise Wi-Fi 6 soporte ZigBee, Bluetooth 5.1, para interior, Puerto Multi-Gigabit 5G y puerto SFP 5G hasta 5.37 Gbps MU-MIMO 4&#215;4"},"content":{"rendered":"<div style='width: 100%; max-width: 1200px; margin: 0 auto; font-family: sans-serif; line-height: 1.6; color: inherit; background-color: transparent;'> <!-- Imagen principal --> <\/p>\n<div style='margin-bottom: 30px;'> <img style='width: 100%; height: auto; border: 1px solid rgba(150&comma;150&comma;150&comma;0.3); border-radius: 8px;' src='https:\/\/ftp3.syscom.mx\/usuarios\/fotos\/RGAP840L\/209470-linea_roja_bandana.png' alt='Punto de acceso Ruijie RG-AP840-L'> <\/div>\n<p> <!-- Descripci\u00f3n general --> <\/p>\n<div style='margin-bottom: 30px;'>\n<p style='font-size: 24px; color: inherit;'>El punto de acceso RG-AP840-L se administra sin costo en la robusta nube de Ruijie&comma; no requiere un controlador local para ser administrado. Desde la nube&comma; puede descargar reportes de consumo por usuario&comma; aplicaci\u00f3n o equipo de fechas determinadas&comma; sin contar que podr\u00e1 recibir alertas automatizadas de forma remota para mantener la red siempre operando.<\/p>\n<\/p><\/div>\n<p> <!-- Caracter\u00edsticas principales --> <\/p>\n<div style='margin-bottom: 30px;'>\n<div style='display: flex; flex-wrap: wrap; gap: 30px;'>\n<div style='flex: 1 1 300px; min-width: 280px;'>\n<h3 style='font-size: 22px; border-bottom: 2px solid currentColor; padding-bottom: 5px; margin-top: 0; color: inherit; opacity: 0.8;'>Caracter\u00edsticas Generales<\/h3>\n<ul style='padding-left: 20px; font-size: 15px; color: inherit;'>\n<li style='margin-bottom: 5px;'><strong>Est\u00e1ndar:<\/strong> 802.11ax (Wi-Fi 6). Soporta conexi\u00f3n de dispositivos de est\u00e1ndares anteriores.<\/li>\n<li style='margin-bottom: 5px;'><strong>Bandas de operaci\u00f3n:<\/strong> 2.4 GHz (2&#215;2) \/ 5 GHz (4&#215;4).<\/li>\n<li style='margin-bottom: 5px;'><strong>Modos de operaci\u00f3n:<\/strong> Access Point (FIT\/FAT\/MACC).<\/li>\n<li style='margin-bottom: 5px;'><strong>Configuraci\u00f3n a trav\u00e9s de:<\/strong> Interfaz web (red local)&comma; aplicaci\u00f3n m\u00f3vil (remoto o en red local)&comma; plataforma cloud (remoto).<\/li>\n<li style='margin-bottom: 5px;'><strong>Puertos:<\/strong> 1 puerto 5G WAN PoE In&comma; 1 puerto SFP 5G LAN.<\/li>\n<li style='margin-bottom: 5px;'><strong>Garant\u00eda:<\/strong> 3 a\u00f1os.<\/li>\n<\/ul><\/div>\n<div style='flex: 1 1 300px; min-width: 280px;'> <img style='width: 100%; height: auto; border: 1px solid rgba(150&comma;150&comma;150&comma;0.3); border-radius: 8px;' src='https:\/\/ftp3.syscom.mx\/usuarios\/vtarango\/Ruijie\/Documentos\/RG-AP840-L\/Imagen%20Cuerpo%20RG-AP840-L.jpeg' alt='Imagen del producto'> <\/div>\n<\/p><\/div>\n<\/p><\/div>\n<p> <!-- Secci\u00f3n de especificaciones --> <\/p>\n<div style='display: flex; flex-wrap: wrap; gap: 20px; margin-bottom: 30px;'>\n<div style='flex: 1 1 300px; border: 1px solid rgba(150&comma; 150&comma; 150&comma; 0.4); border-radius: 8px; overflow: hidden; display: flex; flex-direction: column;'>\n<div style='padding: 15px; border-bottom: 1px solid rgba(150&comma; 150&comma; 150&comma; 0.2); font-weight: bold; font-size: 18px; color: inherit;'>Caracter\u00edsticas RF<\/div>\n<div style='padding: 15px; color: inherit;'>\n<ul style='padding-left: 20px; margin: 0; font-size: 14px; list-style-type: disc;'>\n<li style='margin-bottom: 5px;'><strong>Ancho de banda:<\/strong> 2.4 GHz 574 Mbps; 5 GHz 4804 Mbps<\/li>\n<li style='margin-bottom: 5px;'><strong>Ganancia de las Antenas:<\/strong> 2.4 GHz 5 dBi; 5 GHz 6 dBi<\/li>\n<li style='margin-bottom: 5px;'><strong>Potencia de transmisi\u00f3n:<\/strong> 2.4 GHz 27 dBm (501.18 mW); 5 GHz 30 dBm (1000 mW)<\/li>\n<li style='margin-bottom: 5px;'><strong>Bluetooth:<\/strong> 5.1<\/li>\n<li style='margin-bottom: 5px;'><strong>Ganancia de las Antenas (Bluetooth):<\/strong> 3.5 dBi<\/li>\n<li style='margin-bottom: 5px;'><strong>Potencia de transmisi\u00f3n (Bluetooth):<\/strong> GFSK 10 dBm (10 mW); 8-DPSK 14 dBm (25 mW)<\/li>\n<\/ul>\n<div style='margin-top: 20px;'>\n<h5 style='margin-top: 20px; margin-bottom: 10px; font-size: 16px; color: inherit; opacity: 0.8;'>Documentos y Software<\/h5>\n<ul style='padding-left: 20px; margin: 0; font-size: 14px; list-style-type: disc;'>\n<li style='margin-bottom: 5px;'><a href='https:\/\/ftp3.syscom.mx\/usuarios\/vtarango\/Ruijie\/Documentos\/RG-AP840-L\/Hoja%20de%20Espesificaciones%20RG-AP840-L.pdf' target='_blank' rel='noopener' style='color: inherit; text-decoration: underline;'>Hoja de especificaciones<\/a><\/li>\n<li style='margin-bottom: 5px;'><a href='https:\/\/ftp3.syscom.mx\/usuarios\/vtarango\/Ruijie\/Documentos\/RG-AP840-L\/Guia%20de%20Instalacion%20RG-AP840-L.pdf' target='_blank' rel='noopener' style='color: inherit; text-decoration: underline;'>Manual de Instalaci\u00f3n<\/a><\/li>\n<li style='margin-bottom: 5px;'><a href='https:\/\/ftp3.syscom.mx\/usuarios\/vtarango\/Ruijie\/Documentos\/RG-AP840-L\/RGOS11.9%286%29W3B1.bin' target='_blank' rel='noopener' style='color: inherit; text-decoration: underline;'>Firmware RGOS11.9(6)W3B1<\/a><\/li>\n<\/ul><\/div>\n<\/p><\/div>\n<\/p><\/div>\n<div style='flex: 1 1 300px; border: 1px solid rgba(150&comma; 150&comma; 150&comma; 0.4); border-radius: 8px; overflow: hidden; display: flex; flex-direction: column;'>\n<div style='padding: 15px; border-bottom: 1px solid rgba(150&comma; 150&comma; 150&comma; 0.2); font-weight: bold; font-size: 18px; color: inherit;'>Caracter\u00edsticas F\u00edsicas y El\u00e9ctricas<\/div>\n<div style='padding: 15px; color: inherit;'>\n<ul style='padding-left: 20px; margin: 0; font-size: 14px; list-style-type: disc;'>\n<li style='margin-bottom: 5px;'><strong>Alimentaci\u00f3n:<\/strong> PoE 802.3BT o DC 54V \/ 1.1A&comma; consumo Max 40 Watts.<\/li>\n<li style='margin-bottom: 5px;'><strong>Dimensiones:<\/strong> 230 mm x 230mm x 51 mm.<\/li>\n<li style='margin-bottom: 5px;'><strong>Peso:<\/strong> 1 kg.<\/li>\n<li style='margin-bottom: 5px;'><strong>Temperatura en Operaci\u00f3n:<\/strong> -10\u00b0C a +50\u00b0C<\/li>\n<li style='margin-bottom: 5px;'><strong>Grado de protecci\u00f3n:<\/strong> IP41<\/li>\n<\/ul><\/div>\n<\/p><\/div>\n<div style='flex: 1 1 300px; border: 1px solid rgba(150&comma; 150&comma; 150&comma; 0.4); border-radius: 8px; overflow: hidden; display: flex; flex-direction: column;'>\n<div style='padding: 15px; border-bottom: 1px solid rgba(150&comma; 150&comma; 150&comma; 0.2); font-weight: bold; font-size: 18px; color: inherit;'>Contenido del Paquete<\/div>\n<div style='padding: 15px; color: inherit;'>\n<ul style='padding-left: 20px; margin: 0; font-size: 14px; list-style-type: disc;'>\n<li style='margin-bottom: 5px;'>1 x Access Point RG-AP840-L<\/li>\n<li style='margin-bottom: 5px;'>Gu\u00eda r\u00e1pida de instalaci\u00f3n.<\/li>\n<\/ul>\n<div style='margin-top: 20px;'>\n<h5 style='margin-top: 20px; margin-bottom: 10px; font-size: 16px; color: inherit; opacity: 0.8;'>Accesorios Sugeridos (Venta por separado)<\/h5>\n<ul style='padding-left: 20px; margin: 0; font-size: 14px; list-style-type: disc;'>\n<li style='margin-bottom: 5px;'>Inyector PoE est\u00e1ndar modelo <a href='https:\/\/www.syscom.mx\/producto\/RG-POE-50-60W-MG-RUIJIE-214145.html' target='_blank' rel='noopener' style='color: inherit; text-decoration: underline;'>RG-POE-50-60W-MG<\/a><\/li>\n<\/ul><\/div>\n<\/p><\/div>\n<\/p><\/div>\n<\/p><\/div>\n<p> <!-- Secci\u00f3n de caracter\u00edsticas adicionales --> <\/p>\n<div style='display: flex; flex-wrap: wrap; gap: 20px; margin-bottom: 30px;'>\n<div style='flex: 1 1 300px; border: 1px solid rgba(150&comma; 150&comma; 150&comma; 0.4); border-radius: 8px; overflow: hidden; display: flex; flex-direction: column;'>\n<div style='padding: 15px; border-bottom: 1px solid rgba(150&comma; 150&comma; 150&comma; 0.2); font-weight: bold; font-size: 18px; color: inherit;'>Caracter\u00edsticas Destacadas<\/div>\n<div style='padding: 15px; color: inherit;'>\n<ul style='padding-left: 20px; margin: 0; font-size: 14px; list-style-type: disc;'>\n<li style='margin-bottom: 5px;'>Gesti\u00f3n gratuita en la nube de por vida.<\/li>\n<li style='margin-bottom: 5px;'>Fast Roaming 802.11K\/V\/R<\/li>\n<li style='margin-bottom: 5px;'>Servidor VPN IPSEC (hasta 4 T\u00faneles).<\/li>\n<\/ul><\/div>\n<\/p><\/div>\n<div style='flex: 1 1 300px; border: 1px solid rgba(150&comma; 150&comma; 150&comma; 0.4); border-radius: 8px; overflow: hidden; display: flex; flex-direction: column;'>\n<div style='padding: 15px; border-bottom: 1px solid rgba(150&comma; 150&comma; 150&comma; 0.2); font-weight: bold; font-size: 18px; color: inherit;'>Especificaciones T\u00e9cnicas<\/div>\n<div style='padding: 15px; color: inherit;'>\n<ul style='padding-left: 20px; margin: 0; font-size: 14px; list-style-type: disc;'>\n<li style='margin-bottom: 5px;'>Optimizaci\u00f3n con un Clic.<\/li>\n<li style='margin-bottom: 5px;'>MU-MIMO 802.11ax.<\/li>\n<li style='margin-bottom: 5px;'>Soporte 802.1X<\/li>\n<\/ul><\/div>\n<\/p><\/div>\n<div style='flex: 1 1 300px; border: 1px solid rgba(150&comma; 150&comma; 150&comma; 0.4); border-radius: 8px; overflow: hidden; display: flex; flex-direction: column;'>\n<div style='padding: 15px; border-bottom: 1px solid rgba(150&comma; 150&comma; 150&comma; 0.2); font-weight: bold; font-size: 18px; color: inherit;'>Rendimiento Inal\u00e1mbrico<\/div>\n<div style='padding: 15px; color: inherit;'>\n<ul style='padding-left: 20px; margin: 0; font-size: 14px; list-style-type: disc;'>\n<li style='margin-bottom: 5px;'>Omnidireccional<\/li>\n<li style='margin-bottom: 5px;'>Hasta 80 metros de Cobertura.<\/li>\n<li style='margin-bottom: 5px;'>Hasta 1024 Usuarios.<\/li>\n<li style='margin-bottom: 5px;'>Hasta 32 SSIDs.<\/li>\n<\/ul><\/div>\n<\/p><\/div>\n<\/p><\/div>\n<p> <!-- Secci\u00f3n de gesti\u00f3n y soporte --> <\/p>\n<div style='display: flex; flex-wrap: wrap; gap: 20px; margin-bottom: 30px;'>\n<div style='flex: 1 1 300px; border: 1px solid rgba(150&comma; 150&comma; 150&comma; 0.4); border-radius: 8px; overflow: hidden; display: flex; flex-direction: column;'>\n<div style='padding: 15px; border-bottom: 1px solid rgba(150&comma; 150&comma; 150&comma; 0.2); font-weight: bold; font-size: 18px; color: inherit;'>Gesti\u00f3n y Soporte Avanzados<\/div>\n<div style='padding: 15px; color: inherit;'>\n<ul style='padding-left: 20px; margin: 0; font-size: 14px; list-style-type: disc;'>\n<li style='margin-bottom: 5px;'>Interfaz Local.<\/li>\n<li style='margin-bottom: 5px;'>Gesti\u00f3n Remota Ruijie Cloud.<\/li>\n<li style='margin-bottom: 5px;'>Gesti\u00f3n Remota Ruijie APP.<\/li>\n<\/ul><\/div>\n<\/p><\/div>\n<div style='flex: 1 1 300px; border: 1px solid rgba(150&comma; 150&comma; 150&comma; 0.4); border-radius: 8px; overflow: hidden; display: flex; flex-direction: column;'>\n<div style='padding: 15px; border-bottom: 1px solid rgba(150&comma; 150&comma; 150&comma; 0.2); font-weight: bold; font-size: 18px; color: inherit;'>Fiabilidad y Garant\u00eda<\/div>\n<div style='padding: 15px; color: inherit;'>\n<ul style='padding-left: 20px; margin: 0; font-size: 14px; list-style-type: disc;'>\n<li style='margin-bottom: 5px;'>Incluye 3 a\u00f1os de Garant\u00eda.<\/li>\n<li style='margin-bottom: 5px;'>Certificaciones CE&comma; RoHS.<\/li>\n<\/ul><\/div>\n<\/p><\/div>\n<\/p><\/div>\n<p> <!-- Im\u00e1genes adicionales --> <\/p>\n<div style='display: flex; flex-wrap: wrap; gap: 15px; margin-bottom: 30px;'>\n<div style='flex: 1 1 300px;'> <img style='width: 100%; height: auto; border: 1px solid rgba(150&comma;150&comma;150&comma;0.3); border-radius: 8px;' src='https:\/\/ftp3.syscom.mx\/usuarios\/fotos\/RGRAP1200(F)\/205672-mesh_1718395775654.png' alt='Diagrama de red'> <\/div>\n<div style='flex: 1 1 300px;'> <img style='width: 100%; height: auto; border: 1px solid rgba(150&comma;150&comma;150&comma;0.3); border-radius: 8px;' src='https:\/\/ftp3.syscom.mx\/usuarios\/fotos\/RGAP840L\/217586-2024-09-21_12_59_41.png' alt='Vista frontal del dispositivo'> <\/div>\n<div style='flex: 1 1 300px;'> <img style='width: 100%; height: auto; border: 1px solid rgba(150&comma;150&comma;150&comma;0.3); border-radius: 8px;' src='https:\/\/ftp3.syscom.mx\/usuarios\/fotos\/RGAP840L\/217586-2024-09-21_13_00_04-.png' alt='Vista posterior del dispositivo'> <\/div>\n<div style='flex: 1 1 300px;'> <img style='width: 100%; height: auto; border: 1px solid rgba(150&comma;150&comma;150&comma;0.3); border-radius: 8px;' src='https:\/\/ftp3.syscom.mx\/usuarios\/fotos\/RGAP840L\/217586-2024-09-21_13_00_21.png' alt='Instalaci\u00f3n del dispositivo'> <\/div>\n<\/p><\/div>\n<\/p><\/div>\n","protected":false},"excerpt":{"rendered":"<p>Punto de acceso Enterprise Wi-Fi 6 soporte ZigBee, Bluetooth 5.1, para interior, Puerto Multi-Gigabit 5G y puerto SFP 5G hasta 5.37 Gbps MU-MIMO 4&#215;4<\/p>\n","protected":false},"featured_media":87582,"comment_status":"open","ping_status":"closed","template":"","meta":[],"product_brand":[],"product_cat":[1794],"product_tag":[1795,1479,2123],"class_list":{"0":"post-87583","1":"product","2":"type-product","3":"status-publish","4":"has-post-thumbnail","6":"product_cat-puntos-de-acceso","7":"product_tag-puntos-de-acceso","8":"product_tag-redes-wifi","9":"product_tag-ruijie","11":"first","12":"instock","13":"sale","14":"shipping-taxable","15":"purchasable","16":"product-type-simple"},"_links":{"self":[{"href":"https:\/\/soydeaqui.ddns.net\/pachuca\/index.php\/wp-json\/wp\/v2\/product\/87583","targetHints":{"allow":["GET"]}}],"collection":[{"href":"https:\/\/soydeaqui.ddns.net\/pachuca\/index.php\/wp-json\/wp\/v2\/product"}],"about":[{"href":"https:\/\/soydeaqui.ddns.net\/pachuca\/index.php\/wp-json\/wp\/v2\/types\/product"}],"replies":[{"embeddable":true,"href":"https:\/\/soydeaqui.ddns.net\/pachuca\/index.php\/wp-json\/wp\/v2\/comments?post=87583"}],"wp:featuredmedia":[{"embeddable":true,"href":"https:\/\/soydeaqui.ddns.net\/pachuca\/index.php\/wp-json\/wp\/v2\/media\/87582"}],"wp:attachment":[{"href":"https:\/\/soydeaqui.ddns.net\/pachuca\/index.php\/wp-json\/wp\/v2\/media?parent=87583"}],"wp:term":[{"taxonomy":"product_brand","embeddable":true,"href":"https:\/\/soydeaqui.ddns.net\/pachuca\/index.php\/wp-json\/wp\/v2\/product_brand?post=87583"},{"taxonomy":"product_cat","embeddable":true,"href":"https:\/\/soydeaqui.ddns.net\/pachuca\/index.php\/wp-json\/wp\/v2\/product_cat?post=87583"},{"taxonomy":"product_tag","embeddable":true,"href":"https:\/\/soydeaqui.ddns.net\/pachuca\/index.php\/wp-json\/wp\/v2\/product_tag?post=87583"}],"curies":[{"name":"wp","href":"https:\/\/api.w.org\/{rel}","templated":true}]}}