{"id":87567,"date":"2026-03-19T23:12:31","date_gmt":"2026-03-19T23:12:31","guid":{"rendered":"https:\/\/soydeaqui.ddns.net\/pachuca\/index.php\/producto\/controlador-para-puntos-de-acceso-ruijie-networks-hasta-128-aps-crecimiento-de-hasta-1152-ceiling-aps-2304-wall-aps\/"},"modified":"2026-03-19T23:12:55","modified_gmt":"2026-03-19T23:12:55","slug":"controlador-para-puntos-de-acceso-ruijie-networks-hasta-128-aps-crecimiento-de-hasta-1152-ceiling-aps-2304-wall-aps","status":"publish","type":"product","link":"https:\/\/soydeaqui.ddns.net\/pachuca\/index.php\/producto\/controlador-para-puntos-de-acceso-ruijie-networks-hasta-128-aps-crecimiento-de-hasta-1152-ceiling-aps-2304-wall-aps\/","title":{"rendered":"Controlador para Puntos de Acceso Ruijie Networks, hasta 128 APs, crecimiento de hasta 1152 Ceiling APs \/ 2304  Wall APs"},"content":{"rendered":"<div style='width: 100%; max-width: 1200px; margin: 0 auto; font-family: sans-serif; line-height: 1.6; color: inherit; background-color: transparent;'>\n<div style='display: flex; flex-wrap: wrap; gap: 30px; margin-bottom: 30px;'>\n<div style='flex: 1 1 300px; min-width: 280px;'>\n<h3 style='font-size: 22px; border-bottom: 2px solid currentColor; padding-bottom: 5px; margin-top: 0; color: inherit; opacity: 0.8;'>Descripci\u00f3n<\/h3>\n<p style='text-align: justify; font-size: 15px; color: inherit;'>El controlador de acceso inal\u00e1mbrico (AC) de alto rendimiento RG-WS6512-L&comma; desarrollado por Ruijie Networks&comma; est\u00e1 destinado a redes inal\u00e1mbricas de alta velocidad de pr\u00f3xima generaci\u00f3n. Se puede implementar en una red de Capa 2 o Capa 3 sin ning\u00fan cambio de arquitectura o dispositivo de hardware&comma; brindando un control transparente y seguro sobre las redes inal\u00e1mbricas.<\/p>\n<p style='text-align: justify; font-size: 15px; color: inherit;'>El RG-WS6512-L puede administrar hasta 128 puntos de acceso inal\u00e1mbrico (AP) de forma predeterminada. Con licencias para ampliaci\u00f3n de capacidad&comma; puede gestionar un m\u00e1ximo de 1.152 AP gen\u00e9ricos o 2.304 AP de pared.<\/p>\n<p style='text-align: justify; font-size: 15px; color: inherit;'>A trav\u00e9s de una poderosa administraci\u00f3n y control centralizado y visualizado sobre redes inal\u00e1mbricas&comma; el RG-WS6512-L puede simplificar significativamente la construcci\u00f3n y la implementaci\u00f3n de redes inal\u00e1mbricas.<\/p>\n<p style='text-align: justify; font-size: 15px; color: inherit;'>El RG-WS6512-L&comma; que adopta tecnolog\u00edas de agrupaci\u00f3n y seguridad mejoradas&comma; ofrece servicios de red basados en identidad. Varios AC en un cl\u00faster pueden compartir una base de datos de usuarios&comma; lo que permite a los clientes moverse sin problemas en diferentes \u00e1reas de una red. El dise\u00f1o del cl\u00faster garantiza la seguridad y la integridad de la sesi\u00f3n durante el roaming y la interacci\u00f3n fluida de datos y voz a trav\u00e9s de aplicaciones Wi-Fi.<\/p>\n<\/p><\/div>\n<\/p><\/div>\n<div style='display: flex; flex-wrap: wrap; gap: 20px; margin-bottom: 30px;'>\n<div style='flex: 1 1 250px; border: 1px solid rgba(150&comma; 150&comma; 150&comma; 0.4); border-radius: 8px; overflow: hidden; display: flex; flex-direction: column;'>\n<div style='padding: 15px; border-bottom: 1px solid rgba(150&comma; 150&comma; 150&comma; 0.2); font-weight: bold; font-size: 18px; color: inherit; background-color: #5fc4ff;'>Paquete de expansi\u00f3n<\/div>\n<div style='padding: 15px; color: inherit;'>\n<ul style='padding-left: 20px; margin: 0; font-size: 14px; list-style-type: disc;'>\n<li style='margin-bottom: 5px;'><a href='https:\/\/www.syscom.mx\/producto\/RG-LIC-WS-16-RUIJIE-221030.html' target='_blank' rel='noopener' style='color: inherit; text-decoration: underline;'>RG-LIC-WS-16<\/a><\/li>\n<li style='margin-bottom: 5px;'><a href='https:\/\/www.syscom.mx\/producto\/RG-LIC-WS-32-RUIJIE-221029.html' target='_blank' rel='noopener' style='color: inherit; text-decoration: underline;'>RG-LIC-WS-32<\/a><\/li>\n<li style='margin-bottom: 5px;'><a href='https:\/\/www.syscom.mx\/producto\/RG-LIC-WS-128-RUIJIE-221028.html' target='_blank' rel='noopener' style='color: inherit; text-decoration: underline;'>RG-LIC-WS-128<\/a><\/li>\n<li style='margin-bottom: 5px;'>RG-LIC-WS-512<\/li>\n<li style='margin-bottom: 5px;'>RG-LIC-WS-1024<\/li>\n<\/ul><\/div>\n<\/p><\/div>\n<div style='flex: 1 1 250px; border: 1px solid rgba(150&comma; 150&comma; 150&comma; 0.4); border-radius: 8px; overflow: hidden; display: flex; flex-direction: column;'>\n<div style='padding: 15px; border-bottom: 1px solid rgba(150&comma; 150&comma; 150&comma; 0.2); font-weight: bold; font-size: 18px; color: inherit; background-color: #f1c40f;'>NOTA<\/div>\n<div style='padding: 15px; color: inherit;'>\n<p style='font-size: 15px; margin-bottom: 10px;'>Para administracion de Access Point Ruijie de la linea Roja como:<\/p>\n<ul style='padding-left: 20px; margin: 0; font-size: 14px; list-style-type: disc;'>\n<li style='margin-bottom: 5px;'><a href='https:\/\/www.syscom.mx\/producto\/RG-AP180-RUIJIE-203966.html' target='_blank' rel='noopener' style='color: inherit; text-decoration: underline;'>RG-AP180<\/a><\/li>\n<li style='margin-bottom: 5px;'><a href='https:\/\/www.syscom.mx\/producto\/RG-AP180P-L-RUIJIE-217584.html' target='_blank' rel='noopener' style='color: inherit; text-decoration: underline;'>RG-AP180P-L<\/a><\/li>\n<li style='margin-bottom: 5px;'><a href='https:\/\/www.syscom.mx\/producto\/RG-AP680CD-RUIJIE-208081.html' target='_blank' rel='noopener' style='color: inherit; text-decoration: underline;'>RG-AP680(CD)<\/a><\/li>\n<li style='margin-bottom: 5px;'><a href='https:\/\/www.syscom.mx\/producto\/RG-AP680-IO-RUIJIE-217837.html' target='_blank' rel='noopener' style='color: inherit; text-decoration: underline;'>RG-AP680-IO<\/a><\/li>\n<li style='margin-bottom: 5px;'><a href='https:\/\/www.syscom.mx\/producto\/RG-AP680-L-RUIJIE-217587.html' target='_blank' rel='noopener' style='color: inherit; text-decoration: underline;'>RG-AP680-L<\/a><\/li>\n<li style='margin-bottom: 5px;'>RG-AP810-L<\/li>\n<li style='margin-bottom: 5px;'><a href='https:\/\/www.syscom.mx\/producto\/RG-AP820-LV3-RUIJIE-209466.html' target='_blank' rel='noopener' style='color: inherit; text-decoration: underline;'>RG-AP820-L(V3)<\/a><\/li>\n<li style='margin-bottom: 5px;'><a href='https:\/\/www.syscom.mx\/producto\/RG-AP840-L-RUIJIE-217586.html' target='_blank' rel='noopener' style='color: inherit; text-decoration: underline;'>RG-AP840-L<\/a><\/li>\n<li style='margin-bottom: 5px;'><a href='https:\/\/www.syscom.mx\/producto\/RG-AP880-L-RUIJIE-218274.html' target='_blank' rel='noopener' style='color: inherit; text-decoration: underline;'>RG-AP880-L<\/a><\/li>\n<\/ul><\/div>\n<\/p><\/div>\n<\/p><\/div>\n<div style='margin-bottom: 30px;'> <img style='width: 100%; height: auto; border: 1px solid rgba(150&comma;150&comma;150&comma;0.3); border-radius: 8px;' src='https:\/\/ftp3.syscom.mx\/usuarios\/fotos\/BancoFotograficasSyscom\/RUIJIE\/RGLICWS16\/RGLICWS16-p.PNG' alt=''> <\/div>\n<\/p><\/div>\n","protected":false},"excerpt":{"rendered":"<p>Controlador para Puntos de Acceso Ruijie Networks, hasta 128 APs, crecimiento de hasta 1152 Ceiling APs \/ 2304  Wall APs<\/p>\n","protected":false},"featured_media":87566,"comment_status":"open","ping_status":"closed","template":"","meta":[],"product_brand":[],"product_cat":[2032],"product_tag":[1419,1479,2123],"class_list":{"0":"post-87567","1":"product","2":"type-product","3":"status-publish","4":"has-post-thumbnail","6":"product_cat-controladores-redes-wifi","7":"product_tag-controladores","8":"product_tag-redes-wifi","9":"product_tag-ruijie","11":"first","12":"instock","13":"sale","14":"shipping-taxable","15":"purchasable","16":"product-type-simple"},"_links":{"self":[{"href":"https:\/\/soydeaqui.ddns.net\/pachuca\/index.php\/wp-json\/wp\/v2\/product\/87567","targetHints":{"allow":["GET"]}}],"collection":[{"href":"https:\/\/soydeaqui.ddns.net\/pachuca\/index.php\/wp-json\/wp\/v2\/product"}],"about":[{"href":"https:\/\/soydeaqui.ddns.net\/pachuca\/index.php\/wp-json\/wp\/v2\/types\/product"}],"replies":[{"embeddable":true,"href":"https:\/\/soydeaqui.ddns.net\/pachuca\/index.php\/wp-json\/wp\/v2\/comments?post=87567"}],"wp:featuredmedia":[{"embeddable":true,"href":"https:\/\/soydeaqui.ddns.net\/pachuca\/index.php\/wp-json\/wp\/v2\/media\/87566"}],"wp:attachment":[{"href":"https:\/\/soydeaqui.ddns.net\/pachuca\/index.php\/wp-json\/wp\/v2\/media?parent=87567"}],"wp:term":[{"taxonomy":"product_brand","embeddable":true,"href":"https:\/\/soydeaqui.ddns.net\/pachuca\/index.php\/wp-json\/wp\/v2\/product_brand?post=87567"},{"taxonomy":"product_cat","embeddable":true,"href":"https:\/\/soydeaqui.ddns.net\/pachuca\/index.php\/wp-json\/wp\/v2\/product_cat?post=87567"},{"taxonomy":"product_tag","embeddable":true,"href":"https:\/\/soydeaqui.ddns.net\/pachuca\/index.php\/wp-json\/wp\/v2\/product_tag?post=87567"}],"curies":[{"name":"wp","href":"https:\/\/api.w.org\/{rel}","templated":true}]}}