{"id":87553,"date":"2026-03-19T23:11:56","date_gmt":"2026-03-19T23:11:56","guid":{"rendered":"https:\/\/soydeaqui.ddns.net\/pachuca\/index.php\/producto\/altavoz-amplificado-12-in-potencia-1000w-amplificacion-clase-d-hecho-en-madera-para-aplicaciones-de-instalacion-y-refuerzo-sonoro-como-monitor\/"},"modified":"2026-03-19T23:12:07","modified_gmt":"2026-03-19T23:12:07","slug":"altavoz-amplificado-12-in-potencia-1000w-amplificacion-clase-d-hecho-en-madera-para-aplicaciones-de-instalacion-y-refuerzo-sonoro-como-monitor","status":"publish","type":"product","link":"https:\/\/soydeaqui.ddns.net\/pachuca\/index.php\/producto\/altavoz-amplificado-12-in-potencia-1000w-amplificacion-clase-d-hecho-en-madera-para-aplicaciones-de-instalacion-y-refuerzo-sonoro-como-monitor\/","title":{"rendered":"Altavoz Amplificado 12 in | Potencia: 1000w | Amplificacion Clase-D | Hecho en Madera | Para aplicaciones de Instalacion y Refuerzo Sonoro como Monitor"},"content":{"rendered":"<div style='width: 100%; max-width: 1200px; margin: 0 auto; font-family: sans-serif; line-height: 1.6; color: inherit; background-color: transparent;'> <!-- Imagen 1 --> <\/p>\n<div style='width: 100%; margin-bottom: 30px;'> <img style='width: 100%; height: auto; border: 1px solid rgba(150&comma;150&comma;150&comma;0.3); border-radius: 8px;' src='https:\/\/ftp3.syscom.mx\/usuarios\/luis.vargas\/YAMAHA\/DHR\/DHR-1.png' alt=''> <\/div>\n<p> <!-- T\u00edtulo --> <\/p>\n<h2 style='font-size: 24px; text-align: center; margin: 0 0 20px 0; color: inherit; opacity: 0.8; font-weight: 500;'> Incre\u00edblemente simple. Impresionantemente profesional. <\/h2>\n<p> <!-- Contenido principal con imagen --> <\/p>\n<div style='display: flex; flex-wrap: wrap; gap: 30px; margin-bottom: 30px;'>\n<div style='flex: 1 1 300px; min-width: 280px;'>\n<h3 style='font-size: 22px; border-bottom: 2px solid currentColor; padding-bottom: 5px; margin-top: 0; color: inherit; opacity: 0.8;'>Descripci\u00f3n<\/h3>\n<p style='font-size: 15px; color: inherit; text-align: justify;'> El DHR12M es un altavoz autoamplificado de dos v\u00edas y bi-amplificador con un woofer de 12 pulgadas y un controlador HF de 1.75 pulgadas en un espacio que mantiene la configuraci\u00f3n coaxial&comma; perfecto para ser usado como monitor de piso. Combinando un amplificador de 1000 W y un DSP de alto rendimiento con la misma construcci\u00f3n de madera contrachapada que se encuentra en la serie DZR de gama alta de Yamaha&comma; el DHR12M ofrece la mejor calidad de sonido y durabilidad de su clase. <\/p>\n<\/p><\/div>\n<div style='flex: 1 1 300px; min-width: 280px;'> <img style='width: 100%; height: auto; border: 1px solid rgba(150&comma;150&comma;150&comma;0.3); border-radius: 8px;' src='https:\/\/ftp3.syscom.mx\/usuarios\/luis.vargas\/YAMAHA\/DHR12M\/DHR12M-1.JPG' alt=''> <\/div>\n<\/p><\/div>\n<p> <!-- Secci\u00f3n de caracter\u00edsticas --> <\/p>\n<div style='display: flex; flex-wrap: wrap; gap: 30px; margin-bottom: 30px;'>\n<div style='flex: 1 1 300px; min-width: 280px;'>\n<h3 style='font-size: 22px; border-bottom: 2px solid currentColor; padding-bottom: 5px; margin-top: 0; color: inherit; opacity: 0.8;'>Transductores de dise\u00f1o personalizado<\/h3>\n<p style='font-size: 15px; color: inherit; text-align: justify;'> La serie DHR ofrece una soluci\u00f3n ideal para cualquiera que est\u00e9 listo para mejorar su acto de refuerzo de sonido a un nuevo nivel de calidad&comma; precisi\u00f3n y rendimiento profesionales. Los gabinetes Premium de madera contrachapada con acabados en un revestimiento de poliurea resistente brindan una durabilidad que no se encuentra en otros altavoces de esta clase. <\/p>\n<\/p><\/div>\n<div style='flex: 1 1 300px; min-width: 280px;'> <img style='width: 100%; height: auto; border: 1px solid rgba(150&comma;150&comma;150&comma;0.3); border-radius: 8px;' src='https:\/\/ftp3.syscom.mx\/usuarios\/luis.vargas\/YAMAHA\/DHR12M\/DHR12M-2.jpg' alt=''> <\/div>\n<\/p><\/div>\n<p> <!-- Gif --> <\/p>\n<div style='width: 100%; margin-bottom: 30px;'> <img style='width: 100%; height: auto; border: 1px solid rgba(150&comma;150&comma;150&comma;0.3); border-radius: 8px;' src='https:\/\/ftp3.syscom.mx\/usuarios\/luis.vargas\/YAMAHA\/DHR\/DHR-2.gif' alt=''> <\/div>\n<p> <!-- Especificaciones --> <\/p>\n<div style='display: flex; flex-wrap: wrap; gap: 20px; margin-bottom: 30px;'>\n<div style='flex: 1 1 250px; border: 1px solid rgba(150&comma; 150&comma; 150&comma; 0.4); border-radius: 8px; overflow: hidden; display: flex; flex-direction: column;'>\n<div style='padding: 15px; border-bottom: 1px solid rgba(150&comma; 150&comma; 150&comma; 0.2); font-weight: bold; font-size: 18px; color: inherit;'>Caracter\u00edsticas Generales<\/div>\n<div style='padding: 15px; color: inherit;'>\n<ul style='padding-left: 20px; margin: 0; font-size: 14px; list-style-type: disc;'>\n<li style='margin-bottom: 5px;'><strong>Tipo:<\/strong> Altavoz activo de 2 v\u00edas<\/li>\n<li style='margin-bottom: 5px;'><strong>Rango de frecuencias:<\/strong> 55 Hz-20KHz<\/li>\n<li style='margin-bottom: 5px;'><strong>Cobertura:<\/strong> 90\u00b0 x 90\u00b0<\/li>\n<li style='margin-bottom: 5px;'><strong>Potencia continua:<\/strong> 465W<\/li>\n<li style='margin-bottom: 5px;'><strong>Enfriamiento:<\/strong> Por ventilador<\/li>\n<li style='margin-bottom: 5px;'><strong>Consumo de energ\u00eda:<\/strong> 74W<\/li>\n<li style='margin-bottom: 5px;'><strong>Alimentaci\u00f3n:<\/strong> 100v-120v&comma; 220v-240v<\/li>\n<\/ul><\/div>\n<\/p><\/div>\n<div style='flex: 1 1 250px; border: 1px solid rgba(150&comma; 150&comma; 150&comma; 0.4); border-radius: 8px; overflow: hidden; display: flex; flex-direction: column;'>\n<div style='padding: 15px; border-bottom: 1px solid rgba(150&comma; 150&comma; 150&comma; 0.2); font-weight: bold; font-size: 18px; color: inherit;'>Especificaciones T\u00e9cnicas<\/div>\n<div style='padding: 15px; color: inherit;'>\n<ul style='padding-left: 20px; margin: 0; font-size: 14px; list-style-type: disc;'>\n<li style='margin-bottom: 5px;'><strong>Frecuencia baja:<\/strong> Cono de 12in<\/li>\n<li style='margin-bottom: 5px;'><strong>Frecuencia alta:<\/strong> Diafragma 1.75in<\/li>\n<li style='margin-bottom: 5px;'><strong>Peso:<\/strong> 16.5kg<\/li>\n<li style='margin-bottom: 5px;'><strong>Manillar:<\/strong> Lateral<\/li>\n<li style='margin-bottom: 5px;'><strong>Material de gabinete:<\/strong> Madera contrachapada<\/li>\n<li style='margin-bottom: 5px;'><strong>Acabado:<\/strong> Pintura poliuretano negro<\/li>\n<li style='margin-bottom: 5px;'><strong>Dimensiones (An x Al x P):<\/strong> 500mm x 343mm x 454mm<\/li>\n<li style='margin-bottom: 5px;'><strong>Color:<\/strong> Negro<\/li>\n<\/ul><\/div>\n<\/p><\/div>\n<\/p><\/div>\n<p> <!-- Videos --> <\/p>\n<div style='margin-bottom: 30px;'>\n<h3 style='font-size: 22px; border-bottom: 2px solid currentColor; padding-bottom: 5px; margin-top: 0; color: inherit; opacity: 0.8; margin-bottom: 20px;'>VIDEOS<\/h3>\n<div style='display: flex; flex-wrap: wrap; gap: 20px;'>\n<div style='flex: 1 1 300px; min-width: 280px; position: relative; padding-bottom: 56.25%; height: 0; overflow: hidden;'>   <\/div>\n<div style='flex: 1 1 300px; min-width: 280px; position: relative; padding-bottom: 56.25%; height: 0; overflow: hidden;'>   <\/div>\n<div style='flex: 1 1 300px; min-width: 280px; position: relative; padding-bottom: 56.25%; height: 0; overflow: hidden;'>   <\/div>\n<\/p><\/div>\n<\/p><\/div>\n<p> <!-- Separador final --> <\/p>\n<hr style='border: 0; border-top: 1px solid rgba(150&comma; 150&comma; 150&comma; 0.3); margin: 30px 0;'> <\/div>\n","protected":false},"excerpt":{"rendered":"<p>Altavoz Amplificado 12 in | Potencia: 1000w | Amplificacion Clase-D | Hecho en Madera | Para aplicaciones de Instalacion y Refuerzo Sonoro como Monitor<\/p>\n","protected":false},"featured_media":87552,"comment_status":"open","ping_status":"closed","template":"","meta":[],"product_brand":[],"product_cat":[2134],"product_tag":[2126,2135,2128],"class_list":{"0":"post-87553","1":"product","2":"type-product","3":"status-publish","4":"has-post-thumbnail","6":"product_cat-bocinas-activas","7":"product_tag-audio-profesional","8":"product_tag-bocinas-activas","9":"product_tag-yamaha","11":"first","12":"outofstock","13":"sale","14":"shipping-taxable","15":"purchasable","16":"product-type-simple"},"_links":{"self":[{"href":"https:\/\/soydeaqui.ddns.net\/pachuca\/index.php\/wp-json\/wp\/v2\/product\/87553","targetHints":{"allow":["GET"]}}],"collection":[{"href":"https:\/\/soydeaqui.ddns.net\/pachuca\/index.php\/wp-json\/wp\/v2\/product"}],"about":[{"href":"https:\/\/soydeaqui.ddns.net\/pachuca\/index.php\/wp-json\/wp\/v2\/types\/product"}],"replies":[{"embeddable":true,"href":"https:\/\/soydeaqui.ddns.net\/pachuca\/index.php\/wp-json\/wp\/v2\/comments?post=87553"}],"wp:featuredmedia":[{"embeddable":true,"href":"https:\/\/soydeaqui.ddns.net\/pachuca\/index.php\/wp-json\/wp\/v2\/media\/87552"}],"wp:attachment":[{"href":"https:\/\/soydeaqui.ddns.net\/pachuca\/index.php\/wp-json\/wp\/v2\/media?parent=87553"}],"wp:term":[{"taxonomy":"product_brand","embeddable":true,"href":"https:\/\/soydeaqui.ddns.net\/pachuca\/index.php\/wp-json\/wp\/v2\/product_brand?post=87553"},{"taxonomy":"product_cat","embeddable":true,"href":"https:\/\/soydeaqui.ddns.net\/pachuca\/index.php\/wp-json\/wp\/v2\/product_cat?post=87553"},{"taxonomy":"product_tag","embeddable":true,"href":"https:\/\/soydeaqui.ddns.net\/pachuca\/index.php\/wp-json\/wp\/v2\/product_tag?post=87553"}],"curies":[{"name":"wp","href":"https:\/\/api.w.org\/{rel}","templated":true}]}}