{"id":87539,"date":"2026-03-19T23:11:17","date_gmt":"2026-03-19T23:11:17","guid":{"rendered":"https:\/\/soydeaqui.ddns.net\/pachuca\/index.php\/producto\/lora-gateway-industrial-inalambrico-de-5-puertos-10-100-1000t\/"},"modified":"2026-03-19T23:11:27","modified_gmt":"2026-03-19T23:11:27","slug":"lora-gateway-industrial-inalambrico-de-5-puertos-10-100-1000t","status":"publish","type":"product","link":"https:\/\/soydeaqui.ddns.net\/pachuca\/index.php\/producto\/lora-gateway-industrial-inalambrico-de-5-puertos-10-100-1000t\/","title":{"rendered":"(LoRa) Gateway Industrial Inal\u00e1mbrico de 5 Puertos 10\/100\/1000T"},"content":{"rendered":"<div style='width: 100%; max-width: 1200px; margin: 0 auto; font-family: sans-serif; line-height: 1.6; color: inherit; background-color: transparent;'>\n<div style='display: flex; flex-wrap: wrap; gap: 30px; margin-bottom: 30px;'>\n<div style='flex: 1 1 300px; min-width: 280px;'>\n<p style='font-size: 16px; color: inherit; margin-bottom: 15px;'> <span style='color: inherit;'>PLANET LCG-300W es una puerta de enlace LoRaWAN de grado industrial todo en uno&comma; con conectividad confiable para implementaciones de IoT.<\/span> <\/p>\n<p style='font-size: 16px; color: inherit; margin-bottom: 15px;'> <span style='color: inherit;'>Con el soporte del protocolo LoRaWAN&comma; ayuda a conectar la red inal\u00e1mbrica LoRa a una red IP.<\/span> <\/p>\n<p style='font-size: 16px; color: inherit; margin-bottom: 15px;'> <span style='color: inherit;'>LoRa wireless permite que los sensores transmitan datos en rangos extremadamente largos con bajo consumo de energ\u00eda.<\/span> <\/p>\n<p style='font-size: 16px; color: inherit; margin-bottom: 15px;'> <span style='color: inherit;'>El LCG-300W es totalmente compatible con el protocolo LoRaWAN y admite la conexi\u00f3n con hasta 300 nodos finales.<\/span> <\/p>\n<p style='font-size: 16px; color: inherit; margin-bottom: 15px;'> <span style='color: inherit;'>Tambi\u00e9n proporciona bandas de frecuencia LoRaWAN est\u00e1ndar preconfiguradas para diferentes pa\u00edses.<\/span> <\/p>\n<p style='font-size: 16px; color: inherit; margin-bottom: 15px;'> <span style='color: inherit;'>PLANET LCG-300W es la mejor opci\u00f3n para ayudarlo a promover la implementaci\u00f3n de la red AIoT.<\/span> <\/p>\n<\/p><\/div>\n<\/p><\/div>\n<div style='display: flex; flex-wrap: wrap; justify-content: center; gap: 15px; margin: 30px 0;'> <img style='width: 60px; height: 60px; border: 1px solid rgba(150&comma;150&comma;150&comma;0.3); border-radius: 8px;' src='https:\/\/www.planet.com.tw\/storage\/icons\/690\/802.11ax.png' alt='802.11ax'> <img style='width: 60px; height: 60px; border: 1px solid rgba(150&comma;150&comma;150&comma;0.3); border-radius: 8px;' src='https:\/\/www.planet.com.tw\/storage\/icons\/633\/Cyber-Security.png' alt='La seguridad cibern\u00e9tica'> <img style='width: 60px; height: 60px; border: 1px solid rgba(150&comma;150&comma;150&comma;0.3); border-radius: 8px;' src='https:\/\/www.planet.com.tw\/storage\/icons\/3icon_Dual-WAN.png' alt='WAN doble'> <img style='width: 60px; height: 60px; border: 1px solid rgba(150&comma;150&comma;150&comma;0.3); border-radius: 8px;' src='https:\/\/www.planet.com.tw\/storage\/icons\/8icon_-40-degree-~75-degree.png' alt='75\u00b0C~-40\u00b0C'> <\/div>\n<div style='display: flex; justify-content: center; margin: 30px 0;'> <img style='width: 100%; max-width: 600px; height: auto; border: 1px solid rgba(150&comma;150&comma;150&comma;0.3); border-radius: 8px;' src='https:\/\/www.planet.com.tw\/storage\/products\/49513\/edm_LCG-300W.jpg' alt=''> <\/div>\n<\/p><\/div>\n","protected":false},"excerpt":{"rendered":"<p>(LoRa) Gateway Industrial Inal\u00e1mbrico de 5 Puertos 10\/100\/1000T<\/p>\n","protected":false},"featured_media":87538,"comment_status":"open","ping_status":"closed","template":"","meta":[],"product_brand":[],"product_cat":[1984],"product_tag":[1985,664,2033],"class_list":{"0":"post-87539","1":"product","2":"type-product","3":"status-publish","4":"has-post-thumbnail","6":"product_cat-industrial","7":"product_tag-industrial","8":"product_tag-networking","9":"product_tag-planet","11":"first","12":"outofstock","13":"sale","14":"shipping-taxable","15":"purchasable","16":"product-type-simple"},"_links":{"self":[{"href":"https:\/\/soydeaqui.ddns.net\/pachuca\/index.php\/wp-json\/wp\/v2\/product\/87539","targetHints":{"allow":["GET"]}}],"collection":[{"href":"https:\/\/soydeaqui.ddns.net\/pachuca\/index.php\/wp-json\/wp\/v2\/product"}],"about":[{"href":"https:\/\/soydeaqui.ddns.net\/pachuca\/index.php\/wp-json\/wp\/v2\/types\/product"}],"replies":[{"embeddable":true,"href":"https:\/\/soydeaqui.ddns.net\/pachuca\/index.php\/wp-json\/wp\/v2\/comments?post=87539"}],"wp:featuredmedia":[{"embeddable":true,"href":"https:\/\/soydeaqui.ddns.net\/pachuca\/index.php\/wp-json\/wp\/v2\/media\/87538"}],"wp:attachment":[{"href":"https:\/\/soydeaqui.ddns.net\/pachuca\/index.php\/wp-json\/wp\/v2\/media?parent=87539"}],"wp:term":[{"taxonomy":"product_brand","embeddable":true,"href":"https:\/\/soydeaqui.ddns.net\/pachuca\/index.php\/wp-json\/wp\/v2\/product_brand?post=87539"},{"taxonomy":"product_cat","embeddable":true,"href":"https:\/\/soydeaqui.ddns.net\/pachuca\/index.php\/wp-json\/wp\/v2\/product_cat?post=87539"},{"taxonomy":"product_tag","embeddable":true,"href":"https:\/\/soydeaqui.ddns.net\/pachuca\/index.php\/wp-json\/wp\/v2\/product_tag?post=87539"}],"curies":[{"name":"wp","href":"https:\/\/api.w.org\/{rel}","templated":true}]}}