{"id":87466,"date":"2026-03-19T23:08:06","date_gmt":"2026-03-19T23:08:06","guid":{"rendered":"https:\/\/soydeaqui.ddns.net\/pachuca\/index.php\/producto\/olt-gpon-optixaccess-carrier-class-con-1-tarjeta-de-16-puertos-gpon-2-ranuras-1-fuente-de-alimentacion-ac-2-ur\/"},"modified":"2026-03-19T23:08:15","modified_gmt":"2026-03-19T23:08:15","slug":"olt-gpon-optixaccess-carrier-class-con-1-tarjeta-de-16-puertos-gpon-2-ranuras-1-fuente-de-alimentacion-ac-2-ur","status":"publish","type":"product","link":"https:\/\/soydeaqui.ddns.net\/pachuca\/index.php\/producto\/olt-gpon-optixaccess-carrier-class-con-1-tarjeta-de-16-puertos-gpon-2-ranuras-1-fuente-de-alimentacion-ac-2-ur\/","title":{"rendered":"OLT GPON OptiXAccess Carrier Class con 1 tarjeta de 16 puertos GPON, 2 ranuras, 1 Fuente de alimentaci\u00f3n AC, 2 UR"},"content":{"rendered":"<div style='width: 100%; max-width: 1200px; margin: 0 auto; font-family: sans-serif; line-height: 1.6; color: inherit; background-color: transparent;'>\n<div style='display: flex; flex-wrap: wrap; gap: 30px; margin-bottom: 30px;'>\n<div style='flex: 1 1 300px; min-width: 280px;'>\n<div style='width: 100%; max-width: 450px; margin-bottom: 20px;'> <img style='width: 100%; height: auto; border: 1px solid rgba(150&comma;150&comma;150&comma;0.3); border-radius: 8px;' src='https:\/\/ftp3.syscom.mx\/usuarios\/orobles\/Huawei\/Huawei-horizontal-logo_2018.jpg' alt='Huawei Logo'> <\/div>\n<p style='font-size: 15px; color: inherit;'>Desarrollado sobre la base de la arquitectura distribuida&comma; el dispositivo de acceso multiservicio de la serie EA5800 se posiciona como el OLT de pr\u00f3xima generaci\u00f3n para NG-PON. Con la tecnolog\u00eda de acceso virtual&comma; proporciona una plataforma de transporte unificada para m\u00faltiples servicios a trav\u00e9s de una red de fibra&comma; como banda ancha&comma; inal\u00e1mbrica&comma; video y backhaul de video.<\/p>\n<p style='font-size: 15px; color: inherit;'>La serie EA5800 soporta acceso GPON&comma; XG-PON&comma; XGS-PON&comma; P2P 10GE\/GE y admite redes POL&comma; FTTH&comma; FTTB y FTTC. Por lo tanto&comma; simplifica la arquitectura de red y reduce OPEX.<\/p>\n<\/p><\/div>\n<\/p><\/div>\n<div style='display: flex; flex-wrap: wrap; gap: 20px; margin-bottom: 30px;'>\n<div style='flex: 1 1 250px; border: 1px solid rgba(150&comma; 150&comma; 150&comma; 0.4); border-radius: 8px; overflow: hidden; display: flex; flex-direction: column;'>\n<div style='padding: 15px; border-bottom: 1px solid rgba(150&comma; 150&comma; 150&comma; 0.2); font-weight: bold; font-size: 18px; color: inherit;'>Caracter\u00edsticas F\u00edsicas<\/div>\n<div style='padding: 15px; color: inherit;'>\n<ul style='padding-left: 20px; margin: 0; font-size: 14px; list-style-type: disc;'>\n<li style='margin-bottom: 5px;'><strong>Dimensiones:<\/strong> 442 x 268.7 x 88.1 mm<\/li>\n<li style='margin-bottom: 5px;'><strong>Altura:<\/strong> 2 UR<\/li>\n<li style='margin-bottom: 5px;'><strong>Ranuras:<\/strong> 2 (solo incluye 1 tarjeta de servicio)<\/li>\n<li style='margin-bottom: 5px;'><strong>Peso con tarjetas:<\/strong> 9.4 kg<\/li>\n<li style='margin-bottom: 5px;'><strong>Peso sin tarjetas:<\/strong> 3.8 kg<\/li>\n<\/ul><\/div>\n<\/p><\/div>\n<div style='flex: 1 1 250px; border: 1px solid rgba(150&comma; 150&comma; 150&comma; 0.4); border-radius: 8px; overflow: hidden; display: flex; flex-direction: column;'>\n<div style='padding: 15px; border-bottom: 1px solid rgba(150&comma; 150&comma; 150&comma; 0.2); font-weight: bold; font-size: 18px; color: inherit;'>Especificaciones T\u00e9cnicas<\/div>\n<div style='padding: 15px; color: inherit;'>\n<ul style='padding-left: 20px; margin: 0; font-size: 14px; list-style-type: disc;'>\n<li style='margin-bottom: 5px;'><strong>Alimentaci\u00f3n:<\/strong> 100 &#8211; 240Vca AC<\/li>\n<li style='margin-bottom: 5px;'><strong>Temperatura operaci\u00f3n:<\/strong> -40 \u00b0C a +65 \u00b0C<\/li>\n<li style='margin-bottom: 5px;'><strong>Temperatura recomendada:<\/strong> 15\u00baC a 30\u00baC<\/li>\n<li style='margin-bottom: 5px;'><strong>Temperatura arranque:<\/strong> -25 \u00b0C a +65 \u00b0C<\/li>\n<li style='margin-bottom: 5px;'><strong>Consumo:<\/strong> Est\u00e1tico: 105W \/ T\u00edpico: 194.5W \/ M\u00e1ximo: 284W<\/li>\n<\/ul><\/div>\n<\/p><\/div>\n<div style='flex: 1 1 250px; border: 1px solid rgba(150&comma; 150&comma; 150&comma; 0.4); border-radius: 8px; overflow: hidden; display: flex; flex-direction: column;'>\n<div style='padding: 15px; border-bottom: 1px solid rgba(150&comma; 150&comma; 150&comma; 0.2); font-weight: bold; font-size: 18px; color: inherit;'>Incluye<\/div>\n<div style='padding: 15px; color: inherit;'>\n<ul style='padding-left: 20px; margin: 0; font-size: 14px; list-style-type: disc;'>\n<li style='margin-bottom: 5px;'>1 Chasis EA5800-X2 con m\u00f3dulo de ventilaci\u00f3n<\/li>\n<li style='margin-bottom: 5px;'>2 Tarjetas de Control &#038; Uplink H901MPSFE-G<\/li>\n<li style='margin-bottom: 5px;'>1 Fuente de Alimentaci\u00f3n AC H902PISB<\/li>\n<li style='margin-bottom: 5px;'>1 Tarjeta de Servicio H903GPHFE02 16 puertos GPON con 16 m\u00f3dulos SFP clase C+<\/li>\n<li style='margin-bottom: 5px;'>1 M\u00f3dulo SFP monomodo (1310 nm)&comma; 1.25 Gb\/s&comma; 10 km<\/li>\n<li style='margin-bottom: 5px;'>2 jumpers LC\/PC-LC\/PC monomodo G.652D&comma; 2 mm&comma; 10m<\/li>\n<li style='margin-bottom: 5px;'>16 jumpers SC\/PC-SC\/PC monomodo G.652D&comma; 3 mm&comma; 20m<\/li>\n<\/ul><\/div>\n<\/p><\/div>\n<div style='flex: 1 1 250px; border: 1px solid rgba(150&comma; 150&comma; 150&comma; 0.4); border-radius: 8px; overflow: hidden; display: flex; flex-direction: column;'>\n<div style='padding: 15px; border-bottom: 1px solid rgba(150&comma; 150&comma; 150&comma; 0.2); font-weight: bold; font-size: 18px; color: inherit;'>Compatibilidad<\/div>\n<div style='padding: 15px; color: inherit;'>\n<ul style='padding-left: 20px; margin: 0; font-size: 14px; list-style-type: disc;'>\n<li style='margin-bottom: 5px;'>Soporta GPON&comma; XG-PON&comma; XGS-PON&comma; P2P 10GE\/GE<\/li>\n<li style='margin-bottom: 5px;'>Redes POL&comma; FTTH&comma; FTTB y FTTC<\/li>\n<li style='margin-bottom: 5px;'>Compatible con tarjetas Flex-PON y XGS-PON (No incluidas)<\/li>\n<li style='margin-bottom: 5px;'>*Compatible solo con ONUs\/ONTs Huawei EG<\/li>\n<\/ul><\/div>\n<\/p><\/div>\n<\/p><\/div>\n<div style='display: flex; flex-wrap: wrap; gap: 30px; margin-bottom: 30px;'>\n<div style='flex: 1 1 300px; min-width: 280px;'>\n<div style='padding: 15px; border-bottom: 1px solid rgba(150&comma; 150&comma; 150&comma; 0.2); font-weight: bold; font-size: 18px; color: inherit;'>Recursos Adicionales<\/div>\n<div style='padding-top: 15px; color: inherit;'>\n<p style='margin-bottom: 20px; font-size: 14px;'> <a href='https:\/\/soporte.syscom.mx\/es\/articles\/9718310-huawei-conoce-como-configurar-tu-olt-onu-desde-cero' target='_blank' rel='noopener' style='color: inherit; text-decoration: underline; font-weight: 500;'>Configuraci\u00f3n paso a paso<\/a> <\/p>\n<\/p><\/div>\n<\/p><\/div>\n<\/p><\/div>\n<div style='display: flex; flex-wrap: wrap; gap: 30px; margin-bottom: 30px;'>\n<div style='flex: 1 1 300px; min-width: 280px;'>\n<div style='padding: 15px; border-bottom: 1px solid rgba(150&comma; 150&comma; 150&comma; 0.2); font-weight: bold; font-size: 18px; color: inherit;'>Videos de Referencia<\/div>\n<div style='padding-top: 15px; color: inherit;'>\n<div style='position: relative; padding-bottom: 56.25%; height: 0; overflow: hidden; margin-bottom: 30px;'>   <\/div>\n<div style='position: relative; padding-bottom: 56.25%; height: 0; overflow: hidden; margin-bottom: 30px;'>   <\/div>\n<div style='position: relative; padding-bottom: 56.25%; height: 0; overflow: hidden; margin-bottom: 30px;'>   <\/div>\n<div style='position: relative; padding-bottom: 56.25%; height: 0; overflow: hidden; margin-bottom: 30px;'>   <\/div>\n<div style='position: relative; padding-bottom: 56.25%; height: 0; overflow: hidden; margin-bottom: 30px;'>   <\/div>\n<div style='position: relative; padding-bottom: 56.25%; height: 0; overflow: hidden; margin-bottom: 30px;'>   <\/div>\n<\/p><\/div>\n<\/p><\/div>\n<\/p><\/div>\n<\/p><\/div>\n","protected":false},"excerpt":{"rendered":"<p>OLT GPON OptiXAccess Carrier Class con 1 tarjeta de 16 puertos GPON, 2 ranuras, 1 Fuente de alimentaci\u00f3n AC, 2 UR<\/p>\n","protected":false},"featured_media":87465,"comment_status":"open","ping_status":"closed","template":"","meta":[],"product_brand":[],"product_cat":[2018],"product_tag":[718,2019,2011],"class_list":{"0":"post-87466","1":"product","2":"type-product","3":"status-publish","4":"has-post-thumbnail","6":"product_cat-olts","7":"product_tag-huawei","8":"product_tag-olts","9":"product_tag-redes-ftth-pon","11":"first","12":"instock","13":"sale","14":"shipping-taxable","15":"purchasable","16":"product-type-simple"},"_links":{"self":[{"href":"https:\/\/soydeaqui.ddns.net\/pachuca\/index.php\/wp-json\/wp\/v2\/product\/87466","targetHints":{"allow":["GET"]}}],"collection":[{"href":"https:\/\/soydeaqui.ddns.net\/pachuca\/index.php\/wp-json\/wp\/v2\/product"}],"about":[{"href":"https:\/\/soydeaqui.ddns.net\/pachuca\/index.php\/wp-json\/wp\/v2\/types\/product"}],"replies":[{"embeddable":true,"href":"https:\/\/soydeaqui.ddns.net\/pachuca\/index.php\/wp-json\/wp\/v2\/comments?post=87466"}],"wp:featuredmedia":[{"embeddable":true,"href":"https:\/\/soydeaqui.ddns.net\/pachuca\/index.php\/wp-json\/wp\/v2\/media\/87465"}],"wp:attachment":[{"href":"https:\/\/soydeaqui.ddns.net\/pachuca\/index.php\/wp-json\/wp\/v2\/media?parent=87466"}],"wp:term":[{"taxonomy":"product_brand","embeddable":true,"href":"https:\/\/soydeaqui.ddns.net\/pachuca\/index.php\/wp-json\/wp\/v2\/product_brand?post=87466"},{"taxonomy":"product_cat","embeddable":true,"href":"https:\/\/soydeaqui.ddns.net\/pachuca\/index.php\/wp-json\/wp\/v2\/product_cat?post=87466"},{"taxonomy":"product_tag","embeddable":true,"href":"https:\/\/soydeaqui.ddns.net\/pachuca\/index.php\/wp-json\/wp\/v2\/product_tag?post=87466"}],"curies":[{"name":"wp","href":"https:\/\/api.w.org\/{rel}","templated":true}]}}